{"id":5308,"date":"2019-04-26T18:44:00","date_gmt":"2019-04-26T18:44:00","guid":{"rendered":"https:\/\/biblian.is\/fraedsla\/?page_id=5308"},"modified":"2026-04-17T13:01:11","modified_gmt":"2026-04-17T13:01:11","slug":"johannesargudspjall-2-kafli","status":"publish","type":"page","link":"https:\/\/biblian.is\/fraedsla\/ritskyring\/johannesargudspjall-2-kafli\/","title":{"rendered":"J\u00f3hannesargu\u00f0spjall 2. kafli"},"content":{"rendered":"<p><strong>2.1<\/strong> <em>M\u00f3\u00f0ir Jes\u00fa<\/em>: Sj\u00e1 L\u00fak 1.26-56; 2.1-52. Mar\u00eda \u00e1tti heima \u00ed Nasaret, um 14 km. sunnan vi\u00f0 Kana.<\/p>\n<p><strong>2.4<\/strong> <em>Minn t\u00edmi er ekki enn kominn<\/em>: Jes\u00fas \u00e1 vi\u00f0 dau\u00f0a sinn og upprisu, en \u00fe\u00e1 yr\u00f0i d\u00fdr\u00f0 hans sem Gu\u00f0s sonar opinber.<\/p>\n<p><strong>2.6<\/strong> <em>vatnsker&#8230;samkv\u00e6mt reglum Gy\u00f0inga um hreinsun<\/em>: \u00cd l\u00f6gm\u00e1li M\u00f3se var\u00f0 \u00f6ll f\u00e6\u00f0a, sem menn snertu, l\u00fdst vanhelg eftir vissri skilgreiningu, ef \u00feeir h\u00f6f\u00f0u \u00e1\u00f0ur en \u00feeir settust a\u00f0 sn\u00e6\u00f0ingi komi\u00f0 vi\u00f0 eitthva\u00f0 \u00f3hreint. Sj\u00e1 og &#8222;&#8220;Hreinsanir (hreint og \u00f3hreint)&#8220; \u00e1 bls. 2031.<\/p>\n<p><strong>2.10<\/strong> <em>bera fyrst fram g\u00f3\u00f0a v\u00edni\u00f0<\/em>: \u00cd veislum voru e\u00f0alv\u00edn borin fyrst fram, \u00e1 me\u00f0an gestirnir voru enn d\u00f3mb\u00e6rir um g\u00e6\u00f0in. \u00deegar lei\u00f0 \u00e1 fagna\u00f0inn og menn ger\u00f0ust hreifir, skiptu kostir veiganna minna m\u00e1li.<\/p>\n<p><strong>2.11<\/strong> <em>fyrsta t\u00e1kn sitt ger\u00f0i Jes\u00fas<\/em>: \u00cd J\u00f3hannesagu\u00f0spjalli er gr\u00edska or\u00f0i\u00f0 &#8222;semeia&#8220; (&#8222;t\u00e1kn&#8220;) haft um &#8222;kraftaverk.&#8220; Gu\u00f0s sonur gerir t\u00e1kn, \u00fe.e. vinnur kraftaverk.<\/p>\n<p><strong>2.11<\/strong> <em>Kana \u00ed Gal\u00edleu<\/em>: Sj\u00e1 athugagrein vi\u00f0 2.1.<\/p>\n<p><strong>2.12<\/strong> <em>Kaperna\u00fam<\/em>: \u00dear var b\u00e6kist\u00f6\u00f0 r\u00f3mverskra hermanna sem h\u00f6f\u00f0u umsj\u00f3n me\u00f0 innheimtu skatta. \u00deegar Jes\u00fas var or\u00f0inn fullt\u00ed\u00f0a fluttist hann fr\u00e1 Nasaret til Kaperna\u00fam.<\/p>\n<h3>Jes\u00fas \u00ed J\u00fadeu og Samar\u00edu<\/h3>\n<p>N\u00fa v\u00edkur s\u00f6gunni su\u00f0ur \u00ed J\u00fadeu og Samar\u00edu, en svo heita h\u00e9ru\u00f0in um mi\u00f0bik Palest\u00ednu. Jes\u00fas rekur v\u00edxlarana \u00fat \u00far musterinu \u00ed Jer\u00fasalem og r\u00e6\u00f0ir vi\u00f0 Nik\u00f3demus og samversku konuna.<\/p>\n<p><strong>2.13<\/strong> <em>p\u00e1skar<\/em>: <a href=\"https:\/\/biblian.is\/fraedsla\/ordtakasafn\/paskar-og-hatid-osyrdu-braudanna\/\">Sj\u00e1 &#8222;P\u00e1skar og h\u00e1t\u00ed\u00f0 \u00f3s\u00fdr\u00f0u brau\u00f0anna&#8220;.<\/a><\/p>\n<p><strong>2.14<\/strong> <em>\u00fe\u00e1 er seldu&#8230;v\u00edxlarana<\/em>: \u00cd musterinu \u00f6flu\u00f0u prestarnir mikils fj\u00e1r \u00ed hinum svonefnda &#8222;forgar\u00f0i hei\u00f0ingjanna&#8220; me\u00f0 \u00fev\u00ed a\u00f0 selja \u00fear skepnur sem f\u00f3rna\u00f0 var samkv\u00e6mt fyrirm\u00e6lum l\u00f6gm\u00e1ls M\u00f3se. <a href=\"https:\/\/biblian.is\/fraedsla\/ordtakasafn\/vixlararnir-i-musterinu\/\">Sj\u00e1 &#8222;V\u00edxlararnir \u00ed musterinu&#8220;.<\/a><\/p>\n<p><strong>2.18 <\/strong><em>R\u00e1\u00f0amenn Gy\u00f0inga<\/em>: Sj\u00e1 athugagrein vi\u00f0 1.19-20.<\/p>\n<p><strong>2.19<\/strong> <em>\u00e9g skal reisa \u00fea\u00f0 \u00e1 \u00ferem d\u00f6gum<\/em>: Jes\u00fas var a\u00f0 tala um musteri l\u00edkama s\u00edns (2.21).<\/p>\n<p><strong>2.22<\/strong> <em>ritningunni<\/em>: Helgirit Gy\u00f0inga, sem kristnir menn kalla Gamla testamenti.<\/p>\n<p><strong>2.23<\/strong> <em>Jer\u00fasalem<\/em>: H\u00f6fu\u00f0borg J\u00fadeu \u00ed Su\u00f0ur-Palest\u00ednu.<\/p>\n","protected":false},"excerpt":{"rendered":"<p>2.1 M\u00f3\u00f0ir Jes\u00fa: Sj\u00e1 L\u00fak 1.26-56; 2.1-52. Mar\u00eda \u00e1tti heima <a href=\"https:\/\/biblian.is\/fraedsla\/ritskyring\/johannesargudspjall-2-kafli\/\"> [&#8230;]<\/a><\/p>\n","protected":false},"author":1,"featured_media":0,"parent":4829,"menu_order":0,"comment_status":"closed","ping_status":"closed","template":"","meta":{"footnotes":""},"class_list":["post-5308","page","type-page","status-publish","hentry"],"_links":{"self":[{"href":"https:\/\/biblian.is\/fraedsla\/wp-json\/wp\/v2\/pages\/5308","targetHints":{"allow":["GET"]}}],"collection":[{"href":"https:\/\/biblian.is\/fraedsla\/wp-json\/wp\/v2\/pages"}],"about":[{"href":"https:\/\/biblian.is\/fraedsla\/wp-json\/wp\/v2\/types\/page"}],"author":[{"embeddable":true,"href":"https:\/\/biblian.is\/fraedsla\/wp-json\/wp\/v2\/users\/1"}],"replies":[{"embeddable":true,"href":"https:\/\/biblian.is\/fraedsla\/wp-json\/wp\/v2\/comments?post=5308"}],"version-history":[{"count":0,"href":"https:\/\/biblian.is\/fraedsla\/wp-json\/wp\/v2\/pages\/5308\/revisions"}],"up":[{"embeddable":true,"href":"https:\/\/biblian.is\/fraedsla\/wp-json\/wp\/v2\/pages\/4829"}],"wp:attachment":[{"href":"https:\/\/biblian.is\/fraedsla\/wp-json\/wp\/v2\/media?parent=5308"}],"curies":[{"name":"wp","href":"https:\/\/api.w.org\/{rel}","templated":true}]}}