{"id":5306,"date":"2019-04-26T14:43:42","date_gmt":"2019-04-26T14:43:42","guid":{"rendered":"https:\/\/biblian.is\/fraedsla\/?page_id=5306"},"modified":"2022-12-16T13:59:05","modified_gmt":"2022-12-16T13:59:05","slug":"lukasargudspjall-24-kafli","status":"publish","type":"page","link":"https:\/\/biblian.is\/fraedsla\/ritskyring\/lukasargudspjall-24-kafli\/","title":{"rendered":"L\u00fakasargu\u00f0spjall 24. kafli"},"content":{"rendered":"<p><strong>24.1<\/strong> <em>\u00ed afturelding fyrsta dag vikunnar<\/em>: Hv\u00edldardeginum lauk um s\u00f3larlag \u00e1 laugardagskv\u00f6ldi. Konurnar h\u00e9ldu \u00fev\u00ed til grafarinnar \u00ed birtingu \u00e1 sunnudagsmorgninum.<\/p>\n<p><strong>24.3<\/strong> <em>Drottins Jes\u00fa<\/em>: \u00deessi or\u00f0 vantar \u00ed sum handrit.<\/p>\n<p><strong>24.7<\/strong> <em>Mannssonurinn<\/em>: Sj\u00e1 athugagrein vi\u00f0 5.24. Jes\u00fas haf\u00f0i sagt fyrir um dau\u00f0a sinn (9.22).<\/p>\n<p><strong>24.10<\/strong> <em>Mar\u00eda Magdalena, J\u00f3hanna og Mar\u00eda m\u00f3\u00f0ir Jakobs<\/em>: Sj\u00e1 athugagreinar vi\u00f0 8.2( Mar\u00eda Magdalena) og 8.3 (J\u00f3hanna). Mar\u00eda m\u00f3\u00f0ir Jakobs er l\u00edka nefnd \u00ed Mrk 16.1 Hver h\u00fan var, og hva\u00f0a Jakob var sonur hennar, er ekki vita\u00f0 me\u00f0 neinni vissu. Ef til vill var h\u00fan m\u00f3\u00f0ir annars af postulunum tveimur, sem b\u00e1\u00f0ir h\u00e9tu Jakob.<\/p>\n<p><strong>24.9-10<\/strong> <em>\u00feeim ellefu<\/em>: \u00c1tt er vi\u00f0 postulana, sem Jes\u00fas \u00fatnefndi (sj\u00e1 6.12-16). N\u00fa eru \u00feeir ellefu talsins, \u00fear sem J\u00fadas, sem sveik meistara sinn, er ekki lengur me\u00f0al \u00feeirra. \u00cd Matteusargu\u00f0spjalli 27.3-5 segir a\u00f0 J\u00fadas hafi stytt fyrir s\u00e9r.<\/p>\n<p><strong>24.13<\/strong> <em>Tveir \u00feeirra<\/em>: L\u00e6risveinar Jes\u00fa. Annar \u00feeirra kann a\u00f0 hafa veri\u00f0 einn af \u00feeim ellefu; hinn h\u00e9t Kle\u00f3fas.<\/p>\n<p><strong>24.13<\/strong> <em>Emmaus<\/em>: L\u00edti\u00f0 \u00feorp \u00ed J\u00fadeu, en ekki er vita\u00f0 hvar. Fornleifafr\u00e6\u00f0ingar geta s\u00e9r til um \u00ferj\u00e1 sta\u00f0i og \u00feykir Amwas, sem er um 32 k\u00edl\u00f3metra vestur af Jer\u00fasalem, l\u00edklegastur.<\/p>\n<p><strong>24.18<\/strong> <em>Kle\u00f3fas<\/em>: \u00deessi l\u00e6risveinn Jes\u00fa er hvergi nefndur \u00ed N\u00fdja testamenti annars sta\u00f0ar en h\u00e9r og er ekkert um hann frekar vita\u00f0.<\/p>\n<p><strong>24.26<\/strong> <em>Kristur<\/em>: Sj\u00e1 athugagreinar vi\u00f0 2.11 og 3.15.<\/p>\n<p><strong>24.27<\/strong> <em>M\u00f3se og \u00f6llum sp\u00e1m\u00f6nnunum<\/em>: Sj\u00e1 athugagrein vi\u00f0 16.16 (L\u00f6gm\u00e1li\u00f0 og sp\u00e1mennirnir).<\/p>\n<p><strong>24.32<\/strong> <em>ritningunum<\/em>: Helgar ritningar Gy\u00f0ingar, sem kristnir menn nefna Gamla testamenti\u00f0.<\/p>\n<p><strong>24.39<\/strong> <em>hendur m\u00ednar og f\u00e6tur<\/em>: Stundum voru naglar reknir \u00ed gegnum \u00falnli\u00f0i og ristar \u00feeirra sem krossfestir voru. Jes\u00fas vildi a\u00f0 postularnir b\u00e6ru kennsl \u00e1 hann af s\u00e1runum sem hann haf\u00f0i hloti\u00f0.<\/p>\n<p><strong>24.43<\/strong> <em>neytti \u00feess frammi fyrir \u00feeim<\/em>: Me\u00f0 \u00fev\u00ed m\u00f3ti s\u00fdndi Jes\u00fas postulunum a\u00f0 hann v\u00e6ri ekki vofa.<\/p>\n<p><strong>24.44<\/strong> <em>l\u00f6gm\u00e1li M\u00f3se&#8230;s\u00e1lmunum<\/em>: Helgirit Gy\u00f0inga skiptast \u00ed \u00ferennt: 1) L\u00f6gm\u00e1l M\u00f3se, 2) sp\u00e1mennina og 3) ritin, en \u00fear eru S\u00e1lmarnir me\u00f0taldir.<\/p>\n<p><strong>24.49<\/strong> <em>andann sem fa\u00f0ir minn h\u00e9t ykkur<\/em>: Heilagur andi. \u00cd 2. kap\u00edtula Postulas\u00f6gunnar segir fr\u00e1 \u00fev\u00ed er \u00feetta fyrirheiti r\u00e6ttist \u00e1 hv\u00edtasunnudag. Sj\u00e1 og Post 1.1-11 og athugagrein vi\u00f0 L\u00fak 1.35.<\/p>\n<p><strong>24.50<\/strong> <em>Betan\u00edu<\/em>: Sj\u00e1 athugagrein vi\u00f0 19.28,29.<\/p>\n<p><strong>24.53<\/strong> <em>helgid\u00f3minum<\/em>: Musteri\u00f0 \u00ed Jer\u00fasalem. Sj\u00e1 athugagrein vi\u00f0 13.35.<\/p>\n<p>&nbsp;<\/p>\n","protected":false},"excerpt":{"rendered":"<p>24.1 \u00ed afturelding fyrsta dag vikunnar: Hv\u00edldardeginum lauk um s\u00f3larlag <a href=\"https:\/\/biblian.is\/fraedsla\/ritskyring\/lukasargudspjall-24-kafli\/\"> [&#8230;]<\/a><\/p>\n","protected":false},"author":1,"featured_media":0,"parent":4829,"menu_order":0,"comment_status":"closed","ping_status":"closed","template":"","meta":{"footnotes":""},"class_list":["post-5306","page","type-page","status-publish","hentry"],"_links":{"self":[{"href":"https:\/\/biblian.is\/fraedsla\/wp-json\/wp\/v2\/pages\/5306","targetHints":{"allow":["GET"]}}],"collection":[{"href":"https:\/\/biblian.is\/fraedsla\/wp-json\/wp\/v2\/pages"}],"about":[{"href":"https:\/\/biblian.is\/fraedsla\/wp-json\/wp\/v2\/types\/page"}],"author":[{"embeddable":true,"href":"https:\/\/biblian.is\/fraedsla\/wp-json\/wp\/v2\/users\/1"}],"replies":[{"embeddable":true,"href":"https:\/\/biblian.is\/fraedsla\/wp-json\/wp\/v2\/comments?post=5306"}],"version-history":[{"count":0,"href":"https:\/\/biblian.is\/fraedsla\/wp-json\/wp\/v2\/pages\/5306\/revisions"}],"up":[{"embeddable":true,"href":"https:\/\/biblian.is\/fraedsla\/wp-json\/wp\/v2\/pages\/4829"}],"wp:attachment":[{"href":"https:\/\/biblian.is\/fraedsla\/wp-json\/wp\/v2\/media?parent=5306"}],"curies":[{"name":"wp","href":"https:\/\/api.w.org\/{rel}","templated":true}]}}