{"id":5304,"date":"2019-04-26T14:41:19","date_gmt":"2019-04-26T14:41:19","guid":{"rendered":"https:\/\/biblian.is\/fraedsla\/?page_id=5304"},"modified":"2026-04-17T13:01:14","modified_gmt":"2026-04-17T13:01:14","slug":"lukasargudspjall-23-kafli","status":"publish","type":"page","link":"https:\/\/biblian.is\/fraedsla\/ritskyring\/lukasargudspjall-23-kafli\/","title":{"rendered":"L\u00fakasargu\u00f0spjall 23. kafli"},"content":{"rendered":"<p><strong>23.1<\/strong> <em>P\u00edlatus<\/em>: Sj\u00e1 athugagrein vi\u00f0 13.1.<\/p>\n<p><strong>23.2<\/strong> <em>bannar a\u00f0 gjalda keisaranum skatt<\/em>: Sj\u00e1 athugagrein vi\u00f0 20.22. \u00deetta haf\u00f0i Jes\u00fas a\u00f0 s\u00f6nnu ekki gert, en r\u00e1\u00f0i\u00f0 vildi gera hann toryggilegan \u00ed augum r\u00f3mversku yfirvaldanna.<\/p>\n<p><strong>23.2<\/strong> <em>Kristur<\/em>: Sj\u00e1 athugagreinar vi\u00f0 2.11 og 3.15. R\u00f3mverjar r\u00e9\u00f0u l\u00f6gum og lofum \u00ed landinu og \u00fev\u00ed gat enginn sagst vera konungur, nema \u00feeir veittu honum sl\u00edka tign.<\/p>\n<p><strong>23.5<\/strong> <em>J\u00fadeu&#8230;Gal\u00edleu<\/em>: Sj\u00e1 athugagreinar vi\u00f0 4.44 (J\u00fadea) og 1.26 (Gal\u00edlea).<\/p>\n<p><strong>23.6,7<\/strong> <em>Gal\u00edlei&#8230;umd\u00e6mi Her\u00f3desar<\/em>: Her\u00f3des Ant\u00edpas, sonur Her\u00f3desar mikla, var fj\u00f3r\u00f0ungsstj\u00f3ri \u00ed Gal\u00edleu um \u00feessar mundir. Sj\u00e1 athugagreinar vi\u00f0 3.1 og 9.7. P\u00edlatusi var \u00f3lj\u00faft a\u00f0 fjalla um \u00feessar k\u00e6rur og sendi \u00fev\u00ed Jes\u00fa til Her\u00f3desar. Her\u00f3des var staddur \u00ed Jer\u00fasalem vegna p\u00e1skah\u00e1t\u00ed\u00f0arinnar, en haf\u00f0i annars a\u00f0setur \u00ed T\u00edber\u00edas vi\u00f0 Gal\u00edleuvatn.<\/p>\n<p><strong>23.13 <\/strong><em>\u00e6\u00f0stu prestana, h\u00f6f\u00f0ingjana og f\u00f3lki\u00f0:<\/em> Sj\u00e1 athugagrein vi\u00f0 22.4 (\u00e6\u00f0stu prestana). &#8222;F\u00f3lki\u00f0&#8220; kann a\u00f0 vera h\u00f3pur manna sem safnast haf\u00f0i saman, en t\u00e6past Jer\u00fasalemsb\u00faar \u00ed heild og enn s\u00ed\u00f0ur \u00fej\u00f3\u00f0in \u00f6ll. \u00cd \u00fer\u00f6ngum g\u00f6tum Jer\u00fasalemsborgar f\u00f3r miki\u00f0 fyrir manns\u00f6fnu\u00f0i \u00fe\u00f3 ekki v\u00e6ri fj\u00f6lmennur.<\/p>\n<p><strong>23.18<\/strong> <em>Barrabas<\/em>: Nafni\u00f0 \u00fe\u00fd\u00f0ir &#8222;sonur Abba.&#8220; Barrabas var upphlaupsma\u00f0ur sem unni\u00f0 haf\u00f0i v\u00edg (sj\u00e1 og Matt 27.15-20; Mrk 15.6-11).<\/p>\n<p><strong>23.20<\/strong> <em>Krossfestu<\/em>: F\u00f3lki\u00f0 kraf\u00f0ist \u00feess a\u00f0 Jes\u00fas yr\u00f0i krossfestur. Krossfesting var a\u00f0fer\u00f0 R\u00f3mverja til \u00feess a\u00f0 taka menn af l\u00edfi. \u00dea\u00f0 sem Jes\u00fa var gefi\u00f0 a\u00f0 s\u00f6k var meint \u00f3hl\u00fd\u00f0ni vi\u00f0 valdhafa en a\u00f0 hann hef\u00f0i broti\u00f0 gegn l\u00f6gm\u00e1li M\u00f3se. <a href=\"https:\/\/biblian.is\/fraedsla\/ordtakasafn\/krossfesting\/\">Sj\u00e1 &#8222;Krossfesting&#8220;.<\/a><\/p>\n<p><strong>23.26<\/strong> <em>S\u00edmon nokkurn fr\u00e1 K\u00fdrene<\/em>: K\u00fdrene var borg \u00ed Nor\u00f0ur-Afr\u00edku (sj\u00e1 kort \u00e1 bls. 2377). S\u00edmon var tr\u00falega \u00ed Jer\u00fasalem af tilefni p\u00e1skanna og h\u00e1t\u00ed\u00f0ar \u00f3s\u00fdr\u00f0u brau\u00f0anna.<\/p>\n<p><strong>23.31<\/strong> <em>s\u00e9 \u00feetta gert&#8230;hva\u00f0 mun \u00fe\u00e1 ver\u00f0a um hi\u00f0 visna?:<\/em> \u00deessi m\u00e1lsh\u00e1ttur merkir l\u00edklega &#8222;ef \u00feetta getur hent \u00feann saklausa, hva\u00f0 \u00fe\u00e1 um hinn seka?&#8220;<\/p>\n<p><strong>23.33<\/strong> <em>Hausk\u00fapa<\/em>: Nafni\u00f0 g\u00e6ti veri\u00f0 komi\u00f0 til af \u00fev\u00ed a\u00f0 \u00feessi sta\u00f0ur fyrir utan borgarm\u00farinn er n\u00e6rri st\u00f3rum kletti sem \u00ed laginu er ekki \u00f3l\u00edkur h\u00f6fu\u00f0k\u00fapu af manni, e\u00f0a jafnvel af \u00fev\u00ed a\u00f0 \u00fearna krossfestu R\u00f3mverjar sakamenn.<\/p>\n<p><strong>23.34-35<\/strong> <em>Kristur Gu\u00f0s, hinn \u00fatvaldi<\/em>: Sj\u00e1 athugagreinar vi\u00f0 2.11 og 3.15.<\/p>\n<p><strong>23.36\u00a0<\/strong><em>edik<\/em>: V\u00edn, sem eftir var\u00f0 \u00ed v\u00edn\u00fer\u00f3nni, s\u00farna\u00f0i og var nota\u00f0 sem edik. Fyrir krossfestinguna bu\u00f0u hermennirnir Jes\u00fa v\u00edn galli blanda\u00f0, en hann vildi \u00fea\u00f0 ekki. V\u00edn blanda\u00f0 fiskgalli var deyfilyf. Sj\u00e1 og Slm 69.21.<\/p>\n<p><strong>23.28\u00a0<\/strong><em>Yfirskrift var yfir honum<\/em>: R\u00f3mverjar voru vanir a\u00f0 festa upp spjald fyrir ofan h\u00f6fu\u00f0i\u00f0 \u00e1 hinum krossfesta og skrifa \u00fear \u00e1 \u00fea\u00f0 sem honum var gefi\u00f0 a\u00f0 s\u00f6k. \u00dear e\u00f0 Jes\u00fas haf\u00f0i ekki veri\u00f0 fundinn sekur um gl\u00e6p, skrifu\u00f0u \u00feeir &#8222;Jes\u00fas fr\u00e1 Nasaret, konungur Gy\u00f0inga.&#8220;<\/p>\n<p><strong>23.43\u00a0<\/strong><em>Parad\u00eds<\/em>: \u00cd Sept\u00faagintu (hinni gr\u00edsku \u00fe\u00fd\u00f0ingu Gamla testamentis) er aldingar\u00f0urinn Eden nefndur Parad\u00eds. <a href=\"https:\/\/biblian.is\/fraedsla\/ordtakasafn\/paradis\/\">Sj\u00e1 &#8222;Parad\u00eds&#8220;.<\/a><\/p>\n<p><strong>23.45<\/strong> <em>fortjald musterisins<\/em>: Anna\u00f0 af tveimur fortj\u00f6ldum \u00ed musterinu skildi a\u00f0 &#8222;hi\u00f0 heilaga&#8220; og &#8222;hi\u00f0 allrahelgasta.&#8220; \u00deanga\u00f0 inn m\u00e1tti enginn koma nema \u00e6\u00f0stipresturinn og \u00fea\u00f0 a\u00f0eins einu sinni \u00e1 \u00e1ri. \u00dea\u00f0 er \u00feetta fortjald sem tr\u00falega er \u00e1tt vi\u00f0 h\u00e9r.<\/p>\n<p><strong>23.46<\/strong> <em>Fa\u00f0ir<\/em>: Sj\u00e1 athugagrein vi\u00f0 9.26. Sj\u00e1 og Slm 31.5.<\/p>\n<p><strong>23.50-51:<\/strong> <em>J\u00f3sef&#8230;fr\u00e1 Ar\u00edma\u00feeu, borg \u00ed J\u00fadeu<\/em>: Ar\u00edma\u00feea var l\u00edti\u00f0 \u00feorp \u00e1 h\u00e6\u00f0\u00f3ttu landi, sem nefndist Efra\u00edm, um 30 km. nor\u00f0vestur af Jer\u00fasalem. J\u00f3sef var ma\u00f0ur au\u00f0ugur (Matt 27.57) og gat \u00fev\u00ed borga\u00f0 P\u00edlatusi og v\u00f6r\u00f0unum, hafi \u00feess veri\u00f0 \u00fe\u00f6rf. J\u00f3sef h\u00e6tti vir\u00f0ingu sinni sem r\u00e1\u00f0sherra \u00ed Jer\u00fasalem me\u00f0 \u00fev\u00ed a\u00f0 gangast fyrir \u00fatf\u00f6r Jes\u00fa.<\/p>\n<p><strong>23.53 <\/strong><em>sveipa\u00f0i l\u00ednkl\u00e6\u00f0i og lag\u00f0i \u00ed gr\u00f6f<\/em>: L\u00edkkl\u00e6\u00f0in voru af l\u00e9refti. Sumir Gy\u00f0ingar l\u00f6g\u00f0u s\u00edna dau\u00f0u til hinstu hv\u00edldar \u00ed grafh\u00fdsum, sem h\u00f6ggvin voru \u00ed kalksteinskletta. Grafarmunninn var varla nema metri \u00e1 hli\u00f0. Utan vi\u00f0 hann var h\u00f6ggvin rauf \u00ed klettag\u00f3lfi\u00f0 og \u00ed henni komi\u00f0 fyrir kringl\u00f3ttum steini sem velta m\u00e1tti fr\u00e1 og fyrir. <a href=\"https:\/\/biblian.is\/fraedsla\/ordtakasafn\/greftrun\/\">Sj\u00e1 &#8222;Greftrun&#8220;.<\/a><\/p>\n<p><strong>23.54<\/strong> <em>a\u00f0fangadagur og hv\u00edldardagurinn f\u00f3r \u00ed h\u00f6nd<\/em>: Sabbatinn, hv\u00edldardagur Gy\u00f0inga. Hann h\u00f3fst um s\u00f3larlag \u00e1 f\u00f6studegi. Ekkert m\u00e1tti vinna \u00e1 hv\u00edldardaginn og ekki heldur jar\u00f0a l\u00edk. Sj\u00e1 athugagrein vi\u00f0 4.16 (Sabbatinn).<\/p>\n<p><strong>23.56<\/strong> <em>ilmjurtir<\/em>: L\u00edklega myrra og al\u00f3e (sj\u00e1 J\u00f3h 19.39). Margar \u00fej\u00f3\u00f0ir Mi\u00f0-Austurlanda notu\u00f0u al\u00f3e sem lyf og til \u00feess a\u00f0 smyrja dau\u00f0ra manna l\u00edk. Hvorki vex myrra n\u00e9 al\u00f3e \u00ed Palest\u00ednu og voru \u00feessar jurtir innfluttar og \u00fev\u00ed d\u00fdrar.<\/p>\n<p><strong>23.56<\/strong> Hv\u00edldardaginn h\u00e9ldu \u00fe\u00e6r kyrru fyrir: \u00deegar konurnar h\u00f6f\u00f0u b\u00fai\u00f0 ilmjurtirnar og smyrslin, ur\u00f0u \u00fe\u00e6r a\u00f0 fresta fyrir\u00e6tlun sinni vegna hv\u00edldardagshelginnar (sj\u00e1 2M\u00f3s 20.10; 5M\u00f3s 5.14). \u00dea\u00f0 var ekki fyrr en \u00e1 sunnudagsmorguninn sem \u00fe\u00e6r g\u00e1tu lagt af sta\u00f0 til grafarinnar.<\/p>\n","protected":false},"excerpt":{"rendered":"<p>23.1 P\u00edlatus: Sj\u00e1 athugagrein vi\u00f0 13.1. 23.2 bannar a\u00f0 gjalda <a href=\"https:\/\/biblian.is\/fraedsla\/ritskyring\/lukasargudspjall-23-kafli\/\"> [&#8230;]<\/a><\/p>\n","protected":false},"author":1,"featured_media":0,"parent":4829,"menu_order":0,"comment_status":"closed","ping_status":"closed","template":"","meta":{"footnotes":""},"class_list":["post-5304","page","type-page","status-publish","hentry"],"_links":{"self":[{"href":"https:\/\/biblian.is\/fraedsla\/wp-json\/wp\/v2\/pages\/5304","targetHints":{"allow":["GET"]}}],"collection":[{"href":"https:\/\/biblian.is\/fraedsla\/wp-json\/wp\/v2\/pages"}],"about":[{"href":"https:\/\/biblian.is\/fraedsla\/wp-json\/wp\/v2\/types\/page"}],"author":[{"embeddable":true,"href":"https:\/\/biblian.is\/fraedsla\/wp-json\/wp\/v2\/users\/1"}],"replies":[{"embeddable":true,"href":"https:\/\/biblian.is\/fraedsla\/wp-json\/wp\/v2\/comments?post=5304"}],"version-history":[{"count":0,"href":"https:\/\/biblian.is\/fraedsla\/wp-json\/wp\/v2\/pages\/5304\/revisions"}],"up":[{"embeddable":true,"href":"https:\/\/biblian.is\/fraedsla\/wp-json\/wp\/v2\/pages\/4829"}],"wp:attachment":[{"href":"https:\/\/biblian.is\/fraedsla\/wp-json\/wp\/v2\/media?parent=5304"}],"curies":[{"name":"wp","href":"https:\/\/api.w.org\/{rel}","templated":true}]}}