{"id":5302,"date":"2019-04-26T14:37:21","date_gmt":"2019-04-26T14:37:21","guid":{"rendered":"https:\/\/biblian.is\/fraedsla\/?page_id=5302"},"modified":"2022-12-16T13:59:05","modified_gmt":"2022-12-16T13:59:05","slug":"lukasargudspjall-22-kafli","status":"publish","type":"page","link":"https:\/\/biblian.is\/fraedsla\/ritskyring\/lukasargudspjall-22-kafli\/","title":{"rendered":"L\u00fakasargu\u00f0spjall 22. kafli"},"content":{"rendered":"<p><strong>22.1<\/strong> <em>h\u00e1t\u00ed\u00f0 \u00f3s\u00fdr\u00f0u brau\u00f0anna&#8230;p\u00e1skar:<\/em> Tv\u00e6r st\u00f3rh\u00e1t\u00ed\u00f0ar Gy\u00f0inga. <a href=\"https:\/\/biblian.is\/fraedsla\/ordtakasafn\/paskar-og-hatid-osyrdu-braudanna\/\">Sj\u00e1 &#8222;P\u00e1skar og h\u00e1t\u00ed\u00f0 \u00f3s\u00fdr\u00f0u brau\u00f0anna&#8220;<\/a>.<\/p>\n<p><strong>22.2<\/strong> <em>\u00e6\u00f0stu prestarnir og fr\u00e6\u00f0imennirnir<\/em>: Sj\u00e1 athugagrein vi\u00f0 19.47.<\/p>\n<p><strong>22.3<\/strong> S<em>atan \u00ed J\u00fadas<\/em>: Sj\u00e1 athugagrein vi\u00f0 4.3.<\/p>\n<p><strong>22.3<\/strong> <em>f\u00f3r Satan \u00ed J\u00fadas sem kalla\u00f0ur var \u00cdskar\u00edot<\/em>: J\u00fadas er gr\u00edskur rith\u00e1ttur \u00e1 hebreska nafninu J\u00fada, sem g\u00e6ti bent til \u00feess a\u00f0 vi\u00f0komandi v\u00e6ri fr\u00e1 J\u00fadeu. Margar sk\u00fdringar eru til \u00e1 seinna nafninu, \u00cdskar\u00edot. \u00dea\u00f0 g\u00e6ti \u00fe\u00fdtt &#8222;ma\u00f0urinn fr\u00e1 Kar\u00edot&#8220; (sta\u00f0arnafn \u00ed J\u00fadeu) e\u00f0a &#8222;svikarinn&#8220; e\u00f0a &#8222;lygarinn.&#8220; Sumir fr\u00e6\u00f0imenn telja a\u00f0 nafni\u00f0 geti veri\u00f0 skylt or\u00f0inu &#8222;sicarii,&#8220; en svo kalla\u00f0ist flokkur dr\u00e1psmanna sem beitti hn\u00edfum, enda hafi J\u00fadas tilheyrt flokki er nefndist &#8222;Sel\u00f3tar&#8220; og bar\u00f0ist gegn R\u00f3mverjum. J\u00fadas s\u00e1 um fj\u00e1rm\u00e1l Jes\u00fa og postulana t\u00f3lf (J\u00f3h 12.5,6). L\u00fakas segir h\u00e9r a\u00f0 Satan hafi fari\u00f0 \u00ed J\u00fadas. Satan yfirgaf Jes\u00fa (L\u00fak 4.13) en er n\u00fa sn\u00fainn aftur til \u00feess a\u00f0 koma J\u00fadasi til \u00feess a\u00f0 sv\u00edkja meistara sinn.<\/p>\n<p><strong>22.4<\/strong> <em>\u00e6\u00f0stu prestana og var\u00f0foringjana<\/em>: \u00c6\u00f0stu prestarnir og fleiri fyrirmenn s\u00e1tu \u00ed r\u00e1\u00f0i, sem R\u00f3mverjar heimilu\u00f0u stj\u00f3rn \u00fdmissa innanlandsm\u00e1la. H\u00e9r er \u00fe\u00f3 ekki \u00e1tt vi\u00f0 \u00e6\u00f0sta prestinn (sj\u00e1 athugagrein vi\u00f0 3.2; 22.54). V\u00f6r\u00f0urinn var nokkurs konar l\u00f6gregla Gy\u00f0inga sem g\u00e6tti musterisins og haf\u00f0i eftirlit me\u00f0 aga og reglu \u00e1 musterissv\u00e6\u00f0inu.<\/p>\n<p><strong>22.7<\/strong> <em>dagur \u00f3s\u00fdr\u00f0u brau\u00f0anna&#8230;p\u00e1skalambinu<\/em>: Sj\u00e1 athugagrein vi\u00f0 22.1 og<a href=\"https:\/\/biblian.is\/fraedsla\/ordtakasafn\/paskar-og-hatid-osyrdu-braudanna\/\"> &#8222;P\u00e1skar og h\u00e1t\u00ed\u00f0 \u00f3s\u00fdr\u00f0u brau\u00f0anna.&#8220;<\/a><\/p>\n<p><strong>22.10<\/strong> <em>ma\u00f0ur sem ber vatnsker<\/em>: Vatnsbur\u00f0ur var kvenmannsverk, svo a\u00f0 ma\u00f0urinn hefur skori\u00f0 sig \u00far fj\u00f6ldanum. Hann kanna a\u00f0 hafa veri\u00f0 \u00fer\u00e6ll \u00ed eigu au\u00f0ugrar fj\u00f6lskyldu.<\/p>\n<p><strong>22.13<\/strong> <em>\u00deeir f\u00f3ru:<\/em> \u00c1tt er vi\u00f0 postulana P\u00e9tur og J\u00f3hannes (sj\u00e1 8. vers). Sj\u00e1 athugagreinar vi\u00f0 5.8 (S\u00edmon P\u00e9tur), 5.10 (Jakob og J\u00f3hannes), 8.51 og 9.28 (P\u00e9tur, Jakob og J\u00f3hannes).<\/p>\n<p><strong>22.16<\/strong> <em>Gu\u00f0s r\u00edki<\/em>: Sj\u00e1 athugagrein vi\u00f0 4.43.<\/p>\n<p><strong>22.19<\/strong> <em>brau\u00f0<\/em>: Brau\u00f0i\u00f0 sem baka\u00f0 var fyrir p\u00e1skam\u00e1lt\u00ed\u00f0ina og h\u00e1t\u00ed\u00f0 \u00f3s\u00fdr\u00f0u brau\u00f0anna.<\/p>\n<p><strong>22.20<\/strong> <em>n\u00fdi s\u00e1ttm\u00e1li<\/em>: Gu\u00f0 ger\u00f0i s\u00e1ttm\u00e1la vi\u00f0 M\u00f3se \u00feegar hann afhenti honum l\u00f6gin, sem \u00cdsraelsmenn skyldu fara eftir. Jes\u00fas segi h\u00e9r, a\u00f0 Gu\u00f0 s\u00e9 \u00ed \u00feann veginn a\u00f0 stofna n\u00fdja s\u00e1ttm\u00e1la (sj\u00e1 Jer 31.31-34; 2M\u00f3s 24.8). N\u00fdi s\u00e1ttm\u00e1linn gildir fyrir alla menn. Sj\u00e1 <a href=\"https:\/\/biblian.is\/fraedsla\/ordtakasafn\/hjalpraedi\/\">&#8222;K\u00e6rleikur Gu\u00f0s frelsar (Hj\u00e1lpr\u00e6\u00f0i)&#8220;.<\/a><\/p>\n<p><strong>22.22<\/strong> <em>Mannssonurinn<\/em>: Sj\u00e1 athugagrein vi\u00f0 5.24.<\/p>\n<p><strong>22.25<\/strong> <em>velgj\u00f6r\u00f0amenn<\/em>: Gr\u00edska or\u00f0i\u00f0 notu\u00f0u valdhafar stundum um sj\u00e1lfa sig og vildarvini s\u00edna.<\/p>\n<p><strong>22.30<\/strong><em> \u00ed r\u00edki m\u00ednu<\/em>: Sj\u00e1 athugagrein vi\u00f0 4.43.<\/p>\n<p><strong>22.30<\/strong> <em>t\u00f3lf \u00e6ttkv\u00edslir \u00cdsraels<\/em>: Jakobi, sonarsyni Abrahams og S\u00f6ru, var af Gu\u00f0i gefi\u00f0 nafni\u00f0 \u00cdsrael (sj\u00e1 1M\u00f3s 32.22-30). Hinar t\u00f3lf \u00e6ttkv\u00edslir \u00cdsraels heita eftir jafnm\u00f6rgum sonum Jakobs (1M\u00f3s 35.23-26). J\u00f3sef, sonur Jakobs, var forfa\u00f0ir tveggja \u00e6ttkv\u00edsla, \u00feeirra Manasse og Efra\u00edm. En Lev\u00ed \u00e6ttkv\u00edsl f\u00e9kk ekkert \u00e1kve\u00f0i\u00f0 h\u00e9ra\u00f0 til b\u00fasetu; h\u00fan skyldi vera s\u00e9rst\u00f6k presta\u00e6ttkv\u00edsl. Sj\u00e1 og &#8222;Fr\u00e1 J\u00f3s\u00faa til \u00fatleg\u00f0arinnar: \u00cdsraelsmenn \u00ed fyrirheitna landinu&#8220; \u00e1 bls. 906.<\/p>\n<p><strong>21.31 <\/strong><em>S\u00edmon<\/em>: Sj\u00e1 athugagrein vi\u00f0ar vi\u00f0 4.38 og 5.8.<\/p>\n<p><strong>22.31<\/strong> <em>s\u00e6lda y\u00f0ur eins og hveiti<\/em>: Sj\u00e1 athugagrein vi\u00f0 3.17.<\/p>\n<p><strong>22.36<\/strong> <em>pyngju&#8230;mal&#8230;sver\u00f0<\/em>: Allt nau\u00f0synlegt a\u00f0 taka me\u00f0 \u00ed sva\u00f0ilf\u00f6r. Jes\u00fas sag\u00f0i l\u00e6risveinum s\u00ednum a\u00f0 vera vi\u00f0b\u00fanir \u00f6llu. \u00deeir munu hafa skili\u00f0 hva\u00f0 hann \u00e1tti vi\u00f0 (sj\u00e1 22.49-51).<\/p>\n<p><strong>22.39<\/strong> <em>Ol\u00edufjallsins<\/em>: Sj\u00e1 athugagrein vi\u00f0 19.28,29.<\/p>\n<p><strong>22.42<\/strong> <em>kaleik<\/em>: Or\u00f0i\u00f0 kaleikur merkir oft sama og \u00fej\u00e1ning, m\u00f3tl\u00e6ti. Jes\u00fas vissi a\u00f0 \u00fea\u00f0 var fyrir\u00e6tlun Gu\u00f0s a\u00f0 hann \u00e6tti a\u00f0 \u00fej\u00e1st og deyja (sj\u00e1 9.22; 18.31-33; 22.20-22).<\/p>\n<p><strong>22.43<\/strong> <em>engill af himni<\/em>: Sj\u00e1 athugagrein vi\u00f0 2.13-15.<\/p>\n<p><strong>22.43,44<\/strong> <em>engill af himni&#8230;eins og bl\u00f3dropar<\/em>: \u00deessi vers tv\u00f6 vantar \u00ed sum handrit.<\/p>\n<p><strong>22.47<\/strong> <em>J\u00fadas<\/em>: Sj\u00e1 athugagrein vi\u00f0 22.3.<\/p>\n<p><strong>22.52<\/strong> <em>\u00e6\u00f0stu prestana, var\u00f0foringja helgid\u00f3msins og \u00f6ldungana<\/em>: Sj\u00e1 athugagreinar vi\u00f0 22.4 og 19.47.<\/p>\n<p><strong>22.53<\/strong> <em>m\u00e1ttur myrkranna<\/em>: Myrkur t\u00e1knar vald dj\u00f6fulsins og hins illa.<\/p>\n<p><strong>22.54<\/strong> <em>h\u00fas \u00e6\u00f0sta prestsins<\/em>: Sj\u00e1 athugagrein vi\u00f0 3.2 (Ka\u00edfas). R\u00e1\u00f0i\u00f0 sem yfirheyr\u00f0i Jes\u00fa kann a\u00f0 hafa komi\u00f0 saman heima hj\u00e1 Ka\u00edfasi \u00e6\u00f0sta presti.<\/p>\n<p><strong>22.59<\/strong> <em>Gal\u00edleuma\u00f0ur<\/em>: Sj\u00e1 athugagrein vi\u00f0 1.26 (Gal\u00edlea). P\u00e9tur var Gal\u00edleuma\u00f0ur og \u00feeir munu hafa haft nokku\u00f0 annan frambur\u00f0 en landar \u00feeirra \u00ed Jer\u00fasalem.<\/p>\n<p><strong>22.66<\/strong> <em>\u00deegar dagur rann&#8230;&#8230;l\u00e9tu f\u00e6ra hann fyrir r\u00e1\u00f0sfund sinn<\/em>: R\u00e1\u00f0i\u00f0 skipu\u00f0u fulltr\u00faar flokka Gy\u00f0inga (sj\u00e1 athugagreinar vi\u00f0 19.47; 22.4; 22.54). R\u00f3mverjar heimilu\u00f0u r\u00e1\u00f0inu a\u00f0 rannsaka brot gegn l\u00f6gm\u00e1li M\u00f3se. \u00dear e\u00f0 l\u00f6gm\u00e1li\u00f0 leyf\u00f0i r\u00e1\u00f0sherrunum ekki a\u00f0 hafast a\u00f0 kv\u00f6ldt\u00edma var Jes\u00fas leiddur fyrir \u00fe\u00e1 snemma morguns. M\u00f3sel\u00f6g kv\u00e1\u00f0u svo \u00e1 a\u00f0 frambur\u00f0 tveggja vitna \u00feyrfti til \u00feess a\u00f0 d\u00e6ma mann til dau\u00f0a og taka af l\u00edfi (5M\u00f3s 19.15).<\/p>\n<p><strong>22.67<\/strong> <em>Kristur<\/em>: Sj\u00e1 athugagreinar vi\u00f0 2.11 og 3.15.<\/p>\n<p><strong>22.69<\/strong> <em>Mannssonurinn<\/em>: Sj\u00e1 athugagrein vi\u00f0 5.24.<\/p>\n<p><strong>22.70<\/strong> <em>sonur Gu\u00f0s<\/em>: Sj\u00e1 athugagrein vi\u00f0 1.35.<\/p>\n","protected":false},"excerpt":{"rendered":"<p>22.1 h\u00e1t\u00ed\u00f0 \u00f3s\u00fdr\u00f0u brau\u00f0anna&#8230;p\u00e1skar: Tv\u00e6r st\u00f3rh\u00e1t\u00ed\u00f0ar Gy\u00f0inga. Sj\u00e1 &#8222;P\u00e1skar og <a href=\"https:\/\/biblian.is\/fraedsla\/ritskyring\/lukasargudspjall-22-kafli\/\"> [&#8230;]<\/a><\/p>\n","protected":false},"author":1,"featured_media":0,"parent":4829,"menu_order":0,"comment_status":"closed","ping_status":"closed","template":"","meta":{"footnotes":""},"class_list":["post-5302","page","type-page","status-publish","hentry"],"_links":{"self":[{"href":"https:\/\/biblian.is\/fraedsla\/wp-json\/wp\/v2\/pages\/5302","targetHints":{"allow":["GET"]}}],"collection":[{"href":"https:\/\/biblian.is\/fraedsla\/wp-json\/wp\/v2\/pages"}],"about":[{"href":"https:\/\/biblian.is\/fraedsla\/wp-json\/wp\/v2\/types\/page"}],"author":[{"embeddable":true,"href":"https:\/\/biblian.is\/fraedsla\/wp-json\/wp\/v2\/users\/1"}],"replies":[{"embeddable":true,"href":"https:\/\/biblian.is\/fraedsla\/wp-json\/wp\/v2\/comments?post=5302"}],"version-history":[{"count":0,"href":"https:\/\/biblian.is\/fraedsla\/wp-json\/wp\/v2\/pages\/5302\/revisions"}],"up":[{"embeddable":true,"href":"https:\/\/biblian.is\/fraedsla\/wp-json\/wp\/v2\/pages\/4829"}],"wp:attachment":[{"href":"https:\/\/biblian.is\/fraedsla\/wp-json\/wp\/v2\/media?parent=5302"}],"curies":[{"name":"wp","href":"https:\/\/api.w.org\/{rel}","templated":true}]}}