{"id":5298,"date":"2019-04-26T14:27:51","date_gmt":"2019-04-26T14:27:51","guid":{"rendered":"https:\/\/biblian.is\/fraedsla\/?page_id=5298"},"modified":"2026-04-17T13:01:13","modified_gmt":"2026-04-17T13:01:13","slug":"lukasargudspjall-20-kafli","status":"publish","type":"page","link":"https:\/\/biblian.is\/fraedsla\/ritskyring\/lukasargudspjall-20-kafli\/","title":{"rendered":"L\u00fakasargu\u00f0spjall 20. kafli"},"content":{"rendered":"<p><strong>20.1<\/strong> <em>fagna\u00f0arerindi\u00f0<\/em>: Sj\u00e1 athugagrein vi\u00f0 4.43.<strong>\u00a0<\/strong><\/p>\n<p><strong>20.4<\/strong> <em>J\u00f3hannesi<\/em>: J\u00f3hannes sk\u00edrari. Sj\u00e1 athugagrein vi\u00f0 1.13.<\/p>\n<p><strong>20.9<\/strong> <em>v\u00edngar\u00f0<\/em>: \u00cd v\u00edng\u00f6r\u00f0um voru \u00fer\u00fagur r\u00e6kta\u00f0ar (v\u00ednber). Gar\u00f0arnir voru yfirleitt \u00ed gr\u00fdttum hl\u00ed\u00f0um og oft girtir grj\u00f3tveggjum til skj\u00f3ls. \u00deeir voru d\u00fdrm\u00e6t eign. Var\u00f0turn var stundum reistur \u00ed n\u00e1munda vi\u00f0 gar\u00f0inn og g\u00e1tu menn \u00fe\u00e1 betur varist r\u00e1nd\u00fdrum og stigam\u00f6nnum. \u00der\u00fagurnar vaxa \u00e1 l\u00f6ngum, renglulegum vi\u00f0i, sem festa \u00fearf upp fr\u00e1 j\u00f6r\u00f0u og krefst mikillar um\u00f6nnunar og virktar. A\u00f0 \u00feessu unnu margar hendur.<\/p>\n<p><strong>20.18<\/strong> <em>\u00feennan stein<\/em>: Jes\u00fas \u00e1 vi\u00f0 sj\u00e1lfan sig.<\/p>\n<p><strong>20.19<\/strong> <em>Fr\u00e6\u00f0imennirnir og \u00e6\u00f0stu prestarnir<\/em>: Sj\u00e1 athugagrein vi\u00f0 9.22.<\/p>\n<p><strong>20.20<\/strong> <em>landstj\u00f3rans<\/em>: Sj\u00e1 athugagrein vi\u00f0 13.1 (Pont\u00edus P\u00edlatus).<\/p>\n<p><strong>20.22<\/strong> <em>gjalda keisaranum skatt<\/em>: J\u00fadea laut r\u00f3mverska heimsveldinu og ur\u00f0u \u00feegnarnir \u00fev\u00ed a\u00f0 gjalda keisaranum \u00ed R\u00f3m skatta og skyldur.<\/p>\n<p><strong>20.24 <\/strong><em>denar<\/em>: Mynt, er jafngilti daglaunum verkamanns. \u00d6\u00f0rum megin \u00e1 denar var mynd af T\u00edber\u00edusi keisara. Hinum megin var letra\u00f0: &#8222;T\u00edber\u00edus Sesar \u00c1g\u00fastus, sonur hins gu\u00f0d\u00f3mlega \u00c1g\u00fastusar.&#8220;<\/p>\n<p><strong>20.27<\/strong> <em>sadd\u00fakear<\/em>: \u00deeir voru au\u00f0ugir gy\u00f0ingar og h\u00f6f\u00f0u n\u00e1i\u00f0 samstarf vi\u00f0 prestana. Nafn flokksins er tr\u00falega dregi\u00f0 af &#8222;Zadok&#8220;, en svo h\u00e9t helsta prestafj\u00f6lskyldan (2Sam 20.25; 1Kon 1.39-45). Sadd\u00fakear h\u00e9ldu \u00fev\u00ed fram, a\u00f0 mikilv\u00e6gast af \u00f6llu v\u00e6ri a\u00f0 s\u00e6kja musteri\u00f0 og f\u00e6ra \u00fear f\u00f3rnir. Far\u00edsear tr\u00fa\u00f0u \u00fev\u00ed, a\u00f0 hugsanlega v\u00e6ri l\u00edf eftir dau\u00f0ann, en Sadd\u00fakear h\u00f6fnu\u00f0u \u00feessu \u00e1 \u00feeirri forsendu a\u00f0 ekkert v\u00e6ri \u00e1 \u00fea\u00f0 minnst \u00ed l\u00f6gm\u00e1li M\u00f3se (Post. 23.8). <a href=\"https:\/\/biblian.is\/fraedsla\/samtidarsaga-bibliunnar\/mannlif-og-landshaettir-a-timum-jesu-thjodir-valdhafar-og-stjornmal\/\">Sj\u00e1 og &#8222;Mannl\u00edf og landsh\u00e6ttir \u00e1 t\u00edmum Jes\u00fa: \u00dej\u00f3\u00f0ir, valdhafar og stj\u00f3rnm\u00e1l&#8220;<\/a>.<\/p>\n<p><strong>20.36<\/strong> <em>englum j\u00f6fn&#8230;b\u00f6rn Gu\u00f0s<\/em>: S\u00fa var kenning Jes\u00fa a\u00f0 mannf\u00f3lki\u00f0 risi upp fr\u00e1 dau\u00f0a til l\u00edfs og lif\u00f0i a\u00f0 eil\u00edfu sem englar v\u00e6ri. \u00deau sem eru ver\u00f0 \u00feess a\u00f0 kallast Gu\u00f0s b\u00f6rn \u00feurfa ekki a\u00f0 hafa \u00e1hyggjur af \u00fev\u00ed hverjum \u00feau eru gift e\u00f0a kv\u00e6nt.<\/p>\n<p><strong>20.37<\/strong> <em>hann kallar Drottin Gu\u00f0 Abrahams, Gu\u00f0 \u00cdsaks ogGu\u00f0 Jakobs<\/em>: Sj\u00e1 athugagrein vi\u00f0 1.55. Jes\u00fas heldur \u00fev\u00ed h\u00e9r fram, a\u00f0 s\u00e9 Gu\u00f0 tilbe\u00f0inn af Abraham, \u00cdsak og Jakobi, er ger\u00f0u vi\u00f0 hann s\u00e1ttm\u00e1la fyrr \u00e1 t\u00ed\u00f0, \u00fe\u00e1 hlj\u00f3ti \u00feeir a\u00f0 lifa honum a\u00f0 eil\u00edfu, \u00fear e\u00f0 Gu\u00f0 er Gu\u00f0 lifenda.<\/p>\n<p><strong>20.41<\/strong> <em>sonur Dav\u00ed\u00f0s<\/em>: Sj\u00e1 athugagrein vi\u00f0 18.38.<\/p>\n<p><strong>20.41<\/strong> <em>h\u00e6gri handar<\/em>: Vir\u00f0ingarsess, \u00e6tla\u00f0ur valda- og fyrirm\u00f6nnum.<\/p>\n<p><strong>20.44<\/strong> <em>Dav\u00ed\u00f0&#8230;drottin<\/em>: Sj\u00e1 athugagreinar vi\u00f01.27 og 1.35 (Dav\u00ed\u00f0), og 3.15 (Mess\u00edas). Lei\u00f0togar Gy\u00f0inga deildu um \u00fea\u00f0, me\u00f0 hverjum h\u00e6tti m\u00f6nnum hlotna\u00f0ist hj\u00e1lpr\u00e6\u00f0i. Sumir t\u00f6ldu a\u00f0 f\u00f3rnir prestanna \u00ed helgihaldinu mundu hreinsa land og \u00fej\u00f3\u00f0. A\u00f0rir vildu rei\u00f0a sig \u00e1 konungsvaldi\u00f0 um \u00feetta. Jes\u00fas spyr hvort nokkur geti veri\u00f0 b\u00e6\u00f0i sonur Dav\u00ed\u00f0s og drottinn hans.<\/p>\n<p><strong>20.46,47<\/strong> <em>Varist fr\u00e6\u00f0imennina&#8230;flytja langar b\u00e6nir a\u00f0 yfirskini:<\/em> Sj\u00e1 athugagrein vi\u00f0 11.46.<\/p>\n","protected":false},"excerpt":{"rendered":"<p>20.1 fagna\u00f0arerindi\u00f0: Sj\u00e1 athugagrein vi\u00f0 4.43.\u00a0 20.4 J\u00f3hannesi: J\u00f3hannes sk\u00edrari. <a href=\"https:\/\/biblian.is\/fraedsla\/ritskyring\/lukasargudspjall-20-kafli\/\"> [&#8230;]<\/a><\/p>\n","protected":false},"author":1,"featured_media":0,"parent":4829,"menu_order":0,"comment_status":"closed","ping_status":"closed","template":"","meta":{"footnotes":""},"class_list":["post-5298","page","type-page","status-publish","hentry"],"_links":{"self":[{"href":"https:\/\/biblian.is\/fraedsla\/wp-json\/wp\/v2\/pages\/5298","targetHints":{"allow":["GET"]}}],"collection":[{"href":"https:\/\/biblian.is\/fraedsla\/wp-json\/wp\/v2\/pages"}],"about":[{"href":"https:\/\/biblian.is\/fraedsla\/wp-json\/wp\/v2\/types\/page"}],"author":[{"embeddable":true,"href":"https:\/\/biblian.is\/fraedsla\/wp-json\/wp\/v2\/users\/1"}],"replies":[{"embeddable":true,"href":"https:\/\/biblian.is\/fraedsla\/wp-json\/wp\/v2\/comments?post=5298"}],"version-history":[{"count":0,"href":"https:\/\/biblian.is\/fraedsla\/wp-json\/wp\/v2\/pages\/5298\/revisions"}],"up":[{"embeddable":true,"href":"https:\/\/biblian.is\/fraedsla\/wp-json\/wp\/v2\/pages\/4829"}],"wp:attachment":[{"href":"https:\/\/biblian.is\/fraedsla\/wp-json\/wp\/v2\/media?parent=5298"}],"curies":[{"name":"wp","href":"https:\/\/api.w.org\/{rel}","templated":true}]}}