{"id":5290,"date":"2019-04-26T14:14:41","date_gmt":"2019-04-26T14:14:41","guid":{"rendered":"https:\/\/biblian.is\/fraedsla\/?page_id=5290"},"modified":"2022-12-16T13:59:04","modified_gmt":"2022-12-16T13:59:04","slug":"lukasargudspjall-16-kafli","status":"publish","type":"page","link":"https:\/\/biblian.is\/fraedsla\/ritskyring\/lukasargudspjall-16-kafli\/","title":{"rendered":"L\u00fakasargu\u00f0spjall 16. kafli"},"content":{"rendered":"<p><strong>16.6<\/strong> <em>hundra\u00f0 kvartil vi\u00f0smj\u00f6rs<\/em>: Kvartil (l\u00edtil tunna) er <em>&#8222;batos&#8220;\u00a0<\/em>\u00e1 gr\u00edsku (skylt hebreska or\u00f0inu <em>&#8222;bath&#8220;<\/em>). Kvartil t\u00f3k um 40 l\u00edtra.<\/p>\n<p><strong>16.7<\/strong> <em>hundra\u00f0 kvartil<\/em>: Hundra\u00f0 skeppur (m\u00e6liker), sem hver tekur um 12 kg. \u00de\u00f3 er erfitt a\u00f0 segja til um \u00fea\u00f0 n\u00e1kv\u00e6mlega, hve miki\u00f0 magn h\u00e9r um r\u00e6\u00f0ir.<\/p>\n<p><strong>16.8<\/strong> <em>b\u00f6rn \u00feessa heims&#8230;b\u00f6rn lj\u00f3ssins<\/em>: &#8222;B\u00f6rn \u00feessa heims&#8220; hl\u00fd\u00f0a ekki Gu\u00f0i og standa \u00ed gegn fyrir\u00e6tlunum hans. Sums sta\u00f0ar \u00ed N\u00fdja testamenti er &#8222;heimurinn&#8220; talinn vondur og \u00ed andst\u00f6\u00f0u vi\u00f0 Gu\u00f0 (R\u00f3m 12.2; Gal 4.3; Jak 1.27). \u00cd Bibl\u00edunni stafar lj\u00f3si fr\u00e1 \u00feeim m\u00f6nnum og hlutum sem birta sannleika Gu\u00f0s (sj\u00e1 Jes 49.6; J\u00f3h 1.3,4). L\u00e6risveinar Jes\u00fa og me\u00f0haldsmenn eru l\u00edka nefndir &#8222;b\u00f6rn lj\u00f3ssins&#8220; (J\u00f3h 12.36; Ef 5.8).<\/p>\n<p><strong>16.9<\/strong> <em>rangl\u00e1ta mammon<\/em>: Jes\u00fas \u00e1 ekki vi\u00f0 a\u00f0 peningar s\u00e9u \u00ed sj\u00e1lfu s\u00e9r vondir, heldur a\u00f0 stundum efnist menn me\u00f0 \u00fev\u00ed a\u00f0 hafa rangt vi\u00f0. Fj\u00e1rmuni og eignir m\u00e1 l\u00edka nota til \u00feess a\u00f0 afla vina og \u00fej\u00f3na \u00f6\u00f0rum \u00ed k\u00e6rleika. Peningar geta gengi\u00f0 til \u00feurr\u00f0ar, en Gu\u00f0 hefur nokku\u00f0 a\u00f0 bj\u00f3\u00f0a sem er margfalt d\u00fdrm\u00e6tara: samasta\u00f0 hj\u00e1 s\u00e9r sem aldrei mun \u00e1 grunn ganga (eil\u00edft l\u00edf).<\/p>\n<p><strong>16.14<\/strong> <em>far\u00edsearnir<\/em>: Sj\u00e1 athugagrein vi\u00f0 5.17.<\/p>\n<p><strong>16.16<\/strong> <em>J\u00f3hannesar<\/em>: J\u00f3hannes sk\u00edrari (sj\u00e1 L\u00fakas 3).<\/p>\n<p><strong>16.16<\/strong> <em>L\u00f6gm\u00e1li\u00f0 og sp\u00e1mennirnir<\/em>: L\u00f6gm\u00e1l M\u00f3se er fimm fyrstu b\u00e6kur Bibl\u00edunnar. \u00dear er s\u00f6g\u00f0 hin forna saga af Gu\u00f0s l\u00fd\u00f0, en \u00fear lesum vi\u00f0 l\u00edka um reglurnar sem Gu\u00f0 l\u00e9t M\u00f3se \u00ed t\u00e9 um \u00fea\u00f0 hvernig vi\u00f0 eigum a\u00f0 haga l\u00edfi okkar.\u00a0Sp\u00e1mennina k\u00f6llum vi\u00f0 sp\u00e1d\u00f3msritin sem s\u00e9rlegir sendibo\u00f0ar Gu\u00f0s l\u00e9tu fr\u00e1 s\u00e9r fara. Sj\u00e1 og Matt 11.12,13 og athugagrein vi\u00f0 Matt 5.17.<\/p>\n<p><strong>16.18<\/strong> <em>dr\u00fdgir h\u00f3r<\/em>: \u00cd gr\u00edska textanum er einmitt nota\u00f0 or\u00f0, sem merkir a\u00f0 vera maka s\u00ednum \u00f3tr\u00far.<\/p>\n<p><strong>16.22\u00a0<\/strong><em>\u00ed fa\u00f0m Abrahams<\/em>: Sumir Gy\u00f0ingar settu s\u00e9r eil\u00edfa l\u00edfi\u00f0 fyrir sj\u00f3nir l\u00edkt og veislu haldna \u00feeim af Gu\u00f0i. \u00cd \u00feeim fagna\u00f0i v\u00e6ri Abraham \u00ed \u00f6ndvegi og hei\u00f0ursgestinum yr\u00f0i skipa\u00f0 til s\u00e6tis hi\u00f0 n\u00e6sta honum. Sj\u00e1 &#8222;Eil\u00edft l\u00edf&#8220; \u00e1 bls. 1976.<\/p>\n<p><strong>16.23<\/strong> <em>helju<\/em>: \u00cd hugum Gy\u00f0inga var helja sta\u00f0urinn \u00fear sem dau\u00f0ir b\u00ed\u00f0a refsingar. Sj\u00e1 athugagrein vi\u00f0 12.5 og <a href=\"https:\/\/biblian.is\/fraedsla\/ordtakasafn\/helviti\/\">&#8222;Helv\u00edti&#8220;.<\/a><\/p>\n<p><strong>16.29<\/strong> <em>M\u00f3se og sp\u00e1mennina<\/em>: Sj\u00e1 athugagrein vi\u00f0 16.16.<\/p>\n<p><strong>16.31<\/strong> <em>Ef \u00feeir hl\u00fd\u00f0a ekki<\/em>: Sumir, \u00fear \u00e1 me\u00f0al margir far\u00edseanna, munu ekki l\u00e1ta sannf\u00e6rast af bo\u00f0skap Jes\u00fa, jafnvel ekki eftir a\u00f0 hann r\u00eds upp fr\u00e1 dau\u00f0um.<\/p>\n","protected":false},"excerpt":{"rendered":"<p>16.6 hundra\u00f0 kvartil vi\u00f0smj\u00f6rs: Kvartil (l\u00edtil tunna) er &#8222;batos&#8220;\u00a0\u00e1 gr\u00edsku <a href=\"https:\/\/biblian.is\/fraedsla\/ritskyring\/lukasargudspjall-16-kafli\/\"> [&#8230;]<\/a><\/p>\n","protected":false},"author":1,"featured_media":0,"parent":4829,"menu_order":0,"comment_status":"closed","ping_status":"closed","template":"","meta":{"footnotes":""},"class_list":["post-5290","page","type-page","status-publish","hentry"],"_links":{"self":[{"href":"https:\/\/biblian.is\/fraedsla\/wp-json\/wp\/v2\/pages\/5290","targetHints":{"allow":["GET"]}}],"collection":[{"href":"https:\/\/biblian.is\/fraedsla\/wp-json\/wp\/v2\/pages"}],"about":[{"href":"https:\/\/biblian.is\/fraedsla\/wp-json\/wp\/v2\/types\/page"}],"author":[{"embeddable":true,"href":"https:\/\/biblian.is\/fraedsla\/wp-json\/wp\/v2\/users\/1"}],"replies":[{"embeddable":true,"href":"https:\/\/biblian.is\/fraedsla\/wp-json\/wp\/v2\/comments?post=5290"}],"version-history":[{"count":0,"href":"https:\/\/biblian.is\/fraedsla\/wp-json\/wp\/v2\/pages\/5290\/revisions"}],"up":[{"embeddable":true,"href":"https:\/\/biblian.is\/fraedsla\/wp-json\/wp\/v2\/pages\/4829"}],"wp:attachment":[{"href":"https:\/\/biblian.is\/fraedsla\/wp-json\/wp\/v2\/media?parent=5290"}],"curies":[{"name":"wp","href":"https:\/\/api.w.org\/{rel}","templated":true}]}}