{"id":5288,"date":"2019-04-26T14:10:49","date_gmt":"2019-04-26T14:10:49","guid":{"rendered":"https:\/\/biblian.is\/fraedsla\/?page_id=5288"},"modified":"2022-12-16T13:59:04","modified_gmt":"2022-12-16T13:59:04","slug":"lukasargudspjall-15-kafli","status":"publish","type":"page","link":"https:\/\/biblian.is\/fraedsla\/ritskyring\/lukasargudspjall-15-kafli\/","title":{"rendered":"L\u00fakasargu\u00f0spjall 15. kafli"},"content":{"rendered":"<p><strong>15.1<\/strong> <em>tollheimtumenn og bersyndugir<\/em>: Sj\u00e1 athugagreinar vi\u00f0 3.12 (tollheimtumenn) og 13.2 (syndarar). &#8222;Syndarar&#8220; voru \u00feeir kalla\u00f0ir, sem broti\u00f0 h\u00f6f\u00f0u gegn l\u00f6gm\u00e1li M\u00f3se. Jes\u00fas ger\u00f0i f\u00f3lki lj\u00f3st a\u00f0 Gu\u00f0 elskar syndarann, tekur honum opnum \u00f6rmum og lei\u00f0ir til samf\u00e9lags vi\u00f0 l\u00fd\u00f0 sinn.<\/p>\n<p><strong>15.4<\/strong> <em>fer eftir \u00feeim sem t\u00fdndur er<\/em>: \u00d3v\u00edst er a\u00f0 samviskusamur fj\u00e1rhir\u00f0ir v\u00e6ri l\u00edklegur til \u00feess a\u00f0 skilja hj\u00f6r\u00f0 s\u00edna eftir g\u00e6slulaust \u00e1 me\u00f0an hann leita\u00f0i a\u00f0 einum sau\u00f0.<\/p>\n<p><strong>15.7<\/strong> <em>\u00e1 himni<\/em>: Sj\u00e1 athugagrein vi\u00f0 10.20.<\/p>\n<p><strong>15.8<\/strong> <em>t\u00edu dr\u00f6kmur<\/em>: Gr\u00edska myntin &#8222;drakma&#8220; jafngilti ver\u00f0i einnar \u00e6r. Uxi kosta\u00f0i aftur fimm dr\u00f6kmur.<\/p>\n<p><strong>15.12<\/strong> <em>\u00feann hluta eignanna sem m\u00e9r ber<\/em>: Synir erf\u00f0u fe\u00f0ur s\u00edna. Elsti sonurinn hlaut st\u00e6rri skerf en yngri br\u00e6\u00f0ur hans, stundum tv\u00f6falt meira en \u00feeir.<\/p>\n<p><strong>15.15<\/strong> <em>g\u00e6ta sv\u00edna<\/em>: \u00cd M\u00f3sel\u00f6gum var lagt bl\u00e1tt bann vi\u00f0 \u00fev\u00ed a\u00f0 snerta sv\u00edn, hva\u00f0 \u00fe\u00e1 a\u00f0 eta kj\u00f6ti\u00f0 af \u00feeim (5M\u00f3s 14.8). Gy\u00f0ingi mundi st\u00f3rlega misbo\u00f0i\u00f0, v\u00e6ri hann be\u00f0inn a\u00f0 f\u00f3\u00f0ra sv\u00edn, a\u00f0 ekki s\u00e9 tala\u00f0 um a\u00f0 matast innan um \u00feau. <a href=\"https:\/\/biblian.is\/fraedsla\/ordtakasafn\/hreinsanir-hreint-og-ohreint\/\">Sj\u00e1 og &#8222;Hreinsanir (hreint og \u00f3hreint).<\/a><\/p>\n<p><strong>15.16\u00a0<\/strong><em>drafinu er sv\u00ednin \u00e1tu<\/em>: \u00c1 gr\u00edsku &#8222;baunabelgir,&#8220; en \u00feeir uxu \u00e1 svonefndu karob-tr\u00e9 \u00ed Palest\u00ednu. \u00cd \u00feeim var undirst\u00f6\u00f0ug\u00f3\u00f0ur safi, l\u00edkur s\u00edr\u00f3pi. Enn \u00feann dag \u00ed dag eru \u00feessi belgir skepnuf\u00f3\u00f0ur og fyrir kemur \u00e1 f\u00e1t\u00e6klingar leggja s\u00e9r \u00fe\u00e1 til munns.<\/p>\n<p><strong>15.22<\/strong> <em>dragi\u00f0 hring \u00e1 h\u00f6nd hans og sk\u00f3 \u00e1 f\u00e6tur honum<\/em>: \u00deetta s\u00fdnir, a\u00f0 fa\u00f0irinn t\u00f3k a\u00f0 fullu vi\u00f0 syni s\u00ednum aftur. Hringur t\u00e1kna\u00f0i vir\u00f0ingarst\u00f6\u00f0u \u00ed fj\u00f6lskyldunni. Sk\u00f3rnir voru til marks um \u00fea\u00f0 a\u00f0 h\u00e9r var sonur og ekki \u00fer\u00e6ll, \u00fear sem \u00fer\u00e6lar voru sjaldnast \u00ed sk\u00f3m.<\/p>\n","protected":false},"excerpt":{"rendered":"<p>15.1 tollheimtumenn og bersyndugir: Sj\u00e1 athugagreinar vi\u00f0 3.12 (tollheimtumenn) og <a href=\"https:\/\/biblian.is\/fraedsla\/ritskyring\/lukasargudspjall-15-kafli\/\"> [&#8230;]<\/a><\/p>\n","protected":false},"author":1,"featured_media":0,"parent":4829,"menu_order":0,"comment_status":"closed","ping_status":"closed","template":"","meta":{"footnotes":""},"class_list":["post-5288","page","type-page","status-publish","hentry"],"_links":{"self":[{"href":"https:\/\/biblian.is\/fraedsla\/wp-json\/wp\/v2\/pages\/5288","targetHints":{"allow":["GET"]}}],"collection":[{"href":"https:\/\/biblian.is\/fraedsla\/wp-json\/wp\/v2\/pages"}],"about":[{"href":"https:\/\/biblian.is\/fraedsla\/wp-json\/wp\/v2\/types\/page"}],"author":[{"embeddable":true,"href":"https:\/\/biblian.is\/fraedsla\/wp-json\/wp\/v2\/users\/1"}],"replies":[{"embeddable":true,"href":"https:\/\/biblian.is\/fraedsla\/wp-json\/wp\/v2\/comments?post=5288"}],"version-history":[{"count":0,"href":"https:\/\/biblian.is\/fraedsla\/wp-json\/wp\/v2\/pages\/5288\/revisions"}],"up":[{"embeddable":true,"href":"https:\/\/biblian.is\/fraedsla\/wp-json\/wp\/v2\/pages\/4829"}],"wp:attachment":[{"href":"https:\/\/biblian.is\/fraedsla\/wp-json\/wp\/v2\/media?parent=5288"}],"curies":[{"name":"wp","href":"https:\/\/api.w.org\/{rel}","templated":true}]}}