{"id":5278,"date":"2019-04-26T13:29:58","date_gmt":"2019-04-26T13:29:58","guid":{"rendered":"https:\/\/biblian.is\/fraedsla\/?page_id=5278"},"modified":"2026-04-17T13:01:13","modified_gmt":"2026-04-17T13:01:13","slug":"lukasargudspjall-10-kafli","status":"publish","type":"page","link":"https:\/\/biblian.is\/fraedsla\/ritskyring\/lukasargudspjall-10-kafli\/","title":{"rendered":"L\u00fakasargu\u00f0spjall 10. kafli"},"content":{"rendered":"<p><strong>10.1\u00a0<\/strong><em>sj\u00f6t\u00edu og tvo: <\/em>A\u00f0 \u00fev\u00ed er segir \u00ed 1M\u00f3s 10, \u00fear sem afkomendur N\u00f3a eru taldir upp, voru 70 \u00fej\u00f3\u00f0ir \u00e1 j\u00f6r\u00f0inni. (Hin forna, gr\u00edska \u00fe\u00fd\u00f0ing Gamla testamentis segir \u00fe\u00e6r hafa veri\u00f0 72.) Ef til vill valdi Jes\u00fas \u00feennan fj\u00f6lda l\u00e6risveina til \u00feess a\u00f0 minna \u00e1, a\u00f0 bo\u00f0skapur hans er \u00f6llum \u00e6tla\u00f0ur.<\/p>\n<p><strong>10.4 <\/strong><em>heilsi\u00f0 engum \u00e1 lei\u00f0inni: <\/em>\u00c1 d\u00f6gum Jes\u00fa f\u00f3r drj\u00fagur t\u00edmi \u00ed a\u00f0 heilsa kurteislega.<\/p>\n<p><strong>10.11\u00a0<\/strong><em>dust&#8230;\u00feurrkum v\u00e9r af oss: <\/em>Sj\u00e1 athugagrein vi\u00f0 9.5.<\/p>\n<p><strong>10.13\u00a0<\/strong><em>K\u00f3ras\u00edn&#8230;Betsa\u00edda&#8230;T\u00fdrus og S\u00eddon: <\/em>K\u00f3ras\u00edn, Betsa\u00edda og Kaperna\u00fam voru b\u00e6ir vi\u00f0 Gal\u00edleuvatn nor\u00f0anvert, \u00fear sem Gy\u00f0ingar \u00e1ttu heima. T\u00fdrus og S\u00eddon voru bl\u00f3mlegar hafnarborgir vi\u00f0 str\u00f6nd Mi\u00f0jar\u00f0arhafsins. \u00cdb\u00faarnir voru hei\u00f0ingjar. Sj\u00e1 kort \u00e1 bls. 2375. \u00de\u00f3 segir Jes\u00fas a\u00f0 \u00feeir muni frekar tr\u00faa bo\u00f0skap hans og kraftaverkum en f\u00f3lki\u00f0 \u00ed Gy\u00f0inga\u00feorpunum.<\/p>\n<p><strong>10.13\u00a0<\/strong><em>i\u00f0rast&#8230;\u00ed sekk og \u00f6sku: <\/em>H\u00e6rusekkur var af sv\u00f6rtu kl\u00e6\u00f0i (sj\u00e1 Opb 6.12) sem ofi\u00f0 var \u00far \u00falfalda- e\u00f0a geitah\u00e1ri. Gr\u00edska or\u00f0i\u00f0 sem h\u00e9r er \u00fe\u00fdtt me\u00f0 &#8222;\u00f6sku&#8220; er haft um rj\u00fakandi s\u00f3t. Menn kl\u00e6ddust sekkjum og jusu \u00f6sku yfir h\u00f6fu\u00f0 s\u00e9r \u00feegar \u00feeir syrg\u00f0u s\u00e1rt e\u00f0a vildu s\u00fdna a\u00f0 \u00feeir i\u00f0ru\u00f0ust synda sinna (sj\u00e1 Est 4.1,3; Job 2.8).<\/p>\n<p><strong>10.14\u00a0<\/strong><em>\u00ed d\u00f3minum: <\/em>D\u00f3murinn sem kve\u00f0inn ver\u00f0ur upp \u00feann dag \u00feegar Drottinn d\u00e6mir \u00fej\u00f3\u00f0ir heims. \u00deeir sem tr\u00faa og treysta Kristi munu h\u00f3lpnir ver\u00f0a, sen hinir f\u00e1 a\u00f0 reyna rei\u00f0i Gu\u00f0s og refsingu (sj\u00e1 Matt 13.47-50; 25.31-46; J\u00f3h 12.44-50).<\/p>\n<p><strong>10.15\u00a0<\/strong><em>Kaperna\u00fam: <\/em>Sj\u00e1 athugagreinar vi\u00f0 10.13 (K\u00f3ras\u00edn&#8230;Betsa\u00edda&#8230;T\u00fdrus og S\u00eddon) og 4.23.<\/p>\n<p><strong>10.15\u00a0<\/strong><em>til heljar: <\/em>Sj\u00e1 athugagreinar vi\u00f0 8.31 og 12.5.<\/p>\n<p><strong>10.16\u00a0<\/strong><em>\u00feeim er sendi mig: <\/em>Jes\u00fas \u00e1 h\u00e9r vi\u00f0 Gu\u00f0. Sj\u00e1 og Matt 10.40; Mrk 9.37; L\u00fak 9.48; J\u00f3h 13.20.<\/p>\n<p><strong>10.17\u00a0<\/strong><em>illir andar: <\/em>Sj\u00e1 athugagrein vi\u00f0 4.33-35.<\/p>\n<p><strong>10.18\u00a0<\/strong><em>Satan: <\/em>Sj\u00e1 athugagrein vi\u00f0 4.3.<\/p>\n<p><strong>10.20\u00a0<\/strong><em>n\u00f6fn y\u00f0ar eru skr\u00e1\u00f0 \u00ed himnunum: <\/em>Hinir tr\u00fau hlj\u00f3ta a\u00f0 launum l\u00edf \u00ed Gu\u00f0s r\u00edki. \u00cd Heb 12.23 segir a\u00f0 n\u00f6fn r\u00e9ttl\u00e1tra s\u00e9u skr\u00e1\u00f0 \u00e1 himnum. \u00de\u00e1 r\u00e6\u00f0ir um &#8222;b\u00f3k&#8220; l\u00edfsins \u00ed Slm 69.29; Dan 12,1; Fil 4.3; Opb 3.5.<\/p>\n<p><strong>10.25\u00a0<\/strong><em>L\u00f6gvitringur: <\/em>Sj\u00e1 athugagrein vi\u00f0 5.17.<\/p>\n<p><strong>10.25\u00a0<\/strong><em>eil\u00edft l\u00edf: <\/em>\u00c1 t\u00edmum Jes\u00fa voru margir Gy\u00f0ingar farnir a\u00f0 vona og tr\u00faa \u00e1 l\u00edf eftir dau\u00f0ann. A\u00f0rir, og \u00fear \u00e1 me\u00f0al Sadd\u00fakear, h\u00f6fnu\u00f0u hugmyndinni um eil\u00edft l\u00edf, enda v\u00e6ri ekki um \u00fea\u00f0 r\u00e6tt \u00ed l\u00f6gm\u00e1li M\u00f3se (sj\u00e1 greinina <a href=\"https:\/\/biblian.is\/fraedsla\/samtidarsaga-bibliunnar\/mannlif-og-landshaettir-a-timum-jesu-thjodir-valdhafar-og-stjornmal\/\">&#8222;Mannl\u00edf og landsh\u00e6ttir \u00e1 t\u00edmum Jes\u00fa: \u00dej\u00f3\u00f0ir, valdhafar og stj\u00f3rnm\u00e1l&#8220;)<\/a>. Jes\u00fas segir, a\u00f0 hver sem \u00e1 hann tr\u00fair, hafi eil\u00edft l\u00edf. <a href=\"https:\/\/biblian.is\/fraedsla\/ordtakasafn\/eilift-lif\/\">Sj\u00e1 n\u00e1nar &#8222;Eil\u00edft l\u00edf&#8220;.<\/a><\/p>\n<p><strong>10.26\u00a0<\/strong><em>\u00ed l\u00f6gm\u00e1linu: <\/em>Sj\u00e1 athugagrein vi\u00f0 4.16.<\/p>\n<p><strong>10.30\u00a0<\/strong><em>fr\u00e1 Jer\u00fasalem ofan til Jer\u00edk\u00f3: <\/em>Jer\u00edk\u00f3 er um 250 metra fyrir ne\u00f0an sj\u00e1varm\u00e1l, r\u00fama 25 k\u00edl\u00f3metra \u00ed nor\u00f0austur fr\u00e1 Jer\u00fasalem, sem er um 800 metra yfir sj\u00e1varm\u00e1li. Lei\u00f0in fr\u00e1 Jer\u00fasalem til Jer\u00edk\u00f3 er \u00fev\u00ed ni\u00f0ur \u00ed m\u00f3ti. Sj\u00e1 kort \u00e1 bls. 2375.<\/p>\n<p><strong>10.31,32\u00a0<\/strong><em>prestur&#8230;Lev\u00edti<\/em>: Prestar Gy\u00f0inga voru afkomendur Arons, br\u00f3\u00f0ur M\u00f3se (sj\u00e1 4M\u00f3s 18.20-32). Prestur var s\u00e9r fyllilega me\u00f0vita\u00f0ur um \u00fea\u00f0, a\u00f0 hann yr\u00f0i \u00f3hreinn talinn samkv\u00e6mt M\u00f3sel\u00f6gum, ef hann snerti l\u00edk e\u00f0a bl\u00f3\u00f0. F\u00e6ri svo, yr\u00f0i hann a\u00f0 gangast undir hreinsun \u00e1\u00f0ur en hann g\u00e6ti a\u00f0 n\u00fdju innt af hendi helga \u00fej\u00f3nustu \u00ed musterinu. Lev\u00edtar a\u00f0sto\u00f0u\u00f0u prestana vi\u00f0 helgihaldi\u00f0. Lev\u00edtinn var \u00fev\u00ed l\u00edka hr\u00e6ddur um a\u00f0 ver\u00f0a \u00f3hreinn. Sj\u00e1 og athugagrein vi\u00f0 4.27 og <a href=\"https:\/\/biblian.is\/fraedsla\/ordtakasafn\/prestarnir-i-israel\/\">&#8222;Prestar \u00ed \u00cdsrael&#8220;.<\/a><\/p>\n<p><strong>10.33\u00a0<\/strong><em>Samverji: <\/em>Ma\u00f0ur fr\u00e1 Samar\u00edu. Sj\u00e1 athugagrein vi\u00f0 9.52.<\/p>\n<p><strong>10.34\u00a0<\/strong><em>ol\u00edu og v\u00edni: <\/em>Hvort tveggja \u00feetta var \u00ed samt\u00ed\u00f0 Jes\u00fa nota\u00f0 eins og lyf n\u00fana. \u00deegar be\u00f0i\u00f0 var fyrir sj\u00fakum voru \u00feeir stundum smur\u00f0ir me\u00f0 ol\u00edu (Jak 5.14).<\/p>\n<p><strong>10.38\u00a0<\/strong><em>\u00feorp nokkurt: <\/em>Betan\u00eda. \u00dear \u00e1ttu heima systurnar Marta og Mar\u00eda og br\u00f3\u00f0ir \u00feeirra, Lasarus (J\u00f3h 11.1) Betan\u00eda var um 3 k\u00edl\u00f3metra \u00ed austur fr\u00e1 Jer\u00fasalem.<\/p>\n<p><strong>10.38-40\u00a0<\/strong><em>Marta&#8230;systur er Mar\u00eda h\u00e9t: <\/em>Marta einbeitti s\u00e9r a\u00f0 \u00fev\u00ed a\u00f0 inna \u00fej\u00f3nustu af hendi, taka til mat og au\u00f0s\u00fdna komumanni gestrisni. (Gr\u00edska or\u00f0i\u00f0 yfir \u00fej\u00f3nustu er &#8222;d\u00edakon\u00eda&#8220;, samstofna or\u00f0inu &#8222;dj\u00e1kni&#8220;. H\u00e9r er \u00e1tt vi\u00f0 alla k\u00e6rleiks\u00fej\u00f3nustu, sem kristinn ma\u00f0ur l\u00e6tur \u00f6\u00f0rum \u00ed t\u00e9; b\u00e6\u00f0i er \u00fej\u00f3na\u00f0 er til bor\u00f0s og eins annast um f\u00e1t\u00e6ka og sj\u00faka.) Mar\u00eda haf\u00f0i meiri \u00e1huga \u00e1 a\u00f0 hlusta \u00e1 \u00fea\u00f0, sem Jes\u00fas haf\u00f0i a\u00f0 segja. \u00cd J\u00f3hannesargu\u00f0spjalli skilur Marta ekki \u00fea\u00f0 sem Jes\u00fas segir um upprisuna fr\u00e1 dau\u00f0um (J\u00f3h 11.17-27).<\/p>\n","protected":false},"excerpt":{"rendered":"<p>10.1\u00a0sj\u00f6t\u00edu og tvo: A\u00f0 \u00fev\u00ed er segir \u00ed 1M\u00f3s 10, <a href=\"https:\/\/biblian.is\/fraedsla\/ritskyring\/lukasargudspjall-10-kafli\/\"> [&#8230;]<\/a><\/p>\n","protected":false},"author":1,"featured_media":0,"parent":4829,"menu_order":0,"comment_status":"closed","ping_status":"closed","template":"","meta":{"footnotes":""},"class_list":["post-5278","page","type-page","status-publish","hentry"],"_links":{"self":[{"href":"https:\/\/biblian.is\/fraedsla\/wp-json\/wp\/v2\/pages\/5278","targetHints":{"allow":["GET"]}}],"collection":[{"href":"https:\/\/biblian.is\/fraedsla\/wp-json\/wp\/v2\/pages"}],"about":[{"href":"https:\/\/biblian.is\/fraedsla\/wp-json\/wp\/v2\/types\/page"}],"author":[{"embeddable":true,"href":"https:\/\/biblian.is\/fraedsla\/wp-json\/wp\/v2\/users\/1"}],"replies":[{"embeddable":true,"href":"https:\/\/biblian.is\/fraedsla\/wp-json\/wp\/v2\/comments?post=5278"}],"version-history":[{"count":0,"href":"https:\/\/biblian.is\/fraedsla\/wp-json\/wp\/v2\/pages\/5278\/revisions"}],"up":[{"embeddable":true,"href":"https:\/\/biblian.is\/fraedsla\/wp-json\/wp\/v2\/pages\/4829"}],"wp:attachment":[{"href":"https:\/\/biblian.is\/fraedsla\/wp-json\/wp\/v2\/media?parent=5278"}],"curies":[{"name":"wp","href":"https:\/\/api.w.org\/{rel}","templated":true}]}}