{"id":5270,"date":"2019-04-22T18:03:27","date_gmt":"2019-04-22T18:03:27","guid":{"rendered":"https:\/\/biblian.is\/fraedsla\/?page_id=5270"},"modified":"2026-04-17T13:01:10","modified_gmt":"2026-04-17T13:01:10","slug":"galatabrefid-inngangur","status":"publish","type":"page","link":"https:\/\/biblian.is\/fraedsla\/ritskyring\/galatabrefid-inngangur\/","title":{"rendered":"Galatabr\u00e9fi\u00f0 &#8211; Inngangur"},"content":{"rendered":"<p><em>Tr\u00fa manna segir miki\u00f0 um \u00fea\u00f0, hverjir \u00feeir eru. Lesum \u00fea\u00f0 hvers vegna P\u00e1ll postuli var\u00f0 a\u00f0 halda uppi v\u00f6rnm fyrir sig og bo\u00f0skap sinn um Krist.<\/em><\/p>\n<h3><em>\u00a0<\/em>Hver eru s\u00e9rkenni Galatabr\u00e9fsins?<\/h3>\n<p>Br\u00e9f P\u00e1ls postula til Galatamanna er mj\u00f6g pers\u00f3nulegt og s\u00fdnir gl\u00f6ggt hverju P\u00e1ll tr\u00fa\u00f0i og hvern mann hann haf\u00f0i a\u00f0 geyma. \u00cd \u00fev\u00ed er l\u00edka a\u00f0 finna uppl\u00fdsingar um fort\u00ed\u00f0 hans. En einkum og s\u00e9r\u00edlagi er br\u00e9fi\u00f0 \u00e1rei\u00f0anleg heimild um alvarlegan \u00e1greining \u00ed frumkirkunni. \u00deessi \u00f3eining og vi\u00f0br\u00f6g\u00f0 P\u00e1ls vi\u00f0 henni ollu miklu um innihald pr\u00e9dikunarinnar um Jes\u00fa Krist. P\u00e1ll h\u00e9lt \u00fev\u00ed statt og st\u00f6\u00f0ugt fram, a\u00f0 menn yr\u00f0u b\u00f6rn Gu\u00f0s fyrir tr\u00fana \u00e1 Jes\u00fa (3.26), en ekki fyrir hl\u00fd\u00f0ni vi\u00f0 l\u00f6gm\u00e1l M\u00f3se. Kristur frelsa\u00f0i menn undan oki l\u00f6gm\u00e1lsins (5.1), en heilagur andi leiddi \u00fe\u00e1 \u00e1 r\u00e9ttan veg (5.16) og hj\u00e1lpa\u00f0i \u00feeim til \u00feess a\u00f0 lifa gu\u00f0r\u00e6kilega og \u00ed k\u00e6rleika og g\u00f3\u00f0vild til annarra (5.22,23).<\/p>\n<h3>Tilefni Galatabr\u00e9fsins<\/h3>\n<p>P\u00e1ll rita\u00f0i Galatam\u00f6nnum \u00feetta br\u00e9f til \u00feess a\u00f0 sannf\u00e6ra \u00fe\u00e1 um, a\u00f0 hann v\u00e6ri me\u00f0 r\u00e9ttu postuli Krists og bo\u00f0skapur hans sannur (1.6-9). Hann haf\u00f0i \u00e1\u00f0ur komi\u00f0 til \u00feeirra og bo\u00f0a\u00f0 \u00feeim fagna\u00f0arerindi\u00f0 (1.7,8). \u00cd br\u00e9finu er hann gramur yfir \u00fev\u00ed a\u00f0 a\u00f0v\u00edfandi pers\u00f3nur hafa haldi\u00f0 \u00fev\u00ed a\u00f0 s\u00f6fnu\u00f0unum \u00ed Galat\u00edu, a\u00f0 nau\u00f0synlegt s\u00e9 a\u00f0 hl\u00fd\u00f0a l\u00f6gm\u00e1li M\u00f3se til \u00feess a\u00f0 kallast r\u00e9tt Gu\u00f0s barn. \u00deessir falskennarar h\u00e9ldu \u00fev\u00ed fram a\u00f0 \u00feeir f\u00e6ru a\u00f0 d\u00e6mi lei\u00f0toga hinna kristnu \u00ed Jer\u00fasalem, meira a\u00f0 segja Jakobs, br\u00f3\u00f0ur Jes\u00fa (1.19). P\u00e1ll segir Galatam\u00f6nnum, a\u00f0 postularnir \u00ed Jer\u00fasalem taki sig gildan sem postula. \u00deeir s\u00e9u honum og samm\u00e1la um \u00fea\u00f0, a\u00f0 hei\u00f0ingjar (\u00feeir, sem ekki voru Gy\u00f0ingar) geti vel heyrt til Gu\u00f0s l\u00fd\u00f0 \u00e1n \u00feess a\u00f0 hl\u00fd\u00f0a l\u00f6gm\u00e1li M\u00f3se og erfikenningum Gy\u00f0inga.<\/p>\n<h3>Hvernig var \u00e1statt \u00ed Galatalandi, \u00feegar br\u00e9fi\u00f0 var skrifa\u00f0?<\/h3>\n<p>Galataland, e\u00f0a Galat\u00eda, nefndist h\u00e9ra\u00f0 \u00ed nor\u00f0urhluta Litlu-As\u00edu mi\u00f0jum (n\u00fana Tyrkland). Margir \u00edb\u00faanna voru afkomendur Galla e\u00f0a Kelta, sem settust \u00fearna a\u00f0 \u00e1 3. \u00f6ldinni f. Kr. \u00c1 d\u00f6gum P\u00e1ls r\u00e9\u00f0u R\u00f3mverjar landinu og gaf \u00c1g\u00fastus keisari \u00fev\u00ed nafni\u00f0 Galataland \u00e1ri\u00f0 25. f. Kr. Ekki er fulllj\u00f3st, hvar e\u00f0a hven\u00e6r P\u00e1ll postuli skrifa\u00f0i Galatabr\u00e9fi\u00f0.<\/p>\n<h3>Efnisskipan br\u00e9fsins<\/h3>\n<p>Br\u00e9fi\u00f0 hefst \u00e1 heilsun (1.1-4) og l\u00fdkur me\u00f0 stuttri kve\u00f0ju (6.18). Meginefni \u00feess er andm\u00e6li P\u00e1ls gegn villukenningum \u00feeirra, sem bo\u00f0u\u00f0u &#8222;annars konar fangna\u00f0arerindi.&#8220; \u00de\u00e1 heldur hann og uppi v\u00f6rnum fyrir sig og bo\u00f0skap sinn um Jes\u00fa Krist. Efnisyfirlit br\u00e9fsins:<\/p>\n<ul>\n<li><strong>P\u00e1ll \u00e1r\u00e9ttar postulad\u00f3m sinn og kenningu (1.2)<\/strong><\/li>\n<li><strong>\u00deeir sem tr\u00faa \u00e1 Krist eru Gu\u00f0s b\u00f6rn (3.4)<\/strong><\/li>\n<li><strong>Kristur veitir frelsi. Heilagur andi lei\u00f0ir \u00e1 r\u00e9ttan veg (5.1-6.10)<\/strong><\/li>\n<li><strong>Lokaor\u00f0 (6.11-18)<\/strong><\/li>\n<\/ul>\n<p><strong>\u00a0<\/strong><\/p>\n","protected":false},"excerpt":{"rendered":"<p>Tr\u00fa manna segir miki\u00f0 um \u00fea\u00f0, hverjir \u00feeir eru. Lesum <a href=\"https:\/\/biblian.is\/fraedsla\/ritskyring\/galatabrefid-inngangur\/\"> [&#8230;]<\/a><\/p>\n","protected":false},"author":1,"featured_media":0,"parent":4829,"menu_order":0,"comment_status":"closed","ping_status":"closed","template":"","meta":{"footnotes":""},"class_list":["post-5270","page","type-page","status-publish","hentry"],"_links":{"self":[{"href":"https:\/\/biblian.is\/fraedsla\/wp-json\/wp\/v2\/pages\/5270","targetHints":{"allow":["GET"]}}],"collection":[{"href":"https:\/\/biblian.is\/fraedsla\/wp-json\/wp\/v2\/pages"}],"about":[{"href":"https:\/\/biblian.is\/fraedsla\/wp-json\/wp\/v2\/types\/page"}],"author":[{"embeddable":true,"href":"https:\/\/biblian.is\/fraedsla\/wp-json\/wp\/v2\/users\/1"}],"replies":[{"embeddable":true,"href":"https:\/\/biblian.is\/fraedsla\/wp-json\/wp\/v2\/comments?post=5270"}],"version-history":[{"count":0,"href":"https:\/\/biblian.is\/fraedsla\/wp-json\/wp\/v2\/pages\/5270\/revisions"}],"up":[{"embeddable":true,"href":"https:\/\/biblian.is\/fraedsla\/wp-json\/wp\/v2\/pages\/4829"}],"wp:attachment":[{"href":"https:\/\/biblian.is\/fraedsla\/wp-json\/wp\/v2\/media?parent=5270"}],"curies":[{"name":"wp","href":"https:\/\/api.w.org\/{rel}","templated":true}]}}