{"id":5262,"date":"2019-04-22T17:53:22","date_gmt":"2019-04-22T17:53:22","guid":{"rendered":"https:\/\/biblian.is\/fraedsla\/?page_id=5262"},"modified":"2026-04-17T13:01:05","modified_gmt":"2026-04-17T13:01:05","slug":"forn-kristin-takn","status":"publish","type":"page","link":"https:\/\/biblian.is\/fraedsla\/ordtakasafn\/forn-kristin-takn\/","title":{"rendered":"Forn kristin t\u00e1kn"},"content":{"rendered":"<p>Krossinn er ekki elsta t\u00e1kn kristinna manna. Hinir fyrstu kristnu menn breiddu \u00fat fagna\u00f0arerindi\u00f0 um Jes\u00fa me\u00f0 \u00fev\u00ed a\u00f0 endursegja s\u00f6gurnar sem \u00feeir h\u00f6f\u00f0u heyrt af v\u00f6rum postula hans. M\u00f6rg hin elstu t\u00e1kn kristin sk\u00edrskota til \u00feessara fr\u00e1sagna: Brau\u00f0in og fiskarnir v\u00edsa til kraftaverksins, \u00feegar Jes\u00fas metta\u00f0i fimm \u00fe\u00fasundirnar (Mrk 6.30-44); Jes\u00fas er &#8222;g\u00f3\u00f0i hir\u00f0irinn,&#8220; sem g\u00e6tir sau\u00f0a sinna (J\u00f3h 10.7-21); Jes\u00fas er &#8222;hinn sanni v\u00ednvi\u00f0ur,&#8220; sem l\u00e6risveinar hans bera mikinn \u00e1v\u00f6xt (J\u00f3h 15.1-17). V\u00ednvi\u00f0urinn minnti l\u00edka kristna menn \u00e1 veigarnar, sem neytt er vi\u00f0 kv\u00f6ldm\u00e1lt\u00ed\u00f0arsakramenti \u00feeirra (m\u00e1lt\u00ed\u00f0 Drottins, sj\u00e1 I Kor 11.23-26). \u00d6nnur algeng t\u00e1kn s\u00fdndu manneskju, sem f\u00f3rnar h\u00f6ndum \u00ed b\u00e6n, og akkeri (ef til vill \u00edmynd \u00f6ryggis og g\u00f3\u00f0rar vonar). Anna\u00f0 t\u00e1kn, kannski undanfari krossins, samanst\u00f3\u00f0 af gr\u00edsku b\u00f3kst\u00f6funum Chi (sem er eins og X) og Rho (sem er eins og P). \u00deetta eru fyrstu stafirnir \u00ed nafninu &#8222;Kristur.&#8220;<\/p>\n","protected":false},"excerpt":{"rendered":"<p>Krossinn er ekki elsta t\u00e1kn kristinna manna. Hinir fyrstu kristnu <a href=\"https:\/\/biblian.is\/fraedsla\/ordtakasafn\/forn-kristin-takn\/\"> [&#8230;]<\/a><\/p>\n","protected":false},"author":1,"featured_media":0,"parent":4827,"menu_order":0,"comment_status":"closed","ping_status":"closed","template":"","meta":{"footnotes":""},"class_list":["post-5262","page","type-page","status-publish","hentry"],"_links":{"self":[{"href":"https:\/\/biblian.is\/fraedsla\/wp-json\/wp\/v2\/pages\/5262","targetHints":{"allow":["GET"]}}],"collection":[{"href":"https:\/\/biblian.is\/fraedsla\/wp-json\/wp\/v2\/pages"}],"about":[{"href":"https:\/\/biblian.is\/fraedsla\/wp-json\/wp\/v2\/types\/page"}],"author":[{"embeddable":true,"href":"https:\/\/biblian.is\/fraedsla\/wp-json\/wp\/v2\/users\/1"}],"replies":[{"embeddable":true,"href":"https:\/\/biblian.is\/fraedsla\/wp-json\/wp\/v2\/comments?post=5262"}],"version-history":[{"count":0,"href":"https:\/\/biblian.is\/fraedsla\/wp-json\/wp\/v2\/pages\/5262\/revisions"}],"up":[{"embeddable":true,"href":"https:\/\/biblian.is\/fraedsla\/wp-json\/wp\/v2\/pages\/4827"}],"wp:attachment":[{"href":"https:\/\/biblian.is\/fraedsla\/wp-json\/wp\/v2\/media?parent=5262"}],"curies":[{"name":"wp","href":"https:\/\/api.w.org\/{rel}","templated":true}]}}