{"id":5256,"date":"2019-04-22T17:50:20","date_gmt":"2019-04-22T17:50:20","guid":{"rendered":"https:\/\/biblian.is\/fraedsla\/?page_id=5256"},"modified":"2025-06-27T02:08:44","modified_gmt":"2025-06-27T02:08:44","slug":"postulasagan-inngangur","status":"publish","type":"page","link":"https:\/\/biblian.is\/fraedsla\/ritskyring\/postulasagan-inngangur\/","title":{"rendered":"Postulasagan &#8211; Inngangur"},"content":{"rendered":"<p><em>Hva\u00f0 gerir \u00fe\u00fa fyrst af \u00f6llu, \u00feegar \u00fe\u00fa f\u00e6r\u00f0 g\u00f3\u00f0ar fr\u00e9ttir? Hvernig flytur \u00fe\u00fa \u00f6\u00f0rum gle\u00f0ileg t\u00ed\u00f0indi? Lestu Postulas\u00f6guna, sem segir fr\u00e1 \u00fev\u00ed er fagna\u00f0arerindi\u00f0 um Jes\u00fa breiddist \u00fat um heiminn!<\/em><\/p>\n<h3>Hver eru s\u00e9rkenni Postulas\u00f6gunnar?<\/h3>\n<p>Postulasagan er seinna bindi ritverks eftir h\u00f6fund L\u00fakasargu\u00f0spjalls. \u00cd gu\u00f0spjalli s\u00ednu segir L\u00fakas fr\u00e1 \u00f6llu &#8222;sem Jes\u00fas ger\u00f0i og kenndi fr\u00e1 upphafi, allt til \u00feess dags er hann var\u00f0 upp numinn&#8220; (Post 1.1,2). Og einmitt \u00fear hefst Postulasagan. Jes\u00fas er \u00ed \u00feann veginn a\u00f0 st\u00edga upp til himins, en \u00e1\u00f0ur segir hann vi\u00f0 l\u00e6risveina s\u00edna: &#8222;\u00de\u00e9r munu\u00f0 ver\u00f0a vottar m\u00ednir \u00ed Jer\u00fasalem og allri J\u00fadeu, \u00ed Samar\u00edu og allt til endimarka jar\u00f0arinnar.&#8220; Jafnframt heitir hann \u00fev\u00ed a\u00f0 \u00feeir muni \u00f6\u00f0last kraft er heilagur andi kemur yfir \u00fe\u00e1 (1.8).<\/p>\n<h3>Til hvers var Postulasagan skrifu\u00f0?<\/h3>\n<p><strong>\u00a0<\/strong>H\u00f6fundi Postulas\u00f6gunnar var \u00ed mun a\u00f0 s\u00fdna fram \u00e1, a\u00f0 ekkert g\u00e6ti komi\u00f0 \u00ed veg fyrir \u00fea\u00f0 a\u00f0 fagna\u00f0arerindi\u00f0 um Jes\u00fa n\u00e6\u00f0i a\u00f0 brei\u00f0ast \u00fat um heim allan. \u00dear me\u00f0 er \u00fe\u00f3 ekki allt sagt. Postulasagan hermir jafnframt fr\u00e1 \u00fev\u00ed er deilt var um \u00fea\u00f0 innan frumkirkjunnar hverjir m\u00e6ttu telja sig til Gu\u00f0s l\u00fd\u00f0s. \u00dear e\u00f0 fyrstu l\u00e6risveinar Jes\u00fa voru Gy\u00f0ingar, litu margir \u00feeirra svo \u00e1, a\u00f0 fagna\u00f0arerindi\u00f0 v\u00e6ri handa Gy\u00f0ingum einum. En fyrir tilverkna\u00f0 Heilags anda var\u00f0 \u00feeim sm\u00e1m saman lj\u00f3st, a\u00f0 bo\u00f0skapur Jes\u00fa var \u00e6tla\u00f0ur \u00f6llum m\u00f6nnum og \u00fej\u00f3\u00f0um. \u00cd 15. kap\u00edtula Postulas\u00f6gunnar segir fr\u00e1 merkilegum fundi \u00ed Jer\u00fasalem, \u00fear sem lei\u00f0togar frumkirkjunnar sam\u00feykktu a\u00f0 hei\u00f0ingjum og Gy\u00f0ingum skyldi bo\u00f0a\u00f0 fagna\u00f0arerindi\u00f0 um Jes\u00fa jafnt.<\/p>\n<h3>Hvert er meginefni Postulas\u00f6gunnar?<\/h3>\n<p>St\u00edll h\u00f6fundur L\u00fakasargu\u00f0spjalls og Postulas\u00f6gunnar er hinn sami og sagnaritara og r\u00e6\u00f0umanna samt\u00edmans. Hann er gagnkunnugur s\u00f6gusvi\u00f0inu og \u00fev\u00ed f\u00f3lki sem postularnir kynntust \u00e1 fer\u00f0um s\u00ednum. Hann kann og a\u00f0 segja fr\u00e1 kraftaverkum, sem \u00feeir unnu \u00ed nafni Jes\u00fa.<\/p>\n<p>\u00cd Postulas\u00f6gunni hermir fr\u00e1 manni a\u00f0 nafni S\u00e1l (P\u00e1ll). Hann var r\u00e9tttr\u00faa\u00f0ur Gy\u00f0ingur og haf\u00f0i lagt sig \u00ed framkr\u00f3ka um a\u00f0 gera a\u00f0 engu hreyfingu \u00feeirra er fylgdu Jes\u00fa a\u00f0 m\u00e1lum (Post 8.1-3; 9.1-2). Eitt sinn er hann var \u00e1 fer\u00f0 \u00ed \u00feeim erindager\u00f0um a\u00f0 handtaka nokkra af l\u00e6risveinunum, birtist Jes\u00fas honum \u00ed s\u00fdn. \u00deetta gj\u00f6rbreytti l\u00edfi hans \u00f6llu. Hann var\u00f0 sj\u00e1lfur l\u00e6risveinn og mestur allra mikilla pr\u00e9dikara fagna\u00f0arerindisins. Megni\u00f0 af s\u00ed\u00f0ari hluta Postulas\u00f6gunnar fjallar um starf pr\u00e9dikarans P\u00e1ls. \u00dear er greint fr\u00e1 fer\u00f0um hans um l\u00f6ndin kringum Mi\u00f0jar\u00f0arhafi\u00f0 austan- og nor\u00f0anvert. Hann flutti bo\u00f0skap Jes\u00fa alla lei\u00f0 til R\u00f3maborgar, sem var mest borga \u00ed \u00feennan t\u00edma (28.16-31). Tv\u00f6 landakort s\u00fdna \u00feann v\u00ed\u00f0\u00e1ttumikla heimshluta, \u00fear sem P\u00e1ll, samverkamenn hans og fleiri pr\u00e9dikarar bo\u00f0u\u00f0u fagna\u00f0arerindi\u00f0 um Jes\u00fa.<\/p>\n<ul>\n<li><a href=\"https:\/\/biblian.is\/fraedsla\/wp-content\/uploads\/sites\/11\/2019\/04\/006.jpg\">Fyrsta og \u00f6nnur kristnibo\u00f0sfer\u00f0 P\u00e1ls (landakort).<\/a><\/li>\n<li><a href=\"https:\/\/biblian.is\/fraedsla\/wp-content\/uploads\/sites\/11\/2019\/04\/007.jpg\">\u00deri\u00f0ja kristnibo\u00f0sfer\u00f0 P\u00e1ls og fer\u00f0 hans til R\u00f3mar (landakort).<\/a><\/li>\n<\/ul>\n<h3>Efnisyfirlit Postulas\u00f6gunnar<\/h3>\n<p>Bo\u00f0skapurinn um Jes\u00fa breiddist \u00fat fr\u00e1 Jer\u00fasalem til \u00e6 fjarl\u00e6gari sta\u00f0a. H\u00e9r fer \u00e1 eftir yfirlit um efni Postulas\u00f6gunnar. \u00cd henni greinir fr\u00e1 \u00fev\u00ed, a\u00f0 fagna\u00f0arerindi\u00f0 um Jes\u00fa barst fr\u00e1 Jer\u00fasalem og um r\u00f3mverska heimsveldi\u00f0 allt.<\/p>\n<ul>\n<li><strong>L\u00e6risveinar Jes\u00fa \u00f6\u00f0last kraft Heilags anda (1.1-2.47)<\/strong>\n<ul>\n<li>Postularnir b\u00fanir undir kraft Gu\u00f0s, gj\u00f6f Heilags anda (1.1-26)<\/li>\n<li>Gu\u00f0 \u00fathellir anda s\u00ednum (2.1-47)<\/li>\n<\/ul>\n<\/li>\n<li><strong>Frumkirkjan \u00ed Jer\u00fasalem (3.1-8.3)<\/strong>\n<ul>\n<li>P\u00e9tur og J\u00f3hannes (3.1-4.22)<\/li>\n<li>Daglegt l\u00edf fyrstu l\u00e6risveinanna \u00ed Jer\u00fasalem (4.23-5.42)<\/li>\n<li>Lei\u00f0togar hinnar ungu kirkju (6.1-8.3)<\/li>\n<\/ul>\n<\/li>\n<li><strong>Pr\u00e9dikun fagna\u00f0arerindisins \u00ed J\u00fadeu og Samar\u00edu (8.4-9.31)<\/strong>\n<ul>\n<li>Filippus, P\u00e9tur og J\u00f3hannes \u00ed Samar\u00edu (8.4-40)<\/li>\n<li>Drottinn kallar S\u00e1l (9.1-31)<\/li>\n<\/ul>\n<\/li>\n<li><strong>Gle\u00f0ibo\u00f0skapurinn fluttur hei\u00f0ingjunum (9.32-15.35)<\/strong>\n<ul>\n<li>P\u00e9tur pr\u00e9dikar fagna\u00f0arerindi\u00f0 og f\u00e6r a\u00f0 reyna kraft \u00feess (9.32-11.18)<\/li>\n<li>Vaxandi kirkja \u00ed \u00f3lgusj\u00f3 (11.19-12.25)<\/li>\n<li>Kristnibo\u00f0sfer\u00f0ir S\u00e1ls og Barnabasar (13.1-14.28)<\/li>\n<li>Postulafundurinn \u00ed Jer\u00fasalem (15.1-35)<\/li>\n<\/ul>\n<\/li>\n<li><strong>Fagna\u00f0arerindi\u00f0 bo\u00f0a\u00f0 \u00ed Litlu-As\u00edu, Grikklandi og R\u00f3m (15.36-28.31)<\/strong>\n<ul>\n<li>\u00d6nnur kristnibo\u00f0sfer\u00f0 P\u00e1ls (15.36-18.23)<\/li>\n<li>\u00deri\u00f0ja kristnibo\u00f0sfer\u00f0 P\u00e1ls (18.24-21.16)<\/li>\n<li>P\u00e1ll \u00ed Jer\u00fasalem (21.17-23.22)<\/li>\n<li>P\u00e1ll \u00ed Sesareu (23.23-26.32)<\/li>\n<li>P\u00e1ll bo\u00f0ar fagna\u00f0arerindi\u00f0 \u00ed R\u00f3maborg (27.1-28.31)<\/li>\n<\/ul>\n<\/li>\n<\/ul>\n<p><em>Heilagur andi: <\/em>Heilagur andi Gu\u00f0s kemur mj\u00f6g vi\u00f0 s\u00f6gu \u00ed Postulas\u00f6gunni og L\u00fakasargu\u00f0spjalli, en \u00feau rit b\u00e6\u00f0i eru verk sama h\u00f6fundar. M\u00f6rgu undursamlegu veldur Andinn helgi. Hann yfirskyggir Mar\u00edu mey og h\u00fan ver\u00f0ur \u00feungu\u00f0 a\u00f0 barninu Jes\u00fa (L\u00fak 1.35). Hann s\u00fdnir P\u00e1li postula hva\u00f0a borgir hann skuli sni\u00f0ganga e\u00f0a a\u00f0 \u00f6\u00f0rum kosti heims\u00e6kja \u00e1 kristnibo\u00f0sfer\u00f0um s\u00ednum (Post 16.6-8; 20.22). Hann lei\u00f0beinir f\u00f3lki og st\u00fdrir ger\u00f0um \u00feess (L\u00fak 4.1,14; Post 8.29,39). Hann gefur \u00fev\u00ed n\u00e1\u00f0arg\u00e1fur, leggur \u00fev\u00ed or\u00f0 \u00e1 tungu \u00ed pr\u00e9dikuninni og hj\u00e1lpar \u00fev\u00ed aukin heldur a\u00f0 gera sig skiljanlegt \u00e1 framandi tungum\u00e1lum (Post 2.1-11). Heilagur andi bl\u00e9s og postulunum \u00ed brj\u00f3st hugrekki til \u00feess a\u00f0 pr\u00e9dika og l\u00e6kna sj\u00faka. \u00deessi kraftur andans var\u00f0 vaxtarbroddur frumkirkjunnar og styrkur hennar (Post 9.31). <a href=\"https:\/\/biblian.is\/fraedsla\/ordtakasafn\/heilagur-andi\/\">Sj\u00e1 og &#8222;Heilagur andi&#8220; \u00ed or\u00f0takasafni.<\/a><\/p>\n<p>\u00c1 m\u00e1lverkum og altarist\u00f6flum er d\u00fafan oft l\u00e1tin t\u00e1kna heilagan anda, enda herma \u00f6ll gu\u00f0spj\u00f6llin fj\u00f6gur a\u00f0 \u00feegar Jes\u00fas var sk\u00edr\u00f0ur af J\u00f3hannesi hafi andinn stigi\u00f0 &#8222;ni\u00f0ur yfir hann \u00ed l\u00edkamlegri mynd, eins og d\u00fafa&#8220; (L\u00fak 3.22; sj\u00e1 og Matt 3.16; Mrk 1.10; J\u00f3h 1.32).<\/p>\n","protected":false},"excerpt":{"rendered":"<p>Hva\u00f0 gerir \u00fe\u00fa fyrst af \u00f6llu, \u00feegar \u00fe\u00fa f\u00e6r\u00f0 g\u00f3\u00f0ar <a href=\"https:\/\/biblian.is\/fraedsla\/ritskyring\/postulasagan-inngangur\/\"> [&#8230;]<\/a><\/p>\n","protected":false},"author":1,"featured_media":0,"parent":4829,"menu_order":0,"comment_status":"closed","ping_status":"closed","template":"","meta":{"footnotes":""},"class_list":["post-5256","page","type-page","status-publish","hentry"],"_links":{"self":[{"href":"https:\/\/biblian.is\/fraedsla\/wp-json\/wp\/v2\/pages\/5256","targetHints":{"allow":["GET"]}}],"collection":[{"href":"https:\/\/biblian.is\/fraedsla\/wp-json\/wp\/v2\/pages"}],"about":[{"href":"https:\/\/biblian.is\/fraedsla\/wp-json\/wp\/v2\/types\/page"}],"author":[{"embeddable":true,"href":"https:\/\/biblian.is\/fraedsla\/wp-json\/wp\/v2\/users\/1"}],"replies":[{"embeddable":true,"href":"https:\/\/biblian.is\/fraedsla\/wp-json\/wp\/v2\/comments?post=5256"}],"version-history":[{"count":0,"href":"https:\/\/biblian.is\/fraedsla\/wp-json\/wp\/v2\/pages\/5256\/revisions"}],"up":[{"embeddable":true,"href":"https:\/\/biblian.is\/fraedsla\/wp-json\/wp\/v2\/pages\/4829"}],"wp:attachment":[{"href":"https:\/\/biblian.is\/fraedsla\/wp-json\/wp\/v2\/media?parent=5256"}],"curies":[{"name":"wp","href":"https:\/\/api.w.org\/{rel}","templated":true}]}}