{"id":5248,"date":"2019-04-22T17:36:24","date_gmt":"2019-04-22T17:36:24","guid":{"rendered":"https:\/\/biblian.is\/fraedsla\/?page_id=5248"},"modified":"2026-04-17T13:01:05","modified_gmt":"2026-04-17T13:01:05","slug":"fornir-i-musterinu","status":"publish","type":"page","link":"https:\/\/biblian.is\/fraedsla\/ordtakasafn\/fornir-i-musterinu\/","title":{"rendered":"F\u00f3rnir \u00ed musterinu"},"content":{"rendered":"<p>\u00c1 d\u00f6gum Jes\u00fa tilb\u00e1\u00f0u Gy\u00f0ingar Gu\u00f0 \u00ed musterinu \u00ed Jer\u00fasalem og f\u00e6r\u00f0u honum f\u00f3rnir. Um \u00fe\u00e6r m\u00e6lti l\u00f6gm\u00e1l M\u00f3se svo fyrir, a\u00f0 skepnum skyldi sl\u00e1tra\u00f0, en korn og reykelsi brennt. Sumar f\u00f3rnir m\u00e1tti f\u00e6ra hva\u00f0a dag sem var, en a\u00f0rar a\u00f0eins \u00e1 tilteknum d\u00f6gum eins og t.d. hinum mikla degi fyrirgefningarinnar (\u00e1 fri\u00f0\u00fe\u00e6gingardaginn). Sumt f\u00f3rnarkj\u00f6ti\u00f0 \u00ed musterinu var eti\u00f0 af prestunum og a\u00f0sto\u00f0arm\u00f6nnum \u00feeirra.<\/p>\n<p>Ekki einasta komu Gy\u00f0ingar me\u00f0 f\u00f3rnard\u00fdr og brennif\u00f3rnir til fyrirgefningar synda, heldur f\u00e6r\u00f0u \u00feeir og a\u00f0 gj\u00f6f gr\u00e6nmeti, dj\u00e1sn og peninga, prestunum og a\u00f0sto\u00f0arm\u00f6nnum \u00feeirra til uppihalds og til reksturs musterisins. \u00cd M\u00f3sel\u00f6gum var og kve\u00f0i\u00f0 svo \u00e1, a\u00f0 menn skyldu gjalda Drottni t\u00edunda hluta af jar\u00f0argr\u00f3\u00f0a og \u00f6\u00f0rum tekjum s\u00ednum (3.M\u00f3s 27.30-33; 4M\u00f3s 18.21-32). \u00dea\u00f0 var kalla\u00f0 t\u00edund.<\/p>\n<p>\u00dea\u00f0 var tr\u00fa Gy\u00f0inga a\u00f0 Gu\u00f0 v\u00e6ri \u00feeim n\u00e6rri \u00ed hinu allrahelgasta \u00ed musterinu. Dag hvern voru honum f\u00e6r\u00f0ar f\u00f3rnargjafir l\u00edkt og \u00feegar \u00fej\u00f3nar bera fram fyrir h\u00fasb\u00e6ndur s\u00edna mat, gla\u00f0ning og g\u00f3\u00f0a gripi. Ver\u00f0m\u00e6ti gjafanna var undir gefandanum komi\u00f0. \u00deannig f\u00e6r\u00f0u au\u00f0menn d\u00fdrari gjafir en \u00feeir sem f\u00e1t\u00e6kir voru.<\/p>\n<p>Sumar f\u00f3rnir voru f\u00e6r\u00f0ar Gu\u00f0i \u00ed \u00fev\u00ed skyni a\u00f0 gangast vi\u00f0 sekt og bei\u00f0ast fyrirgefningar synda (3M\u00f3s 4.1-6.7; 6.24-30; 7.1-6; 8.14-17; 16.3-22). Til annarra var efnt til \u00feess a\u00f0 tilbi\u00f0ja Gu\u00f0, \u00feakka honum og hei\u00f0ra hann (3M\u00f3s 1-3; 6.8-23; 7.11-34). T\u00f6kum eftir \u00fev\u00ed a\u00f0 Jes\u00fas hr\u00f3sa\u00f0i f\u00e1t\u00e6ku ekkjunni sem gaf aleigu s\u00edna (L\u00fakas 21.1-4) en snupra\u00f0i \u00fe\u00e1 sem l\u00e1ta miki\u00f0 \u00e1 rausnarskap s\u00ednum bera og vanr\u00e6kja um lei\u00f0 \u00fea\u00f0 sem mikilv\u00e6gast er \u00ed l\u00f6gm\u00e1linu, svo sem r\u00e9ttl\u00e6ti, miskunn og tr\u00fafesti (Matt 23.23,24).<\/p>\n","protected":false},"excerpt":{"rendered":"<p>\u00c1 d\u00f6gum Jes\u00fa tilb\u00e1\u00f0u Gy\u00f0ingar Gu\u00f0 \u00ed musterinu \u00ed Jer\u00fasalem <a href=\"https:\/\/biblian.is\/fraedsla\/ordtakasafn\/fornir-i-musterinu\/\"> [&#8230;]<\/a><\/p>\n","protected":false},"author":1,"featured_media":0,"parent":4827,"menu_order":0,"comment_status":"closed","ping_status":"closed","template":"","meta":{"footnotes":""},"class_list":["post-5248","page","type-page","status-publish","hentry"],"_links":{"self":[{"href":"https:\/\/biblian.is\/fraedsla\/wp-json\/wp\/v2\/pages\/5248","targetHints":{"allow":["GET"]}}],"collection":[{"href":"https:\/\/biblian.is\/fraedsla\/wp-json\/wp\/v2\/pages"}],"about":[{"href":"https:\/\/biblian.is\/fraedsla\/wp-json\/wp\/v2\/types\/page"}],"author":[{"embeddable":true,"href":"https:\/\/biblian.is\/fraedsla\/wp-json\/wp\/v2\/users\/1"}],"replies":[{"embeddable":true,"href":"https:\/\/biblian.is\/fraedsla\/wp-json\/wp\/v2\/comments?post=5248"}],"version-history":[{"count":0,"href":"https:\/\/biblian.is\/fraedsla\/wp-json\/wp\/v2\/pages\/5248\/revisions"}],"up":[{"embeddable":true,"href":"https:\/\/biblian.is\/fraedsla\/wp-json\/wp\/v2\/pages\/4827"}],"wp:attachment":[{"href":"https:\/\/biblian.is\/fraedsla\/wp-json\/wp\/v2\/media?parent=5248"}],"curies":[{"name":"wp","href":"https:\/\/api.w.org\/{rel}","templated":true}]}}