{"id":5246,"date":"2019-04-22T17:33:58","date_gmt":"2019-04-22T17:33:58","guid":{"rendered":"https:\/\/biblian.is\/fraedsla\/?page_id=5246"},"modified":"2026-04-17T13:01:14","modified_gmt":"2026-04-17T13:01:14","slug":"lukasargudspjall-7-kafli","status":"publish","type":"page","link":"https:\/\/biblian.is\/fraedsla\/ritskyring\/lukasargudspjall-7-kafli\/","title":{"rendered":"L\u00fakasargu\u00f0spjall 7. kafli"},"content":{"rendered":"<p><strong>7.1\u00a0<\/strong><em>Kaperna\u00fam: <\/em>Sj\u00e1 athugagrein vi\u00f0 4.23.<\/p>\n<p><strong>7.2\u00a0<\/strong><em>Hundra\u00f0sh\u00f6f\u00f0ingi: <\/em>R\u00f3mverskur li\u00f0sforingi, sem \u00fej\u00e1lfa\u00f0i og st\u00fdr\u00f0i sveit hundra\u00f0 hermanna, sem voru rei\u00f0ub\u00fanir a\u00f0 berjast a\u00f0 skipun hans \u2013 og falla. \u00dear sem \u00feessir atbur\u00f0ir \u00e1ttu s\u00e9r sta\u00f0 \u00ed Gal\u00edleu m\u00e1 vera a\u00f0 \u00feessi ma\u00f0ur hafi veri\u00f0 foringi \u00ed herli\u00f0i Her\u00f3desar Ant\u00edpasar.<\/p>\n<p><strong>7.3\u00a0<\/strong><em>\u00f6ldunga Gy\u00f0inga: <\/em>\u00deeir voru l\u00edklega velmetnir Gy\u00f0ingar, en samstarfsmenn r\u00f3mversku valdhafanna \u00ed Kaperna\u00fam.<\/p>\n<p><strong>7.5\u00a0<\/strong><em>hefur reist samkunduna: <\/em>Gr\u00edska or\u00f0i\u00f0 yfir samkunduh\u00fas er &#8222;s\u00fdnag\u00f3ga&#8220; (sj\u00e1 athugagrein vi\u00f0 4.15) Fornleifafr\u00e6\u00f0ingar hafa \u00ed s\u00ed\u00f0ustu \u00e1rum rannsaka\u00f0 r\u00fastir samkundunnar \u00ed Karperna\u00fam. H\u00fan var upphaflega \u00edb\u00fa\u00f0arh\u00fas sem breytt var \u00ed fundasta\u00f0. \u00c1 sama grunni var s\u00ed\u00f0ar byggt fullb\u00fai\u00f0 samkunduh\u00fas. Gy\u00f0ingar h\u00f3fu a\u00f0 reisa sl\u00edk h\u00fas \u00e1 2. \u00f6ldinni e. Kr.<\/p>\n<p><strong>7.11\u00a0<\/strong><em>Nain: <\/em>L\u00edtill b\u00e6r \u00ed Su\u00f0ur-Gal\u00edleu.<\/p>\n<p><strong>7.12\u00a0<\/strong><em>bera \u00fat l\u00e1tinn mann: <\/em>Venjulega b\u00e1ru Gy\u00f0ingar s\u00edna dau\u00f0u til grafar \u00e1 sj\u00e1lfan d\u00e1nardaginn. Fj\u00f6lskylda hins l\u00e1tna r\u00e9\u00f0i oft syrgjendur a\u00f0 \u00fatf\u00f6rinni. Nokkrum klukkustundum \u00e1\u00f0ur en s\u00e1 d\u00e1ni var lag\u00f0ur til hinstu hv\u00edlu byrju\u00f0u fj\u00f6lskylda hans, n\u00e1grannar, venslaf\u00f3lk og \u00feessir atvinnu-syrgjendur a\u00f0 veina og stynja. \u00d3sjaldan bar\u00f0i f\u00f3lki\u00f0 s\u00e9r \u00e1 brj\u00f3st og reif kl\u00e6\u00f0i s\u00edn til \u00feess a\u00f0 tj\u00e1 sorgina. \u00deessu f\u00f3r fram \u00e1 me\u00f0an l\u00edki\u00f0 var bori\u00f0 a\u00f0 gr\u00f6finni. (Sj\u00e1 1M\u00f3s 37.34; 5M\u00f3s 34.8; 1Sam 31.13).<\/p>\n<p><strong>7.14,15\u00a0<\/strong><em>hann&#8230;snart l\u00edkb\u00f6rurnar&#8230;gaf hann m\u00f3\u00f0ur hans: <\/em>Vi\u00f0staddir hafa minnst El\u00eda sp\u00e1manns sem me\u00f0 krafti Gu\u00f0s reisti son ekkju fr\u00e1 dau\u00f0um (1Kon 17.8-24). Gu\u00f0spj\u00f6llin greina fr\u00e1 tveimur \u00f6\u00f0rum sem Jes\u00fas l\u00edfga\u00f0i: d\u00f3ttur Ja\u00edrusar (L\u00fak 8.40-56) og Lasarusi (J\u00f3h 11.38-44).<\/p>\n<p><strong>\u00a07.20\u00a0<\/strong><em>J\u00f3hannes sk\u00edrari: <\/em>Sj\u00e1 athugagrein vi\u00f0 1.13.<\/p>\n<p><strong>\u00a07.22\u00a0<\/strong><em>l\u00edk\u00fer\u00e1ir: <\/em>Sj\u00e1 athugagrein vi\u00f0 4.27.<\/p>\n<p><strong>\u00a07.27 <\/strong><em>\u00c9g sendi sendibo\u00f0a minn: <\/em>J\u00f3hannes er af Gu\u00f0i sendur (2M\u00f3s 23.20; Mal 3.1) til \u00feess a\u00f0 ry\u00f0ja Jes\u00fa braut.<\/p>\n<p><strong>7.29,30\u00a0<\/strong><em>tollheimtumenn&#8230;far\u00edsear og l\u00f6gvitringar: <\/em>Sj\u00e1 athugagreinar vi\u00f0 3.12 (tollheimtumenn) og 5.17 (far\u00edsear og l\u00f6gvitringar). Sj\u00e1 og Matt 21.32; L\u00fak 3.12.<\/p>\n<p><strong>7.32-34 <\/strong><em>b\u00f6rnum sem \u00e1 torgi sitja: <\/em>Jes\u00fas l\u00fdsir sumu af f\u00f3lkinu og lei\u00f0togum \u00feess svo, a\u00f0 \u00fea\u00f0 minni \u00e1 krakka a\u00f0 k\u00fdta. Sumir vilja \u00e6rslaleik en a\u00f0rir heldur herma eftir syrgjendum. Merkingin \u00ed or\u00f0unum er s\u00fa, a\u00f0 \u00fdmsir hafi ekki vilja\u00f0 \u00fe\u00fd\u00f0ast J\u00f3hannes af \u00fev\u00ed a\u00f0 \u00feeim \u00fe\u00f3tti hann of strangur, og ekki fylgja Jes\u00fa af \u00fev\u00ed a\u00f0 \u00feeim fannst hann of linur.<\/p>\n<p><strong>7.35\u00a0<\/strong><em>spekinnar: <\/em>\u00deeir sem bjuggu yfir visku voru \u00ed miklum metum me\u00f0al Gy\u00f0inga. L\u00f6gm\u00e1l Drottins var tali\u00f0 b\u00faa yfir sannri speki (Slm 19.8). H\u00e9r heldur Jes\u00fas \u00fev\u00ed fram, a\u00f0 spekin l\u00fdsi s\u00e9r \u00ed \u00fev\u00ed g\u00f3\u00f0a sem vi\u00f0 gerum fyrir a\u00f0ra. <a href=\"https:\/\/biblian.is\/fraedsla\/ordtakasafn\/spekin\/\">Sj\u00e1 &#8222;Spekin&#8220;.<\/a><\/p>\n<p><strong>7.36\u00a0<\/strong><em>Far\u00edsei: <\/em>Sj\u00e1 athugagrein vi\u00f0 5.17.<\/p>\n<p><strong>7.36\u00a0<\/strong><em>settist til bor\u00f0s: <\/em>Vi\u00f0 s\u00e9rst\u00f6k t\u00e6kif\u00e6ri f\u00f3ru Gy\u00f0ingar a\u00f0 si\u00f0 Grikkja og R\u00f3mverja og l\u00e1gu til bor\u00f0s \u00e1 vinstri hli\u00f0 og bor\u00f0u\u00f0u me\u00f0 h\u00e6gri hendi. Jes\u00fas var hugsanlega \u00ed \u00feessum stellingum \u00feegar konan v\u00e6tti f\u00e6tur hans me\u00f0 t\u00e1rum s\u00ednum (7.38).<\/p>\n<p><strong>7.37\u00a0<\/strong><em>alabastursbu\u00f0k me\u00f0 smyrslum: <\/em>Alabastur er gl\u00e6rt afbrig\u00f0i af gifsi.<\/p>\n<p><strong>7.39\u00a0<\/strong><em>hv\u00edl\u00edk s\u00fa kona er sem snertir hann: <\/em>Ekki er lj\u00f3st hva\u00f0 far\u00edseinn haf\u00f0i \u00e1 m\u00f3ti konunni. Samkv\u00e6mt l\u00f6gum Gy\u00f0inga var\u00f0 s\u00e1 \u00f3hreinn sem snerti syndara og m\u00e1tti una \u00fev\u00ed a\u00f0 ver\u00f0a \u00fatsk\u00fafa\u00f0ur fr\u00e1 mannf\u00e9laginu. S\u00edmon var far\u00edsei og reyndi \u00ed lengstu l\u00f6g \u00e1 komast hj\u00e1 \u00fev\u00ed a\u00f0 komast \u00ed snertingu vi\u00f0 nokkurn \u00feann sem g\u00e6ti \u00f3hreinka\u00f0 hann. Hann fur\u00f0a\u00f0i sig \u00feess vegna \u00e1 \u00fev\u00ed a\u00f0 Jes\u00fas skyldi leyfa konunni a\u00f0 koma vi\u00f0 sig.<\/p>\n<p><strong>7.41\u00a0<\/strong><em>skuldugir: <\/em><a href=\"https:\/\/biblian.is\/fraedsla\/ordtakasafn\/vixlararnir-i-musterinu\/\">Sj\u00e1 &#8222;V\u00edxlararnir \u00ed musterinu&#8220;.<\/a><\/p>\n<p><strong>7.41\u00a0<\/strong><em>denara: <\/em>Einn denar jafngilti daglaunum verkamanns (sj\u00e1 Matt 20.9).<\/p>\n<p><strong>7.44-46\u00a0<\/strong><em>v\u00e6tti f\u00e6tur m\u00edna&#8230;Ekki gafst \u00fe\u00fa m\u00e9r koss&#8230;Ekki smur\u00f0ir \u00fe\u00fa h\u00f6fu\u00f0 mitt: <\/em>Gy\u00f0ingar h\u00f6f\u00f0u gestrisni \u00ed h\u00e1vegum. \u00cd henni f\u00f3lst me\u00f0al annars a\u00f0 bj\u00f3\u00f0a fram vatn til \u00feess a\u00f0 komuma\u00f0ur g\u00e6ti \u00fevegi\u00f0 s\u00e9r um f\u00e6turna, \u00fev\u00ed a\u00f0 flestir gengu berf\u00e6ttir e\u00f0a voru a\u00f0 \u00f6\u00f0rum kosti \u00ed ilsk\u00f3m (bandask\u00f3m). \u00de\u00e1 var heilsa\u00f0 me\u00f0 kossi \u00e1 vangann og oft var ol\u00edfu-ol\u00edu hellt \u00e1 h\u00f6fu\u00f0 gestinum.<\/p>\n<p><strong>7.50\u00a0<\/strong><em>frelsa\u00f0: <\/em>E\u00f0a &#8222;l\u00e6kna\u00f0.&#8220; Gr\u00edska or\u00f0i\u00f0 getur merkt hvort tveggja.<\/p>\n","protected":false},"excerpt":{"rendered":"<p>7.1\u00a0Kaperna\u00fam: Sj\u00e1 athugagrein vi\u00f0 4.23. 7.2\u00a0Hundra\u00f0sh\u00f6f\u00f0ingi: R\u00f3mverskur li\u00f0sforingi, sem \u00fej\u00e1lfa\u00f0i <a href=\"https:\/\/biblian.is\/fraedsla\/ritskyring\/lukasargudspjall-7-kafli\/\"> [&#8230;]<\/a><\/p>\n","protected":false},"author":1,"featured_media":0,"parent":4829,"menu_order":0,"comment_status":"closed","ping_status":"closed","template":"","meta":{"footnotes":""},"class_list":["post-5246","page","type-page","status-publish","hentry"],"_links":{"self":[{"href":"https:\/\/biblian.is\/fraedsla\/wp-json\/wp\/v2\/pages\/5246","targetHints":{"allow":["GET"]}}],"collection":[{"href":"https:\/\/biblian.is\/fraedsla\/wp-json\/wp\/v2\/pages"}],"about":[{"href":"https:\/\/biblian.is\/fraedsla\/wp-json\/wp\/v2\/types\/page"}],"author":[{"embeddable":true,"href":"https:\/\/biblian.is\/fraedsla\/wp-json\/wp\/v2\/users\/1"}],"replies":[{"embeddable":true,"href":"https:\/\/biblian.is\/fraedsla\/wp-json\/wp\/v2\/comments?post=5246"}],"version-history":[{"count":0,"href":"https:\/\/biblian.is\/fraedsla\/wp-json\/wp\/v2\/pages\/5246\/revisions"}],"up":[{"embeddable":true,"href":"https:\/\/biblian.is\/fraedsla\/wp-json\/wp\/v2\/pages\/4829"}],"wp:attachment":[{"href":"https:\/\/biblian.is\/fraedsla\/wp-json\/wp\/v2\/media?parent=5246"}],"curies":[{"name":"wp","href":"https:\/\/api.w.org\/{rel}","templated":true}]}}