{"id":5240,"date":"2019-04-22T17:25:14","date_gmt":"2019-04-22T17:25:14","guid":{"rendered":"https:\/\/biblian.is\/fraedsla\/?page_id=5240"},"modified":"2022-12-16T13:59:05","modified_gmt":"2022-12-16T13:59:05","slug":"lukasargudspjall-4-kafli","status":"publish","type":"page","link":"https:\/\/biblian.is\/fraedsla\/ritskyring\/lukasargudspjall-4-kafli\/","title":{"rendered":"L\u00fakasargu\u00f0spjall 4. kafli"},"content":{"rendered":"<p><strong>4.1 <\/strong><em>J\u00f3rdan&#8230;ey\u00f0im\u00f6rkinni: <\/em>\u00d3bygg\u00f0ir J\u00fadeu l\u00e1gu r\u00fama 30 k\u00edl\u00f3metra \u00ed austur fr\u00e1 fjalllendinu umhverfis Jer\u00fasalem og ni\u00f0ur a\u00f0 \u00e1nni J\u00f3rdan og Dau\u00f0ahafinu.<\/p>\n<p><strong>4.1\u00a0<\/strong><em>fj\u00f6rut\u00edu daga: <\/em>Dagarnir fj\u00f6rut\u00edu og n\u00e6turnar sem Jes\u00fas dvaldi \u00ed ey\u00f0im\u00f6rkinni koma n\u00e1kv\u00e6mlega heim vi\u00f0 \u00feann t\u00edma sem M\u00f3ses (2M\u00f3s 24.18; 34.28) og El\u00eda (1Kon 19.8) v\u00f6r\u00f0u til \u00feess a\u00f0 undirb\u00faa starf sitt me\u00f0al Gu\u00f0s l\u00fd\u00f0s. <a href=\"https:\/\/biblian.is\/fraedsla\/ordtakasafn\/tolur-i-bibliunni\/\">Sj\u00e1 og &#8222;T\u00f6lur \u00ed Bibl\u00edunni&#8220;.<\/a><\/p>\n<p><strong>4.2\u00a0<\/strong><em>Ekki neytti hann neins: <\/em>Sj\u00e1 athugagrein vi\u00f0 2.37.<\/p>\n<p><strong>4.3\u00a0<\/strong><em>dj\u00f6fullinn:<\/em>\u00c1 d\u00f6gum Jes\u00fa t\u00f6ldu menn a\u00f0 dj\u00f6fullinn (Satan) v\u00e6ri h\u00f6f\u00f0ingi afla, sem v\u00e6ru fjandsamleg Gu\u00f0i og Gu\u00f0s l\u00fd\u00f0.<\/p>\n<p><strong>4.14\u00a0<\/strong><em>Gal\u00edleu:<\/em>Heimah\u00e9ra\u00f0 Jes\u00fa. Sj\u00e1 athugagrein vi\u00f0 1.26.<\/p>\n<p><strong>4.14\u00a0<\/strong><em>krafti andans: <\/em>Sj\u00e1 <a href=\"https:\/\/biblian.is\/fraedsla\/ordtakasafn\/heilagur-andi\/\">Heilagur andi<\/a>. \u00cd L\u00fakasargu\u00f0spjalli er \u00feess oft geti\u00f0 a\u00f0 b\u00e6\u00f0i Jes\u00fas og a\u00f0rir fyllist krafti anda Gu\u00f0s.<\/p>\n<p><strong>4.15\u00a0<\/strong><em>samkundum:<\/em>Gr\u00edska or\u00f0i\u00f0 er &#8222;s\u00fdnag\u00f3ga&#8220;, sem \u00fe\u00fd\u00f0ir &#8222;a\u00f0 koma saman.&#8220; <a href=\"https:\/\/biblian.is\/fraedsla\/ordtakasafn\/samkundurnar\/\">Sj\u00e1 og &#8222;Samkundurnar&#8220;.<\/a><\/p>\n<p><strong>4.16\u00a0<\/strong><em>Nasaret: <\/em>Sj\u00e1 athugagrein vi\u00f0 1.26.<\/p>\n<p><strong>4.16\u00a0<\/strong><em>hv\u00edldardegi: <\/em>Sj\u00f6undi dagur vikunnar (laugardagur) er hv\u00edldardagur Gy\u00f0inga. \u00c1 \u00feeim degi hv\u00edldist Gu\u00f0 eftir a\u00f0 hann haf\u00f0i skapa\u00f0 heiminn (1M\u00f3s 2.2,3).<\/p>\n<p><strong>4.16\u00a0<\/strong><em>til a\u00f0 lesa: <\/em>H\u00e9r les Jes\u00fas upp \u00far helgiritum Gy\u00f0inga, sem kristnir menn nefna Gamla testamenti.<\/p>\n<p><strong>4.17\u00a0<\/strong><em>b\u00f3k Jesaja sp\u00e1manns: <\/em>Jesaja var sp\u00e1ma\u00f0ur \u00ed J\u00fadeu \u00ed kringum 740 til 701 f. Kr.<\/p>\n<p><strong>4.20\u00a0<\/strong><em>b\u00f3kinni: <\/em>Helgirit Gy\u00f0ingar voru skrifu\u00f0 \u00e1 svonefndar b\u00f3krollur \u00far pap\u00fdrusi e\u00f0a pergamenti (b\u00f3kfell, unni\u00f0 \u00far kinda- e\u00f0a geitaskinni), \u00feau voru \u00fev\u00ed lengjur, er vaf\u00f0ar voru upp \u00e1 kefli.<\/p>\n<p><strong>4.23\u00a0<\/strong><em>Kaperna\u00fam: <\/em>Fiski\u00feorp vi\u00f0 Gal\u00edleuvatni\u00f0 nor\u00f0anvert, \u00fear sem l\u00e1 fj\u00f6lfarin verslunarlei\u00f0 milli Egyptalands og S\u00fdrlands. \u00cd samt\u00edma Jes\u00fa var Kaperna\u00fam b\u00e6kist\u00f6\u00f0 r\u00f3mverskra hermanna sem litu eftir innheimtu skatta. Jes\u00fas flutti fr\u00e1 Nasaret til Kaperna\u00fam \u00feegar hann var or\u00f0inn uppkominn.<\/p>\n<p><strong>4.25-27\u00a0<\/strong><em>margar voru ekkjur&#8230;Naaman: <\/em>Sj\u00e1 1Kon 17.1-15 og 2Kon 5.1-14. B\u00e6\u00f0i ekkjan \u00ed Sarepta og Naaman S\u00fdrlendingur voru hei\u00f0ingjar. Jes\u00fas rifjar \u00feetta upp til \u00feess a\u00f0 sanna, a\u00f0 Gu\u00f0i er annt um alla menn.<\/p>\n<p><strong>4.27\u00a0<\/strong><em>l\u00edk\u00fer\u00e1ir:<\/em>Or\u00f0i\u00f0 &#8222;l\u00edk\u00fer\u00e1&#8220; var nota\u00f0 um h\u00fa\u00f0sj\u00fakd\u00f3ma af \u00fdmsu tagi. Samkv\u00e6mt 3M\u00f3s 13 og 14 er ma\u00f0ur haldinn einhverjum \u00feessara sj\u00fakd\u00f3ma talinn \u00f3hreinn og af \u00feeim s\u00f6kum \u00fatiloka\u00f0ur fr\u00e1 helgihaldinu. S\u00e1 sem snerti sj\u00faklinginn var\u00f0 og \u00f3hreinn og \u00feurfti a\u00f0 gangast undir s\u00e9rstaka hreinsunarath\u00f6fn til \u00feess a\u00f0 mega teljast til safna\u00f0arins aftur. <a href=\"https:\/\/biblian.is\/fraedsla\/ordtakasafn\/hreinsanir-hreint-og-ohreint\/\">Sj\u00e1 og &#8222;Hreinsanir (hreint og \u00f3hreint)&#8220;.<\/a><\/p>\n<p><strong>4.33\u00a0<\/strong><em>samkunduh\u00fasinu:<\/em>Sj\u00e1 athugagrein vi\u00f0 4.15.<\/p>\n<p><strong>4.33-35\u00a0<\/strong><em>\u00f3hreinum, illum anda: <\/em>\u00d3hreinir andar voru taldir vera \u00ed \u00fej\u00f3nustu Satans. \u00c1 d\u00f6gum Jes\u00fa \u00e1litu menn a\u00f0 sl\u00edkir andar yllu sj\u00fakd\u00f3mum og ge\u00f0truflunum. \u00deessi bar kennsl \u00e1 Jes\u00fa og kalla\u00f0i hann &#8222;hinn heilaga Gu\u00f0s.&#8220; <a href=\"https:\/\/biblian.is\/fraedsla\/samtidarsaga-bibliunnar\/kraftaverk-tofrar-og-laeknisdomar\/\">Sj\u00e1 og greinina &#8222;Kraftaverk, t\u00f6frar og l\u00e6knisd\u00f3mar&#8220;.<\/a><\/p>\n<p><strong>4.38\u00a0<\/strong><em>h\u00fas S\u00edmonar: <\/em>S\u00edmon, sem l\u00edka g\u00e9kk undir nafninu P\u00e9tur, var einn hinna fyrstu l\u00e6risveina Jes\u00fa (5.3-10), s\u00ed\u00f0ar postuli.<\/p>\n<p><strong>4.41\u00a0<\/strong><em>sonur Gu\u00f0s: <\/em><a href=\"https:\/\/biblian.is\/fraedsla\/ordtakasafn\/guds-sonur\/\">Sj\u00e1 &#8222;Sonur Gu\u00f0s&#8220;.<\/a><\/p>\n<p><strong>4.41\u00a0<\/strong><em>Kristur: <\/em>Sj\u00e1 athugagreinar vi\u00f0 2.11 og 3.15.<\/p>\n<p><strong>4.43\u00a0<\/strong><em>fagna\u00f0arerindi\u00f0 um Gu\u00f0s r\u00edki: <\/em>\u00cd L\u00fak 4.18,19 sk\u00fdrir Jes\u00fas fr\u00e1 \u00fev\u00ed fyrst, hvers vegna hann er af Gu\u00f0i sendur. \u00deetta eru &#8222;g\u00f3\u00f0u fr\u00e9ttirnar.&#8220; Gu\u00f0s r\u00edki er \u00fear sem menn hl\u00fd\u00f0a vilja Gu\u00f0s me\u00f0 \u00fev\u00ed a\u00f0 \u00fej\u00f3na \u00f6\u00f0rum og flytja fagna\u00f0arerindi\u00f0.<\/p>\n<p><strong>4.44\u00a0<\/strong><em>J\u00fadeu: <\/em>Gr\u00edska nafni\u00f0 \u00e1 su\u00f0urhluta Palest\u00ednu, sem \u00e1\u00f0ur h\u00e9t J\u00fada. \u00c1 d\u00f6gum Jes\u00fa skiptist Palest\u00edna \u00ed \u00ferj\u00fa h\u00e9ru\u00f0, J\u00fadeu, Samar\u00edu og Gal\u00edleu. H\u00f6fu\u00f0borgin og mi\u00f0st\u00f6\u00f0 gu\u00f0sd\u00fdrkunar Gy\u00f0inga var Jer\u00fasalem \u00ed J\u00fadeu.<\/p>\n<p>&nbsp;<\/p>\n","protected":false},"excerpt":{"rendered":"<p>4.1 J\u00f3rdan&#8230;ey\u00f0im\u00f6rkinni: \u00d3bygg\u00f0ir J\u00fadeu l\u00e1gu r\u00fama 30 k\u00edl\u00f3metra \u00ed austur <a href=\"https:\/\/biblian.is\/fraedsla\/ritskyring\/lukasargudspjall-4-kafli\/\"> [&#8230;]<\/a><\/p>\n","protected":false},"author":1,"featured_media":0,"parent":4829,"menu_order":0,"comment_status":"closed","ping_status":"closed","template":"","meta":{"footnotes":""},"class_list":["post-5240","page","type-page","status-publish","hentry"],"_links":{"self":[{"href":"https:\/\/biblian.is\/fraedsla\/wp-json\/wp\/v2\/pages\/5240","targetHints":{"allow":["GET"]}}],"collection":[{"href":"https:\/\/biblian.is\/fraedsla\/wp-json\/wp\/v2\/pages"}],"about":[{"href":"https:\/\/biblian.is\/fraedsla\/wp-json\/wp\/v2\/types\/page"}],"author":[{"embeddable":true,"href":"https:\/\/biblian.is\/fraedsla\/wp-json\/wp\/v2\/users\/1"}],"replies":[{"embeddable":true,"href":"https:\/\/biblian.is\/fraedsla\/wp-json\/wp\/v2\/comments?post=5240"}],"version-history":[{"count":0,"href":"https:\/\/biblian.is\/fraedsla\/wp-json\/wp\/v2\/pages\/5240\/revisions"}],"up":[{"embeddable":true,"href":"https:\/\/biblian.is\/fraedsla\/wp-json\/wp\/v2\/pages\/4829"}],"wp:attachment":[{"href":"https:\/\/biblian.is\/fraedsla\/wp-json\/wp\/v2\/media?parent=5240"}],"curies":[{"name":"wp","href":"https:\/\/api.w.org\/{rel}","templated":true}]}}