{"id":5238,"date":"2019-04-22T17:21:08","date_gmt":"2019-04-22T17:21:08","guid":{"rendered":"https:\/\/biblian.is\/fraedsla\/?page_id=5238"},"modified":"2022-12-16T13:59:05","modified_gmt":"2022-12-16T13:59:05","slug":"lukasargudspjall-3-kafli","status":"publish","type":"page","link":"https:\/\/biblian.is\/fraedsla\/ritskyring\/lukasargudspjall-3-kafli\/","title":{"rendered":"L\u00fakasargu\u00f0spjall 3. kafli"},"content":{"rendered":"<p><strong>3.1,2\u00a0<\/strong><em>T\u00edber\u00edusar&#8230;Annasar og Ka\u00edfasar: <\/em>T\u00edber\u00edus Kl\u00e1d\u00edus Sesar var keisari \u00ed R\u00f3m fr\u00e1 14-37 e. Kr. Fimmt\u00e1nda stj\u00f3rnar\u00e1r hans hefur \u00fev\u00ed veri\u00f0 \u00e1ri\u00f0 29. T\u00edber\u00edus skipa\u00f0i Pont\u00edus P\u00edlatus landstj\u00f3ra \u00ed J\u00fadeu. P\u00edlatus gegndi \u00fev\u00ed emb\u00e6tti um 10 \u00e1ra bil, fr\u00e1 26-36 e. Kr.<\/p>\n<p>S\u00e1 Her\u00f3desinn sem var fj\u00f3r\u00f0ungsstj\u00f3ri \u00ed Gal\u00edleu \u00e1 \u00feessum \u00e1rum var Her\u00f3des Ant\u00edpas, sonur Her\u00f3desar mikla, sem svo var kalla\u00f0ur (sj\u00e1 athugagrein vi\u00f0 1.5). Her\u00f3des Ant\u00edpas sat \u00e1 valdast\u00f3li fr\u00e1 4 f. Kr. til 39 e. Kr. R\u00f3mverjar settu Filippus, br\u00f3\u00f0ur hans, til \u00feess a\u00f0 vera fj\u00f3r\u00f0ungsstj\u00f3ri \u00ed \u00cdt\u00fareu og Trak\u00f3n\u00edtish\u00e9ra\u00f0i. F\u00e1tt er vita\u00f0 um L\u00fdsan\u00edas \u00feennan, sem sag\u00f0ur er hafa r\u00edkt yfir Ab\u00edlene.\u00a0Annas var \u00e6\u00f0stiprestur \u00e1rin 6 til 15 e. Kr. Tengdasonur hans, Ka\u00edfas, gegndi tignarst\u00f6\u00f0unni fr\u00e1 18 til 37 e. Kr. Sj\u00e1 og athugagreinar vi\u00f0 22.54.<\/p>\n<p><strong>3.8\u00a0<\/strong><em>Vi\u00f0 eigum Abraham a\u00f0 f\u00f6\u00f0ur: <\/em>J\u00f3hannes sag\u00f0i l\u00f6ndum s\u00ednum, a\u00f0 \u00feeir g\u00e6tu ekki lifa\u00f0 eins og \u00fe\u00e1 lysti af \u00feeirri \u00e1st\u00e6\u00f0u einni, a\u00f0 \u00feeir v\u00e6ru afkomendur Abrahams og S\u00f6ru. Sj\u00e1 og J\u00f3h 8.33.<\/p>\n<p><strong>3.8\u00a0<\/strong><em>sinnaskiptum: <\/em><a href=\"https:\/\/biblian.is\/fraedsla\/ordtakasafn\/synd\/\">Sj\u00e1 &#8222;Synd&#8220;.<\/a><\/p>\n<p><strong>3.12\u00a0<\/strong><em>tollheimtumenn: <\/em>R\u00f3mverjar s\u00f6mdu vi\u00f0 r\u00edka \u00fatlendinga um a\u00f0 annast innheimtu skatta. \u00deeir, a\u00f0 s\u00ednu leyti, r\u00e9\u00f0u heimamenn til starfans. \u00deeir l\u00e1gu \u00e1 \u00fev\u00ed l\u00faalagi a\u00f0 krefjast meira en l\u00f6gbo\u00f0i\u00f0 var \u2013 og stungu mismuninum \u00ed eigin vasa. \u00c1 d\u00f6gum Jes\u00fa h\u00f6tu\u00f0ust margir Gy\u00f0ingar vi\u00f0 tollheimtumennina, \u00e1litu \u00fe\u00e1 &#8222;\u00f3hreina&#8220; svikara.<\/p>\n<p><strong>3.15\u00a0<\/strong><em>Mess\u00edas: <\/em>Sj\u00e1 athugagrein vi\u00f0 2.11 (frelsari&#8230;Kristur).<\/p>\n<p><strong>3.16\u00a0<\/strong><em>sk\u00edri&#8230;heil\u00f6gum anda og eldi: <\/em>Vatnssk\u00edrn t\u00e1kna\u00f0i, a\u00f0 misgj\u00f6r\u00f0ir \u00ed fort\u00ed\u00f0 v\u00e6ru n\u00fa \u00fevegnar af. Eldur er t\u00ed\u00f0um tengdur d\u00f3mi Drottins (3.17) e\u00f0a heil\u00f6gum anda (Post 2.3). Sj\u00e1 og &#8222;<a href=\"https:\/\/biblian.is\/fraedsla\/ordtakasafn\/skirn\/\">sk\u00edrn<\/a>&#8222;, &#8222;<a href=\"https:\/\/biblian.is\/fraedsla\/ordtakasafn\/heilagur-andi\/\">Heilagur andi<\/a>&#8220; og &#8222;<a href=\"https:\/\/biblian.is\/fraedsla\/ordtakasafn\/eldur\/\">Eldur<\/a>&#8222;.<\/p>\n<p><strong>3.16\u00a0<\/strong><em>leysa sk\u00f3\u00feveng hans: <\/em>\u00dea\u00f0 vi\u00f0vik var \u00ed verkahring \u00fer\u00e6la.<\/p>\n<p><strong>3.17\u00a0<\/strong><em>varpsk\u00f3fluna: <\/em>B\u00e6ndur notu\u00f0u kv\u00edsl til \u00feess a\u00f0 kasta hveiti og hismi upp \u00ed lofti\u00f0. Hismi\u00f0 fauk burt, en hveiti\u00f0 f\u00e9ll til jar\u00f0ar.<\/p>\n<p><strong>3.19\u00a0<\/strong><em>Her\u00f3d\u00edasar: <\/em>H\u00fan var fr\u00e6nka Her\u00f3desar og eiginkona Filippusar br\u00f3\u00f0ur hans (Matt 14.3,4; Mrk 6.17,18).<\/p>\n<p><strong>3.23-38\u00a0<\/strong><em>sonur J\u00f3sefs&#8230;Gu\u00f0s: <\/em>\u00c6tterni skipti Gy\u00f0inga geysimiklu m\u00e1li. \u00deeir tr\u00fa\u00f0u \u00fev\u00ed, a\u00f0 Mess\u00edas mundi eiga til Dav\u00ed\u00f0s konungs a\u00f0 telja (Jes 11.1-11). L\u00fakas rekur h\u00e9r \u00e6ttir Jes\u00fa allt aftur til Adams og sj\u00e1lfs Gu\u00f0s. Berum \u00feessa \u00e6ttart\u00f6lu saman vi\u00f0 \u00e6ttart\u00f6luna \u00ed Matt. 1.1-17.<\/p>\n","protected":false},"excerpt":{"rendered":"<p>3.1,2\u00a0T\u00edber\u00edusar&#8230;Annasar og Ka\u00edfasar: T\u00edber\u00edus Kl\u00e1d\u00edus Sesar var keisari \u00ed R\u00f3m <a href=\"https:\/\/biblian.is\/fraedsla\/ritskyring\/lukasargudspjall-3-kafli\/\"> [&#8230;]<\/a><\/p>\n","protected":false},"author":1,"featured_media":0,"parent":4829,"menu_order":0,"comment_status":"closed","ping_status":"closed","template":"","meta":{"footnotes":""},"class_list":["post-5238","page","type-page","status-publish","hentry"],"_links":{"self":[{"href":"https:\/\/biblian.is\/fraedsla\/wp-json\/wp\/v2\/pages\/5238","targetHints":{"allow":["GET"]}}],"collection":[{"href":"https:\/\/biblian.is\/fraedsla\/wp-json\/wp\/v2\/pages"}],"about":[{"href":"https:\/\/biblian.is\/fraedsla\/wp-json\/wp\/v2\/types\/page"}],"author":[{"embeddable":true,"href":"https:\/\/biblian.is\/fraedsla\/wp-json\/wp\/v2\/users\/1"}],"replies":[{"embeddable":true,"href":"https:\/\/biblian.is\/fraedsla\/wp-json\/wp\/v2\/comments?post=5238"}],"version-history":[{"count":0,"href":"https:\/\/biblian.is\/fraedsla\/wp-json\/wp\/v2\/pages\/5238\/revisions"}],"up":[{"embeddable":true,"href":"https:\/\/biblian.is\/fraedsla\/wp-json\/wp\/v2\/pages\/4829"}],"wp:attachment":[{"href":"https:\/\/biblian.is\/fraedsla\/wp-json\/wp\/v2\/media?parent=5238"}],"curies":[{"name":"wp","href":"https:\/\/api.w.org\/{rel}","templated":true}]}}