{"id":5218,"date":"2019-04-22T14:28:25","date_gmt":"2019-04-22T14:28:25","guid":{"rendered":"https:\/\/biblian.is\/fraedsla\/?page_id=5218"},"modified":"2026-04-17T13:01:15","modified_gmt":"2026-04-17T13:01:15","slug":"markusargudspjall-16-kafli","status":"publish","type":"page","link":"https:\/\/biblian.is\/fraedsla\/ritskyring\/markusargudspjall-16-kafli\/","title":{"rendered":"Mark\u00fasargu\u00f0spjall 16. kafli"},"content":{"rendered":"<p><strong>16.1\u00a0<\/strong><em>hv\u00edldardagurinn: <\/em>Hv\u00edldardagshelgin st\u00f3\u00f0 fr\u00e1 s\u00f3lsetri \u00e1 f\u00f6studegi til s\u00f3larlags \u00e1 laugardegi. \u00deegar ratlj\u00f3st var or\u00f0i\u00f0 \u00e1 sunnudagsmorgninum g\u00e1tu konurnar gengi\u00f0 \u00fat a\u00f0 gr\u00f6finni til \u00feess a\u00f0 smyrja l\u00edkama Jes\u00fa ilmsmyrslum.<\/p>\n<p><strong>16.1\u00a0<\/strong><em>Mar\u00eda Magdalena, Mar\u00eda m\u00f3\u00f0ir Jakobs og Sal\u00f3me: <\/em>Sj\u00e1 athugagrein vi\u00f0 16.9 (Mar\u00eda Magdalena).<\/p>\n<p><strong>16.1\u00a0<\/strong><em>ilmsmyrsl:<\/em>L\u00edklega myrra og al\u00f3e (J\u00f3h 19.39).<\/p>\n<p><strong>16.5\u00a0<\/strong><em>ungan mann&#8230;kl\u00e6ddan hv\u00edtri skikkju:\u00a0<\/em>Sj\u00e1 athugagrein vi\u00f0 1.13 (englar).<\/p>\n<p><strong>16.6\u00a0<\/strong><em>Jes\u00fa fr\u00e1 Nasaret:\u00a0<\/em>Sj\u00e1 athugagrein vi\u00f0 1.24.<\/p>\n<p><strong>16.6\u00a0<\/strong><em>Hann er upprisinn: <\/em>Gu\u00f0 reisti Jes\u00fa upp fr\u00e1 dau\u00f0um. \u00dea\u00f0 nefnum vi\u00f0 &#8222;upprisuna.&#8220; <a href=\"https:\/\/biblian.is\/fraedsla\/ordtakasafn\/upprisa\/\">Sj\u00e1 &#8222;Upprisan&#8220; \u00ed or\u00f0takasafni.<\/a><\/p>\n<p><strong>16.7\u00a0<\/strong><em>l\u00e6risveinum&#8230; P\u00e9tri&#8230;Gal\u00edleu: <\/em>Sj\u00e1 athugagreinar vi\u00f0 1.16 (S\u00edmon), 3.16-19 (postula) og 9.30 (Gal\u00edlea).<\/p>\n<p><strong>16.9\u00a0<\/strong><em>Mar\u00edu Magdalenu:\u00a0<\/em>Nafni\u00f0 g\u00e6ti bent til \u00feess, a\u00f0 Mar\u00eda hafi veri\u00f0 fr\u00e1 Magd\u00f6lum, \u00feorpi vi\u00f0 Gal\u00edleuvatni\u00f0 vestanvert. \u00cd L\u00fak 8.2 segir fr\u00e1 \u00fev\u00ed, er Jes\u00fas l\u00e6kna\u00f0i hana. L\u00edklegt er, a\u00f0 h\u00fan hafi slegist \u00ed f\u00f6r me\u00f0 l\u00e6risveinah\u00f3pnum sem fylgdi Jes\u00fa.<\/p>\n<p>H\u00f6fundur Mark\u00fasargu\u00f0spjalls segir a\u00f0 Mar\u00eda Magdalena hafi veri\u00f0 ein \u00feriggja kvenna sem ur\u00f0u vitni a\u00f0 dau\u00f0a Jes\u00fa \u00e1 krossinum (sj\u00e1 15.40-41). Hinar voru Mar\u00eda, m\u00f3\u00f0ir Jakobs, og Sal\u00f3me. Ekki er gott a\u00f0 vita, hver hin s\u00ed\u00f0arnefnda Mar\u00eda var, \u00fe\u00f3tt margir af fyrstu lesendum gu\u00f0spjallsins kunni a\u00f0 hafa \u00feekkt til hennar. Jakob g\u00e6ti veri\u00f0 Jakob Alfeusson (Mrk 3.18; Post 1.13) \u00fe\u00f3tt \u00f3gerningur s\u00e9 a\u00f0 fullyr\u00f0a um \u00fea\u00f0. Sal\u00f3me kann a\u00f0 hafa veri\u00f0 eiginkona einhvers af l\u00e6risveinum Jes\u00fa.<\/p>\n<p><strong>16.9\u00a0<\/strong><em>sj\u00f6 illa anda:\u00a0<\/em>Sj\u00e1 athugagrein vi\u00f0 3.30. \u00d3v\u00edst er me\u00f0 hverju andarnir \u00ed\u00feyngdu Mar\u00edu.<\/p>\n<p><strong>16.12\u00a0<\/strong><em>tveimur \u00feeirra:\u00a0<\/em>Alls er \u00f3v\u00edst hverjir l\u00e6risveinanna \u00feetta voru, \u00fe\u00f3tt fr\u00e1s\u00f6gnin minni \u00f3neitanlega \u00e1 L\u00fak 24.13-35.<\/p>\n<p><strong>16.14\u00a0<\/strong><em>\u00feeim ellefu: <\/em>Sj\u00e1 athugagrein vi\u00f0 3.16-19. J\u00fadas \u00cdsakr\u00edot er horfinn \u00far h\u00f3pnum. Annars sta\u00f0ar \u00ed N\u00fdja testamenti segir fr\u00e1 \u00fev\u00ed, a\u00f0 J\u00fadas hafi stytt fyrir s\u00e9r eftir a\u00f0 Jes\u00fas var tekinn h\u00f6ndum (Matt 27.3-10; Post 1.16-20).<\/p>\n<p><strong>16.16\u00a0<\/strong><em>mun h\u00f3lpinn ver\u00f0a: <\/em>Sj\u00e1 10.17 og J\u00f3h 3.16. Sj\u00e1 og athugagrein vi\u00f0 13.13 og &#8222;K\u00e6rleikur Gu\u00f0s frelsar (Hj\u00e1lpr\u00e6\u00f0i)&#8220; \u00e1 bls. 1923.<\/p>\n<p><strong>16.17\u00a0<\/strong><em>reka \u00fat illa anda, tala n\u00fdjum tungum: <\/em>Sj\u00e1 athugagreinar vi\u00f0 3.30 og 9.38 (illa anda). \u00dea\u00f0 er ein af n\u00e1\u00f0arg\u00e1fum Heilags anda, a\u00f0 menn taka a\u00f0 tala tungum\u00e1l, sem \u00feeir hafa ekki l\u00e6rt e\u00f0a kunna\u00f0 \u00e1\u00f0ur (Post 2.4; 4.8; 1Kor 12.10).<\/p>\n<p><strong>16.18\u00a0<\/strong><em>Yfir sj\u00faka munu \u00feeir leggja hendur og \u00feeir ver\u00f0a heilir:<\/em>Oft snart Jes\u00fas \u00fe\u00e1 sem hann l\u00e6kna\u00f0i. \u00cd frumkirkjunni voru sj\u00faklingar smur\u00f0ir me\u00f0 ol\u00edu um lei\u00f0 og be\u00f0i\u00f0 var fyrir \u00feeim (Jak 5.14).<\/p>\n<p><strong>16.19\u00a0<\/strong><em>h\u00e6gri handar: <\/em>Sj\u00e1 athugagrein vi\u00f0 10.37.<\/p>\n","protected":false},"excerpt":{"rendered":"<p>16.1\u00a0hv\u00edldardagurinn: Hv\u00edldardagshelgin st\u00f3\u00f0 fr\u00e1 s\u00f3lsetri \u00e1 f\u00f6studegi til s\u00f3larlags \u00e1 <a href=\"https:\/\/biblian.is\/fraedsla\/ritskyring\/markusargudspjall-16-kafli\/\"> [&#8230;]<\/a><\/p>\n","protected":false},"author":1,"featured_media":0,"parent":4829,"menu_order":0,"comment_status":"closed","ping_status":"closed","template":"","meta":{"footnotes":""},"class_list":["post-5218","page","type-page","status-publish","hentry"],"_links":{"self":[{"href":"https:\/\/biblian.is\/fraedsla\/wp-json\/wp\/v2\/pages\/5218","targetHints":{"allow":["GET"]}}],"collection":[{"href":"https:\/\/biblian.is\/fraedsla\/wp-json\/wp\/v2\/pages"}],"about":[{"href":"https:\/\/biblian.is\/fraedsla\/wp-json\/wp\/v2\/types\/page"}],"author":[{"embeddable":true,"href":"https:\/\/biblian.is\/fraedsla\/wp-json\/wp\/v2\/users\/1"}],"replies":[{"embeddable":true,"href":"https:\/\/biblian.is\/fraedsla\/wp-json\/wp\/v2\/comments?post=5218"}],"version-history":[{"count":0,"href":"https:\/\/biblian.is\/fraedsla\/wp-json\/wp\/v2\/pages\/5218\/revisions"}],"up":[{"embeddable":true,"href":"https:\/\/biblian.is\/fraedsla\/wp-json\/wp\/v2\/pages\/4829"}],"wp:attachment":[{"href":"https:\/\/biblian.is\/fraedsla\/wp-json\/wp\/v2\/media?parent=5218"}],"curies":[{"name":"wp","href":"https:\/\/api.w.org\/{rel}","templated":true}]}}