{"id":5215,"date":"2019-04-22T14:24:26","date_gmt":"2019-04-22T14:24:26","guid":{"rendered":"https:\/\/biblian.is\/fraedsla\/?page_id=5215"},"modified":"2026-04-17T13:01:15","modified_gmt":"2026-04-17T13:01:15","slug":"markusargudspjall-15-kafli","status":"publish","type":"page","link":"https:\/\/biblian.is\/fraedsla\/ritskyring\/markusargudspjall-15-kafli\/","title":{"rendered":"Mark\u00fasargu\u00f0spjall 15. kafli"},"content":{"rendered":"<p><strong>15.1\u00a0<\/strong><em>\u00e6\u00f0stu prestarnir&#8230;\u00f6llu r\u00e1\u00f0inu:<\/em>Sj\u00e1 athugagrein vi\u00f0 8.31 (\u00f6ldungarnir, \u00e6\u00f0stu prestarnir).<\/p>\n<p><strong>15.1\u00a0<\/strong><em>P\u00edlatusi:<\/em>R\u00f3mverjinn Pont\u00edus P\u00edlatus var landstj\u00f3ri \u00ed J\u00fadeu fr\u00e1 26 til 36 e. Kr. R\u00f3mverjar heimilu\u00f0u \u00f6ldungar\u00e1\u00f0i Gy\u00f0inga a\u00f0 kve\u00f0a upp dau\u00f0ad\u00f3ma, \u00feegar um meiri h\u00e1ttar brot \u00e1 gy\u00f0inglegum l\u00f6gum var a\u00f0 r\u00e6\u00f0a. En \u00f6ldungarnir vildu, a\u00f0 Jes\u00fas yr\u00f0i af P\u00edlatusi fundinn sekur um a\u00f0 hafa broti\u00f0 gegn l\u00f6gum R\u00f3mverja og hann d\u00e6mdur til dau\u00f0a \u00e1 krossi. <a href=\"https:\/\/biblian.is\/fraedsla\/ordtakasafn\/pontius-pilatus\/\">Sj\u00e1 og &#8222;Pont\u00edus P\u00edlatus&#8220;.<\/a><\/p>\n<p><strong>15.2\u00a0<\/strong><em>konungur Gy\u00f0inga: <\/em>Hver s\u00e1 sem seg\u00f0ist vera konungur \u00e1n vitundar og sam\u00feykkis R\u00f3mverja hlaut a\u00f0 vera uppreisnarma\u00f0ur. Lei\u00f0togar Gy\u00f0inga t\u00f6ldu ekki, a\u00f0 Jes\u00fas v\u00e6ri konungur, \u00fe\u00f3tt einhverjir landsmanna kunni a\u00f0 hafa tr\u00faa\u00f0 \u00fev\u00ed, a\u00f0 hann v\u00e6ri hinn lang\u00fer\u00e1\u00f0i Mess\u00edas (sj\u00e1 athugagreinar vi\u00f0 8.29 og 11.10).<\/p>\n<p><strong>15.6 <\/strong><em>lausan einn bandingja: <\/em>Samkv\u00e6mt venju g\u00e1fu R\u00f3mverjar einum fanga frelsi \u00e1 p\u00e1skunum.<\/p>\n<p><strong>15.7\u00a0<\/strong><em>Barabbas: <\/em>Nafni\u00f0 merkir &#8222;sonur Abba.&#8220; Barabbas haf\u00f0i or\u00f0i\u00f0 mannsbani \u00ed \u00f3eir\u00f0um sem stofna\u00f0 var til \u00ed \u00fev\u00ed skyni a\u00f0 hrinda yfirr\u00e1\u00f0um R\u00f3mverja af gy\u00f0inga\u00fej\u00f3\u00f0inni.<\/p>\n<p><strong>15.9,10\u00a0<\/strong><em>konung Gy\u00f0inga&#8230;\u00e6\u00f0stu prestarnir: <\/em>Sj\u00e1 athugagreinar vi\u00f0 15.2 (konungur Gy\u00f0inga) og 8.31 (\u00f6ldungarnir, \u00e6\u00f0stu prestarnir).<\/p>\n<p><strong>15.13\u00a0<\/strong><em>Krossfestu: <\/em>Krossfesting var s\u00fa a\u00f0fer\u00f0 sem algengust var me\u00f0 R\u00f3mverjum \u00feegar brotamenn voru teknir af l\u00edfi. Krossdau\u00f0i var \u00fej\u00e1ningarfullur dau\u00f0dagi og var dau\u00f0inn oft lengi a\u00f0 fara \u00e1 menn. <a href=\"https:\/\/biblian.is\/fraedsla\/ordtakasafn\/krossfesting\/\">Sj\u00e1 &#8222;Krossfesting&#8220; \u00ed or\u00f0takasafni.<\/a><\/p>\n<p><strong>15.16\u00a0<\/strong><em>h\u00f6llina:<\/em>Anton\u00edusar-virki\u00f0, \u00fear sem r\u00f3mverski landstj\u00f3rinn haf\u00f0ist vi\u00f0 \u00feegar hann var staddur \u00ed Jer\u00fasalem.<\/p>\n<p><strong>15.17\u00a0<\/strong><em>purpuraskikkju:<\/em>L\u00edklega yfirh\u00f6fn r\u00f3mverks hermanns.<\/p>\n<p><strong>15.21\u00a0<\/strong><em>S\u00edmon fr\u00e1 K\u00fdrene, fa\u00f0ir \u00feeirra Alexanders og R\u00fafusar:<\/em>K\u00fdrene var b\u00e6r \u00ed Nor\u00f0ur-Afr\u00edku. S\u00edmon var tr\u00falega Gy\u00f0ingur \u00e1 fer\u00f0 \u00ed Jer\u00fasalem til \u00feess a\u00f0 halda p\u00e1skah\u00e1t\u00ed\u00f0ina. Alexander og R\u00fafus geta hafa veri\u00f0 kunnir fyrstu lesendum Mark\u00fasargu\u00f0spjalls. \u00deeir eru \u00fe\u00f3 hvergi annars sta\u00f0ar nefndir \u00e1 nafn \u00ed N\u00fdja testamentinu, \u00fe\u00f3tt ekki s\u00e9 h\u00e6gt a\u00f0 \u00fatiloka, a\u00f0 R\u00fafus g\u00e6ti veri\u00f0 s\u00e1 sem P\u00e1ll sendir kve\u00f0ju s\u00edna \u00ed R\u00f3m 16.3.<\/p>\n<p><strong>15.22\u00a0<\/strong><em>Golgata, \u00fea\u00f0 \u00fe\u00fd\u00f0ir hausk\u00fapusta\u00f0ur:\u00a0<\/em>Sta\u00f0urinn var sennilega n\u00e6rri kletti \u00ed laginu eins og h\u00f6fu\u00f0kaupa manns.<\/p>\n<p><strong>15.23\u00a0<\/strong><em>v\u00edn, blanda\u00f0 myrru:\u00a0<\/em>Myrran var l\u00edklega safi b\u00fainn til \u00far eitra\u00f0ri jurt, mj\u00f6g beiskri \u00e1 brag\u00f0i\u00f0, sem k\u00f6llu\u00f0 var gall. Drykkju menn safann, deyf\u00f0i \u00fea\u00f0 s\u00e1rsauka.<\/p>\n<p><strong>15.26\u00a0<\/strong><em>Konungur Gy\u00f0inga: <\/em>Sj\u00e1 athugagrein vi\u00f0 15.2.<\/p>\n<p><strong>15.31\u00a0<\/strong><em>\u00e6\u00f0stu prestarnir&#8230;fr\u00e6\u00f0imennirnir:\u00a0<\/em>Sj\u00e1 athugagreinar vi\u00f0 8.31 (\u00f6ldungarnir, \u00e6\u00f0stu prestarnir) og 12.38 (fr\u00e6\u00f0imennirnir).<\/p>\n<p><strong>15.32 <\/strong><em>Kristur, konungur \u00cdsraels: <\/em>Sj\u00e1 athugagreinar vi\u00f0 8.29 (Kristur) og 15.2 (konungur Gy\u00f0inga). Menn v\u00e6natu \u00feess, a\u00f0 Mess\u00edas v\u00e6ri b\u00fainn styrkleika fr\u00e1 Gu\u00f0i. Jes\u00fas ger\u00f0i ekki minnstu tilraun til \u00feess a\u00f0 for\u00f0a s\u00e9r ofan af krossinum og \u00fev\u00ed voru margir vantr\u00faa\u00f0ir \u00e1 \u00fea\u00f0, a\u00f0 hann g\u00e6ti veri\u00f0 Mess\u00edas.<\/p>\n<p><strong>15.34 <\/strong><em>El\u00f3\u00ed&#8230;lama sabaktan\u00ed:\u00a0<\/em>Arame\u00edska, sem t\u00f6lu\u00f0 var \u00ed Palest\u00ednu (sj\u00e1 og athugagrein vi\u00f0 5.41-42).<\/p>\n<p><strong>15.35 <\/strong><em>El\u00eda<\/em>: Nafni\u00f0 El\u00eda hlj\u00f3mar ekki \u00f3l\u00edkt &#8222;El\u00f3\u00ed&#8220;, sem \u00fe\u00fd\u00f0ir &#8222;Gu\u00f0 minn.&#8220; Sj\u00e1 og athugagrein vi\u00f0 6.15.<\/p>\n<p><strong>15.38\u00a0<\/strong><em>fortjald musterisins:\u00a0<\/em>Tv\u00f6 sl\u00edk veggtj\u00f6ld voru \u00ed musterinu. Anna\u00f0 var vi\u00f0 fordyri\u00f0, en hitt skildi a\u00f0 Hi\u00f0 heilaga og Hi\u00f0 allrahelgasta. Samkv\u00e6mt tr\u00faarhugmyndum Gy\u00f0inga var b\u00fasta\u00f0ur Gu\u00f0s \u00e1 j\u00f6r\u00f0inni \u00ed Hinu allrahelgasta (2M\u00f3s 26.31-33). \u00dear var s\u00e1ttm\u00e1ls\u00f6rkin og ker\u00fabar sem breiddu v\u00e6ngi s\u00edna yfir hana. H\u00e9r er l\u00edklegast \u00e1tt vi\u00f0 s\u00ed\u00f0arnefnda tjaldi\u00f0. Inn fyrir \u00fea\u00f0 m\u00e1tti enginn ganga nema \u00e6\u00f0stipresturinn. \u00deegar h\u00f6fundur Mark\u00fasargu\u00f0spjalls segir fr\u00e1 \u00fev\u00ed a\u00f0 fortjaldi\u00f0 hafi rifna\u00f0 \u00ed tvennt vi\u00f0 dau\u00f0a Jes\u00fa, \u00fe\u00e1 er merking vi\u00f0bur\u00f0arins \u00ed huga hans s\u00fa, a\u00f0 h\u00e9r var f\u00e6r\u00f0 f\u00f3rn sem ger\u00f0i \u00f6llu f\u00f3lki kleift a\u00f0 n\u00e1lgast Gu\u00f0 \u00ed helgid\u00f3mi hans, l\u00edka hei\u00f0ingjum (\u00feeim, sem ekki voru Gy\u00f0ingar).<\/p>\n<p><strong>15.39\u00a0<\/strong><em>hundra\u00f0sh\u00f6f\u00f0inginn&#8230;sonur Gu\u00f0s: <\/em>\u00deessi r\u00f3mverski li\u00f0sforingi hefur a\u00f0 \u00f6llum l\u00edkindum veri\u00f0 hei\u00f0ingi. H\u00f6fundi gu\u00f0spjallsins hefur \u00fe\u00f3tt skipta miklu a\u00f0 halda \u00fev\u00ed til haga, a\u00f0 eftir a\u00f0 Jes\u00fas haf\u00f0i gefi\u00f0 upp andann, skyldi hei\u00f0ingi ver\u00f0a fyrstur til \u00feess a\u00f0 kve\u00f0a upp \u00far um \u00fea\u00f0, a\u00f0 hann hef\u00f0i veri\u00f0 &#8222;sonur Gu\u00f0s.&#8220; Fagna\u00f0arerindi\u00f0 um Jes\u00fa, sem d\u00f3 f\u00f3rnardau\u00f0a til syndafyrirgefningar, mega allir menn taka til s\u00edn, jafnt Gy\u00f0ingar sem hei\u00f0ingjar. Sj\u00e1 og athugagrein \u00e1 bls. 1812 (fagna\u00f0arerindi\u00f0&#8230; Gu\u00f0s sonur).<\/p>\n<p><strong>15.40,41\u00a0<\/strong><em>Mar\u00eda Magdalena, Mar\u00eda&#8230;og Sal\u00f3me: <\/em>Sj\u00e1 athugagrein vi\u00f0 16.9.<\/p>\n<p><strong>15.42\u00a0<\/strong><em>hv\u00edldardag:\u00a0<\/em>Sj\u00e1 athugagrein vi\u00f0 1.21 (hv\u00edldardaginn). \u00dear sem hv\u00edldardagshelgin h\u00f3fst vi\u00f0 s\u00f3larlag, rei\u00f0 \u00e1 a\u00f0 b\u00faa l\u00edkama Jes\u00fa til greftrunar \u00e1\u00f0ur en kv\u00f6ldsett yr\u00f0i. \u00dea\u00f0 hef\u00f0i veri\u00f0 brot gegn bo\u00f0or\u00f0inu um hv\u00edldardaginn a\u00f0 sinna sl\u00edku \u00e1 \u00feeim degi.<\/p>\n<p><strong>15.43\u00a0<\/strong><em>J\u00f3sef fr\u00e1 Ar\u00edma\u00feeu: <\/em>Ar\u00edma\u00feea var l\u00edti\u00f0 \u00feorp \u00ed h\u00e9ra\u00f0inu Efra\u00edm, r\u00fama 30 k\u00edl\u00f3metra nor\u00f0vestur af Jer\u00fasalem. J\u00f3sef \u00e1tti s\u00e6ti \u00ed \u00f6ldungar\u00e1\u00f0inu og naut vir\u00f0ingar. Hann h\u00e6tti \u00fev\u00ed til, a\u00f0 blettur f\u00e9lli \u00e1 or\u00f0st\u00edr hans, er hann kom h\u00e9r a\u00f0 greftrun Jes\u00fa me\u00f0 myndarlegum h\u00e6tti.<\/p>\n<p><strong>15.44\u00a0<\/strong><em>P\u00edlatus&#8230;hundra\u00f0sh\u00f6f\u00f0ingjann:\u00a0<\/em>Sj\u00e1 athugagreinar vi\u00f0 15.1 (P\u00edlatus) og 15.39 (hundra\u00f0sh\u00f6f\u00f0inginn).<\/p>\n<p><strong>15.46 <\/strong><em>l\u00ednkl\u00e6\u00f0i:\u00a0<\/em>L\u00edk voru ekki l\u00f6g\u00f0 \u00ed l\u00edkkistur, heldur sveipu\u00f0 kl\u00e6\u00f0i. Sj\u00e1 og &#8222;Greftrun&#8220; \u00e1 bls. 1896.<\/p>\n<p><strong>15.46\u00a0<\/strong><em>gr\u00f6f: <\/em>Sj\u00e1 athugagrein vi\u00f0 6.29.<\/p>\n<p><strong>15.47 <\/strong><em>Mar\u00eda Magdalena: <\/em>Sj\u00e1 athugagrein vi\u00f0 16.9 (Mar\u00eda Magdalena).<\/p>\n","protected":false},"excerpt":{"rendered":"<p>15.1\u00a0\u00e6\u00f0stu prestarnir&#8230;\u00f6llu r\u00e1\u00f0inu:Sj\u00e1 athugagrein vi\u00f0 8.31 (\u00f6ldungarnir, \u00e6\u00f0stu prestarnir). 15.1\u00a0P\u00edlatusi:R\u00f3mverjinn <a href=\"https:\/\/biblian.is\/fraedsla\/ritskyring\/markusargudspjall-15-kafli\/\"> [&#8230;]<\/a><\/p>\n","protected":false},"author":1,"featured_media":0,"parent":4829,"menu_order":0,"comment_status":"closed","ping_status":"closed","template":"","meta":{"footnotes":""},"class_list":["post-5215","page","type-page","status-publish","hentry"],"_links":{"self":[{"href":"https:\/\/biblian.is\/fraedsla\/wp-json\/wp\/v2\/pages\/5215","targetHints":{"allow":["GET"]}}],"collection":[{"href":"https:\/\/biblian.is\/fraedsla\/wp-json\/wp\/v2\/pages"}],"about":[{"href":"https:\/\/biblian.is\/fraedsla\/wp-json\/wp\/v2\/types\/page"}],"author":[{"embeddable":true,"href":"https:\/\/biblian.is\/fraedsla\/wp-json\/wp\/v2\/users\/1"}],"replies":[{"embeddable":true,"href":"https:\/\/biblian.is\/fraedsla\/wp-json\/wp\/v2\/comments?post=5215"}],"version-history":[{"count":0,"href":"https:\/\/biblian.is\/fraedsla\/wp-json\/wp\/v2\/pages\/5215\/revisions"}],"up":[{"embeddable":true,"href":"https:\/\/biblian.is\/fraedsla\/wp-json\/wp\/v2\/pages\/4829"}],"wp:attachment":[{"href":"https:\/\/biblian.is\/fraedsla\/wp-json\/wp\/v2\/media?parent=5215"}],"curies":[{"name":"wp","href":"https:\/\/api.w.org\/{rel}","templated":true}]}}