{"id":5213,"date":"2019-04-22T14:20:53","date_gmt":"2019-04-22T14:20:53","guid":{"rendered":"https:\/\/biblian.is\/fraedsla\/?page_id=5213"},"modified":"2022-12-16T13:59:06","modified_gmt":"2022-12-16T13:59:06","slug":"markusargudspjall-14-kafli","status":"publish","type":"page","link":"https:\/\/biblian.is\/fraedsla\/ritskyring\/markusargudspjall-14-kafli\/","title":{"rendered":"Mark\u00fasargu\u00f0spjall 14. kafli"},"content":{"rendered":"<p><strong>14.1\u00a0<\/strong><em>p\u00e1ska og h\u00e1t\u00ed\u00f0ar \u00f3s\u00fdr\u00f0u brau\u00f0anna: <\/em>Mikil h\u00e1t\u00ed\u00f0a p\u00edlagr\u00edma. \u00de\u00e1 var \u00e6tlast til \u00feess af k\u00f6rlum af gy\u00f0inga\u00fej\u00f3\u00f0 a\u00f0 \u00feeir fer\u00f0u\u00f0ust til Jer\u00fasalemsborgar og f\u00e6r\u00f0u f\u00f3rnir \u00ed musterinu \u00fear. <a href=\"https:\/\/biblian.is\/fraedsla\/ordtakasafn\/paskar-og-hatid-osyrdu-braudanna\/\">Sj\u00e1 &#8222;P\u00e1skar og h\u00e1t\u00ed\u00f0 \u00f3s\u00fdr\u00f0u brau\u00f0anna&#8220; \u00ed or\u00f0takasafni.<\/a><\/p>\n<p><strong>14.1\u00a0<\/strong><em>\u00e6\u00f0stu prestarnir og fr\u00e6\u00f0imennirnir:<\/em>Sj\u00e1 athugagreinar vi\u00f0 8.31 (\u00e6\u00f0stu prestarnir) og 12.38 (fr\u00e6\u00f0imennirnir).<\/p>\n<p><strong>14.3\u00a0<\/strong><em>d\u00fdrum nardussmyrslum: <\/em>Til forna voru ilmsmyrsl geymd \u00ed loku\u00f0um krukkum og var\u00f0 a\u00f0 brj\u00f3ta \u00fe\u00e6r ef taka skyldi til smyrslanna. Sj\u00e1 og t\u00f6fluna &#8222;Kryddjurtir og ilmefni&#8220; \u00e1 bls. 1219. H\u00e1ttsemi konunnar ber vott um \u00e1st hennar \u00e1 Jes\u00fa.<\/p>\n<p><strong>14.5 <\/strong><em>\u00ferj\u00fa hundru\u00f0 denara:<\/em>Denar jafngilti daglaunum verkamanns.<\/p>\n<p><strong>14.8\u00a0<\/strong><em>smurt l\u00edkama minn til greftrunar:<\/em>Ilmefni og kryddjurtir voru borin \u00e1 l\u00edk dau\u00f0ra. <a href=\"https:\/\/biblian.is\/fraedsla\/ordtakasafn\/greftrun\/\">Sj\u00e1 &#8222;Greftrun&#8220; \u00ed or\u00f0takasafni.<\/a><\/p>\n<p><strong>14.10\u00a0<\/strong><em>J\u00fadas \u00cdskar\u00edot&#8230;\u00e6\u00f0stu prestanna:<\/em>Sj\u00e1 athugagrein vi\u00f0 3.16-19 (\u00fe\u00e1 t\u00f3lf postula) og ne\u00f0anm\u00e1lsgrein vi\u00f0 3.19 (\u00cdskar\u00edot). Sj\u00e1 og athugagrein vi\u00f0 8.31 (\u00e6\u00f0stu prestarnir).<\/p>\n<p><strong>14.12\u00a0<\/strong><em>\u00f3s\u00fdr\u00f0u brau\u00f0anna&#8230;p\u00e1skam\u00e1lt\u00ed\u00f0ina:<\/em>Sj\u00e1 athugagrein vi\u00f0 14.1 (p\u00e1skar). 15. dag \u00feess m\u00e1na\u00f0ar, er Gy\u00f0ingar nefna N\u00edsan, skyldi fjarl\u00e6gja allt s\u00fardeig \u00far h\u00fasum manna (2M\u00f3s 12.15-20) og sl\u00e1tra p\u00e1skal\u00f6mbunum. P\u00e1skam\u00e1lt\u00ed\u00f0arinnar var neytt eftir s\u00f3larlag \u00feennan dag. \u00de\u00e1 var kj\u00f6tinu f\u00f3rna\u00f0 og \u00fea\u00f0 eti\u00f0, \u00e1samt me\u00f0 \u00f3s\u00fdr\u00f0u brau\u00f0i og \u00f6\u00f0rum h\u00e1t\u00ed\u00f0arkosti. V\u00edn var haft til drykkjar.<\/p>\n<p><strong>14.13\u00a0<\/strong><em>ma\u00f0ur sem ber vatnsker:\u00a0<\/em>Vatnsbur\u00f0 \u00f6nnu\u00f0ust a\u00f0 \u00f6\u00f0ru j\u00f6fnu konur, svo a\u00f0 karlma\u00f0ur me\u00f0 vatnsker \u00e1 h\u00f6f\u00f0i hlaut a\u00f0 skera sig \u00far fj\u00f6ldanum.<\/p>\n<p><strong>14.17-18\u00a0<\/strong><em>\u00feeim t\u00f3lf&#8230; &#8222;Einn af ykkur mun sv\u00edkja mig.&#8220;<\/em>: Sj\u00e1 athugagrein vi\u00f0 3.16-19 (\u00fe\u00e1 t\u00f3lf&#8230;postula).<\/p>\n<p><strong>14.21\u00a0<\/strong><em>Mannssonurinn:<\/em>Sj\u00e1 athugagreinar vi\u00f0 2.10 og 8.31. &#8222;Fer h\u00e9\u00f0an&#8220; = deyr. \u00deess er hvergi geti\u00f0 s\u00e9rstaklega \u00ed Bibl\u00edunni, a\u00f0 Mannssonurinn ver\u00f0i a\u00f0 deyja, en h\u00e9r m\u00e1 vera a\u00f0 Jes\u00fas l\u00e1ti \u00ed lj\u00f3si, a\u00f0 hi\u00f0 illa komi honum ekki \u00e1 \u00f3vart.<\/p>\n<p><strong>14.22-24\u00a0<\/strong><em>l\u00edkami minn&#8230;bl\u00f3\u00f0 mitt, bl\u00f3\u00f0 s\u00e1ttm\u00e1lans:<\/em>Jes\u00fas tekur l\u00edkingu af brau\u00f0i og v\u00edni til \u00feess a\u00f0 l\u00fdsa \u00fev\u00ed hversu hann ver\u00f0ur deyddur og bl\u00f3\u00f0i hans \u00fathellt fyrir marga. Vi\u00f0 dau\u00f0a hans ver\u00f0ur til n\u00fdr samningur (s\u00e1ttm\u00e1li) milli Gu\u00f0s og hins n\u00fdja l\u00fd\u00f0s hans.<\/p>\n<p><strong>14.25\u00a0<\/strong><em>drekk hann n\u00fdjan \u00ed Gu\u00f0s r\u00edki:\u00a0<\/em>Sj\u00e1 athugagrein vi\u00f0 1.15 (Gu\u00f0s r\u00edki).<\/p>\n<p><strong>14.28\u00a0<\/strong><em>Gal\u00edleu:<\/em>Sj\u00e1 athugagrein vi\u00f0 9.30.<\/p>\n<p><strong>14.29\u00a0<\/strong><em>P\u00e9tur: <\/em>Sj\u00e1 athugagrein vi\u00f0 1.16 (S\u00edmon).<\/p>\n<p><strong>14.30\u00a0<\/strong><em>hani galar:<\/em>Hanar gala vi\u00f0 dagrenning. Jes\u00fas segir h\u00e9r a\u00f0 P\u00e9tur muni \u00ferisvar neita \u00fev\u00ed a\u00f0 \u00feekki hann fyrir n\u00e6stu s\u00f3laruppkomu.<\/p>\n<p><strong>14.32\u00a0<\/strong><em>Getsemane:<\/em>Ekki er vita\u00f0 n\u00e1kv\u00e6mlega hvar \u00feessi sta\u00f0ur er, en l\u00edklegt \u00feykir a\u00f0 hann hafi veri\u00f0 a\u00f0 austanver\u00f0u \u00ed Kedron-dalnum n\u00e6rri Ol\u00edufjallinu.<\/p>\n<p><strong>14.33\u00a0<\/strong><em>P\u00e9tur, Jakob og J\u00f3hannes:<\/em>Sj\u00e1 athugagrein vi\u00f0 9.2.<\/p>\n<p><strong>14.35-36 <\/strong><em>&#8222;Tak \u00feennan kaleik fr\u00e1 m\u00e9r&#8220;:<\/em>Sj\u00e1 athugagrein vi\u00f0 10.38.<\/p>\n<p><strong>14.41\u00a0<\/strong><em>Mannssonurinn&#8230;syndugra manna: <\/em>Sj\u00e1 athugagreinar vi\u00f0 2.10 (Mannssonurinn) og 2.17 (syndara). Jes\u00fas segir h\u00e9r fyrir um \u00fea\u00f0 a\u00f0 hann ver\u00f0i framseldur gy\u00f0inglegum og r\u00f3mverskum yfirv\u00f6ldum.<\/p>\n<p><strong>14.43\u00a0<\/strong><em>J\u00fadas: <\/em>Sj\u00e1 athugagrein vi\u00f0 3.16-19. Sj\u00e1 og 14.10,11.<\/p>\n<p><strong>14.43 <\/strong><em>\u00e6\u00f0stu prestunum, fr\u00e6\u00f0im\u00f6nnunum og \u00f6ldungunum: <\/em>Sj\u00e1 athugagrein vi\u00f0 8.31.<\/p>\n<p><strong>14.44\u00a0<\/strong><em>&#8222;S\u00e1 sem \u00e9g kyssi&#8220;:\u00a0<\/em>Alsi\u00f0a var a\u00f0 menn heilsu\u00f0ust me\u00f0 \u00fev\u00ed a\u00f0 kyssa hver annan \u00e1 vangann.<\/p>\n<p><strong>14.47\u00a0<\/strong><em>sver\u00f0i&#8230;\u00fej\u00f3ns:\u00a0<\/em>Vopni\u00f0, sem beitt var gegn \u00fej\u00f3ni \u00e6\u00f0sta prestsins, kann a\u00f0 hafa veri\u00f0 r\u00fdtingur. \u00cd J\u00f3h 18.10 segir a\u00f0 \u00fea\u00f0 hafi veri\u00f0 P\u00e9tur, sem lag\u00f0i til \u00fej\u00f3nsins.<\/p>\n<p><strong>14.51\u00a0<\/strong><em>ma\u00f0ur nokkur ungur:\u00a0<\/em>Mark\u00fas er hinn eini gu\u00f0spjallamannanna, sem nefnir \u00feennan unga mann. Ekki er vita\u00f0 hver hann var.<\/p>\n<p><strong>14.53\u00a0<\/strong><em>\u00e6\u00f0sta prestsins&#8230;fr\u00e6\u00f0imennirnir:\u00a0<\/em>Ka\u00edfas var \u00e6\u00f0stiprestur \u00ed Jer\u00fasalem fr\u00e1 18 til 26. e. Kr. Sj\u00e1 athugagreinar vi\u00f0 8.31 (\u00e6\u00f0stu prestarnir og \u00f6ldungarnir) og 12.38 (fr\u00e6\u00f0imennirnir).<\/p>\n<p><strong>14.54\u00a0<\/strong><em>gar\u00f0 \u00e6\u00f0sta prestsins: <\/em>Munnm\u00e6li herma, a\u00f0 Ka\u00edfas hafi \u00e1tt heima ofarlega \u00ed borginni, ekki fjarri musterinu. Sj\u00e1 og kort \u00e1 bls. 2376.<\/p>\n<p><strong>14.55\u00a0<\/strong><em>\u00c6\u00f0stu prestarnir og allt r\u00e1\u00f0i\u00f0<\/em>: Sj\u00e1 athugagrein vi\u00f0 8.31 (\u00e6\u00f0stu prestarnir).<\/p>\n<p><strong>14.55\u00a0<\/strong><em>leitu\u00f0u vitnis gegn Jes\u00fa: <\/em>\u00cd l\u00f6gm\u00e1li M\u00f3se var kve\u00f0i\u00f0 svo \u00e1, a\u00f0 frambur\u00f0ur eins vitnis n\u00e6g\u00f0i ekki til \u00feess a\u00f0 unnt v\u00e6ri a\u00f0 d\u00e6ma mann til dau\u00f0a (4M\u00f3s 35.30).<\/p>\n<p><strong>14.61\u00a0<\/strong><em>Kristur, sonur hins blessa\u00f0a?:<\/em>Sj\u00e1 athugagreinar vi\u00f0 8.29 (Kristur) og \u00e1 bls. 1812 (Gu\u00f0s sonur). &#8222;Gu\u00f0s sonur&#8220; var konunglegur titill, einn me\u00f0al margra. Fengi \u00e6\u00f0stipresturinn Jes\u00fa til \u00feess a\u00f0 segjast vera Gu\u00f0s sonur, g\u00e6ti hann f\u00e6rt R\u00f3mverjum \u00fe\u00e1 fregn, a\u00f0 hann kv\u00e6\u00f0ist vera konungur. \u00dea\u00f0 hef\u00f0i veri\u00f0 alvarlegt brot samkv\u00e6mt r\u00f3mverskum l\u00f6gum.<\/p>\n<p><strong>14.62\u00a0<\/strong><em>til h\u00e6gri handar:<\/em>Sj\u00e1 athugagrein vi\u00f0 10.37.<\/p>\n<p><strong>14.63,64\u00a0<\/strong><em>reif \u00e6\u00f0stipresturinn kl\u00e6\u00f0i s\u00edn:<\/em>L\u00f6gm\u00e1l M\u00f3se lag\u00f0i bann vi\u00f0 \u00fev\u00ed a\u00f0 \u00e6\u00f0stipresturinn rifi kl\u00e6\u00f0i s\u00edn til \u00feess a\u00f0 l\u00e1ta \u00ed lj\u00f3si sorg e\u00f0a hneykslun (3M\u00f3s 10.6; 21.10). \u00der\u00e1tt fyrir \u00fea\u00f0 r\u00edfur Ka\u00edfas h\u00e9r kl\u00e6\u00f0i s\u00edn til \u00feess a\u00f0 s\u00fdna, a\u00f0 hann \u00e1l\u00edtur Jes\u00fa sm\u00e1na nafn Drottins og dr\u00fdgja \u00feess vegna st\u00f3ra synd me\u00f0 \u00fev\u00ed, sem hann segir um sj\u00e1lfan sig. Ma\u00f0ur, sem kva\u00f0st vera Gu\u00f0, var\u00f0 sekur um gu\u00f0last, en vi\u00f0url\u00f6g vi\u00f0 sl\u00edku broti voru dau\u00f0ad\u00f3mur, er fulln\u00e6gt skyldi me\u00f0 gr\u00fdtingu (3M\u00f3s 24.16).<\/p>\n<p><strong>14.67\u00a0<\/strong><em>manninum fr\u00e1 Nasaret, \u00feessum Jes\u00fa:<\/em>Sj\u00e1 athugagrein vi\u00f0 1.24.<\/p>\n<p><strong>14.70 <\/strong><em>Gal\u00edleuma\u00f0ur: <\/em>M\u00e1 vera, a\u00f0 \u00fea\u00f0 hafi heyrst \u00e1 m\u00e6li P\u00e9turs a\u00f0 hann v\u00e6ri nor\u00f0an \u00far landi.<\/p>\n","protected":false},"excerpt":{"rendered":"<p>14.1\u00a0p\u00e1ska og h\u00e1t\u00ed\u00f0ar \u00f3s\u00fdr\u00f0u brau\u00f0anna: Mikil h\u00e1t\u00ed\u00f0a p\u00edlagr\u00edma. \u00de\u00e1 var <a href=\"https:\/\/biblian.is\/fraedsla\/ritskyring\/markusargudspjall-14-kafli\/\"> [&#8230;]<\/a><\/p>\n","protected":false},"author":1,"featured_media":0,"parent":4829,"menu_order":0,"comment_status":"closed","ping_status":"closed","template":"","meta":{"footnotes":""},"class_list":["post-5213","page","type-page","status-publish","hentry"],"_links":{"self":[{"href":"https:\/\/biblian.is\/fraedsla\/wp-json\/wp\/v2\/pages\/5213","targetHints":{"allow":["GET"]}}],"collection":[{"href":"https:\/\/biblian.is\/fraedsla\/wp-json\/wp\/v2\/pages"}],"about":[{"href":"https:\/\/biblian.is\/fraedsla\/wp-json\/wp\/v2\/types\/page"}],"author":[{"embeddable":true,"href":"https:\/\/biblian.is\/fraedsla\/wp-json\/wp\/v2\/users\/1"}],"replies":[{"embeddable":true,"href":"https:\/\/biblian.is\/fraedsla\/wp-json\/wp\/v2\/comments?post=5213"}],"version-history":[{"count":0,"href":"https:\/\/biblian.is\/fraedsla\/wp-json\/wp\/v2\/pages\/5213\/revisions"}],"up":[{"embeddable":true,"href":"https:\/\/biblian.is\/fraedsla\/wp-json\/wp\/v2\/pages\/4829"}],"wp:attachment":[{"href":"https:\/\/biblian.is\/fraedsla\/wp-json\/wp\/v2\/media?parent=5213"}],"curies":[{"name":"wp","href":"https:\/\/api.w.org\/{rel}","templated":true}]}}