{"id":5211,"date":"2019-04-22T14:17:24","date_gmt":"2019-04-22T14:17:24","guid":{"rendered":"https:\/\/biblian.is\/fraedsla\/?page_id=5211"},"modified":"2026-04-17T13:01:15","modified_gmt":"2026-04-17T13:01:15","slug":"markusargudspjall-13-kafli","status":"publish","type":"page","link":"https:\/\/biblian.is\/fraedsla\/ritskyring\/markusargudspjall-13-kafli\/","title":{"rendered":"Mark\u00fasargu\u00f0spjall 13. kafli"},"content":{"rendered":"<p><strong>13.1 <\/strong><em>helgid\u00f3minum: <\/em>Sj\u00e1 athugagrein vi\u00f0 1.5 (Jer\u00fasalem). Her\u00f3des mikli reisti musteri \u00fea\u00f0, sem h\u00e9r um r\u00e6\u00f0ir. Framkv\u00e6mdir h\u00f3fust \u00e1ri\u00f0 20 f.Kr. og st\u00f3\u00f0u enn yfir \u00e1 d\u00f6gum Jes\u00fa (J\u00f3h 2.20). Musteri\u00f0 var reist \u00e1 gr\u00ed\u00f0armiklum kletti, sem var um h\u00e1lfur annar k\u00edl\u00f3metri a\u00f0 umm\u00e1li. \u00c1 \u00feessum sama sta\u00f0 haf\u00f0i Sal\u00f3mon konungur byggt musteri sitt meira en 9 \u00f6ldum fyrr. Sp\u00e1s\u00f6gn Jes\u00fa (13.2) r\u00e6ttist, \u00feegar T\u00edtus hersh\u00f6f\u00f0ingi, s\u00ed\u00f0ar keisari \u00ed R\u00f3m, hrifsa\u00f0i Jer\u00fasalem \u00far h\u00f6ndum Gy\u00f0inga, er gert h\u00f6f\u00f0u uppreisn gegn r\u00f3marvaldinu, og lag\u00f0i musteri\u00f0 \u00ed r\u00fast \u00e1ri\u00f0 70 e.Kr.<\/p>\n<p><strong>13.3 <\/strong><em>Ol\u00edufjallinu:<\/em>Sj\u00e1 athugagrein vi\u00f0 11.1<\/p>\n<p><strong>13.10\u00a0<\/strong><em>fagna\u00f0arerindi\u00f0: <\/em>Sj\u00e1 athugagreinar \u00e1 bls. 1812 og vi\u00f0 10.29,30.<\/p>\n<p><strong>13.11\u00a0<\/strong><em>heilagur andi:<\/em>Sj\u00e1 athugagrein vi\u00f0 1.18.<\/p>\n<p><strong>13.12\u00a0<\/strong><em>br\u00f3\u00f0ur selja br\u00f3\u00f0ur \u00ed dau\u00f0a:\u00a0<\/em>Sumir \u00feeir sem vildu hafa Jes\u00fa a\u00f0 lei\u00f0toga voru taldir hafa sviki\u00f0 \u00e6ttmenni s\u00edn.<\/p>\n<p><strong>13.13\u00a0<\/strong><em>ver\u00f0ur h\u00f3lpinn: <\/em>Merkir: &#8222;Mun eignast eil\u00edft l\u00edf&#8220; (sj\u00e1 athugagrein vi\u00f0 10.17).<\/p>\n<p><strong>13.14\u00a0<\/strong><em>vi\u00f0urstygg\u00f0 ey\u00f0ingarinnar standa \u00fear er s\u00edst skyldi:\u00a0<\/em>H\u00e9r vitnar Jes\u00fas tr\u00falega til sp\u00e1d\u00f3ms \u00feess efnis, a\u00f0 skur\u00f0go\u00f0i muni ver\u00f0a komi\u00f0 fyrir \u00ed musterinu og f\u00f3lk kn\u00fai\u00f0 til \u00feess a\u00f0 tilbi\u00f0ja \u00fea\u00f0 \u00ed sta\u00f0 Gu\u00f0s (Dan 9.27; 11.31 og 12.11). \u00deetta sama haf\u00f0i Ant\u00edokkus IV. Ep\u00edfanes konungur S\u00fdrlands gert \u00e1ri\u00f0 168 f. Kr.<\/p>\n<p><strong>13.15\u00a0<\/strong><em>uppi \u00e1 \u00feaki: <\/em>Sj\u00e1 athugagrein vi\u00f0 2.4.<\/p>\n<p><strong>13.18\u00a0<\/strong><em>um vetur:<\/em>Vetur \u00ed Palest\u00ednu eru kaldir og votvi\u00f0rasamir og er \u00fe\u00e1 vont fer\u00f0ave\u00f0ur.<\/p>\n<p><strong>13.21\u00a0<\/strong><em>Kristur: <\/em>Sj\u00e1 athugagrein vi\u00f0 8.29.<\/p>\n<p><strong>13.25 <\/strong><em>Stj\u00f6rnurnar<\/em>: Margir tr\u00fa\u00f0u \u00fev\u00ed, a\u00f0 stj\u00f6rnur himinsins v\u00e6ru go\u00f0m\u00f6gn sem \u00farslitum r\u00e9\u00f0u um l\u00edf manna og farna\u00f0.<\/p>\n<p><strong>13.26 <\/strong><em>Mannssoninn: <\/em>Sj\u00e1 athugagrein vi\u00f0 2.10. Sj\u00e1 og Dan 7.13 og Opb 1.7.<\/p>\n<p><strong>13.27\u00a0<\/strong><em>englana:<\/em>Sj\u00e1 athugagrein vi\u00f0 1.13.<\/p>\n<p><strong>13.28\u00a0<\/strong><em>f\u00edkjutr\u00e9nu:<\/em>Sj\u00e1 athugagrein vi\u00f0 11.13.<\/p>\n<p><strong>13.32\u00a0<\/strong><em>englar \u00e1 himni&#8230;sonurinn&#8230;fa\u00f0irinn:\u00a0<\/em>Sj\u00e1 athugagreinar vi\u00f0 1.13 (englar), 1.1 (Sonur Gu\u00f0s og 8.38 (f\u00f6\u00f0ur). H\u00e9r \u00e1 Jes\u00fas vi\u00f0 \u00fea\u00f0, a\u00f0 enginn geti vita\u00f0 hven\u00e6r hann komi aftur og \u00fev\u00ed ver\u00f0i menn a\u00f0 vera vi\u00f0b\u00fanir hverja stund.<\/p>\n","protected":false},"excerpt":{"rendered":"<p>13.1 helgid\u00f3minum: Sj\u00e1 athugagrein vi\u00f0 1.5 (Jer\u00fasalem). Her\u00f3des mikli reisti <a href=\"https:\/\/biblian.is\/fraedsla\/ritskyring\/markusargudspjall-13-kafli\/\"> [&#8230;]<\/a><\/p>\n","protected":false},"author":1,"featured_media":0,"parent":4829,"menu_order":0,"comment_status":"closed","ping_status":"closed","template":"","meta":{"footnotes":""},"class_list":["post-5211","page","type-page","status-publish","hentry"],"_links":{"self":[{"href":"https:\/\/biblian.is\/fraedsla\/wp-json\/wp\/v2\/pages\/5211","targetHints":{"allow":["GET"]}}],"collection":[{"href":"https:\/\/biblian.is\/fraedsla\/wp-json\/wp\/v2\/pages"}],"about":[{"href":"https:\/\/biblian.is\/fraedsla\/wp-json\/wp\/v2\/types\/page"}],"author":[{"embeddable":true,"href":"https:\/\/biblian.is\/fraedsla\/wp-json\/wp\/v2\/users\/1"}],"replies":[{"embeddable":true,"href":"https:\/\/biblian.is\/fraedsla\/wp-json\/wp\/v2\/comments?post=5211"}],"version-history":[{"count":0,"href":"https:\/\/biblian.is\/fraedsla\/wp-json\/wp\/v2\/pages\/5211\/revisions"}],"up":[{"embeddable":true,"href":"https:\/\/biblian.is\/fraedsla\/wp-json\/wp\/v2\/pages\/4829"}],"wp:attachment":[{"href":"https:\/\/biblian.is\/fraedsla\/wp-json\/wp\/v2\/media?parent=5211"}],"curies":[{"name":"wp","href":"https:\/\/api.w.org\/{rel}","templated":true}]}}