{"id":5208,"date":"2019-04-22T14:15:29","date_gmt":"2019-04-22T14:15:29","guid":{"rendered":"https:\/\/biblian.is\/fraedsla\/?page_id=5208"},"modified":"2026-04-17T13:01:15","modified_gmt":"2026-04-17T13:01:15","slug":"markusargudspjall-12-kafli","status":"publish","type":"page","link":"https:\/\/biblian.is\/fraedsla\/ritskyring\/markusargudspjall-12-kafli\/","title":{"rendered":"Mark\u00fasargu\u00f0spjall 12. kafli"},"content":{"rendered":"<p><strong>12.1\u00a0<\/strong><em>d\u00e6mis\u00f6gu:<\/em>Sj\u00e1 athugagrein vi\u00f0 4.2.<\/p>\n<p><strong>12.1\u00a0<\/strong><em>v\u00edngar\u00f0:<\/em>V\u00ednber eru r\u00e6ktu\u00f0 \u00ed v\u00edng\u00f6r\u00f0um. V\u00ednvir\u00f0urinn \u00fearf mikillar hir\u00f0ingar vi\u00f0. Visnar greinar eru sni\u00f0nar af og \u00fea\u00f0 \u00fearf a\u00f0 losa um moldina og reita illgresi. Margir verkamenn komu a\u00f0 \u00feessu. V\u00edngar\u00f0ar voru oftast \u00ed gr\u00fdttum fjallshl\u00ed\u00f0um og utan um \u00fe\u00e1 var hla\u00f0inn grj\u00f3tveggur. \u00c1 einum sta\u00f0 var gjarnan h\u00e1r var\u00f0turn, \u00fea\u00f0an sem au\u00f0velt var a\u00f0 vaka yfir d\u00fdrm\u00e6tri uppskerunni. V\u00edn\u00fer\u00fagurnar voru kramdar \u00ed s\u00e9rstakri \u00fer\u00f3, v\u00edn\u00fer\u00f6ng, sem h\u00f6ggvin var ni\u00f0ur \u00ed klett.<\/p>\n<p><strong>12.12\u00a0<\/strong><em>\u00deeir:<\/em>Sj\u00e1 11.27 og athugagrein vi\u00f0 8.31 (\u00f6ldungarnir, \u00e6\u00f0stu prestarnir og far\u00edsearnir).<\/p>\n<p>1<strong>2.13\u00a0<\/strong><em>far\u00edsea og Her\u00f3desarsinna:<\/em>Sj\u00e1 athugagreinar vi\u00f0 2.16 (far\u00edsear) og 3.6 (Her\u00f3desarsinnar).<\/p>\n<p><strong>12.14\u00a0<\/strong><em>gjalda keisaranum skatt: <\/em>Gy\u00f0ingar \u00ed Palest\u00ednu voru skattskyldir R\u00f3mverjum, sem r\u00e9\u00f0u l\u00f6gum og lofum \u00ed landi \u00feeirra. Keisarinn \u00ed R\u00f3m var \u00e6\u00f0stur valdamanna r\u00edkisins. Hef\u00f0i Jes\u00fas svara\u00f0 spurningunni neitandi, hef\u00f0i m\u00e1tt k\u00e6ra hann fyrir \u00f3hl\u00fd\u00f0ni vi\u00f0 r\u00f3mversku yfirv\u00f6ldin.<\/p>\n<p><strong>12.16\u00a0<\/strong><em>pening:<\/em>Denar var mynt me\u00f0 mynd af T\u00edber\u00edusi keisara \u00f6\u00f0rum megin. Hinum megin var \u00feessi \u00e1letrun: T\u00edber\u00edus keisari \u00c1g\u00fastus, sonur hins gu\u00f0d\u00f3mlega \u00c1g\u00fastusar.&#8220; Gy\u00f0ingar greiddu keisaranum skatta \u00ed \u00feessari myng.<\/p>\n<p><strong>12.18\u00a0<\/strong><em>Sadd\u00fakear:<\/em>\u00deeir voru au\u00f0ugir gy\u00f0ingar og h\u00f6f\u00f0u n\u00e1i\u00f0 samstarf vi\u00f0 prestana. Nafn flokksins er tr\u00falega dregi\u00f0 af &#8222;Zadok&#8220;, en svo h\u00e9t helsta prestafj\u00f6lskyldan (2Sam 20.25; 1Kon 1.39-45). Sadd\u00fakear h\u00e9ldu \u00fev\u00ed fram, a\u00f0 mikilv\u00e6gast af \u00f6llu v\u00e6ri a\u00f0 s\u00e6kja musteri\u00f0 og f\u00e6ra \u00fear f\u00f3rnir. Far\u00edsear tr\u00fa\u00f0u \u00fev\u00ed, a\u00f0 hugsanlega v\u00e6ri l\u00edf eftir dau\u00f0ann, en Sadd\u00fakear h\u00f6fnu\u00f0u \u00feessu \u00e1 \u00feeirri forsendu a\u00f0 ekkert v\u00e6ri \u00e1 \u00fea\u00f0 minnst \u00ed l\u00f6gm\u00e1li M\u00f3se (Post. 23.8). Sj\u00e1 athugagrein vi\u00f0 10.17.<\/p>\n<p><strong>12.19\u00a0<\/strong><em>br\u00f3\u00f0ir hans ganga a\u00f0 eiga ekkjuna: <\/em>Ef kv\u00e6ntur ma\u00f0ur d\u00f3 barnlaus var til si\u00f0s \u00ed \u00cdsrael til forna a\u00f0 einhver br\u00e6\u00f0ra hans t\u00e6ki a\u00f0 s\u00e9r a\u00f0 ganga a\u00f0 eiga ekkjuna. F\u00e6ri svo, a\u00f0 br\u00f3\u00f0irinn og ekkjan eignu\u00f0ust b\u00f6rn, skyldi liti\u00f0\u00e1 hi\u00f0 elsta \u00feeirra sem barn l\u00e1tna mannsins og \u00fea\u00f0 bera nafn hans svo tryggt yr\u00f0i, a\u00f0 af honum yr\u00f0u \u00e6ttir a\u00f0 kalla m\u00e6tti. \u00deessu \u00e1kv\u00e6\u00f0i var ekki lengur jafn stranglega framfylgt \u00e1 d\u00f6gum Jes\u00fa og veri\u00f0 haf\u00f0i \u00e1\u00f0ur. Samt beittu Sadd\u00fakear \u00fev\u00ed fyrir sig (5M\u00f3s 25.5-10) er \u00feeir spur\u00f0u Jes\u00fa um l\u00edf eftir dau\u00f0ann.<\/p>\n<p><strong>12.25 <\/strong><em>\u00deegar menn r\u00edsa upp fr\u00e1 dau\u00f0um&#8230;englar:\u00a0<\/em>Sj\u00e1 athugagrein vi\u00f0 10.17 (eil\u00edft l\u00edf) og 1.13 (Satan&#8230;englar). Jes\u00fas segir l\u00edf eftir dau\u00f0ann ger\u00f3l\u00edkt \u00fev\u00ed l\u00edfi, sem lifar er \u00e1 j\u00f6r\u00f0unni.<\/p>\n<p><strong>12.27 <\/strong><em>Ekki er hann Gu\u00f0 dau\u00f0ra: <\/em>Jes\u00fas heldur \u00fev\u00ed fram, a\u00f0 s\u00e9 Gu\u00f0 s\u00e1 sem tilbe\u00f0inn var af Abraham, \u00cdsak og Jakobi (12.26), sem Gu\u00f0 ger\u00f0i s\u00e1ttm\u00e1la vi\u00f0 \u00ed fyrndinni, \u00fe\u00e1 hlj\u00f3ti \u00feeir me\u00f0 einhverjum h\u00e6tti a\u00f0 lifa enn, \u00fear e\u00f0 Gu\u00f0 er Gu\u00f0 lifenda.<\/p>\n<p><strong>12.28 <\/strong><em>fr\u00e6\u00f0ima\u00f0ur einn&#8230;svara\u00f0 \u00feeim (Sadd\u00fakeunum) vel:<\/em>Sj\u00e1 athugagreinar vi\u00f0 12.38 (fr\u00e6\u00f0imennina) og 12.18 (Sadd\u00fakear).<\/p>\n<p><strong>12.33\u00a0<\/strong><em>brennif\u00f3rnum og sl\u00e1turf\u00f3rnum: <\/em>\u00deegar musteri\u00f0 \u00ed Jer\u00fasalem var enn vi\u00f0 l\u00fd\u00f0i, \u00e1\u00f0ur en R\u00f3mverjar l\u00f6g\u00f0u \u00fea\u00f0 \u00ed r\u00fast \u00e1ri\u00f0 70 e.Kr., skyldu r\u00e9tttr\u00faa\u00f0ir Gy\u00f0ingar koma \u00feanga\u00f0 og f\u00e6ra f\u00f3rnir. En \u00fdmsir sp\u00e1mannanna \u00ed \u00cdsrael minntu og \u00e1 nau\u00f0syn \u00feess a\u00f0 menn hj\u00e1lpu\u00f0u hver \u00f6\u00f0rum (stundu\u00f0u r\u00e9ttl\u00e6ti); sj\u00e1 Jes 1.10-17; H\u00f3s 6.6 og Amos 5.21-24.<\/p>\n<p><strong>12.34 <\/strong><em>Gu\u00f0s r\u00edki: <\/em>Sj\u00e1 athugagrein vi\u00f0 1.15.<\/p>\n<p><strong>12.35 <\/strong><em>helgid\u00f3minum: <\/em>Sj\u00e1 athugagrein vi\u00f0 13.1.<\/p>\n<p><strong>12.35 <\/strong><em>fr\u00e6\u00f0imennirnir: <\/em>Sj\u00e1 athugagrein vi\u00f0 12.38.<\/p>\n<p><strong>12.35 <\/strong><em>Kristur s\u00e9 sonur Dav\u00ed\u00f0s: <\/em>Sj\u00e1 athugagreinar vi\u00f0 8.29 (Mess\u00edas) og 10.47 (Sonur Dav\u00ed\u00f0s).<\/p>\n<p><strong>12.36 <\/strong><em>heil\u00f6gum anda&#8230;til h\u00e6gri handar:<\/em> Sj\u00e1 athugagreinar vi\u00f0 1.8 (Heilagur andi) og 10.37 (h\u00e6gri handar).<\/p>\n<p><strong>12.37\u00a0<\/strong><em>Dav\u00ed\u00f0&#8230;sonur hans: <\/em>Sj\u00e1 athugagrein vi\u00f0 10.47.<\/p>\n<p><strong>12.38\u00a0<\/strong><em>fr\u00e6\u00f0imennina: <\/em>\u00deeir voru l\u00e6rimeistarar, sem ranns\u00f6ku\u00f0u ritningarnar (l\u00f6gm\u00e1l M\u00f3se) og kenndu \u00f6\u00f0rum a\u00f0 lifa samkv\u00e6mt l\u00f6gm\u00e1linu. L\u00f6gm\u00e1li\u00f0 er a\u00f0 finna \u00ed fyrstu 5 ritum Gamla testamentis, M\u00f3seb\u00f3kunum svonefndu.<\/p>\n<p><strong>12.38-40 <\/strong><em>s\u00ed\u00f0skikkjum&#8230;langar b\u00e6nir: <\/em>Jes\u00fas nefnir h\u00e9r sitthva\u00f0 \u00fea\u00f0, sem fr\u00e6\u00f0imennirnir h\u00f6f\u00f0ust a\u00f0 til \u00feess a\u00f0 l\u00e1ta taka eftir s\u00e9r. S\u00ed\u00f0skikkjurnar voru yfirhafnir, sem kl\u00e6\u00f0st var vi\u00f0 b\u00e6nagj\u00f6r\u00f0 og helgiathafnir. En svo er a\u00f0 sj\u00e1, a\u00f0 fr\u00e6\u00f0imennirnir hafi l\u00edka gengi\u00f0 \u00ed \u00feeim \u00e1 g\u00f6tum \u00fati til \u00feess a\u00f0 vekja \u00e1 s\u00e9r athygli. Ennfremur vildu \u00feeir sitja \u00ed hef\u00f0ars\u00e6tum \u00ed veislum og flytja langar b\u00e6nir \u00ed \u00fev\u00ed skyni a\u00f0 \u00feeir yr\u00f0u taldir \u00f6\u00f0rum m\u00f6nnum mikilv\u00e6gari fyrir augliti Gu\u00f0s. Sumir \u00feeirra \u00fe\u00e1gu af ekkjum h\u00e1ar peningagrei\u00f0slur fyrir r\u00e1\u00f0gj\u00f6f og fyrirb\u00e6n. \u00deess voru og d\u00e6mi, a\u00f0 ekkjurnar g\u00e6fu \u00feeim jafnvel h\u00fas s\u00edn.<\/p>\n<p><strong>12.41\u00a0<\/strong><em>fj\u00e1rhirslunni: <\/em>Fj\u00e1rhirslur voru keilumyndu\u00f0 \u00edl\u00e1t \u00ed forgar\u00f0i kvennanna \u00ed musterinu og vissi mj\u00f3rri endinn ni\u00f0ur.<\/p>\n<p><strong>12.42 <\/strong><em>tvo sm\u00e1peninga&#8230;eins eyris vir\u00f0i: <\/em>\u00deessar myntir hafa veri\u00f0 gr\u00edskir peningar, svonefndur <em>lepton<\/em>, sm\u00e6sta mynteiningin. H\u00f6fu\u00f0atri\u00f0i\u00f0 er, a\u00f0 hin f\u00e1t\u00e6klega gj\u00f6f ekkjunnar var aleiga hennar.<\/p>\n","protected":false},"excerpt":{"rendered":"<p>12.1\u00a0d\u00e6mis\u00f6gu:Sj\u00e1 athugagrein vi\u00f0 4.2. 12.1\u00a0v\u00edngar\u00f0:V\u00ednber eru r\u00e6ktu\u00f0 \u00ed v\u00edng\u00f6r\u00f0um. V\u00ednvir\u00f0urinn <a href=\"https:\/\/biblian.is\/fraedsla\/ritskyring\/markusargudspjall-12-kafli\/\"> [&#8230;]<\/a><\/p>\n","protected":false},"author":1,"featured_media":0,"parent":4829,"menu_order":0,"comment_status":"closed","ping_status":"closed","template":"","meta":{"footnotes":""},"class_list":["post-5208","page","type-page","status-publish","hentry"],"_links":{"self":[{"href":"https:\/\/biblian.is\/fraedsla\/wp-json\/wp\/v2\/pages\/5208","targetHints":{"allow":["GET"]}}],"collection":[{"href":"https:\/\/biblian.is\/fraedsla\/wp-json\/wp\/v2\/pages"}],"about":[{"href":"https:\/\/biblian.is\/fraedsla\/wp-json\/wp\/v2\/types\/page"}],"author":[{"embeddable":true,"href":"https:\/\/biblian.is\/fraedsla\/wp-json\/wp\/v2\/users\/1"}],"replies":[{"embeddable":true,"href":"https:\/\/biblian.is\/fraedsla\/wp-json\/wp\/v2\/comments?post=5208"}],"version-history":[{"count":0,"href":"https:\/\/biblian.is\/fraedsla\/wp-json\/wp\/v2\/pages\/5208\/revisions"}],"up":[{"embeddable":true,"href":"https:\/\/biblian.is\/fraedsla\/wp-json\/wp\/v2\/pages\/4829"}],"wp:attachment":[{"href":"https:\/\/biblian.is\/fraedsla\/wp-json\/wp\/v2\/media?parent=5208"}],"curies":[{"name":"wp","href":"https:\/\/api.w.org\/{rel}","templated":true}]}}