{"id":5206,"date":"2019-04-22T14:13:11","date_gmt":"2019-04-22T14:13:11","guid":{"rendered":"https:\/\/biblian.is\/fraedsla\/?page_id=5206"},"modified":"2026-04-17T13:01:15","modified_gmt":"2026-04-17T13:01:15","slug":"markusargudspjall-11-kafli","status":"publish","type":"page","link":"https:\/\/biblian.is\/fraedsla\/ritskyring\/markusargudspjall-11-kafli\/","title":{"rendered":"Mark\u00fasargu\u00f0spjall 11. kafli"},"content":{"rendered":"<p><strong>11.1\u00a0<\/strong><em>Betfage og Getan\u00edu vi\u00f0 Ol\u00edufjalli\u00f0<\/em>: Betfage, sem \u00fe\u00fd\u00f0ir &#8222;f\u00edkjuh\u00fas&#8220; var l\u00edti\u00f0 \u00feorp einhvers sta\u00f0ar \u00e1 milli Jer\u00edk\u00f3 og Jer\u00fasalem. Betan\u00eda er b\u00e6r \u00ed hl\u00ed\u00f0um Ol\u00edufjallsins um 3 k\u00edl\u00f3metra \u00ed austur fr\u00e1 Jer\u00fasalem.\u00a0Ol\u00edufjalli\u00f0, skammt fyrir austan musterissv\u00e6\u00f0i\u00f0 \u00ed Jer\u00fasalem, er fj\u00f6gurra k\u00edl\u00f3metra langur hryggur og hluti af fjallgar\u00f0i sem liggur fr\u00e1 nor\u00f0ri til su\u00f0urs eftir mi\u00f0biki og su\u00f0urhluta Palest\u00ednu. Nafn sitt dregur \u00fea\u00f0 af ol\u00eduvi\u00f0i sem dafnar \u00ed s\u00f3lr\u00edkum hl\u00ed\u00f0um \u00feess. \u00dear sem \u00fea\u00f0 er \u00e1 anna\u00f0 hundra\u00f0 metrum h\u00e6rra en musterissv\u00e6\u00f0i\u00f0 blasti \u00fea\u00f0 vi\u00f0 augum l\u00e6risveinanna \u00e1 me\u00f0an Jes\u00fas sag\u00f0i fyrir um endalok musterisins (13.3).<\/p>\n<p><strong>11.2\u00a0<\/strong><em>fola:<\/em>Sj\u00e1 Sak 9.9 \u00fear sem sagt er fyrir um komu \u00cdsraelskonungs r\u00ed\u00f0andi \u00e1 ungum \u00f6snufola.<\/p>\n<p><strong>11.8 <\/strong><em>breiddu kl\u00e6\u00f0i s\u00edn&#8230;lim, sem \u00feeir h\u00f6f\u00f0u skori\u00f0 af trj\u00e1num:<\/em>Me\u00f0 \u00feessum h\u00e6tti, me\u00f0al annars, f\u00f6gnu\u00f0u gy\u00f0ingar fr\u00e6g\u00f0arf\u00f3lki.<\/p>\n<p><strong>11.10\u00a0<\/strong><em>komandi r\u00edki f\u00f6\u00f0ur vors Dav\u00ed\u00f0s:<\/em>Sj\u00e1 athugagrein vi\u00f0 10.47.<\/p>\n<p><strong>11.11\u00a0<\/strong><em>Jer\u00fasalem&#8230;helgid\u00f3minn:<\/em>Sj\u00e1 athugagrein vi\u00f0 13.1.<\/p>\n<p><strong>11.13\u00a0<\/strong><em>f\u00edkjutr\u00e9:<\/em>\u00c1vextir f\u00edkjutr\u00e9sins voru umtalsver\u00f0ur hluti f\u00e6\u00f0u manna. \u00cd j\u00fan\u00ed \u00e1tu menn f\u00edkjurnar n\u00fdjar, en tveimur m\u00e1nu\u00f0um s\u00ed\u00f0ar bar tr\u00e9\u00f0 enn \u00e1v\u00f6xt sem var \u00feurrka\u00f0ur og geymdur til vetrarins.<\/p>\n<p><strong>11.15\u00a0<\/strong><em>helgid\u00f3minn&#8230;selja \u00fear og kaupa&#8230;v\u00edxlaranna&#8230;d\u00fafnasalanna: <\/em>Sj\u00e1 athugagrein vi\u00f0 13.1 (musteri\u00f0). \u00cd musterinu fengust keyptar skepnur sem f\u00f3rna\u00f0 var Gu\u00f0i. \u00deeir sem \u00ed \u00feessu skyni seldu fugla og ferf\u00e6tlinga settu upp st\u00edur og b\u00far \u00ed forgar\u00f0i hei\u00f0ingjanna, sem svo var kalla\u00f0ur. \u00dearna voru l\u00edka bor\u00f0 \u00feeirra sem skiptu peningum a\u00f0komumanna \u00ed \u00fe\u00e1 mynt sem tekin var gild \u00ed musterinu. Stundum vildi brenna vi\u00f0 a\u00f0 svindla\u00f0 v\u00e6ri \u00e1 vi\u00f0skiptavinunum. Sj\u00e1 n\u00e1nar &#8222;<a href=\"https:\/\/biblian.is\/fraedsla\/ordtakasafn\/vixlararnir-i-musterinu\/\">V\u00edxlararnir \u00ed musterinu<\/a>&#8222;.<\/p>\n<p><strong>11.18\u00a0<\/strong><em>\u00c6\u00f0stu prestarnir og fr\u00e6\u00f0imennirnir:<\/em>Sj\u00e1 athugagreinar vi\u00f0 8.31 (\u00e6\u00f0stu prestarnir) og 12.38 (fr\u00e6\u00f0imennirnir).<\/p>\n<p><strong>11.20\u00a0<\/strong><em>f\u00edkjutr\u00e9nu: <\/em>Sj\u00e1 athugagrein vi\u00f0 11.13.<\/p>\n<p><strong>11.21\u00a0<\/strong><em>P\u00e9tur:<\/em>Sj\u00e1 athugagrein vi\u00f0 1.16 (S\u00edmon).<\/p>\n<p><strong>11.22\u00a0<\/strong><em>Tr\u00fai\u00f0 \u00e1 Gu\u00f0: <\/em><a href=\"https:\/\/biblian.is\/fraedsla\/ordtakasafn\/tru\/\">Sj\u00e1 &#8222;Tr\u00fa&#8220; \u00ed or\u00f0takasafni.<\/a><\/p>\n<p><strong>11.26-26\u00a0<\/strong><em>\u00feegar \u00fei\u00f0 eru\u00f0 a\u00f0 bi\u00f0ja:<\/em>\u00c1 d\u00f6gum Jes\u00fa b\u00e1\u00f0ust menn yfirleitt fyrir \u00ed augs\u00fdn annarra, anna\u00f0 hvort \u00ed musterinu e\u00f0a \u00fe\u00e1 \u00ed samkunduh\u00fasunum. \u00deeir f\u00f3rnu\u00f0u h\u00f6ndum \u00feegar \u00feeir b\u00e1\u00f0u til Gu\u00f0s. Jes\u00fas hvatti til \u00feess a\u00f0 be\u00f0ist v\u00e6ri fyrirgefningar \u00e1 misgj\u00f6r\u00f0um.<a href=\"https:\/\/biblian.is\/fraedsla\/ordtakasafn\/baen\/\"> Sj\u00e1 og &#8222;B\u00e6n&#8220; \u00ed or\u00f0takasafni.<\/a><\/p>\n<p><strong>11.25-26\u00a0<\/strong><em>fyrirgefi&#8230;misgj\u00f6r\u00f0ir ykkar: <\/em>Sj\u00e1 athugagrein vi\u00f0 1.4 (l\u00e1ta sk\u00edrast). Sj\u00e1 og Matt 6.14-15.<\/p>\n<p><strong>11.27\u00a0<\/strong><em>Jer\u00fasalem&#8230;helgid\u00f3minum:<\/em>Sj\u00e1 athugagrein vi\u00f0 1.5 (Jer\u00fasalem) og 13.1 (helgid\u00f3murinn).<\/p>\n<p><strong>11.27\u00a0<\/strong><em>\u00e6\u00f0stuprestarnir, fr\u00e6\u00f0imennirnir og \u00f6ldungarnir<\/em>: Sj\u00e1 athugagreinar vi\u00f0 8.31 (\u00e6\u00f0stuprestarnir og \u00f6ldungarnir) og 12.38 (fr\u00e6\u00f0imennirnir).<\/p>\n<p><strong>11.30\u00a0<\/strong><em>J\u00f3hannes: <\/em>J\u00f3hannes sk\u00edrari. <a href=\"https:\/\/biblian.is\/fraedsla\/ordtakasafn\/johannes-skirari\/\">Sj\u00e1 um J\u00f3hannes sk\u00edrara \u00ed or\u00f0takasafni<\/a>.<\/p>\n<p><strong>11.32 <\/strong><em>sp\u00e1ma\u00f0ur:<\/em>Sj\u00e1 athugagrein vi\u00f0 8.28.<\/p>\n","protected":false},"excerpt":{"rendered":"<p>11.1\u00a0Betfage og Getan\u00edu vi\u00f0 Ol\u00edufjalli\u00f0: Betfage, sem \u00fe\u00fd\u00f0ir &#8222;f\u00edkjuh\u00fas&#8220; var <a href=\"https:\/\/biblian.is\/fraedsla\/ritskyring\/markusargudspjall-11-kafli\/\"> [&#8230;]<\/a><\/p>\n","protected":false},"author":1,"featured_media":0,"parent":4829,"menu_order":0,"comment_status":"closed","ping_status":"closed","template":"","meta":{"footnotes":""},"class_list":["post-5206","page","type-page","status-publish","hentry"],"_links":{"self":[{"href":"https:\/\/biblian.is\/fraedsla\/wp-json\/wp\/v2\/pages\/5206","targetHints":{"allow":["GET"]}}],"collection":[{"href":"https:\/\/biblian.is\/fraedsla\/wp-json\/wp\/v2\/pages"}],"about":[{"href":"https:\/\/biblian.is\/fraedsla\/wp-json\/wp\/v2\/types\/page"}],"author":[{"embeddable":true,"href":"https:\/\/biblian.is\/fraedsla\/wp-json\/wp\/v2\/users\/1"}],"replies":[{"embeddable":true,"href":"https:\/\/biblian.is\/fraedsla\/wp-json\/wp\/v2\/comments?post=5206"}],"version-history":[{"count":0,"href":"https:\/\/biblian.is\/fraedsla\/wp-json\/wp\/v2\/pages\/5206\/revisions"}],"up":[{"embeddable":true,"href":"https:\/\/biblian.is\/fraedsla\/wp-json\/wp\/v2\/pages\/4829"}],"wp:attachment":[{"href":"https:\/\/biblian.is\/fraedsla\/wp-json\/wp\/v2\/media?parent=5206"}],"curies":[{"name":"wp","href":"https:\/\/api.w.org\/{rel}","templated":true}]}}