{"id":5202,"date":"2019-04-22T14:04:24","date_gmt":"2019-04-22T14:04:24","guid":{"rendered":"https:\/\/biblian.is\/fraedsla\/?page_id=5202"},"modified":"2026-04-17T13:01:16","modified_gmt":"2026-04-17T13:01:16","slug":"markusargudspjall-9-kafli","status":"publish","type":"page","link":"https:\/\/biblian.is\/fraedsla\/ritskyring\/markusargudspjall-9-kafli\/","title":{"rendered":"Mark\u00fasargu\u00f0spjall 9. kafli"},"content":{"rendered":"<p><strong>9.1<\/strong> <em>Nokkrir \u00feeirra sem h\u00e9r standa munu eigi deyja fyrr en \u00feeir sj\u00e1 Gu\u00f0s r\u00edki:<\/em> Sj\u00e1 athugagrein vi\u00f0 1.15 (Gu\u00f0s r\u00edki). Veri\u00f0 getur, a\u00f0 Jes\u00fas eigi h\u00e9r vi\u00f0 \u00fea\u00f0 er hann ummynda\u00f0ist uppi \u00e1 fjallinu (9.2-8). En eins kann a\u00f0 vera a\u00f0 hann v\u00edsi h\u00e9r til dau\u00f0a s\u00edns og upprisu.<\/p>\n<p><strong>9.2<\/strong> <em>P\u00e9tur, Jakob og J\u00f3hannes:<\/em> Sj\u00e1 athugagreinar vi\u00f0 1.16 (S\u00edmon) og 1.19 (Jakob og J\u00f3hannes). \u00deessir \u00fer\u00edr eru oft \u00ed fylgd me\u00f0 Jes\u00fa \u00feegar \u00fe\u00fd\u00f0ingarmiklir atbur\u00f0ir ver\u00f0a (1.29; 5.37; 14.33).<\/p>\n<p><strong>9.4<\/strong> <em>El\u00eda og M\u00f3se:<\/em> Gu\u00f0 f\u00f3l M\u00f3se a\u00f0 lei\u00f0a hebrea \u00fat \u00far \u00fer\u00e6lah\u00fasinu \u00ed Egyptalandi (2M\u00f3s 3-14) og kunngj\u00f6ra \u00fej\u00f3\u00f0inni bo\u00f0or\u00f0in t\u00edu. <a href=\"https:\/\/biblian.is\/fraedsla\/ordtakasafn\/mose\/\">Sj\u00e1 og &#8222;M\u00f3se&#8220;.<\/a> El\u00eda var sp\u00e1ma\u00f0ur sem br\u00fdndi fyrir l\u00f6ndum s\u00ednum a\u00f0 tilbi\u00f0ja Gu\u00f0 einan. M\u00f3se og El\u00eda eru fulltr\u00faar hins miklv\u00e6gasta \u00ed regluritasafni gy\u00f0inga (Gamla testamenti), \u00fe.e. l\u00f6gm\u00e1lins og sp\u00e1mannanna. \u00deessir merkisbera tvo valdi Gu\u00f0 til \u00feess a\u00f0 kenna l\u00fd\u00f0 s\u00ednum n\u00fdja l\u00edfsh\u00e1ttu, \u00e1 sama h\u00e1tt og Jes\u00fas kenndi l\u00e6risveinum s\u00ednum.<\/p>\n<p><strong>9.5<\/strong> <em>tjaldb\u00fa\u00f0ir<\/em>: P\u00e9tur vildi a\u00f0 d\u00fdrleg stundin \u00e1 fjallinu myndi vara vi\u00f0.<\/p>\n<p><strong>9.9<\/strong> <em>Mannssonurinn v\u00e6ri risinn upp fr\u00e1 dau\u00f0um:<\/em> Sj\u00e1 athugagreinar vi\u00f0 1.44 (G\u00e6t \u00feess a\u00f0 segja engum neitt) og 2.10 (Mannssonurinn). Jes\u00fas vissi a\u00f0 f\u00f3lki\u00f0 v\u00e6nti stj\u00f3rnm\u00e1lalei\u00f0toga er r\u00edkja mundi \u00ed landinu l\u00edkt og konungur, e\u00f0a a\u00f0 \u00f6\u00f0rum kosti kraftaverkamanns. En k\u00f6llun Jes\u00fa var annars konar; verk hans yr\u00f0i \u00fe\u00e1 fyrst \u00e1 enda klj\u00e1\u00f0, er hann d\u00e6i til \u00feess a\u00f0 vinna sigur \u00e1 syndinni og sigra\u00f0i dau\u00f0ann, \u00feegar hann yr\u00f0i reistur upp fr\u00e1 dau\u00f0um.<\/p>\n<p><strong>9.11<\/strong> <em>a\u00f0 El\u00eda eigi fyrst a\u00f0 koma:<\/em> Sj\u00e1 athugagrein vi\u00f0 6.15 (El\u00eda). \u00deess var v\u00e6nst, a\u00f0 El\u00eda k\u00e6mi aftur \u00e1\u00f0ur en Mess\u00edas Gu\u00f0s birtist, og hafa \u00fev\u00ed margir velt \u00fev\u00ed fyrir s\u00e9r hvers vegna \u00feeir hef\u00f0u ekki enn s\u00e9\u00f0 El\u00eda, ef tr\u00faa skyldi \u00fev\u00ed a\u00f0 Jes\u00fas v\u00e6ri Mess\u00edas.<\/p>\n<p><strong>9.12\u00a0<\/strong><em>hvernig er rita\u00f0&#8230;?:<\/em> \u00c1tt er vi\u00f0 helgirit gy\u00f0inga, sem kristnir menn nefna Gamla testamenti.<\/p>\n<p><strong>9.12,13<\/strong> <em>V\u00edst kemur El\u00eda fyrst&#8230;El\u00eda er kominn:<\/em> Sj\u00e1 athugagrein vi\u00f0 6.15. Jes\u00fas kann a\u00f0 eiga vi\u00f0 J\u00f3hannes sk\u00edrara (Matt 11,14) , \u00feegar hann segir a\u00f0 El\u00eda hafi \u00feegar komi\u00f0 og m\u00e1tt m\u00e6ta h\u00f6r\u00f0u (9.13) Sj\u00e1 og 1Kon 19.2,10.<\/p>\n<p><strong>9.14<\/strong> <em>til l\u00e6risveinanna:<\/em> \u00c1tt er vi\u00f0 P\u00e9tur, Jakob og J\u00f3hannes (sj\u00e1 9.2).<\/p>\n<p><strong>9.14<\/strong> <em>fr\u00e6\u00f0imenn<\/em>: Sj\u00e1 athugagrein vi\u00f0 12.38.<\/p>\n<p><strong>9.17<\/strong><em> illum anda:<\/em> Sj\u00e1 athugagrein vi\u00f0 3.30. Drengurinn vir\u00f0ist hafa veri\u00f0 haldinn einhvers konar flogaveiki.<\/p>\n<p><strong>9.25<\/strong><em> \u00f3hreina andann:<\/em> Sj\u00e1 athugagrein vi\u00f0 3.30.<\/p>\n<p><strong>9.30<\/strong> <em>Gal\u00edleu<\/em>: Gal\u00edlea h\u00e9t nor\u00f0urhluti Palest\u00ednu, h\u00e9ra\u00f0i\u00f0 fyrir vestan \u00e1na J\u00f3rdan og Gal\u00edleuvatni\u00f0. \u00dea\u00f0 tilheyr\u00f0i fyrrum Nor\u00f0urr\u00edki \u00cdsraels, sem Ass\u00fdringar l\u00f6g\u00f0u undir sig \u00e1ri\u00f0 722 f. Kr. Seinna r\u00e9\u00f0u \u00fev\u00ed Bab\u00fdl\u00f3n\u00edumenn, Persar, Grikkir og S\u00fdrlendingar. R\u00f3mverjar innlimu\u00f0u Gal\u00edleu \u00ed heimsveldi sitt og r\u00edktu \u00fear um jar\u00f0vistardaga Jes\u00fa. Jes\u00fas \u00f3lst upp \u00ed Nasaret var, litlu \u00feorpi, sem aldrei er nefnt \u00e1 nafn \u00ed Gamla testamenti. Sj\u00e1 og athugagrein vi\u00f0 1.5 (\u00c1in J\u00f3rdan).<\/p>\n<p><strong>9.31<\/strong> <em>Mannssonurinn<\/em>: Sj\u00e1 athugagrein vi\u00f0 2.10. Beri\u00f0 \u00feetta vers saman vi\u00f0 8.31. L\u00e6risveinarnir skildu ekki hvers vegna Jes\u00fas \u00feyrfti a\u00f0 deyja (9.32).<\/p>\n<p><strong>9.33<\/strong> <em>Kaperna\u00fam<\/em>: Sj\u00e1 athugagrein vi\u00f0 1.21 (Kaperna\u00fam).<\/p>\n<p><strong>9.35<\/strong> <em>\u00fe\u00e1 t\u00f3lf:<\/em> Sj\u00e1 athugagrein vi\u00f0 3.16-19.<\/p>\n<p><strong>9.37<\/strong> <em>tekur vi\u00f0 einu sl\u00edku barni:<\/em> Sj\u00e1 athugagrein vi\u00f0 10.13.<\/p>\n<p><strong>9.38<\/strong><em> illa anda:<\/em> Sj\u00e1 athugagrein vi\u00f0 3.30. Jes\u00fas haf\u00f0i gefi\u00f0 l\u00e6risveinum s\u00ednum vald til \u00feess a\u00f0 reka \u00fat illa anda (3.14,15; 6,7).<\/p>\n<p><strong>9.42<\/strong> <em>t\u00e6lir til falls:<\/em> Sj\u00e1 athugagrein vi\u00f0 1.4 (l\u00e1ta sk\u00edrast).<\/p>\n<p><strong>9.42<\/strong> <em>mylnustein<\/em>: \u00deungur steinn, sem m\u00falasni dr\u00f3 yfir korn\u00f6xin \u00e1 \u00fereskivellinum til \u00feess a\u00f0 skilja hismi\u00f0 fr\u00e1 hveitinu.<\/p>\n<p><strong>9.43-44<\/strong> <em>h\u00f6nd \u00fe\u00edn t\u00e6lir \u00feig&#8230;\u00ed hinn \u00f3sl\u00f6kkvanda eld:<\/em> Jes\u00fas tekur stundum dj\u00fapt \u00ed \u00e1rinni til \u00feess a\u00f0 leggja \u00feunga \u00e1herslu \u00e1 merkingu or\u00f0a sinna. H\u00e9r bendir hann \u00e1, a\u00f0 l\u00edkamlegar \u00fej\u00e1ningar sem \u00fev\u00ed fylgja a\u00f0 missa h\u00f6nd e\u00f0a auga s\u00e9u ekki \u00feungb\u00e6rar mi\u00f0a\u00f0 vi\u00f0 kvalirnar \u00ed helv\u00edti. Sj\u00e1 og Matt 5.30.\u00a0\u00cd N\u00fdja testamenti er tala\u00f0 um afdrif rangl\u00e1tra \u00ed r\u00edki dau\u00f0ra (helju), sem er logandi kvalasta\u00f0ur (fremur \u00fe\u00f3 \u00e1stand en sta\u00f0ur). (Matt 5.22; L\u00fak16.23,14; Opb 20.14). <a href=\"https:\/\/biblian.is\/fraedsla\/ordtakasafn\/eldur\/\">Sj\u00e1 og &#8222;Eldur&#8220;<\/a>\u00a0 og <a href=\"https:\/\/biblian.is\/fraedsla\/ordtakasafn\/helviti\/\">&#8222;Helja&#8220;<\/a>.<\/p>\n<p><strong>9.43,44<\/strong> <em>\u00fear sem ormarnir deyja ekki og eldurinn slokknar ekki:<\/em> Vantar \u00ed sum handrit.<\/p>\n<p><strong>9.45,46<\/strong> <em>kasta\u00f0 \u00ed helv\u00edti:<\/em> Sum handrit b\u00e6ta vi\u00f0 &#8222;\u00fear sem ormarnir deyja ekki og eldurinn slokknar ekki.&#8220;<\/p>\n<p><strong>9.49<\/strong> <em>eldi saltast:<\/em> Sum handrit b\u00e6ta vi\u00f0 &#8222;s\u00e9rhver f\u00f3rn ver\u00f0ur s\u00f6ltu\u00f0 me\u00f0 salti.&#8220; Merkingin \u00ed \u00feessu versi kann a\u00f0 vera s\u00fa, a\u00f0 l\u00e6risveinar Krists ver\u00f0i a\u00f0 \u00fej\u00e1st vegna tr\u00faar sinnar.<\/p>\n<p><strong>9.50<\/strong> <em>Salt:<\/em> Salt var nota\u00f0 til \u00feess a\u00f0 for\u00f0a matv\u00e6lum fr\u00e1 skemmdum og brag\u00f0b\u00e6ta. A\u00f0 &#8222;saltast eldi&#8220; g\u00e6ti \u00fe\u00fdtt, a\u00f0 l\u00e6risveinar Jes\u00fa var\u00f0veittust hreinir og &#8222;hafi\u00f0 salt \u00ed sj\u00e1lfum ykkur&#8220; a\u00f0 \u00feeir skuli halda fri\u00f0 s\u00edn \u00ed milli. Sj\u00e1 og Matt 5.13.<\/p>\n","protected":false},"excerpt":{"rendered":"<p>9.1 Nokkrir \u00feeirra sem h\u00e9r standa munu eigi deyja fyrr <a href=\"https:\/\/biblian.is\/fraedsla\/ritskyring\/markusargudspjall-9-kafli\/\"> [&#8230;]<\/a><\/p>\n","protected":false},"author":1,"featured_media":0,"parent":4829,"menu_order":0,"comment_status":"closed","ping_status":"closed","template":"","meta":{"footnotes":""},"class_list":["post-5202","page","type-page","status-publish","hentry"],"_links":{"self":[{"href":"https:\/\/biblian.is\/fraedsla\/wp-json\/wp\/v2\/pages\/5202","targetHints":{"allow":["GET"]}}],"collection":[{"href":"https:\/\/biblian.is\/fraedsla\/wp-json\/wp\/v2\/pages"}],"about":[{"href":"https:\/\/biblian.is\/fraedsla\/wp-json\/wp\/v2\/types\/page"}],"author":[{"embeddable":true,"href":"https:\/\/biblian.is\/fraedsla\/wp-json\/wp\/v2\/users\/1"}],"replies":[{"embeddable":true,"href":"https:\/\/biblian.is\/fraedsla\/wp-json\/wp\/v2\/comments?post=5202"}],"version-history":[{"count":0,"href":"https:\/\/biblian.is\/fraedsla\/wp-json\/wp\/v2\/pages\/5202\/revisions"}],"up":[{"embeddable":true,"href":"https:\/\/biblian.is\/fraedsla\/wp-json\/wp\/v2\/pages\/4829"}],"wp:attachment":[{"href":"https:\/\/biblian.is\/fraedsla\/wp-json\/wp\/v2\/media?parent=5202"}],"curies":[{"name":"wp","href":"https:\/\/api.w.org\/{rel}","templated":true}]}}