{"id":5198,"date":"2019-04-22T13:54:30","date_gmt":"2019-04-22T13:54:30","guid":{"rendered":"https:\/\/biblian.is\/fraedsla\/?page_id=5198"},"modified":"2026-04-17T13:01:16","modified_gmt":"2026-04-17T13:01:16","slug":"markusargudspjall-7-kafli","status":"publish","type":"page","link":"https:\/\/biblian.is\/fraedsla\/ritskyring\/markusargudspjall-7-kafli\/","title":{"rendered":"Mark\u00fasargu\u00f0spjall 7. kafli"},"content":{"rendered":"<p><strong>7.1<\/strong> <em>far\u00edsear og nokkrir fr\u00e6\u00f0imenn, komnir fr\u00e1 Jer\u00fasalem:<\/em> Sj\u00e1 athugagreinar vi\u00f0 2.16 (Far\u00edsear), 12.38 (L\u00f6gm\u00e1lskennarar) og 1.5 (Jer\u00fasalem). Kenning Jes\u00fa og kraftaverk h\u00f6f\u00f0u ekki fari\u00f0 fram hj\u00e1 lei\u00f0togum gy\u00f0inga \u00ed Jer\u00fasalem og n\u00fa voru \u00feeir komnir nor\u00f0ur til \u00feess a\u00f0 hl\u00fd\u00f0a \u00e1 hann.<\/p>\n<p><strong>7.2<\/strong> <em>vanhelgum, \u00fea\u00f0 er \u00f3\u00fevegnum, h\u00f6ndum:<\/em> L\u00f6gm\u00e1l M\u00f3se m\u00e6lti svo fyrir a\u00f0 \u00f6ll f\u00e6\u00f0a yr\u00f0i \u00f3hrein ef menn snertu hana eftir a\u00f0 hafa fari\u00f0 h\u00f6ndum um eitthva\u00f0 \u00fea\u00f0 anna\u00f0, sem \u00f3hreint var tali\u00f0. Gy\u00f0ingum var \u00fev\u00ed skylt a\u00f0 \u00fevo s\u00e9r um hendurnar \u00e1\u00f0ur en \u00feeir settust a\u00f0 sn\u00e6\u00f0ingi.<\/p>\n<p><strong>7.3<\/strong> <em>\u00fevoi hendur s\u00ednar:<\/em> \u00c1 gr\u00edskunni stendur\u00a0<em>\u00fevoi &#8222;pygme&#8220;\u00a0<\/em>sem getur merkt &#8222;me\u00f0 hnefanum&#8220;, en merkingin er \u00f3lj\u00f3s. G\u00e6ti l\u00edka \u00fe\u00fdtt &#8222;upp a\u00f0 \u00falnli\u00f0&#8220; e\u00f0a &#8222;upp a\u00f0 olnboga.&#8220;<\/p>\n<p><strong>7.4<\/strong> <em>hreinsa bikara, k\u00f6nnur og eirkatla:<\/em> Hin munnlega erfikenning sem gy\u00f0ingar h\u00f6f\u00f0u \u00ed hei\u00f0ri vi\u00f0 hli\u00f0 l\u00f6gm\u00e1lsins m\u00e6lti svo fyrir a\u00f0 hva\u00f0eina sem keypt v\u00e6ri \u00e1 marka\u00f0inum og auk \u00feess allt \u00fea\u00f0 sem kynni a\u00f0 vera \u00f3hreint af \u00fev\u00ed a\u00f0 \u00fea\u00f0 hef\u00f0i komi\u00f0 vi\u00f0 \u00fea\u00f0 sem tali\u00f0 var \u00f3hreint, skyldi \u00fevegi\u00f0. Einkum gilti \u00feetta um \u00fea\u00f0 sem komst \u00ed snertingu vi\u00f0 mat og drykk. V\u00e6ri \u00f3hrein f\u00e6\u00f0a sett \u00e1 disk var\u00f0 allt \u00f3hreint sem \u00e1 hann kom. <a href=\"https:\/\/biblian.is\/fraedsla\/ordtakasafn\/hreinsanir-hreint-og-ohreint\/\">Sj\u00e1 &#8222;Hreinsanir (hreint og \u00f3hreint)&#8220;<\/a>.<\/p>\n<p><strong>7.6<\/strong> <em>Jesaja<\/em>: Sj\u00e1 athugagrein vi\u00f0 1.2.<\/p>\n<p><strong>7.11<\/strong> <em>\u00e9g gef \u00fea\u00f0 til musterisins:<\/em> \u00dea\u00f0 var \u00f3fr\u00e1v\u00edkjanleg regla hj\u00e1 gy\u00f0ingum, a\u00f0 seg\u00f0ust \u00feeir hafa gefi\u00f0 eitthva\u00f0 Gu\u00f0i, m\u00e1tti aldrei r\u00e1\u00f0stafa \u00fev\u00ed \u00f6\u00f0ru v\u00edsi. Fr\u00e6\u00f0imennirnir s\u00f6g\u00f0ust hafa gefi\u00f0 allar eigur s\u00ednar Gu\u00f0i. \u00dev\u00ed g\u00e6tu \u00feeir ekki nota\u00f0 \u00fea\u00f0 me\u00f0 \u00f6\u00f0rum h\u00e6tti, ekki einu sinni foreldrum s\u00ednum til a\u00f0sto\u00f0ar.<\/p>\n<p><strong>7.15-16<\/strong> <em>inn \u00ed hann&#8230;\u00fat fr\u00e1 honum:<\/em> L\u00f6gm\u00e1l M\u00f3se m\u00e6lti svo fyrir a\u00f0 \u00fea\u00f0 sem menn leg\u00f0u s\u00e9r til munns e\u00f0a snertu g\u00e6ti gert \u00fe\u00e1 \u00f3h\u00e6fa til \u00fe\u00e1ttt\u00f6ku \u00ed helgihaldinu. Jes\u00fas h\u00e9lt \u00fev\u00ed aftur \u00e1 m\u00f3ti fram, a\u00f0 engin f\u00e6\u00f0a ger\u00f0i menn \u00f3hreina heldur hitt, sem \u00feeir seg\u00f0u, \u00fev\u00ed a\u00f0 af or\u00f0unum m\u00e6tti r\u00e1\u00f0a \u00ed tr\u00fa \u00feeirra. <a href=\"https:\/\/biblian.is\/fraedsla\/ordtakasafn\/hreinsanir-hreint-og-ohreint\/\">Sj\u00e1 &#8222;Hreinsanir (hreint og \u00f3hreint)&#8220;.<\/a><\/p>\n<p><strong>7.24\u00a0<\/strong><em>bygg\u00f0a T\u00fdrusar:<\/em> Sj\u00e1 athugagrein vi\u00f0 3.7,8.<\/p>\n<p><strong>7.25<\/strong> <em>\u00f3hreinan anda:<\/em> Sj\u00e1 athugagrein vi\u00f0 3.30.<\/p>\n<p><strong>7.26<\/strong> <em>\u00e6ttu\u00f0 \u00far F\u00f6nik\u00edu s\u00fdrlensku:<\/em> Konan var hei\u00f0ingi (svo nefndu gy\u00f0ingar a\u00f0rar \u00fej\u00f3\u00f0ir). F\u00f6nik\u00eda var mj\u00f3 landr\u00e6ma vi\u00f0 vestanvert Mi\u00f0jar\u00f0arhafi\u00f0. \u00cdb\u00faarnir voru margir farmenn, kaupmenn og fiskimenn og f\u00e6stir \u00feeirra gy\u00f0ingar.<\/p>\n<p><strong>7.27<\/strong> <em>kasta \u00fev\u00ed fyrir hundana:<\/em> \u00c1 \u00feessum t\u00edmum var ekki \u00f3algengt a\u00f0 gy\u00f0ingar uppnefndu hei\u00f0ingja og k\u00f6llu\u00f0u \u00fe\u00e1 hunda.<\/p>\n<p><strong>7.29<\/strong><em> illi andinn:<\/em> Sj\u00e1 athugagrein vi\u00f0 3.30.<\/p>\n<p><strong>7.31<\/strong> <em>um S\u00eddon&#8230;til Gal\u00edleuvatns<\/em>: N\u00e1nar um S\u00eddon \u00ed athugagrein vi\u00f0 3.7,8. Sj\u00e1 og mynd \u00e1 bls. 1879.<\/p>\n<p><strong>7.31<\/strong> <em>Dekap\u00f3lisbygg\u00f0ir<\/em>: Sj\u00e1 athugagrein vi\u00f0 5.20.<\/p>\n<p><strong>7.34<\/strong> <em>Effa\u00fea<\/em>: Or\u00f0 \u00far arame\u00edsku, tungunni sem t\u00f6lu\u00f0 var \u00ed Palest\u00ednu \u00ed \u00feennan t\u00edma.<\/p>\n<p><strong>7.36<\/strong> <em>banna\u00f0i \u00feeim a\u00f0 segja \u00feetta neinum<\/em>: Sj\u00e1 athugagrein vi\u00f0 1.44.<\/p>\n","protected":false},"excerpt":{"rendered":"<p>7.1 far\u00edsear og nokkrir fr\u00e6\u00f0imenn, komnir fr\u00e1 Jer\u00fasalem: Sj\u00e1 athugagreinar <a href=\"https:\/\/biblian.is\/fraedsla\/ritskyring\/markusargudspjall-7-kafli\/\"> [&#8230;]<\/a><\/p>\n","protected":false},"author":1,"featured_media":0,"parent":4829,"menu_order":0,"comment_status":"closed","ping_status":"closed","template":"","meta":{"footnotes":""},"class_list":["post-5198","page","type-page","status-publish","hentry"],"_links":{"self":[{"href":"https:\/\/biblian.is\/fraedsla\/wp-json\/wp\/v2\/pages\/5198","targetHints":{"allow":["GET"]}}],"collection":[{"href":"https:\/\/biblian.is\/fraedsla\/wp-json\/wp\/v2\/pages"}],"about":[{"href":"https:\/\/biblian.is\/fraedsla\/wp-json\/wp\/v2\/types\/page"}],"author":[{"embeddable":true,"href":"https:\/\/biblian.is\/fraedsla\/wp-json\/wp\/v2\/users\/1"}],"replies":[{"embeddable":true,"href":"https:\/\/biblian.is\/fraedsla\/wp-json\/wp\/v2\/comments?post=5198"}],"version-history":[{"count":0,"href":"https:\/\/biblian.is\/fraedsla\/wp-json\/wp\/v2\/pages\/5198\/revisions"}],"up":[{"embeddable":true,"href":"https:\/\/biblian.is\/fraedsla\/wp-json\/wp\/v2\/pages\/4829"}],"wp:attachment":[{"href":"https:\/\/biblian.is\/fraedsla\/wp-json\/wp\/v2\/media?parent=5198"}],"curies":[{"name":"wp","href":"https:\/\/api.w.org\/{rel}","templated":true}]}}