{"id":5192,"date":"2019-04-22T13:41:36","date_gmt":"2019-04-22T13:41:36","guid":{"rendered":"https:\/\/biblian.is\/fraedsla\/?page_id=5192"},"modified":"2026-04-17T13:01:15","modified_gmt":"2026-04-17T13:01:15","slug":"markusargudspjall-4-kafli","status":"publish","type":"page","link":"https:\/\/biblian.is\/fraedsla\/ritskyring\/markusargudspjall-4-kafli\/","title":{"rendered":"Mark\u00fasargu\u00f0spjall 4. kafli"},"content":{"rendered":"<p><strong>4.1\u00a0<\/strong><em>vatni\u00f0: Gal\u00edleuvatn.<\/em>Sj\u00e1 athugagrein vi\u00f0 1.16.<\/p>\n<p><strong>4.1\u00a0<\/strong><em>st\u00edga \u00ed b\u00e1t og sitja \u00fear:<\/em>Jes\u00fas hefur tr\u00falega fari\u00f0 um bor\u00f0 \u00ed b\u00e1tinn af \u00fev\u00ed a\u00f0 mannfj\u00f6ldinn \u00ferengdi a\u00f0 honum. \u00dea\u00f0 fer betur um \u00feann sem situr \u00ed b\u00e1ti heldur en hinn sem stendur, en l\u00e6rimeistarar \u00ed \u00cdsrael s\u00e1tu reyndar \u00feegar \u00feeir kenndu.<\/p>\n<p><strong>4.2\u00a0<\/strong><em>\u00ed d\u00e6mis\u00f6gum:<\/em>Gr\u00edska or\u00f0i\u00f0 sem \u00fe\u00fdtt er me\u00f0 &#8222;d\u00e6misaga&#8220; merkir &#8222;a\u00f0 leggja eitthva\u00f0 a\u00f0 l\u00edku, jafna einu vi\u00f0 eitthva\u00f0 anna\u00f0&#8220;. D\u00e6misaga er stutt fr\u00e1s\u00f6gn, sem flytur \u00e1kve\u00f0inn bo\u00f0skap. \u00cd N\u00fdja testamenti eru s\u00f6gur e\u00f0a atbur\u00f0ir \u00far daglega l\u00edfinu nota\u00f0ir \u00ed \u00fev\u00ed augnami\u00f0i a\u00f0 lj\u00faka upp leyndard\u00f3mum Gu\u00f0s r\u00edkis. <a href=\"https:\/\/biblian.is\/fraedsla\/ordtakasafn\/sogur-daemisogur\/\">Sj\u00e1 og &#8222;S\u00f6gur (d\u00e6mis\u00f6gur)&#8220;.<\/a><\/p>\n<p><strong>4.3\u00a0<\/strong><em>S\u00e1\u00f0ma\u00f0ur g\u00e9kk \u00fat a\u00f0 s\u00e1: <\/em>B\u00e6ndur undirbjuggu s\u00e1ningu me\u00f0 \u00fev\u00ed a\u00f0 brj\u00f3ta j\u00f6r\u00f0ina og t\u00edna \u00far jar\u00f0veginum grj\u00f3ti\u00f0. \u00deeir s\u00e1\u00f0u ni\u00f0ur korninu me\u00f0 \u00fev\u00ed a\u00f0 kasta \u00e1 j\u00f6r\u00f0ina hnefafylli \u00ed einu. Eftir \u00fea\u00f0 var akurinn pl\u00e6g\u00f0ur. Ef svo vildi verkast, f\u00f3ru stubbar af kornst\u00f6nglum fr\u00e1 fyrri uppskeru saman vi\u00f0 moldina og juku frj\u00f3magn hennar.\u00a0Fuglar tindu upp sum s\u00e1\u00f0kornin \u00e1\u00f0ur en \u00feau huldust mold. \u00d6nnur f\u00e9llu \u00e1 steina og \u00feornu\u00f0u \u00ed s\u00f3lskininu og enn \u00f6nnur h\u00f6fnu\u00f0u me\u00f0al illgresis.<\/p>\n<p><strong>4.10 <\/strong><em>\u00feeir t\u00f3lf:<\/em> Sj\u00e1 athugagrein vi\u00f0 3.16-19.<\/p>\n<p><strong>4.11\u00a0<\/strong><em>leyndard\u00f3mur Gu\u00f0s r\u00edkis<\/em>: Sj\u00e1 athugagrein vi\u00f0 1.15.<\/p>\n<p><strong>4.15\u00a0<\/strong><em>Satan<\/em>: Sj\u00e1 athugagrein vi\u00f0 1.13.<\/p>\n<p><strong>4.21\u00a0<\/strong><em>lj\u00f3s&#8230;m\u00e6liker:<\/em>\u00c1 d\u00f6gum Jes\u00fa t\u00ed\u00f0ku\u00f0ust litlir leirlampar sem brenndu \u00f3l\u00edfuol\u00edu. Kveikur, l\u00edkt og \u00e1 kerti, dr\u00f3 upp ol\u00eduna. \u00cd Gamla testamenti er or\u00f0 Gu\u00f0s nefnt &#8222;lampi f\u00f3ta minna&#8220; ( Slm 119.105). V\u00e6ri keri e\u00f0a \u00f6\u00f0ru \u00e1l\u00edka hvolft yfir lampann hvarf lj\u00f3si\u00f0 e\u00f0a d\u00f3.<\/p>\n<p><strong>4.26\u00a0<\/strong><em>Gu\u00f0s r\u00edki: <\/em>Sj\u00e1 athugagrein vi\u00f0 1.15.<\/p>\n<p><strong>4.29 <\/strong><em>sig\u00f0ina:<\/em>Sig\u00f0 er l\u00edk lj\u00e1, \u00fe.e. hn\u00edfur me\u00f0 l\u00f6ngu, \u00edbognu bla\u00f0i, haf\u00f0ur til a\u00f0 sl\u00e1 korn og annan jar\u00f0argr\u00f3\u00f0a.<\/p>\n<p><strong>4.30\u00a0<\/strong><em>Gu\u00f0s r\u00edki: <\/em>Sj\u00e1 athugagrein vi\u00f0 1.15.<\/p>\n<p><strong>4.31\u00a0<\/strong><em>mustar\u00f0skorni: <\/em>\u00dev\u00ed sm\u00e6sta af \u00f6llu sm\u00e1u var l\u00edkt vi\u00f0 agnarl\u00edti\u00f0, svart mustar\u00f0skorni\u00f0. Mustar\u00f0ur, sinnep, var nota\u00f0ur til \u00feess a\u00f0 geyma matv\u00e6li og til \u00feess a\u00f0 krydda f\u00e6\u00f0una. \u00cd sinnepi var ol\u00eda, sem notu\u00f0 var til lyfjager\u00f0ar. Mustar\u00f0sjurtin er venjulega l\u00e1gvaxin, en getur \u00fe\u00f3 or\u00f0i\u00f0 h\u00e6rri en me\u00f0alma\u00f0ur. Stofninn ver\u00f0ur stundum \u00e1l\u00edka sver og handleggur \u00e1 karlmanni. \u00dea\u00f0 eru \u00fev\u00ed engar \u00fdkjur \u00feegar Jes\u00fas talar um fuglana sem byggja s\u00e9r hrei\u00f0ur \u00e1 greinum mustar\u00f0sjurtarinnar.<\/p>\n<p><strong>4.35\u00a0<\/strong><em>yfir um vatni\u00f0:<\/em>Hinga\u00f0 til hefur Mark\u00fas l\u00fdst starfi Jes\u00fa \u00ed Gal\u00edleu og n\u00e1grenni (1.14,45; 3.13), einkum me\u00f0fram str\u00f6nd Gal\u00edleuvatnsins (1.16; 2.13; 4.1), og \u00fe\u00f3 s\u00e9rstaklega \u00ed Kaperna\u00fam (1.21;2.1;3.20).<\/p>\n","protected":false},"excerpt":{"rendered":"<p>4.1\u00a0vatni\u00f0: Gal\u00edleuvatn.Sj\u00e1 athugagrein vi\u00f0 1.16. 4.1\u00a0st\u00edga \u00ed b\u00e1t og sitja <a href=\"https:\/\/biblian.is\/fraedsla\/ritskyring\/markusargudspjall-4-kafli\/\"> [&#8230;]<\/a><\/p>\n","protected":false},"author":1,"featured_media":0,"parent":4829,"menu_order":0,"comment_status":"closed","ping_status":"closed","template":"","meta":{"footnotes":""},"class_list":["post-5192","page","type-page","status-publish","hentry"],"_links":{"self":[{"href":"https:\/\/biblian.is\/fraedsla\/wp-json\/wp\/v2\/pages\/5192","targetHints":{"allow":["GET"]}}],"collection":[{"href":"https:\/\/biblian.is\/fraedsla\/wp-json\/wp\/v2\/pages"}],"about":[{"href":"https:\/\/biblian.is\/fraedsla\/wp-json\/wp\/v2\/types\/page"}],"author":[{"embeddable":true,"href":"https:\/\/biblian.is\/fraedsla\/wp-json\/wp\/v2\/users\/1"}],"replies":[{"embeddable":true,"href":"https:\/\/biblian.is\/fraedsla\/wp-json\/wp\/v2\/comments?post=5192"}],"version-history":[{"count":0,"href":"https:\/\/biblian.is\/fraedsla\/wp-json\/wp\/v2\/pages\/5192\/revisions"}],"up":[{"embeddable":true,"href":"https:\/\/biblian.is\/fraedsla\/wp-json\/wp\/v2\/pages\/4829"}],"wp:attachment":[{"href":"https:\/\/biblian.is\/fraedsla\/wp-json\/wp\/v2\/media?parent=5192"}],"curies":[{"name":"wp","href":"https:\/\/api.w.org\/{rel}","templated":true}]}}