{"id":5190,"date":"2019-04-22T13:38:58","date_gmt":"2019-04-22T13:38:58","guid":{"rendered":"https:\/\/biblian.is\/fraedsla\/?page_id=5190"},"modified":"2026-04-17T13:01:15","modified_gmt":"2026-04-17T13:01:15","slug":"markusargudspjall-3-kafli","status":"publish","type":"page","link":"https:\/\/biblian.is\/fraedsla\/ritskyring\/markusargudspjall-3-kafli\/","title":{"rendered":"Mark\u00fasargu\u00f0spjall 3. kafli"},"content":{"rendered":"<p><strong>3.1\u00a0<\/strong><em>samkunduh\u00fas:<\/em>Sj\u00e1 athugagrein vi\u00f0 5.22.<\/p>\n<p><strong>3.2\u00a0<\/strong><em>l\u00e6kna\u00f0i hann \u00e1 hv\u00edldardegi:<\/em>Sj\u00e1 athugagrein vi\u00f0 1.21 (Sabbatinn). \u00dea\u00f0 taldist vinna a\u00f0 l\u00e6kna \u00e1 hv\u00edldardegi og \u00fev\u00ed brot \u00e1 bo\u00f0or\u00f0inu a\u00f0 halda hv\u00edldardaginn heilagan.<\/p>\n<p><strong>3.6\u00a0<\/strong><em>Her\u00f3desarsinnum:<\/em>Me\u00f0haldsmenn Her\u00f3desar Ant\u00edpasar \u00ed stj\u00f3rnm\u00e1lum. Hann var sonur Her\u00f3desar mikla og r\u00edkti \u00ed Gal\u00edleu og Pereu fr\u00e1 4 f.Kr. til 39 e. Kr. Hann var \u00ed raun fj\u00f3r\u00f0ungsstj\u00f3ri, sem kalla\u00f0 var, en almenningur nefndi hann stundum konung.<\/p>\n<p><strong>3.7,8\u00a0<\/strong><em>Gal\u00edleu&#8230;J\u00fadeu&#8230;Jer\u00fasalem, \u00cdd\u00fameu&#8230;bygg\u00f0um T\u00fdrusar og S\u00eddonar:<\/em>Sj\u00e1 athugagreinar vi\u00f0 9.30 (Gal\u00edlea), 1.5 (J\u00fadea og Jer\u00fasalem). \u00cdd\u00famea var fjallah\u00e9ra\u00f0i\u00f0 su\u00f0ur af Dau\u00f0a hafinu, \u00ed Gamla testamenti kalla\u00f0 Se\u00edr e\u00f0a Edom (1M\u00f3s 32.3; 4M\u00f3s 20.14-21). T\u00fdrus og S\u00eddon voru bl\u00f3mlegar hafnarborgir vi\u00f0 Mi\u00f0jar\u00f0arhafi\u00f0 \u00ed Nor\u00f0ur-Palest\u00ednu, \u00fear sem n\u00fa er L\u00edbanon. Flestir \u00edb\u00faanna voru hei\u00f0ingjar. Sj\u00e1 kort \u00e1 bls. 2375.<\/p>\n<p><strong>3.11\u00a0<\/strong><em>\u00f3hreinum \u00f6ndum<\/em>: Sj\u00e1 athugagrein vi\u00f0 3.30.<\/p>\n<p><strong>3.11\u00a0<\/strong><em>sonur Gu\u00f0s:<\/em>Sj\u00e1 &#8222;<a href=\"https:\/\/biblian.is\/fraedsla\/ordtakasafn\/guds-sonur\/\">Gu\u00f0s sonur<\/a>&#8222;.<\/p>\n<p><strong>3.12\u00a0<\/strong><em>ger\u00f0u hann eigi kunnan:<\/em>Sj\u00e1 athugagrein vi\u00f0 1.43.<\/p>\n<p><strong>3.14 <\/strong><em>&#8222;og vera postular hans&#8220; <\/em>stendur \u00ed sumum handritum.<\/p>\n<p><strong>3.16-19:<\/strong><em>\u00fe\u00e1 t\u00f3lf (postula):<\/em><em>L\u00e6risveinn\u00a0<\/em>er nemandi l\u00e6rimeistara, en <em>postuli\u00a0<\/em>s\u00e1 sem sendur er a\u00f0 reka \u00e1kve\u00f0i\u00f0 erindi. Postularnir voru t\u00f3lf eins og \u00e6ttkv\u00edslir \u00cdsraelsmanna. Jes\u00fas f\u00f3l \u00feeim a\u00f0 pr\u00e9dika og gaf \u00feeim vald til a\u00f0 reka \u00fat illa anda. Sj\u00e1 og Matt 10.1,2 og L\u00fak 6.13-16.<\/p>\n<p><strong>3.18\u00a0<\/strong><em>vandl\u00e6tara:<\/em>\u00c1 gr\u00edskunni &#8222;kananea&#8220;, sem liklega er dregi\u00f0 af hebresku or\u00f0i sem \u00fe\u00fd\u00f0ir &#8222;hinn \u00e1kafi&#8220; (L\u00fak 6.15). S\u00edmon tilheyr\u00f0i \u00feeim flokki manna, sem kalla\u00f0ur var &#8222;sel\u00f3tar&#8220; og bar\u00f0ist gegn R\u00f3mverjum.<\/p>\n<p><strong>3.19 <\/strong><em>\u00cdskar\u00edot:<\/em>G\u00e6ti \u00fe\u00fdtt &#8222;ma\u00f0urinn fr\u00e1 Kar\u00edot&#8220; (sta\u00f0ur \u00ed J\u00fadeu) e\u00f0a &#8222;ma\u00f0ur, sem sveik.&#8220;<\/p>\n<p><strong>3.20\u00a0<\/strong><em>kemur heim:\u00a0<\/em>E\u00f0a &#8222;kemur inn&#8220; (ef til vill \u00ed h\u00fas S\u00edmonar P\u00e9turs).<\/p>\n<p><strong>3.22\u00a0<\/strong><em>fr\u00e6\u00f0imennirnir:<\/em>Sj\u00e1 athugagrein vi\u00f0 12.38.<\/p>\n<p><strong>3.22\u00a0<\/strong><em>Jer\u00fasalem: <\/em>Sj\u00e1 athugagrein vi\u00f0 1.5.<\/p>\n<p><strong>3.22\u00a0<\/strong><em>Beelseb\u00fal&#8230;.h\u00f6f\u00f0ingja illra anda:<\/em>Sums sta\u00f0ar nefndur Beelsb\u00fab e\u00f0a Satan (sj\u00e1 athugagrein vi\u00f0 1.13).<\/p>\n<p><strong>3.28\u00a0<\/strong><em>fyrirgefi\u00f0, allar syndir \u00feeirra: <\/em>Sj\u00e1 athugagrein vi\u00f0 1.4 (l\u00e1ta sk\u00edrast til fyrirgefningar synda).<\/p>\n<p><strong>3.29\u00a0<\/strong><em>heil\u00f6gum anda: <\/em>Sj\u00e1 athugagrein vi\u00f0 1.8. S\u00fa synd a\u00f0 lastm\u00e6la gegn heil\u00f6gum anda jafngildir \u00fev\u00ed a\u00f0 sn\u00faa a\u00f0 fullu baki vi\u00f0 Gu\u00f0i. \u00deeir, sem \u00fea\u00f0 gera, forsm\u00e1 l\u00edka um lei\u00f0 fyrirgefningu hans. Sj\u00e1 og L\u00fak 12.10.<\/p>\n<p><strong>3.30\u00a0<\/strong><em>\u00d3hreinn andi: <\/em>\u00d3hreinir andar voru taldir \u00fej\u00f3na Satan (sj\u00e1 athugagrein vi\u00f0 1.13). \u00c1 d\u00f6gum Jes\u00fa \u00e1litu menn a\u00f0 \u00f3hreinir andar yllu sj\u00fakd\u00f3mum og ge\u00f0truflunum. Gy\u00f0ingur, sem menn h\u00e9ldu haldinn illum anda, var talinn &#8222;\u00f3hreinn&#8220; og m\u00e1tti ekki matast me\u00f0 \u00f6\u00f0rum e\u00f0a taka \u00fe\u00e1tt \u00ed helgihaldinu. F\u00f3lk \u00f3tta\u00f0ist a\u00f0 \u00fea\u00f0 kynni a\u00f0 &#8222;smitast&#8220; af hinum sj\u00faku og \u00fev\u00ed voru \u00feeir l\u00e1tnir s\u00e6ta einangrun, voru \u00fatiloka\u00f0ir fr\u00e1 samf\u00e9laginu vi\u00f0 a\u00f0ra.<\/p>\n<p><strong>3.31\u00a0<\/strong><em>m\u00f3\u00f0ir Jes\u00fa og br\u00e6\u00f0ur: <\/em>M\u00f3\u00f0ir Jes\u00fa var Mar\u00eda \u00ed Nasaret (L\u00fak 1.26-2.52). H\u00fan og synir hennar reyndu a\u00f0 koma vitinu fyrir Jes\u00fa, sem \u00feau t\u00f6ldu genginn af g\u00f6flunum (3.21). \u00cd Mrk 6.3 eru fj\u00f3rir br\u00e6\u00f0ur Jes\u00fa nefndir \u00e1 nafn og sagt a\u00f0 hann hafi l\u00edka \u00e1tt systur.<\/p>\n","protected":false},"excerpt":{"rendered":"<p>3.1\u00a0samkunduh\u00fas:Sj\u00e1 athugagrein vi\u00f0 5.22. 3.2\u00a0l\u00e6kna\u00f0i hann \u00e1 hv\u00edldardegi:Sj\u00e1 athugagrein vi\u00f0 <a href=\"https:\/\/biblian.is\/fraedsla\/ritskyring\/markusargudspjall-3-kafli\/\"> [&#8230;]<\/a><\/p>\n","protected":false},"author":1,"featured_media":0,"parent":4829,"menu_order":0,"comment_status":"closed","ping_status":"closed","template":"","meta":{"footnotes":""},"class_list":["post-5190","page","type-page","status-publish","hentry"],"_links":{"self":[{"href":"https:\/\/biblian.is\/fraedsla\/wp-json\/wp\/v2\/pages\/5190","targetHints":{"allow":["GET"]}}],"collection":[{"href":"https:\/\/biblian.is\/fraedsla\/wp-json\/wp\/v2\/pages"}],"about":[{"href":"https:\/\/biblian.is\/fraedsla\/wp-json\/wp\/v2\/types\/page"}],"author":[{"embeddable":true,"href":"https:\/\/biblian.is\/fraedsla\/wp-json\/wp\/v2\/users\/1"}],"replies":[{"embeddable":true,"href":"https:\/\/biblian.is\/fraedsla\/wp-json\/wp\/v2\/comments?post=5190"}],"version-history":[{"count":0,"href":"https:\/\/biblian.is\/fraedsla\/wp-json\/wp\/v2\/pages\/5190\/revisions"}],"up":[{"embeddable":true,"href":"https:\/\/biblian.is\/fraedsla\/wp-json\/wp\/v2\/pages\/4829"}],"wp:attachment":[{"href":"https:\/\/biblian.is\/fraedsla\/wp-json\/wp\/v2\/media?parent=5190"}],"curies":[{"name":"wp","href":"https:\/\/api.w.org\/{rel}","templated":true}]}}