{"id":5186,"date":"2019-04-22T13:32:38","date_gmt":"2019-04-22T13:32:38","guid":{"rendered":"https:\/\/biblian.is\/fraedsla\/?page_id=5186"},"modified":"2026-04-17T13:01:14","modified_gmt":"2026-04-17T13:01:14","slug":"markusargudspjall-1-kafli","status":"publish","type":"page","link":"https:\/\/biblian.is\/fraedsla\/ritskyring\/markusargudspjall-1-kafli\/","title":{"rendered":"Mark\u00fasargu\u00f0spjall 1. kafli"},"content":{"rendered":"<h3>Jes\u00fas undirb\u00fdr starf sitt.<\/h3>\n<p><strong>\u00a0<\/strong><em>\u00deegar Mark\u00fasargu\u00f0spjall hefst, er<\/em><em>Jes\u00fas er \u00feegar or\u00f0inn fullor\u00f0inn og \u00feess alb\u00fainn a\u00f0 hefja \u00fea\u00f0 starf, sem Gu\u00f0 hefur fali\u00f0 honum. \u00dev\u00ed til undirb\u00fanings \u00feiggur Jes\u00fas sk\u00edrn af J\u00f3hannesi, tekst \u00e1 vi\u00f0 Satan \u00ed ey\u00f0im\u00f6rkinni og velur fj\u00f3ra fyrstu af n\u00e1nustu l\u00e6risveinum s\u00ednum.<\/em><\/p>\n<p><strong>1.1\u00a0<\/strong><em>fagna\u00f0arerindisins um Jes\u00fa Krist, Gu\u00f0s son:<\/em>Gr\u00edska or\u00f0i\u00f0 yfir &#8222;fagna\u00f0arerindi&#8220; er oft \u00fe\u00fdtt me\u00f0 \u00edslenska or\u00f0inu &#8222;gu\u00f0spjall.&#8220; Mark\u00fas ritar um \u00fea\u00f0 hver Jes\u00fas er. Konungurinn sem Gu\u00f0 \u00fatvaldi til \u00feess a\u00f0 r\u00edkja yfir \u00cdsraels\u00fej\u00f3\u00f0inni (Slm 2.6-8) var nefndur &#8222;Gu\u00f0s sonur.&#8220; Me\u00f0 \u00fev\u00ed a\u00f0 kalla Jes\u00fa Gu\u00f0s son sta\u00f0h\u00e6fir Mark\u00fas a\u00f0 Jes\u00fas s\u00e9 s\u00e1 sem Gu\u00f0 hefur \u00fatnefnt til \u00feess a\u00f0 var konungur \u00ed \u00cdsrael. <a href=\"https:\/\/biblian.is\/fraedsla\/ordtakasafn\/guds-sonur\/\">Sj\u00e1 og &#8222;Gu\u00f0s sonur&#8220;<\/a>.<\/p>\n<p><strong>1.2\u00a0<\/strong><em>Jesaja sp\u00e1manni: <\/em>Jesaja var sp\u00e1ma\u00f0ur \u00ed J\u00fada (Su\u00f0urr\u00edkinu) fr\u00e1 \u00fev\u00ed um 740 til 701 f. Kr.<\/p>\n<p><strong>1.4\u00a0<\/strong><em>J\u00f3hannes sk\u00edrari:<\/em>Nafni\u00f0 J\u00f3hannes \u00fe\u00fd\u00f0ir &#8222;Drottinn er miskunnsamur.&#8220; Sumir tr\u00fa\u00f0u \u00fev\u00ed a\u00f0 hann v\u00e6ri sp\u00e1ma\u00f0urinn El\u00eda kominn aftur. Sj\u00e1 og &#8222;<a href=\"https:\/\/biblian.is\/fraedsla\/ordtakasafn\/johannes-skirari\/\">J\u00f3hannes sk\u00edrari<\/a>&#8222;.<\/p>\n<p><strong>1.4\u00a0<\/strong><em>\u00ed \u00f3bygg\u00f0inni:<\/em>L\u00edklega ey\u00f0im\u00f6rkin \u00ed J\u00fadeu (Matt 3.1) sem teyg\u00f0i sig um 30 km. \u00ed austur fr\u00e1 h\u00e1sl\u00e9ttunni \u00fear sem standa h\u00f6fu\u00f0borgin Jer\u00fasalem og \u00feorpi\u00f0 Betlehem og allt ni\u00f0ur a\u00f0 J\u00f3rdandalnum og Dau\u00f0ahafinu.<\/p>\n<p><strong>1.4\u00a0<\/strong><em>l\u00e1ta sk\u00edrast til fyrirgefningar synda:<\/em>J\u00f3hannes sk\u00edr\u00f0i me\u00f0 vatni. \u00dea\u00f0 t\u00e1kna\u00f0i a\u00f0 hi\u00f0 illa \u00ed fort\u00ed\u00f0inni v\u00e6ri \u00fevegi\u00f0 af sk\u00edrnar\u00feeganum. J\u00f3hannes hvatti f\u00f3lk til \u00feess a\u00f0 taka sinnaskiptum og l\u00e1ta sk\u00edrast til fyrirgefningar synda (L\u00fak 3.3). Sj\u00e1 og &#8222;<a href=\"https:\/\/biblian.is\/fraedsla\/ordtakasafn\/skirn\/\">Sk\u00edrn<\/a>&#8222;. &#8222;Synd&#8220; er s\u00e9rhvert brot m\u00f3ti Gu\u00f0s heilaga vilja. Gu\u00f0 fyrirgefur i\u00f0randi syndara sem bi\u00f0ur fyrirgefningar, minnist ekki framar misgj\u00f6r\u00f0a hans.<\/p>\n<p><strong>1.5\u00a0<\/strong><em>J\u00fadeubygg\u00f0&#8230;.\u00e1nni J\u00f3rdan:<\/em>J\u00fadea var Su\u00f0urr\u00edki Palest\u00ednu. J\u00fada, einn af t\u00f3lf \u00e6ttb\u00e1lkum \u00cdsraels, nam \u00feennan hluta Kanaanslands. \u00c1 d\u00f6gum Jes\u00fa var Jer\u00fasalemsborg mi\u00f0st\u00f6\u00f0 gu\u00f0sd\u00fdrkunar, enda var musteri\u00f0 \u00fear. \u00c1in J\u00f3rdan, lengsta flj\u00f3t Palest\u00ednu, \u00e1 uppt\u00f6k s\u00edn \u00ed Hermonfjalli og rennur um H\u00falevatn og Gal\u00edleuvatn \u00ed Dau\u00f0hafi\u00f0.<\/p>\n<p><strong>1.6\u00a0<\/strong><em>kl\u00e6\u00f0um \u00far \u00falfaldah\u00e1ri&#8230;villihunang:<\/em>Kl\u00e6\u00f0na\u00f0ur J\u00f3hannesar var ekki \u00f3l\u00edkur fatna\u00f0i El\u00eda sp\u00e1manns (2Kon 1.8). J\u00f3hannes haf\u00f0ist vi\u00f0 \u00ed \u00f3bygg\u00f0inni og n\u00e6r\u00f0ist \u00feess vegna \u00e1 \u00fev\u00ed sem var hendi n\u00e6st.<\/p>\n<p><strong>1.7\u00a0<\/strong><em>sem m\u00e9r er m\u00e1ttugri<\/em>: H\u00e9r \u00e1 J\u00f3hannes vi\u00f0 Jes\u00fa.<\/p>\n<p><strong>1.7\u00a0<\/strong><em>leysa sk\u00f3\u00feveng hans:<\/em>\u00dea\u00f0 var \u00ed verkahring \u00fer\u00e6la<\/p>\n<p><strong>1.8 <\/strong><em>sk\u00edra ykkur me\u00f0 heil\u00f6gum anda:<\/em>S\u00e1 sem \u00feiggur sk\u00edrn \u00ed nafni Jes\u00fa ver\u00f0ur sem n\u00fdr ma\u00f0ur og \u00f6\u00f0last gj\u00f6f heilags anda. Sj\u00e1 og &#8222;<a href=\"https:\/\/biblian.is\/fraedsla\/ordtakasafn\/skirn\/\">Sk\u00edrn<\/a>&#8222;. Heilagur andi er kraftur Gu\u00f0s a\u00f0 verki. <a href=\"https:\/\/biblian.is\/fraedsla\/ordtakasafn\/heilagur-andi\/\">Sj\u00e1 &#8222;Heilagur andi&#8220; \u00ed or\u00f0takasafni.<\/a><\/p>\n<p><strong>1.9 <\/strong><em>Nasaret \u00ed Gal\u00edleu&#8230;J\u00f3rdan:<\/em>Sj\u00e1 athugagrein vi\u00f0 9.30.<\/p>\n<p><strong>1.10 <\/strong><em>andann&#8230;eins og d\u00fafu:<\/em>Sj\u00e1 athugagrein vi\u00f0 1.8 (<em>sk\u00edra ykkur me\u00f0 heil\u00f6gum anda<\/em>). \u00cd N\u00fdja testamenti er heilagur andi l\u00edka nefndur huggari e\u00f0a hj\u00e1lpari (J\u00f3h 14.16).<\/p>\n<p><strong>1.11 <\/strong><em>minn elska\u00f0i sonur:<\/em>R\u00f6ddin af himni nefnir Jes\u00fa Gu\u00f0s son (1.1)<\/p>\n<p><strong>1.12 <\/strong><em>\u00f3bygg\u00f0ina:<\/em>L\u00edklega J\u00fadeuau\u00f0nin, \u00feurrlent fjallah\u00e9ra\u00f0 r\u00e9tt fyrir vestan Dau\u00f0ahafi\u00f0.<\/p>\n<p><strong>1.13 <\/strong><em>Satan&#8230;englar \u00fej\u00f3nu\u00f0u honum:<\/em>Nafni\u00f0 Satan merkir andst\u00e6\u00f0ingur. Satan er l\u00edka nefndur &#8222;dj\u00f6fullinn&#8220; (\u00e1k\u00e6randi) e\u00f0a Beelseb\u00fal, h\u00f6f\u00f0ingi illu andanna (3.22). Or\u00f0i\u00f0 &#8222;engill&#8220; er sama or\u00f0i\u00f0 og <em>angelos <\/em>\u00e1 gr\u00edsku, en \u00fea\u00f0 \u00fe\u00fd\u00f0ir sendibo\u00f0i. Englar eru \u00fej\u00f3nar og sendibo\u00f0ar Gu\u00f0s.<\/p>\n<p><strong>1.14 <\/strong><em>fagna\u00f0arerindi Gu\u00f0s:<\/em>E\u00f0a &#8222;fagna\u00f0arerindi\u00f0 um Gu\u00f0&#8220;.<\/p>\n<p><strong>1.15 <\/strong><em>Gu\u00f0s r\u00edki:<\/em>Eil\u00edfur konungd\u00f3mur Gu\u00f0s, \u00fear me\u00f0 talin lei\u00f0s\u00f6gn um \u00fea\u00f0 hversu menn skuli lifa \u00ed hl\u00fd\u00f0ni vi\u00f0 hann. <em>\u00cd\u00a0n\u00e1nd:<\/em> E\u00f0a &#8222;er \u00feegar komi\u00f0&#8220;.<\/p>\n<p><strong>1.16 <\/strong><em>Gal\u00edleuvatni:<\/em>Gal\u00edleuvatn er \u00ed nor\u00f0urhluta J\u00f3rdandalsins. \u00dea\u00f0 er l\u00edka nefnt Genesaretvatn (L\u00fak 5.1). R\u00f3mverjar k\u00f6llu\u00f0u \u00fea\u00f0 T\u00edber\u00edasvatn (J\u00f3h 6.1; 21.1).<\/p>\n<p><strong>1.16 <\/strong><em>S\u00edmon og Andr\u00e9s, br\u00f3\u00f0ur S\u00edmonar:<\/em>S\u00edmon var nefndur <em>Kefas<\/em>\u00e1 arame\u00edsku (1Kor 1.12;9.5) og <em>P\u00e9tur\u00a0<\/em>\u00e1 gr\u00edsku (Matt 16.18). B\u00e6\u00f0i n\u00f6fnin \u00fe\u00fd\u00f0a klettur. Andr\u00e9s J\u00f3hannesson, br\u00f3\u00f0ir hans, var og fiskima\u00f0ur.<\/p>\n<p><strong>1.19 <\/strong><em>Jakob Sebedeusson og J\u00f3hannes, br\u00f3\u00f0ur hans:<\/em>Jes\u00fas kalla\u00f0i \u00fe\u00e1 Boanerges, sem \u00fe\u00fd\u00f0ir \u00ferumusynir (3.17). Nafni\u00f0 kann a\u00f0 vera komi\u00f0 til af \u00fev\u00ed a\u00f0 \u00feeir br\u00e6\u00f0ur vildu l\u00e1ta eld falla af himni (L\u00fak 9.54).<\/p>\n<h3>Jes\u00fas vinnur fyrir gu\u00f0sr\u00edki\u00f0 \u00ed Gal\u00edleu<\/h3>\n<p>\u00cd \u00feessum drj\u00faga hluta gu\u00f0spjallsins (1.21-9.50) segir fr\u00e1 \u00fev\u00ed er Jes\u00fas f\u00f3r um \u00ed Gal\u00edleu og l\u00e6kna\u00f0i f\u00f3lk, vann kraftaverk og flutti kenningu s\u00edna um Gu\u00f0s r\u00edki. \u00deegar dregur a\u00f0 lokum segir hann l\u00e6risveinum s\u00ednum fr\u00e1 \u00fev\u00ed sem framundan er (8.31,32) og Gu\u00f0 birtir hina s\u00f6nnu d\u00fdr\u00f0 Jes\u00fa (9.2-8).<\/p>\n<p><strong>1.21\u00a0<\/strong><em>Kaperna\u00fam:<\/em>Miki\u00f0 fiski\u00feorp vi\u00f0 Gal\u00edleuvatni\u00f0 nor\u00f0anvert. \u00dear um l\u00e1 \u00fej\u00f3\u00f0brautin milli Egyptalands \u00ed su\u00f0vestri og S\u00fdrlands \u00ed nor\u00f0austri. \u00cd samt\u00edma Jes\u00fa var Kaperna\u00fam b\u00e6kist\u00f6\u00f0 r\u00f3mverskra hermanna sem litu eftir innheimtu skatta.<\/p>\n<p><strong>1.21\u00a0<\/strong><em>hv\u00edldardaginn&#8230;.samkunduna:<\/em>Hv\u00edldardagurinn (sabbatinn) var 7. dagur vikunnar, dagurinn \u00feegar Gu\u00f0 hv\u00edldist fr\u00e1 sk\u00f6punarverki s\u00ednu (1M\u00f3s 2.2,3). Hebreska or\u00f0i\u00f0 &#8222;sabbat&#8220; \u00fe\u00fd\u00f0ir hv\u00edld og \u00fea\u00f0 var \u00f3fr\u00e1v\u00edkjanleg regla hj\u00e1 gy\u00f0ingum a\u00f0 vinna ekki \u00e1 hv\u00edldardeginum (2 M\u00f3s 20.8-11; 5M\u00f3s 5.12-15). Sj\u00e1 og athugagrein vi\u00f0 5.22 (samkomusta\u00f0ur gy\u00f0inga).<\/p>\n<h4>L\u00e6kningar, kraftaverk og d\u00e6mis\u00f6gur<\/h4>\n<p><em>Jes\u00fas birtir m\u00e1tt Gu\u00f0s me\u00f0 \u00fev\u00ed a\u00f0 l\u00e6kna marga og vinna kraftaverk.<\/em><\/p>\n<p><strong>1.22<\/strong> <em>fr\u00e6\u00f0imennirnir<\/em>: Sj\u00e1 athugagrein vi\u00f0 12.38.<\/p>\n<p><strong>1.23<\/strong> <em>\u00f3hreinum anda<\/em>: Sj\u00e1 athugagrein vi\u00f0 12.38.<\/p>\n<p><strong>1.24\u00a0<\/strong><em>Jes\u00fas fr\u00e1 Nasaret&#8230;hinn heilagi Gu\u00f0s<\/em>: Jes\u00fas var gjarnan kenndur vi\u00f0 heimab\u00e6 sinn til a\u00f0greiningar fr\u00e1 \u00f6\u00f0rum m\u00f6nnum, sem einnig b\u00e1ru nafni\u00f0 Jes\u00fas. Illi andinn veit hver Jes\u00fas er og kallar hann &#8222;hinn heilaga Gu\u00f0s&#8220; sem tr\u00falega samsvarar heitinu &#8222;Mess\u00edas&#8220; (sj\u00e1 athugagrein vi\u00f0 8.29).<\/p>\n<p><strong>1.28<\/strong> Gal\u00edleu: Sj\u00e1 athugagrein vi\u00f0 9.30.<\/p>\n<p><strong>1.29<\/strong> S\u00edmonar og Andr\u00e9sar&#8230;Jakob og J\u00f3hannes: Sj\u00e1 athugagreinar vi\u00f0 1.19 (Jakob og J\u00f3hannes) og 1.16 (S\u00edmon&#8230;Andr\u00e9s).<\/p>\n<p><strong>1.32<\/strong> s\u00f3lin sest: N\u00fa var hv\u00edldardagurinn li\u00f0inn; n\u00fdr dagur reis um s\u00f3larlag.<\/p>\n<p><strong>1.32<\/strong> <em>illum \u00f6ndum<\/em>: Sj\u00e1 athugagrein vi\u00f0 3.30.<\/p>\n<p><strong>1.39<\/strong> <em>samkundum&#8230;.Gal\u00edleu<\/em>: Sj\u00e1 athugagreinar vi\u00f0 5.22 (samkundur gy\u00f0inga) og 9.30 (Gal\u00edlea).<\/p>\n<p><strong>1.40<\/strong> <em>l\u00edk\u00fer\u00e1r<\/em>: Or\u00f0i\u00f0 &#8222;l\u00edk\u00fer\u00e1&#8220; var nota\u00f0 um \u00fdmsa h\u00fa\u00f0sj\u00fakd\u00f3ma. Sumir \u00feeirra smitu\u00f0ust vi\u00f0 snertingu. \u00deegar Jes\u00fas snerti hinn l\u00edk\u00fer\u00e1a (1.41) h\u00e6tti hann ekki einasta \u00e1 \u00fea\u00f0 a\u00f0 smitast af honum, heldur var\u00f0 hann vi\u00f0 \u00fea\u00f0 &#8222;\u00f3hreinn&#8220;, \u00fe.e. m\u00e1tti ekki, samkv\u00e6mt M\u00f3sel\u00f6gum, taka \u00fe\u00e1tt \u00ed helgihaldi me\u00f0 \u00f6\u00f0rum gy\u00f0ingum.<\/p>\n<p><strong>1.44<\/strong>\u00a0<em>G\u00e6t \u00feess a\u00f0 segja engum neitt:<\/em> Jes\u00fas ba\u00f0 i\u00f0ulega \u00fe\u00e1 sem hann haf\u00f0i l\u00e6kna\u00f0 a\u00f0 hafa ekki or\u00f0 \u00e1 \u00fev\u00ed (3.10-12; 7.34-36), v\u00e6ntanlega til \u00feess a\u00f0 koma \u00ed veg fyrir a\u00f0 \u00f3t\u00f6luleg merg\u00f0 sj\u00faklinga \u00feyrptist a\u00f0 honum. Honum kann a\u00f0 hafa fundist, a\u00f0 kraftaverki\u00f0 \u00feyrfti ekki vitna vi\u00f0 og sendi \u00fev\u00ed hinn heilbrig\u00f0a \u00ed musteri\u00f0 (1.44).<\/p>\n<p><strong>1.44\u00a0<\/strong><em>s\u00fdn \u00feig prestinum og f\u00f3rna fyrir hreinsun \u00fe\u00edna:<\/em>Menn skyldu f\u00e6ra d\u00fdraf\u00f3rn a\u00f0 f\u00f3rnargj\u00f6f, \u00e1samt mj\u00f6li bl\u00f6ndu\u00f0u \u00f3l\u00edfuol\u00edu. Sj\u00e1 3M\u00f3s 14.1-32. \u00deeir sem l\u00e6knu\u00f0ust af l\u00edk\u00fer\u00e1, ur\u00f0u a\u00f0 s\u00fdna sig prestunum, til \u00feess a\u00f0 ver\u00f0a \u00farskur\u00f0a\u00f0ir hreinir, fara a\u00f0 helgum si\u00f0 um hreinsun og voru fyrst eftir \u00fea\u00f0 velkomnir aftur \u00ed samf\u00e9lag Gu\u00f0s l\u00fd\u00f0s.<\/p>\n","protected":false},"excerpt":{"rendered":"<p>Jes\u00fas undirb\u00fdr starf sitt. \u00a0\u00deegar Mark\u00fasargu\u00f0spjall hefst, erJes\u00fas er \u00feegar <a href=\"https:\/\/biblian.is\/fraedsla\/ritskyring\/markusargudspjall-1-kafli\/\"> [&#8230;]<\/a><\/p>\n","protected":false},"author":1,"featured_media":0,"parent":4829,"menu_order":0,"comment_status":"closed","ping_status":"closed","template":"","meta":{"footnotes":""},"class_list":["post-5186","page","type-page","status-publish","hentry"],"_links":{"self":[{"href":"https:\/\/biblian.is\/fraedsla\/wp-json\/wp\/v2\/pages\/5186","targetHints":{"allow":["GET"]}}],"collection":[{"href":"https:\/\/biblian.is\/fraedsla\/wp-json\/wp\/v2\/pages"}],"about":[{"href":"https:\/\/biblian.is\/fraedsla\/wp-json\/wp\/v2\/types\/page"}],"author":[{"embeddable":true,"href":"https:\/\/biblian.is\/fraedsla\/wp-json\/wp\/v2\/users\/1"}],"replies":[{"embeddable":true,"href":"https:\/\/biblian.is\/fraedsla\/wp-json\/wp\/v2\/comments?post=5186"}],"version-history":[{"count":0,"href":"https:\/\/biblian.is\/fraedsla\/wp-json\/wp\/v2\/pages\/5186\/revisions"}],"up":[{"embeddable":true,"href":"https:\/\/biblian.is\/fraedsla\/wp-json\/wp\/v2\/pages\/4829"}],"wp:attachment":[{"href":"https:\/\/biblian.is\/fraedsla\/wp-json\/wp\/v2\/media?parent=5186"}],"curies":[{"name":"wp","href":"https:\/\/api.w.org\/{rel}","templated":true}]}}