{"id":5182,"date":"2019-04-22T13:20:56","date_gmt":"2019-04-22T13:20:56","guid":{"rendered":"https:\/\/biblian.is\/fraedsla\/?page_id=5182"},"modified":"2022-12-16T13:59:10","modified_gmt":"2022-12-16T13:59:10","slug":"matteusargudspjall-28-kafli","status":"publish","type":"page","link":"https:\/\/biblian.is\/fraedsla\/ritskyring\/matteusargudspjall-28-kafli\/","title":{"rendered":"Matteusargu\u00f0spjall 28. kafli"},"content":{"rendered":"<p><strong>28.1\u00a0<\/strong><em>A\u00f0 li\u00f0num hv\u00edldardegi:<\/em>Hv\u00edldardagur (sabbat) gy\u00f0inga var fr\u00e1 s\u00f3larlagi \u00e1 f\u00f6studegi til jafnlengdar \u00e1 laugardegi. \u00cd birtingu morguninn eftir, sem var sunnudagur, gengu konurnar \u00fat a\u00f0 gr\u00f6finni til \u00feess a\u00f0 smyrja l\u00edkama Jes\u00fa.<\/p>\n<p><strong>28.7\u00a0<\/strong><em>Gal\u00edleu:<\/em>Heimasl\u00f3\u00f0ir Jes\u00fa \u00ed nor\u00f0urhluta Palest\u00ednu. Sj\u00e1 athugagrein vi\u00f0 2.22,23.<\/p>\n<p><strong>28.14\u00a0<\/strong><em>landsh\u00f6f\u00f0ingjanum: <\/em><a href=\"https:\/\/biblian.is\/fraedsla\/ordtakasafn\/pontius-pilatus\/\">Sj\u00e1 um Pont\u00edus P\u00edlatus \u00ed or\u00f0takasafni<\/a>.<\/p>\n<p><strong>28.19\u00a0<\/strong><em>sk\u00edri\u00f0<\/em>: Sk\u00edrnar\u00feeganum var oftast d\u00fdft ofan \u00ed laug e\u00f0a rennandi vatn. H\u00e9r m\u00e6lir Jes\u00fas svo fyrir, a\u00f0 sk\u00edrt skuli \u00ed nafni f\u00f6\u00f0ur, sonar og heilags anda. Hinn sk\u00edr\u00f0i tilheyrir \u00fea\u00f0an \u00ed fr\u00e1 n\u00fdjum Gu\u00f0s l\u00fd\u00f0. Annars sta\u00f0ar \u00ed N\u00fdja testamenti stendur skrifa\u00f0 a\u00f0 vi\u00f0 sk\u00edrnina deyi &#8222;hinn gamli ma\u00f0ur&#8220; og sk\u00edrnar\u00feeginn endurf\u00e6\u00f0ist til n\u00fds l\u00edfs \u00ed Kristi (sj\u00e1 R\u00f3m 6.3,4). <a href=\"https:\/\/biblian.is\/fraedsla\/ordtakasafn\/skirn\/\">Sj\u00e1 og &#8222;Sk\u00edrn&#8220; \u00ed or\u00f0takasafni<\/a>.<\/p>\n","protected":false},"excerpt":{"rendered":"<p>28.1\u00a0A\u00f0 li\u00f0num hv\u00edldardegi:Hv\u00edldardagur (sabbat) gy\u00f0inga var fr\u00e1 s\u00f3larlagi \u00e1 f\u00f6studegi <a href=\"https:\/\/biblian.is\/fraedsla\/ritskyring\/matteusargudspjall-28-kafli\/\"> [&#8230;]<\/a><\/p>\n","protected":false},"author":1,"featured_media":0,"parent":4829,"menu_order":0,"comment_status":"closed","ping_status":"closed","template":"","meta":{"footnotes":""},"class_list":["post-5182","page","type-page","status-publish","hentry"],"_links":{"self":[{"href":"https:\/\/biblian.is\/fraedsla\/wp-json\/wp\/v2\/pages\/5182","targetHints":{"allow":["GET"]}}],"collection":[{"href":"https:\/\/biblian.is\/fraedsla\/wp-json\/wp\/v2\/pages"}],"about":[{"href":"https:\/\/biblian.is\/fraedsla\/wp-json\/wp\/v2\/types\/page"}],"author":[{"embeddable":true,"href":"https:\/\/biblian.is\/fraedsla\/wp-json\/wp\/v2\/users\/1"}],"replies":[{"embeddable":true,"href":"https:\/\/biblian.is\/fraedsla\/wp-json\/wp\/v2\/comments?post=5182"}],"version-history":[{"count":0,"href":"https:\/\/biblian.is\/fraedsla\/wp-json\/wp\/v2\/pages\/5182\/revisions"}],"up":[{"embeddable":true,"href":"https:\/\/biblian.is\/fraedsla\/wp-json\/wp\/v2\/pages\/4829"}],"wp:attachment":[{"href":"https:\/\/biblian.is\/fraedsla\/wp-json\/wp\/v2\/media?parent=5182"}],"curies":[{"name":"wp","href":"https:\/\/api.w.org\/{rel}","templated":true}]}}