{"id":5180,"date":"2019-04-22T13:18:50","date_gmt":"2019-04-22T13:18:50","guid":{"rendered":"https:\/\/biblian.is\/fraedsla\/?page_id=5180"},"modified":"2026-04-17T13:01:18","modified_gmt":"2026-04-17T13:01:18","slug":"matteusargudspjall-27-kafli","status":"publish","type":"page","link":"https:\/\/biblian.is\/fraedsla\/ritskyring\/matteusargudspjall-27-kafli\/","title":{"rendered":"Matteusargu\u00f0spjall 27. kafli"},"content":{"rendered":"<p><strong>27.1\u00a0<\/strong><em>\u00e6\u00f0stu prestarnir og \u00f6ldungarnir:<\/em>Sj\u00e1 athugagrein vi\u00f0 26.3.<\/p>\n<p><strong>27.2\u00a0<\/strong><em>framseldu hann P\u00edlatusi landsh\u00f6f\u00f0ingja:<\/em>R\u00f3mverjinn Pont\u00edus P\u00edlatus var landsh\u00f6f\u00f0ingi \u00ed J\u00fadeu fr\u00e1 26 til 36 e. Kr. Hann sat \u00ed Sesareu vi\u00f0 sj\u00e1varstr\u00f6nd Mi\u00f0jar\u00f0arhafsins. \u00deegar hann var \u00e1 fer\u00f0inni \u00ed Jer\u00fasalem dvaldi hann \u00ed Anton\u00edusar-virkinu, \u00fea\u00f0an sem s\u00e1 yfir musterissv\u00e6\u00f0i\u00f0 \u00far nor\u00f0vestri. Sj\u00e1 kort \u00e1 bls. 2376. R\u00e1\u00f0i\u00f0 kva\u00f0 upp \u00feann \u00farskur\u00f0, a\u00f0 Jes\u00fas skyldi l\u00edfl\u00e1tinn, en l\u00f6glegur dau\u00f0ad\u00f3mur var\u00f0 a\u00f0eins felldur af r\u00f3mversku yfirv\u00f6ldunum. Sj\u00e1 og &#8222;Pont\u00edus P\u00edlatus&#8220; \u00e1 bls. 1996.<\/p>\n<p><strong>27.3-8\u00a0<\/strong>Post 1.18,19. 27.9,10 Sak 11.12,13; Jer 18.2,3; 32.6-15.<\/p>\n<p><strong>27.6\u00a0<\/strong><em>silfri\u00f0&#8230;.ekki m\u00e1 l\u00e1ta \u00fea\u00f0 \u00ed gu\u00f0skistuna:<\/em>Peningarnir, sem J\u00fadasi voru borga\u00f0ir fyrir a\u00f0 sv\u00edkja Jes\u00fa, hafa tr\u00falega veri\u00f0 \u00e1litnir \u00f3hreinir. \u00c1kv\u00e6\u00f0i\u00f0, sem kemst n\u00e6st \u00feessu \u00ed M\u00f3sel\u00f6gum, er a\u00f0 finna \u00ed 5M\u00f3s 23.28 \u00fear sem segir a\u00f0 grei\u00f0sla fyrir v\u00e6ndi s\u00e9 \u00f3hrein og megi ekki koma me\u00f0 hana \u00ed musteri\u00f0.<\/p>\n<p><strong>27.10\u00a0<\/strong><em>leirkerasmi\u00f0s akurinn:<\/em>A\u00f0 l\u00edkindum akur \u00ed eigu manns, sem bj\u00f3 til leirker. L\u00edka m\u00e1 vera a\u00f0 h\u00e9r s\u00e9 \u00e1tt vi\u00f0 landskika sem leirkerasmi\u00f0ir s\u00f3ttu \u00ed leirinn e\u00f0a ef til vill \u00fear sem \u00feeir fleyg\u00f0u brotnum kerum.<\/p>\n<p><strong>27.16 <\/strong><em>Barrabas:<\/em>\u00cd sumum handritum nefndur Jes\u00fas Barrabas.<\/p>\n<p><strong>27.24\u00a0<\/strong><em>P\u00edlatus&#8230;..\u00fevo\u00f0i hendur s\u00ednar: <\/em>\u00deetta ger\u00f0i P\u00edlatus til \u00feess a\u00f0 s\u00fdna a\u00f0 hann teldi sig saklausan af \u00fev\u00ed a\u00f0 hafa d\u00e6mt Jes\u00fa til dau\u00f0a. Hann vildi a\u00f0 \u00fea\u00f0 yr\u00f0i l\u00fd\u00f0um lj\u00f3st, a\u00f0 krossfesting Jes\u00fa v\u00e6ri \u00e1 \u00e1byrg\u00f0 lei\u00f0toga gy\u00f0inga, en ekki hans. \u00de\u00f3 hef\u00f0i Jes\u00fas aldrei veri\u00f0 tekinn af l\u00edfi \u00e1n sam\u00feykkis hans. Sj\u00e1 og 5M\u00f3s 21.6-9.<\/p>\n<p><strong>27.27\u00a0<\/strong><em>h\u00f6llina:<\/em>Anton\u00edusar-virki\u00f0 \u00fear sem r\u00f3mverski landstj\u00f3rinn var til h\u00fasa \u00feegar hann dvaldist \u00ed Jer\u00fasalem. H\u00f6fu\u00f0a\u00f0setur hans var annars \u00ed Sesareu. \u00cd kastalanum h\u00f6f\u00f0ust og vi\u00f0 r\u00f3mverskir hermenn.<\/p>\n<p><strong>27.28\u00a0<\/strong><em>skarlatsrau\u00f0a k\u00e1pu<\/em>: L\u00edklega skikkja e\u00f0a sl\u00e1 r\u00f3mverskra hermanna.<\/p>\n<p><strong>27.32\u00a0<\/strong><em>mann fr\u00e1 K\u00fdrene er S\u00edmon h\u00e9t:<\/em>K\u00fdrene var borg \u00ed Nor\u00f0ur-Afr\u00edku. S\u00edmon var tr\u00falega kominn til Jer\u00fasalem til \u00feess a\u00f0 dvelja \u00fear \u00e1 p\u00e1skum og h\u00e1t\u00ed\u00f0 \u00f3s\u00fdr\u00f0u brau\u00f0anna.<\/p>\n<p><strong>27.33\u00a0<\/strong><em>Golgata, \u00fea\u00f0 \u00fe\u00fd\u00f0ir hausk\u00fapusta\u00f0ur:<\/em>Nafni\u00f0 g\u00e6ti veri\u00f0 komi\u00f0 til fyrir \u00fea\u00f0 a\u00f0 \u00feessi sta\u00f0ur fyrir utan borgarm\u00farinn er n\u00e6rri kletti sem \u00ed laginu er ekki \u00f3l\u00edkur h\u00f6fu\u00f0k\u00fapu \u00far manni.<\/p>\n<p><strong>27.34\u00a0<\/strong><em>v\u00edn a\u00f0 drekka, galli blanda\u00f0:<\/em>Sumir fr\u00e6\u00f0imenn telja, a\u00f0 v\u00edni\u00f0 hafi veri\u00f0 blanda\u00f0 lyfi til \u00feess a\u00f0 deyfa s\u00e1rsaukann e\u00f0a jafnvel fl\u00fdta fyrir dau\u00f0anum. \u00dea\u00f0 hafi veri\u00f0 unni\u00f0 \u00far beiskri og eitra\u00f0ri jurt, sem k\u00f6llu\u00f0 var gall. Dau\u00f0i \u00e1 krossi var h\u00e6gur og \u00fej\u00e1ningarfullur. Stundum kv\u00f6ldust menn d\u00f6gum saman \u00e1\u00f0ur en \u00feeir t\u00f3ku s\u00ed\u00f0ustu andv\u00f6rpin.<\/p>\n<p><strong>27.46\u00a0<\/strong><em>&#8222;El\u00ed&#8230;.sabaktan\u00ed!&#8220;<\/em>\u00deetta \u00e1kall er a\u00f0 finna \u00e1 22. Dav\u00ed\u00f0ss\u00e1lmi, 1. versi. H\u00e9r er \u00fea\u00f0 \u00e1 arame\u00edsku, en \u00fea\u00f0 var tungan sem \u00fe\u00e1 var t\u00f6lu\u00f0 af gy\u00f0ingum \u00ed Palest\u00ednu og fleiri \u00fej\u00f3\u00f0um \u00ed Mi\u00f0-Austurl\u00f6ndum.<\/p>\n<p><strong>27.47-49\u00a0<\/strong><em>El\u00eda&#8230;.&#8220;Sj\u00e1um til hvort El\u00eda kemur:<\/em>El\u00ed \u00fe\u00fd\u00f0ir &#8222;Gu\u00f0 minn&#8220; en hlj\u00f3mar ekki \u00f3l\u00edkt nafninu El\u00eda. Gy\u00f0ingar v\u00e6ntu \u00feess a\u00f0 El\u00eda sp\u00e1ma\u00f0ur k\u00e6mi aftur til \u00feess a\u00f0 grei\u00f0a Mess\u00edasi veg (sj\u00e1 Mal 4.5,6). \u00dev\u00ed h\u00e9ldu margir a\u00f0 Jes\u00fas v\u00e6ri a\u00f0 kalla \u00e1 El\u00eda. Sj\u00e1 athugagrein vi\u00f0 11.14 (El\u00eda).<\/p>\n<p><strong>27.51\u00a0<\/strong><em>fortjald musterisns:<\/em>Tv\u00f6 fortj\u00f6ld voru \u00ed musterinu. Anna\u00f0 var fyrir inngangi &#8222;hins heilaga&#8220; en \u00feanga\u00f0 m\u00e1ttu einungis prestar st\u00edga f\u00e6ti. Hitt tjaldi\u00f0 skildi a\u00f0 &#8222;hi\u00f0 heilaga&#8220; og &#8222;hi\u00f0 allrahelgasta.&#8220; \u00deanga\u00f0 m\u00e1tti enginn koma nema \u00e6\u00f0stipresturinn og \u00fea\u00f0 a\u00f0eins einu sinni \u00e1 \u00e1ri. \u00dea\u00f0 er \u00feetta fortjald sem tr\u00falega er \u00e1tt vi\u00f0 h\u00e9r.<\/p>\n<p><strong>27.56\u00a0<\/strong><em>Mar\u00eda Magdalena:<\/em>Nafni\u00f0 g\u00e6ti bent til \u00feess a\u00f0 h\u00fan hafi veri\u00f0 fr\u00e1 Magdala, sem var b\u00e6r vi\u00f0 Galileuvatni\u00f0 vestanvert. Samkv\u00e6mt gu\u00f0spj\u00f6llunum haf\u00f0i Jes\u00fas l\u00e6kna\u00f0 Mar\u00edu (sj\u00e1 Mark 16.9; L\u00fak 8.2,3). H\u00fan var l\u00e6risveinn Jes\u00fa og hefur l\u00edklega veri\u00f0 \u00ed h\u00f3pi \u00feeirra n\u00e1nustu vina, sem fylgdu honum \u00e1 fer\u00f0um hans.<\/p>\n<p><strong>27.57\u00a0<\/strong><em>J\u00f3sef fr\u00e1 Ar\u00edma\u00feeu:<\/em>Ar\u00edma\u00feea var l\u00edti\u00f0 \u00feorp \u00e1 h\u00e6\u00f0\u00f3ttu landsv\u00e6\u00f0i, sem nefndist Efra\u00edm, um 30 km. nor\u00f0vestur af Jer\u00fasalem. J\u00f3sef var ma\u00f0ur au\u00f0ugur og gat \u00fev\u00ed borga\u00f0 P\u00edlatusi og v\u00f6r\u00f0unum, hafi \u00feess veri\u00f0 \u00fe\u00f6rf.<\/p>\n<p><strong>27.60\u00a0<\/strong><em>gr\u00f6f&#8230;h\u00f6ggva \u00ed klett:<\/em>Me\u00f0al gy\u00f0inga var ekki \u00f3algengt a\u00f0 r\u00edkir menn leg\u00f0u s\u00edna dau\u00f0u til hinstu hv\u00edlu \u00ed grafh\u00fdsum sem h\u00f6ggvin voru \u00ed kletta. Grafarmunninn var varla nema metri \u00e1 hli\u00f0. Utan vi\u00f0 hann var h\u00f6ggvin rauf \u00ed klettag\u00f3lfi\u00f0 og \u00ed henni komi\u00f0 fyrir kringl\u00f3ttum steini sem velta m\u00e1tti fr\u00e1 og fyrir.<\/p>\n<p><strong>27.64\u00a0<\/strong><em>hinum fyrri&#8220;:<\/em>H\u00e9r er v\u00edsast \u00e1tt vi\u00f0 \u00fe\u00e1 tr\u00fa, a\u00f0 Jes\u00fas s\u00e9 Mess\u00edas.<\/p>\n","protected":false},"excerpt":{"rendered":"<p>27.1\u00a0\u00e6\u00f0stu prestarnir og \u00f6ldungarnir:Sj\u00e1 athugagrein vi\u00f0 26.3. 27.2\u00a0framseldu hann P\u00edlatusi <a href=\"https:\/\/biblian.is\/fraedsla\/ritskyring\/matteusargudspjall-27-kafli\/\"> [&#8230;]<\/a><\/p>\n","protected":false},"author":1,"featured_media":0,"parent":4829,"menu_order":0,"comment_status":"closed","ping_status":"closed","template":"","meta":{"footnotes":""},"class_list":["post-5180","page","type-page","status-publish","hentry"],"_links":{"self":[{"href":"https:\/\/biblian.is\/fraedsla\/wp-json\/wp\/v2\/pages\/5180","targetHints":{"allow":["GET"]}}],"collection":[{"href":"https:\/\/biblian.is\/fraedsla\/wp-json\/wp\/v2\/pages"}],"about":[{"href":"https:\/\/biblian.is\/fraedsla\/wp-json\/wp\/v2\/types\/page"}],"author":[{"embeddable":true,"href":"https:\/\/biblian.is\/fraedsla\/wp-json\/wp\/v2\/users\/1"}],"replies":[{"embeddable":true,"href":"https:\/\/biblian.is\/fraedsla\/wp-json\/wp\/v2\/comments?post=5180"}],"version-history":[{"count":0,"href":"https:\/\/biblian.is\/fraedsla\/wp-json\/wp\/v2\/pages\/5180\/revisions"}],"up":[{"embeddable":true,"href":"https:\/\/biblian.is\/fraedsla\/wp-json\/wp\/v2\/pages\/4829"}],"wp:attachment":[{"href":"https:\/\/biblian.is\/fraedsla\/wp-json\/wp\/v2\/media?parent=5180"}],"curies":[{"name":"wp","href":"https:\/\/api.w.org\/{rel}","templated":true}]}}