{"id":5174,"date":"2019-04-22T13:13:05","date_gmt":"2019-04-22T13:13:05","guid":{"rendered":"https:\/\/biblian.is\/fraedsla\/?page_id=5174"},"modified":"2026-04-17T13:01:18","modified_gmt":"2026-04-17T13:01:18","slug":"matteusargudspjall-26-kafli","status":"publish","type":"page","link":"https:\/\/biblian.is\/fraedsla\/ritskyring\/matteusargudspjall-26-kafli\/","title":{"rendered":"Matteusargu\u00f0spjall 26. kafli"},"content":{"rendered":"<p><strong> 26.2<\/strong> p\u00e1skar: P\u00e1skar eru haldnir h\u00e1t\u00ed\u00f0legir til minningar um brottf\u00f6rina \u00far \u00fer\u00e6lah\u00fasinu \u00ed Egyptalandi (2M\u00f3s 12.1-27). H\u00e1t\u00ed\u00f0in hefst \u00ed lj\u00f3saskiptunum \u00e1 14. degi fyrsta m\u00e1na\u00f0arins. Daginn eftir h\u00f3fst h\u00e1t\u00ed\u00f0 \u00f3s\u00fdr\u00f0u brau\u00f0anna og var\u00f0i \u00ed sj\u00f6 daga (3M\u00f3s 23.4-8; 4M\u00f3s 28:16-25). <a href=\"https:\/\/biblian.is\/fraedsla\/ordtakasafn\/paskar-og-hatid-osyrdu-braudanna\/\">Sj\u00e1 og &#8222;P\u00e1skar og h\u00e1t\u00ed\u00f0 \u00f3s\u00fdr\u00f0u brau\u00f0anna&#8220;.<\/a><\/p>\n<p><strong>26.3<\/strong> \u00c6\u00f0stu prestarnir og \u00f6ldungarnir&#8230;\u00ed h\u00f6ll \u00e6\u00f0sta prestsins: R\u00f3mverjar settu Ka\u00edfas til \u00feess a\u00f0 vera \u00e6\u00f0sti prestur \u00ed Jer\u00fasalem og gegndi hann emb\u00e6ttinu fr\u00e1 18 til 26 e. Kr. Starf hans var f\u00f3lgi\u00f0 \u00ed \u00fev\u00ed a\u00f0 hafa eftirlit me\u00f0 musterisprestunum auk \u00feess sem hann var oddviti hins valdamikla r\u00e1\u00f0s sem \u00ed s\u00e1tu heldri klerkar og fleiri lei\u00f0togar gy\u00f0inga. R\u00f3mversku stj\u00f3rnv\u00f6ldin l\u00e9tu \u00feessu r\u00e1\u00f0i a\u00f0 mestu eftir heimastj\u00f3rnina.<\/p>\n<p><strong>26.5<\/strong> &#8222;Ekki \u00e1 h\u00e1t\u00ed\u00f0inni&#8220;: Margir af me\u00f0haldsm\u00f6nnum Jes\u00fa og \u00feeim sem hrifust af kenningu hans mundu staddir \u00ed Jer\u00fasalem a\u00f0 halda p\u00e1skah\u00e1t\u00ed\u00f0ina. Lei\u00f0togarnir vildu s\u00ed\u00f0ur a\u00f0 s\u00e1 mannfj\u00f6ldi allur s\u00e6i Jes\u00fa tekinn h\u00f6ndum. \u00deeir \u00f3ttu\u00f0ust a\u00f0 \u00fe\u00e1 kynni a\u00f0 ver\u00f0a upp\u00feot me\u00f0al f\u00f3lksins.<\/p>\n<p><strong>26.6<\/strong> Betan\u00edu: Sj\u00e1 athugagrein vi\u00f0 21.17.\u00a0L\u00edk\u00fer\u00e1a: Sj\u00e1 athugagrein vi\u00f0 10.8.<\/p>\n<p><strong>26.12<\/strong> hellti \u00feessum smyrslum&#8230;b\u00faa mig til greftrunar: Sj\u00e1lfsagt \u00fe\u00f3tti a\u00f0 b\u00faa hinum dau\u00f0u vir\u00f0ulega \u00fatf\u00f6r. \u00dea\u00f0 var kalla\u00f0 &#8222;smurning&#8220; \u00feegar ol\u00eda e\u00f0a ilmsmyrsl voru borin \u00e1 l\u00edkama manns (sj\u00e1 athugagrein vi\u00f0 1.17, &#8222;Mess\u00edas&#8220;). Stundum voru l\u00edk b\u00fain til greftrunar me\u00f0 \u00fev\u00ed a\u00f0 smyrja \u00feau me\u00f0 ol\u00edu og kryddjurtum til \u00feess a\u00f0 tefja fyrir rotnun. Jes\u00fas kva\u00f0 konuna undirb\u00faa greftrun s\u00edna, en verkna\u00f0ur hennar minnir einnig \u00e1 a\u00f0 Jes\u00fas er &#8222;hinn Smur\u00f0i Drottins&#8220;.<\/p>\n<p><strong>26.14\u00a0<\/strong>J\u00fadas \u00cdskar\u00edot: Sj\u00e1 athugagrein vi\u00f0 10.4.<\/p>\n<p><strong>26.17\u00a0<\/strong>fyrsta degi \u00f3s\u00fdr\u00f0u brau\u00f0anna&#8230;.p\u00e1skam\u00e1lt\u00ed\u00f0ina: Sj\u00e1 athugagrein vi\u00f0 26.2.<\/p>\n<p><strong>26.26-28\u00a0<\/strong>\u00feetta er l\u00edkami minn&#8230;\u00deetta er bl\u00f3\u00f0 mitt: \u00c1 p\u00e1skum var lambi f\u00f3rna\u00f0 og kj\u00f6tsins neytt vi\u00f0 h\u00e1t\u00ed\u00f0arm\u00e1lt\u00ed\u00f0ina. Jes\u00fas notar brau\u00f0 og v\u00edn sem t\u00e1kn um f\u00f3rnardau\u00f0a sinn til fyrirgefningar syndanna. \u00c1 \u00feeirri f\u00f3rn r\u00eds hinn n\u00fdi s\u00e1ttm\u00e1li milli Gu\u00f0s og n\u00fds l\u00fd\u00f0s hans. Kristnir menn minnast \u00feessa atbur\u00f0ar me\u00f0 kirkjulegri ath\u00f6fn sem kallast altarisganga, altarissakramenti, heil\u00f6g kv\u00f6ldm\u00e1lt\u00ed\u00f0 e\u00f0a \u00feakkargj\u00f6r\u00f0arm\u00e1lt\u00ed\u00f0.<\/p>\n<p><strong>26.30\u00a0<\/strong>Ol\u00edufjallsins: Sj\u00e1 athugagrein vi\u00f0 24.3.<\/p>\n<p><strong>26.36\u00a0<\/strong>Getsemane: Or\u00f0i\u00f0 Getsemane er \u00fatlagt &#8222;ol\u00edupressa&#8220;. Ekki er vita\u00f0 me\u00f0 vissu, hvar \u00feessi trj\u00e1gar\u00f0ur var, en l\u00edklegast var hann \u00ed n\u00e1munda vi\u00f0 Ol\u00edufjalli\u00f0 a\u00f0 austanver\u00f0u \u00ed Kedron-dalnum.<\/p>\n<p><strong>26.39 <\/strong>fari \u00feessi kaleikur fram hj\u00e1 m\u00e9r: Sj\u00e1 athugagrein vi\u00f0 20.22.<\/p>\n<p><strong>26.48\u00a0<\/strong>S\u00e1 sem \u00e9g kyssi: Alsi\u00f0a var a\u00f0 vinir heilsu\u00f0ust me\u00f0 \u00fev\u00ed a\u00f0 kyssa hvor annan \u00e1 vangann.<\/p>\n<p><strong>26.50\u00a0<\/strong>hv\u00ed ertu h\u00e9r? E\u00f0a: &#8222;Ger\u00f0u \u00fea\u00f0, sem \u00fe\u00fa \u00e6tla\u00f0ir \u00fe\u00e9r.&#8220;<\/p>\n<p><strong>26.57,58\u00a0<\/strong>til Ka\u00edfasar \u00e6\u00f0sta prests&#8230;.a\u00f0 gar\u00f0i \u00e6\u00f0sta prestsins: Sj\u00e1 athugagrein vi\u00f0 26.3 Or\u00f0i\u00f0, sem h\u00e9r er \u00fe\u00fdtt me\u00f0 &#8222;gar\u00f0ur&#8220; er stundum \u00fatlagt &#8222;h\u00f6ll&#8220;. Me\u00f0 \u00fev\u00ed a\u00f0 \u00fe\u00fd\u00f0a eins og h\u00e9r er gert m\u00e1 skilja a\u00f0 P\u00e9tur hafi fylgt Jes\u00fa a\u00f0 h\u00fasagar\u00f0i \u00e6\u00f0sta prestsins. Atbur\u00f0irnir sem l\u00fdst er \u00ed \u00feessum versum tveimur gerast \u00fev\u00ed \u00e1 einum og sama sta\u00f0.<\/p>\n<p><strong>26.59,60\u00a0<\/strong><em>allt r\u00e1\u00f0i\u00f0&#8230;..Loks komu tveir:<\/em>R\u00e1\u00f0i\u00f0 var, auk \u00e6\u00f0stu prestanna, skipa\u00f0 heimastj\u00f3rnarm\u00f6nnum og tr\u00faarlei\u00f0togum gy\u00f0inga. \u00dea\u00f0 r\u00e9\u00f0i s\u00e9rm\u00e1lum \u00fej\u00f3\u00f0arinnar og skyldi jafnframt sj\u00e1 til \u00feess a\u00f0 l\u00f6gunum v\u00e6ri hl\u00fdtt. L\u00f6gm\u00e1l M\u00f3se m\u00e6lti svo fyrir, a\u00f0 ekki m\u00e6tti l\u00edfl\u00e1ta mann, nema frambur\u00f0ur tveggja vitna um sekt hans l\u00e6gi fyrir (sj\u00e1 4M\u00f3s 35.30).<\/p>\n<p><strong>26.63\u00a0<\/strong><em>Kristur, sonur Gu\u00f0s: <\/em>Sj\u00e1 athugagrein vi\u00f0 1.17 (Mess\u00edas). &#8222;Sonur Gu\u00f0s&#8220; var einn af konungstitlunum \u00ed \u00cdsrael.<\/p>\n<p><strong>26.64\u00a0<\/strong><em>til h\u00e6gri handar:<\/em>Sj\u00e1 athugagrein vi\u00f0 20.21.<\/p>\n<p><strong>26.65\u00a0<\/strong><em>reif \u00e6\u00f0stipresturinn kl\u00e6\u00f0i s\u00edn:<\/em>Svo var kve\u00f0i\u00f0 \u00e1 \u00ed l\u00f6gm\u00e1li M\u00f3se, a\u00f0 \u00e6\u00f0sta prestinum v\u00e6ri \u00f3heimilt a\u00f0 syrgja me\u00f0 \u00fev\u00ed a\u00f0 r\u00edfa kl\u00e6\u00f0i s\u00edn (sj\u00e1 3M\u00f3s 10.6; 21.10; 24.16). En h\u00e9r kasta\u00f0i t\u00f3lfunum, a\u00f0 \u00e6\u00f0sta prestinum \u00fe\u00f3tti. Hann skildi Jes\u00fa svo, a\u00f0 hann seg\u00f0ist vera sj\u00e1lfur Gu\u00f0, en sl\u00edkt var \u00e6gileg synd a\u00f0 M\u00f3sel\u00f6gum. Fyrir sl\u00edkt ath\u00e6fi (gu\u00f0last) m\u00e1tti d\u00e6ma mann til dau\u00f0a.<\/p>\n","protected":false},"excerpt":{"rendered":"<p>26.2 p\u00e1skar: P\u00e1skar eru haldnir h\u00e1t\u00ed\u00f0legir til minningar um brottf\u00f6rina <a href=\"https:\/\/biblian.is\/fraedsla\/ritskyring\/matteusargudspjall-26-kafli\/\"> [&#8230;]<\/a><\/p>\n","protected":false},"author":1,"featured_media":0,"parent":4829,"menu_order":0,"comment_status":"closed","ping_status":"closed","template":"","meta":{"footnotes":""},"class_list":["post-5174","page","type-page","status-publish","hentry"],"_links":{"self":[{"href":"https:\/\/biblian.is\/fraedsla\/wp-json\/wp\/v2\/pages\/5174","targetHints":{"allow":["GET"]}}],"collection":[{"href":"https:\/\/biblian.is\/fraedsla\/wp-json\/wp\/v2\/pages"}],"about":[{"href":"https:\/\/biblian.is\/fraedsla\/wp-json\/wp\/v2\/types\/page"}],"author":[{"embeddable":true,"href":"https:\/\/biblian.is\/fraedsla\/wp-json\/wp\/v2\/users\/1"}],"replies":[{"embeddable":true,"href":"https:\/\/biblian.is\/fraedsla\/wp-json\/wp\/v2\/comments?post=5174"}],"version-history":[{"count":0,"href":"https:\/\/biblian.is\/fraedsla\/wp-json\/wp\/v2\/pages\/5174\/revisions"}],"up":[{"embeddable":true,"href":"https:\/\/biblian.is\/fraedsla\/wp-json\/wp\/v2\/pages\/4829"}],"wp:attachment":[{"href":"https:\/\/biblian.is\/fraedsla\/wp-json\/wp\/v2\/media?parent=5174"}],"curies":[{"name":"wp","href":"https:\/\/api.w.org\/{rel}","templated":true}]}}