{"id":5172,"date":"2019-04-22T13:11:20","date_gmt":"2019-04-22T13:11:20","guid":{"rendered":"https:\/\/biblian.is\/fraedsla\/?page_id=5172"},"modified":"2026-04-17T13:01:18","modified_gmt":"2026-04-17T13:01:18","slug":"matteusargudspjall-25-kafli","status":"publish","type":"page","link":"https:\/\/biblian.is\/fraedsla\/ritskyring\/matteusargudspjall-25-kafli\/","title":{"rendered":"Matteusargu\u00f0spjall 25. kafli"},"content":{"rendered":"<p><strong>25.1\u00a0<\/strong>til m\u00f3ts vi\u00f0 br\u00fa\u00f0gumann: Sum handrit b\u00e6\u00f0a vi\u00f0 &#8222;og br\u00fa\u00f0ina&#8220;.<\/p>\n<p><strong>25.1-4\u00a0<\/strong><em>t\u00edu meyjar sem f\u00f3ru til m\u00f3ts vi\u00f0 br\u00fa\u00f0gumann me\u00f0 lampa s\u00edna:<\/em>\u00dea\u00f0 var til si\u00f0s a\u00f0 br\u00fa\u00f0guminn f\u00e6ri heim til ver\u00f0andi tengdaforeldra sinna og s\u00e6kti br\u00fa\u00f0ina. Br\u00fa\u00f0armeyjar, sem \u00fear voru fyrir og f\u00f6gnu\u00f0u honum, b\u00e1ru logandi blys og sl\u00f3gust \u00ed f\u00f6r me\u00f0 hj\u00f3naefnunum heim til foreldra br\u00fa\u00f0gumans \u00e1samt me\u00f0 \u00f6\u00f0rum gestum og \u00fear var veislan haldin. H\u00e9r h\u00f6f\u00f0u fimm br\u00fa\u00f0armeyjanna undirb\u00fai\u00f0 sig me\u00f0 \u00fev\u00ed a\u00f0 taka me\u00f0 s\u00e9r ol\u00edu til \u00feess a\u00f0 b\u00e6ta \u00e1 lampa s\u00edna ef br\u00fa\u00f0gumanum kynni a\u00f0 dveljast. Sj\u00e1 og L\u00fak 12.35.<\/p>\n<p><strong>25.14\u00a0<\/strong><em>himnar\u00edki: <\/em>Gu\u00f0s r\u00edki, sj\u00e1 athugagrein vi\u00f0 3.2.<\/p>\n<p><strong>25.27\u00a0<\/strong><em>banka<\/em>: \u00c1 t\u00edmum Jes\u00fa skiptu bankamenn erlendum gjaldeyri \u00ed innlendan gjaldmi\u00f0il. \u00deeir \u00f6rvu\u00f0u vi\u00f0skipti me\u00f0 \u00fev\u00ed a\u00f0 fj\u00e1rfesta og l\u00e1na peninga. Sumar fj\u00e1rfestinganna skilu\u00f0u \u00feeim ar\u00f0i \u00ed formi l\u00e1gra vaxta. Au\u00f0menn f\u00f3lu gjarnan bankam\u00f6nnum a\u00f0 fj\u00e1rfesta fyrir sig \u00ed von um \u00e1g\u00f3\u00f0a. Flestir l\u00e9tu \u00feetta samt \u00f3gert. \u00deeir f\u00f6ldu heldur f\u00e9 sitt e\u00f0a gr\u00f3fu jafnvel \u00ed j\u00f6r\u00f0. En \u00fe\u00e1 gaf \u00fea\u00f0 ekki heldur neitt af s\u00e9r.<\/p>\n<p><strong>25.29\u00a0<\/strong>Matt 13.12; Mrk 4.25; L\u00fak 8.18.<\/p>\n<p><strong>25.30<\/strong><em>myrkur: <\/em>Sj\u00e1 athugagrein vi\u00f0 8.12. Sj\u00e1 og Matt 8.12; 22.13; L\u00fak 13.28.<\/p>\n<p><strong>25.31\u00a0<\/strong><em>Mannssonurinn:<\/em>Sj\u00e1 athugagrein vi\u00f0 8.20. Sj\u00e1 og Matt 16.27; 19.28.<\/p>\n<p><strong>\u00a0<\/strong><strong>25.32\u00a0<\/strong><em>hir\u00f0ir skilur sau\u00f0i fr\u00e1 h\u00f6frum: <\/em>Sau\u00f0f\u00e9 og geitur gengu saman \u00ed haganum \u00e1 daginn. A\u00f0 kveldi k\u00f6stu\u00f0u hir\u00f0arnir t\u00f6lu \u00e1 h\u00f6fu\u00f0in \u00ed hj\u00f6r\u00f0inni og skildu um lei\u00f0 sau\u00f0ina fr\u00e1 h\u00f6frunum. Geiturnar voru kulv\u00edsari en \u00e6rnar og \u00fev\u00ed var betra a\u00f0 h\u00fdsa \u00fe\u00e6r yfir n\u00f3ttina. Ullin af f\u00e9na\u00f0inum var notu\u00f0 til \u00feess a\u00f0 vefa \u00far henni f\u00f6t og \u00e1brei\u00f0ur. Geitur voru l\u00edka nytja\u00f0ar vegna mj\u00f3lkurinnar.<\/p>\n<p><strong>25.41\u00a0<\/strong><em>eil\u00edfa eld sem b\u00fainn er dj\u00f6flinum og \u00e1rum hans:<\/em>Sj\u00e1 athugagrein vi\u00f0 5.22.<\/p>\n<p><strong>25.45\u00a0<\/strong>&#8222;Sofi\u00f0 \u00fei\u00f0 enn og hv\u00edlist?&#8220; E\u00f0a: &#8222;Haldi\u00f0 bara \u00e1fram a\u00f0 sofa og hv\u00edlast.&#8220;<\/p>\n<p><strong>25.46\u00a0<\/strong><em>eil\u00edfs l\u00edfs:<\/em>Sj\u00e1 athugagrein vi\u00f0 19.16. Sj\u00e1 og Dan 12.2.<\/p>\n","protected":false},"excerpt":{"rendered":"<p>25.1\u00a0til m\u00f3ts vi\u00f0 br\u00fa\u00f0gumann: Sum handrit b\u00e6\u00f0a vi\u00f0 &#8222;og br\u00fa\u00f0ina&#8220;. <a href=\"https:\/\/biblian.is\/fraedsla\/ritskyring\/matteusargudspjall-25-kafli\/\"> [&#8230;]<\/a><\/p>\n","protected":false},"author":1,"featured_media":0,"parent":4829,"menu_order":0,"comment_status":"closed","ping_status":"closed","template":"","meta":{"footnotes":""},"class_list":["post-5172","page","type-page","status-publish","hentry"],"_links":{"self":[{"href":"https:\/\/biblian.is\/fraedsla\/wp-json\/wp\/v2\/pages\/5172","targetHints":{"allow":["GET"]}}],"collection":[{"href":"https:\/\/biblian.is\/fraedsla\/wp-json\/wp\/v2\/pages"}],"about":[{"href":"https:\/\/biblian.is\/fraedsla\/wp-json\/wp\/v2\/types\/page"}],"author":[{"embeddable":true,"href":"https:\/\/biblian.is\/fraedsla\/wp-json\/wp\/v2\/users\/1"}],"replies":[{"embeddable":true,"href":"https:\/\/biblian.is\/fraedsla\/wp-json\/wp\/v2\/comments?post=5172"}],"version-history":[{"count":0,"href":"https:\/\/biblian.is\/fraedsla\/wp-json\/wp\/v2\/pages\/5172\/revisions"}],"up":[{"embeddable":true,"href":"https:\/\/biblian.is\/fraedsla\/wp-json\/wp\/v2\/pages\/4829"}],"wp:attachment":[{"href":"https:\/\/biblian.is\/fraedsla\/wp-json\/wp\/v2\/media?parent=5172"}],"curies":[{"name":"wp","href":"https:\/\/api.w.org\/{rel}","templated":true}]}}