{"id":5170,"date":"2019-04-22T13:09:59","date_gmt":"2019-04-22T13:09:59","guid":{"rendered":"https:\/\/biblian.is\/fraedsla\/?page_id=5170"},"modified":"2022-12-16T13:59:10","modified_gmt":"2022-12-16T13:59:10","slug":"matteusargudspjall-24-kafli","status":"publish","type":"page","link":"https:\/\/biblian.is\/fraedsla\/ritskyring\/matteusargudspjall-24-kafli\/","title":{"rendered":"Matteusargu\u00f0spjall 24. kafli"},"content":{"rendered":"<p><strong>24.1,2\u00a0<\/strong><em>helgid\u00f3msins&#8230;ekki steinn yfir steini:<\/em>Musteri Her\u00f3desar \u00ed Jer\u00fasalem. \u00dea\u00f0 var hla\u00f0i\u00f0 \u00far h\u00f6ggnu grj\u00f3ti og voru sumir steinarnir n\u00e6r t\u00edu metrar \u00e1 lengd. Umm\u00e1l \u00feess var r\u00famlega h\u00e1lfur annar k\u00edl\u00f3metri og \u00fea\u00f0 st\u00f3\u00f0 \u00e1 s\u00f6mu traustu undirst\u00f6\u00f0u og musteri Sal\u00f3mons konungs n\u00edu \u00f6ldum fyrr. \u00c1ri\u00f0 70 e. Kr. hern\u00e1mu R\u00f3mverjar Jer\u00fasalemsborg og l\u00f6g\u00f0u musteri Her\u00f3desar \u00ed r\u00fast.<\/p>\n<p><strong>24.3\u00a0<\/strong><em>Ol\u00edufjallinu:<\/em>Ol\u00edufjalli\u00f0, skammt fyrir austan musterissv\u00e6\u00f0i\u00f0 \u00ed Jer\u00fasalem, er fj\u00f6gurra k\u00edl\u00f3metra langur hryggur og hluti af fjallgar\u00f0i sem liggur eftir endilangri Palest\u00ednu. Nafn sitt dregur \u00fea\u00f0 af ol\u00eduvi\u00f0i sem dafnar \u00ed s\u00f3lr\u00edkum hl\u00ed\u00f0um \u00feess.<\/p>\n<p><strong>24.15\u00a0<\/strong><em>vi\u00f0urstygg\u00f0 ey\u00f0ileggingarinnar:<\/em>H\u00e9r \u00edtrekar Jes\u00fas sp\u00e1d\u00f3m Dan\u00edels (sj\u00e1 Dan 9.27; 11.31; 12.11). Ant\u00edokkus IV. Ep\u00edfanes, konungur \u00e1 S\u00fdrlandi, reisti Seifi, sem var \u00e6\u00f0stur gu\u00f0a me\u00f0 Grikkjum og R\u00f3mverjum, altari \u00ed musterinu \u00e1ri\u00f0 168 f. Kr. Gy\u00f0ingar n\u00e1\u00f0u helgid\u00f3minum \u00e1 sitt vald aftur \u00e1\u00f0ur en \u00ferj\u00fa \u00e1r voru li\u00f0in fr\u00e1 \u00feessari vanhelgun og m\u00f6lvu\u00f0u hi\u00f0 hei\u00f0na altari.<\/p>\n<p><strong>24.17\u00a0<\/strong><em>uppi \u00e1 \u00feaki:<\/em>\u00cd Palest\u00ednu t\u00ed\u00f0ku\u00f0ust fl\u00f6t h\u00fas\u00fe\u00f6k. Upp \u00e1 \u00feau l\u00e1gu tr\u00f6ppur utan \u00e1 h\u00fasunum. \u00de\u00f6kin voru ger\u00f0 \u00far bj\u00e1lkum e\u00f0a r\u00f6ftum og hr\u00eds og greinar lagt yfir. \u00deetta var s\u00ed\u00f0an \u00feaki\u00f0 me\u00f0 leir og mold og tro\u00f0i\u00f0 \u00fear til \u00fea\u00f0 var\u00f0 a\u00f0 har\u00f0ri og \u00fe\u00e9ttri sk\u00e1n. \u00deegar f\u00f3lk vildi komast \u00fat undir bert loft f\u00f3r \u00fea\u00f0 \u00fdmist \u00fat \u00ed h\u00fasagar\u00f0inn e\u00f0a upp \u00e1 \u00feaki\u00f0.<\/p>\n<p><strong>24.20\u00a0<\/strong><em>um vetur e\u00f0a \u00e1 hv\u00edldardegi:<\/em>Vetur \u00ed Palest\u00ednu eru l\u00f6ngum kaldir og votvi\u00f0rasamir og voru \u00fev\u00ed fyrr meir l\u00edtt fallnir til fer\u00f0alaga. Gy\u00f0ingur, sem vildi vera hl\u00fd\u00f0inn l\u00f6gm\u00e1li M\u00f3se, m\u00e1tti ekki fer\u00f0ast lengra en vel innan vi\u00f0 eins k\u00edl\u00f3metra vegalengd \u00e1 hv\u00edldardeginum. \u00dea\u00f0 var \u00fev\u00ed ekki hlaupi\u00f0 a\u00f0 \u00fev\u00ed a\u00f0 fl\u00fdja undan \u00f3vinum, hvorki a\u00f0 vetri til n\u00e9 \u00e1 sabbatsdaginn.<\/p>\n<p><strong>24.23-26\u00a0<\/strong><em>Kristur:<\/em>Sj\u00e1 athugagrein vi\u00f0 1.17.<\/p>\n<p><strong>24.27\u00a0<\/strong><em>Mannssonurinn: <\/em>Sj\u00e1 athugagrein vi\u00f0 8.20.<\/p>\n<p><strong>24.28\u00a0<\/strong><em>\u00dear munu ernirnir safnast sem hr\u00e6i\u00f0 er:<\/em>H\u00e9r er \u00e1tt vi\u00f0 hr\u00e6fugla. \u00deeir eru flj\u00f3tir a\u00f0 koma auga \u00e1 dau\u00f0a skepnu. \u00deessi umm\u00e6li g\u00e6tu merkt a\u00f0 ill t\u00ed\u00f0indi eru \u00f3\u00f0ara \u00e1 allra vitor\u00f0i og \u00fe\u00e1 skunda forvitnir \u00e1 vettvang. En r\u00f3mverski herinn haf\u00f0i l\u00edka mynd af erni \u00ed skjaldarmerki s\u00ednu og m\u00e1 \u00fev\u00ed vera, a\u00f0 or\u00f0unum s\u00e9 beint til hans.<\/p>\n<p><strong>24.29\u00a0<\/strong><em>stj\u00f6rnurnar munu hrapa:<\/em>Til forna var \u00fev\u00ed tr\u00faa\u00f0 a\u00f0 stj\u00f6rnur himinsins v\u00e6ru go\u00f0m\u00f6gn.<\/p>\n<p><strong>24.32\u00a0<\/strong><em>f\u00edkjutr\u00e9nu: <\/em>Sj\u00e1 athugagrein vi\u00f0 7.16.<\/p>\n<p><strong>24.37\u00a0<\/strong><em>\u00e1 d\u00f6gum N\u00f3a:<\/em>N\u00f3i var grandvar og r\u00e9ttl\u00e1tur ma\u00f0ur. Gu\u00f0 f\u00f3l honum a\u00f0 sm\u00ed\u00f0a st\u00f3rt skip (\u00f6rk) til \u00feess a\u00f0 bjarga mannkyninu og \u00f6llum skepnum jar\u00f0arinnar fr\u00e1 tort\u00edmingu \u00ed syndafl\u00f3\u00f0inu.<\/p>\n","protected":false},"excerpt":{"rendered":"<p>24.1,2\u00a0helgid\u00f3msins&#8230;ekki steinn yfir steini:Musteri Her\u00f3desar \u00ed Jer\u00fasalem. \u00dea\u00f0 var hla\u00f0i\u00f0 <a href=\"https:\/\/biblian.is\/fraedsla\/ritskyring\/matteusargudspjall-24-kafli\/\"> [&#8230;]<\/a><\/p>\n","protected":false},"author":1,"featured_media":0,"parent":4829,"menu_order":0,"comment_status":"closed","ping_status":"closed","template":"","meta":{"footnotes":""},"class_list":["post-5170","page","type-page","status-publish","hentry"],"_links":{"self":[{"href":"https:\/\/biblian.is\/fraedsla\/wp-json\/wp\/v2\/pages\/5170","targetHints":{"allow":["GET"]}}],"collection":[{"href":"https:\/\/biblian.is\/fraedsla\/wp-json\/wp\/v2\/pages"}],"about":[{"href":"https:\/\/biblian.is\/fraedsla\/wp-json\/wp\/v2\/types\/page"}],"author":[{"embeddable":true,"href":"https:\/\/biblian.is\/fraedsla\/wp-json\/wp\/v2\/users\/1"}],"replies":[{"embeddable":true,"href":"https:\/\/biblian.is\/fraedsla\/wp-json\/wp\/v2\/comments?post=5170"}],"version-history":[{"count":0,"href":"https:\/\/biblian.is\/fraedsla\/wp-json\/wp\/v2\/pages\/5170\/revisions"}],"up":[{"embeddable":true,"href":"https:\/\/biblian.is\/fraedsla\/wp-json\/wp\/v2\/pages\/4829"}],"wp:attachment":[{"href":"https:\/\/biblian.is\/fraedsla\/wp-json\/wp\/v2\/media?parent=5170"}],"curies":[{"name":"wp","href":"https:\/\/api.w.org\/{rel}","templated":true}]}}