{"id":5168,"date":"2019-04-22T13:08:41","date_gmt":"2019-04-22T13:08:41","guid":{"rendered":"https:\/\/biblian.is\/fraedsla\/?page_id=5168"},"modified":"2026-04-17T13:01:17","modified_gmt":"2026-04-17T13:01:17","slug":"matteusargudspjall-23-kafli","status":"publish","type":"page","link":"https:\/\/biblian.is\/fraedsla\/ritskyring\/matteusargudspjall-23-kafli\/","title":{"rendered":"Matteusargu\u00f0spjall 23. kafli"},"content":{"rendered":"<p><strong>23.4\u00a0<\/strong><em>binda \u00feungar byr\u00f0ar og leggja m\u00f6nnum \u00e1 her\u00f0ar:<\/em>Far\u00edsear og fr\u00e6\u00f0imenn (l\u00f6gm\u00e1lskennarar) kenndu f\u00f3lki a\u00f0 fara eftir l\u00f6gm\u00e1linu og \u00fej\u00f3na \u00feannig Gu\u00f0i. Reglur l\u00f6gm\u00e1lsins voru \u00fdmsum erfi\u00f0ar og \u00feungb\u00e6rar. Jes\u00fas segir, a\u00f0 \u00feessum kennurum s\u00e9 tamt a\u00f0 br\u00fdna reglur fyrir \u00f6\u00f0rum, \u00e1n \u00feess \u00fe\u00f3 a\u00f0 hj\u00e1lpa \u00feeim a\u00f0 halda \u00fe\u00e6r.<\/p>\n<p><strong>23.5\u00a0<\/strong><em>breikka minnisbor\u00f0a s\u00edna og st\u00e6kka sk\u00fafana:<\/em>Margir r\u00e9tttr\u00faa\u00f0ir gy\u00f0ingar h\u00f6f\u00f0u \u00ed hei\u00f0ri 5M\u00f3s 11.18 og b\u00e1ru \u00e1 s\u00e9r skrifu\u00f0 ritningarvers \u00ed litlum le\u00f0urhylkjum. Sumir far\u00edsear \u00ed samt\u00edma Jes\u00fa kunna a\u00f0 hafa reynt a\u00f0 ganga \u00ed augun \u00e1 f\u00f3lki me\u00f0 \u00fev\u00ed a\u00f0 hafa hylkin st\u00e6rri en \u00feurfti. Sk\u00fafar voru settir \u00e1 fald sumra kl\u00e6\u00f0a og \u00e1ttu menn a\u00f0 minnast bo\u00f0a Drottins \u00feegar \u00feeim var\u00f0 liti\u00f0 \u00e1 sk\u00fafana. Sj\u00e1 og 5M\u00f3s 6.8; 4M\u00f3s 15.38.<\/p>\n<p><strong>23.13,14\u00a0<\/strong>Sum handrit sleppa 14. versinu.<\/p>\n<p><strong>23.23\u00a0<\/strong><em>\u00de\u00e9r gjaldi\u00f0 t\u00edund af myntu, an\u00eds og k\u00fameni:<\/em>Fr\u00e6\u00f0imennirnir hl\u00fdddu l\u00f6gm\u00e1linu og skilu\u00f0u Drottni t\u00edundahluta afraksturs jar\u00f0yrkjunnar (sj\u00e1 3M\u00f3s 27.30; 5M\u00f3s 14.22), jafnvel l\u00edka t\u00edund af kryddjurtum \u00ed g\u00f6r\u00f0um s\u00ednum. En Jes\u00fas segir a\u00f0 miklu meira r\u00ed\u00f0i \u00e1 a\u00f0 r\u00e9tta \u00f6\u00f0rum hj\u00e1lparh\u00f6nd.<\/p>\n<p><strong>22.34\u00a0<\/strong><em>s\u00edi\u00f0 m\u00fdfluguna en svelgi\u00f0 \u00falfaldann:<\/em>Flugur (rykm\u00fd) voru allra kvikinda sm\u00e6star, en \u00falfaldar st\u00e6rstir (3M\u00f3s 11.20-33; 3M\u00f3s 11.4).<\/p>\n<p><strong>23.25\u00a0<\/strong><em>hreinsi\u00f0 bikarinn og diskinn utan:<\/em>Jes\u00fas v\u00edsar h\u00e9r til eins hinna m\u00f6rgu hreinsunarsi\u00f0a sem far\u00edsear og fr\u00e6\u00f0imenn h\u00f6f\u00f0u \u00ed hei\u00f0ri. Sj\u00e1 og Mrk 7.3,4.<\/p>\n<p><strong>23.27\u00a0<\/strong><em>hv\u00edtum k\u00f6lku\u00f0um gr\u00f6fum:<\/em>Grafir voru hv\u00edt\u00fevegnar til \u00feess a\u00f0 hafa \u00fe\u00e6r svo \u00e1berandi a\u00f0 engum yr\u00f0i \u00e1 a\u00f0 snerta \u00fe\u00e6r. S\u00e1 sem kom vi\u00f0 gr\u00f6f var\u00f0 \u00f3hreinn og m\u00e1tti ekki taka \u00fe\u00e1tt \u00ed helgihaldinu e\u00f0a umgangast n\u00e1granna og vini fyrr en hann haf\u00f0i gengist undir s\u00e9rstaka hreinsunarath\u00f6fn samkv\u00e6mt \u00e1kve\u00f0nu rit\u00faali. Sj\u00e1 og Post 23.3.<\/p>\n<p><strong>23.29\u00a0<\/strong><em>\u00de\u00e9r hla\u00f0i\u00f0 upp grafir sp\u00e1mannanna:<\/em>Fornleifafr\u00e6\u00f0ingar hafa fundi\u00f0 menjar um minningam\u00f6rk sem reist voru \u00ed Palest\u00ednu \u00e1 d\u00f6gum Jes\u00fa sp\u00e1m\u00f6nnum til hei\u00f0urs.<\/p>\n<p><strong>23.35\u00a0<\/strong><em>Abels&#8230;.Sakar\u00eda:<\/em>\u00cd Fyrstu M\u00f3seb\u00f3k (Genesis), sem er fyrsta riti\u00f0 \u00ed Gamla testamenti, segir fr\u00e1 Abel, syni Adams og Evu, sem myrtur var fyrstur manna (1M\u00f3s 4.1-16). S\u00ed\u00f0ari Kron\u00edkub\u00f3k er s\u00ed\u00f0ust \u00ed helgiritasafni Hebrea. S\u00ed\u00f0asta mannv\u00edg sem sagt er fr\u00e1 \u00ed ritinu var dr\u00e1pi\u00f0 \u00e1 Sakar\u00eda, br\u00f3\u00f0ur J\u00f3rams konungs (2Kro 24.20,21).<\/p>\n<p><strong>23.37 <\/strong><em>gr\u00fdtir \u00fe\u00e1 sem sendir eru til \u00fe\u00edn:<\/em>\u00d3v\u00edst er hva\u00f0a sp\u00e1menn Jes\u00fas hefur \u00ed huga h\u00e9r, sj\u00e1 \u00fe\u00f3 1Kon 19.10; Jer 2.30; 26.20-23. Dau\u00f0asekir menn \u00ed \u00cdsrael voru teknir af l\u00edfi me\u00f0 \u00fev\u00ed a\u00f0 \u00feeir voru gr\u00fdttir.<\/p>\n","protected":false},"excerpt":{"rendered":"<p>23.4\u00a0binda \u00feungar byr\u00f0ar og leggja m\u00f6nnum \u00e1 her\u00f0ar:Far\u00edsear og fr\u00e6\u00f0imenn <a href=\"https:\/\/biblian.is\/fraedsla\/ritskyring\/matteusargudspjall-23-kafli\/\"> [&#8230;]<\/a><\/p>\n","protected":false},"author":1,"featured_media":0,"parent":4829,"menu_order":0,"comment_status":"closed","ping_status":"closed","template":"","meta":{"footnotes":""},"class_list":["post-5168","page","type-page","status-publish","hentry"],"_links":{"self":[{"href":"https:\/\/biblian.is\/fraedsla\/wp-json\/wp\/v2\/pages\/5168","targetHints":{"allow":["GET"]}}],"collection":[{"href":"https:\/\/biblian.is\/fraedsla\/wp-json\/wp\/v2\/pages"}],"about":[{"href":"https:\/\/biblian.is\/fraedsla\/wp-json\/wp\/v2\/types\/page"}],"author":[{"embeddable":true,"href":"https:\/\/biblian.is\/fraedsla\/wp-json\/wp\/v2\/users\/1"}],"replies":[{"embeddable":true,"href":"https:\/\/biblian.is\/fraedsla\/wp-json\/wp\/v2\/comments?post=5168"}],"version-history":[{"count":0,"href":"https:\/\/biblian.is\/fraedsla\/wp-json\/wp\/v2\/pages\/5168\/revisions"}],"up":[{"embeddable":true,"href":"https:\/\/biblian.is\/fraedsla\/wp-json\/wp\/v2\/pages\/4829"}],"wp:attachment":[{"href":"https:\/\/biblian.is\/fraedsla\/wp-json\/wp\/v2\/media?parent=5168"}],"curies":[{"name":"wp","href":"https:\/\/api.w.org\/{rel}","templated":true}]}}