{"id":5165,"date":"2019-04-22T13:07:09","date_gmt":"2019-04-22T13:07:09","guid":{"rendered":"https:\/\/biblian.is\/fraedsla\/?page_id=5165"},"modified":"2026-04-17T13:01:17","modified_gmt":"2026-04-17T13:01:17","slug":"matteusargudspjall-22-kafli","status":"publish","type":"page","link":"https:\/\/biblian.is\/fraedsla\/ritskyring\/matteusargudspjall-22-kafli\/","title":{"rendered":"Matteusargu\u00f0spjall 22. kafli"},"content":{"rendered":"<p><strong>22.2\u00a0<\/strong><em>himnar\u00edki:<\/em>Sj\u00e1 athugagrein vi\u00f0 3.2.<\/p>\n<p><strong>22.2\u00a0<\/strong><em>br\u00fa\u00f0kaup:<\/em>Vi\u00f0 br\u00fa\u00f0kaup gy\u00f0inga s\u00f6fnu\u00f0ust fj\u00f6lskyldur og vinir hj\u00f3naefnanna saman, hennar f\u00f3lk \u00ed einum sta\u00f0 og hans \u00e1 \u00f6\u00f0rum, en g\u00e9kk svo \u00feanga\u00f0 sem veislan skyldi haldin. \u00c1 lei\u00f0inni var stundum leikin t\u00f3nlist og stiginn dans. Oftast st\u00f3\u00f0 veislan \u00e1 heimili br\u00fa\u00f0gumans og var \u00fear myndarlega \u00e1 breitt \u00e1 bor\u00f0, gn\u00e6g\u00f0 matar og drykkjar. N\u00fdv\u00edg\u00f0u hj\u00f3nin og gestir \u00feeirra \u00e1tu og drukku og voru gl\u00f6\u00f0.<\/p>\n<p><strong>22.11,12\u00a0<\/strong><em>ekki b\u00fainn br\u00fa\u00f0kaupskl\u00e6\u00f0um:<\/em>Alsi\u00f0a var a\u00f0 b\u00faast s\u00ednu besta skarti vi\u00f0 br\u00fa\u00f0kaup. \u00c1h\u00f6ld eru um hvort fa\u00f0ir br\u00fa\u00f0gumans skaffa\u00f0i \u00feeim gestum sparif\u00f6t sem sj\u00e1lfir \u00e1ttu engin sl\u00edk. Hafi svo veri\u00f0, en \u00fea\u00f0 ekki \u00feegi\u00f0, taldist \u00fea\u00f0 m\u00f3g\u00f0un vi\u00f0 h\u00fasb\u00f3ndann.<\/p>\n<p><strong>22.13\u00a0<\/strong><em>myrkur:<\/em>Mynd af hlutskipti \u00feeirra sem illt gj\u00f6ra og hlj\u00f3ta refsingu fyrir, (\u00e1stand fremur en sta\u00f0ur). Sj\u00e1 athugagrein vi\u00f0 5.22. Sj\u00e1 og Matt 8.12; 25.30; L\u00fak 13.38.<\/p>\n<p><strong>22.16\u00a0<\/strong><em>Her\u00f3desarsinnum:<\/em>\u00deeir sem fylgdu Her\u00f3desi mikla (2.1) og fj\u00f6lskyldu hans a\u00f0 m\u00e1lum, \u00fear \u00e1 me\u00f0al Her\u00f3desi Ant\u00edpasi (14.1). Her\u00f3desarsinnar vildu gera s\u00ed\u00f0ar nefnda Her\u00f3desinn a\u00f0 konungi \u00ed Jer\u00fasalem.<\/p>\n<p><strong>22.17\u00a0<\/strong><em>gjalda keisaranum skatt:<\/em>Gy\u00f0ingar greiddu skatta R\u00f3mverjum sem r\u00e9\u00f0u l\u00f6gum og lofum \u00ed landi \u00feeirra. Hinn \u00e6\u00f0sti r\u00f3mverskra r\u00e1\u00f0amanna var nefndur keisari (Sesar). Hef\u00f0i Jes\u00fas svara\u00f0 \u00fev\u00ed til, a\u00f0 ekki skyldi grei\u00f0a keisaranum skatt, \u00fe\u00e1 hef\u00f0u lei\u00f0togar gy\u00f0inga v\u00edsast saka\u00f0 hann um a\u00f0 vera yfirv\u00f6ldunum \u00f3hl\u00fd\u00f0inn.<\/p>\n<p><strong>22.19\u00a0<\/strong><em>peninginn:<\/em>Denar var silfurpeningur. \u00c1 honum var mynd af T\u00edber\u00edusi keisara. Me\u00f0 \u00feessari mynt guldu gy\u00f0ingar keisaranum skatt.<\/p>\n<p><strong>22.23\u00a0<\/strong><em>sadd\u00fakear:<\/em>Sj\u00e1 athugagrein vi\u00f0 16.1 Sadd\u00fakear tr\u00fa\u00f0u ekki \u00e1 upprisu eftir dau\u00f0ann, enda v\u00e6ri h\u00fan ekki nefnd \u00ed l\u00f6gm\u00e1li M\u00f3se. \u00deessari spurningu \u00feeirra til Jes\u00fa var \u00e6tla\u00f0 a\u00f0 s\u00fdna fram \u00e1 hve f\u00e1r\u00e1nlegt \u00fea\u00f0 v\u00e6ri a\u00f0 hugsa s\u00e9r a\u00f0 f\u00f3lk lifna\u00f0i aftur eftir a\u00f0 \u00fea\u00f0 hef\u00f0i teki\u00f0 andv\u00f6rpin.<\/p>\n<p><strong>22.24\u00a0<\/strong>5M\u00f3s 25.5.<\/p>\n<p><strong>22.32\u00a0<\/strong><em>\u00c9g er Gu\u00f0 Abrahams, Gu\u00f0 \u00cdsaks og Gu\u00f0 Jakobs:<\/em>Skilja m\u00e1 r\u00f6ksemdaf\u00e6rslu Jes\u00fa \u00feannig, a\u00f0 s\u00e9 Gu\u00f0 enn \u00fe\u00e1 d\u00fdrka\u00f0ur af \u00feessum m\u00f6nnum \u00feremur, sem hann ger\u00f0i vi\u00f0 s\u00e1ttm\u00e1la \u00ed forn\u00f6ld, \u00fe\u00e1 hlj\u00f3ti \u00feeir enn a\u00f0 vera \u00e1 l\u00edfi me\u00f0 einhverjum h\u00e6tti, \u00fear e\u00f0 hann er Gu\u00f0 lifenda. Sj\u00e1 2M\u00f3s 3.6.<\/p>\n<p><strong>22.40\u00a0<\/strong><em>l\u00f6gm\u00e1li\u00f0 og sp\u00e1mennirnir: <\/em>Sj\u00e1 athugagrein vi\u00f0 5.17.<\/p>\n<p><strong>22.42\u00a0<\/strong><em>sonur Dav\u00ed\u00f0s konungs:<\/em>Sj\u00e1 athugagrein vi\u00f0 9.27.<\/p>\n<p><strong>22.44\u00a0<\/strong><em>til h\u00e6gri handar:<\/em>\u00dea\u00f0 var s\u00e6ti hins valdamikla og virta. Sj\u00e1 athugagrein vi\u00f0 20.21.<\/p>\n<p><strong>22.45\u00a0<\/strong><em>Dav\u00ed\u00f0&#8230;.drottin:<\/em>H\u00e9r spyr Jes\u00fas spurningar, sem jafnvel far\u00edsearnir kunna ekkert svar vi\u00f0. Hvernig var h\u00e6gt a\u00f0 vera \u00ed senn sonur Dav\u00ed\u00f0s og drottinn hans? E\u00f0a me\u00f0 \u00f6\u00f0rum or\u00f0um: Hvernig gat Mess\u00edas veri\u00f0 afkomandi Dav\u00ed\u00f0s og \u00fe\u00f3 um lei\u00f0 mikilsver\u00f0ari pers\u00f3na en hann? Sj\u00e1 athugagreinar vi\u00f0 1.1; 1.17; 9.27.<\/p>\n","protected":false},"excerpt":{"rendered":"<p>22.2\u00a0himnar\u00edki:Sj\u00e1 athugagrein vi\u00f0 3.2. 22.2\u00a0br\u00fa\u00f0kaup:Vi\u00f0 br\u00fa\u00f0kaup gy\u00f0inga s\u00f6fnu\u00f0ust fj\u00f6lskyldur og <a href=\"https:\/\/biblian.is\/fraedsla\/ritskyring\/matteusargudspjall-22-kafli\/\"> [&#8230;]<\/a><\/p>\n","protected":false},"author":1,"featured_media":0,"parent":4829,"menu_order":0,"comment_status":"closed","ping_status":"closed","template":"","meta":{"footnotes":""},"class_list":["post-5165","page","type-page","status-publish","hentry"],"_links":{"self":[{"href":"https:\/\/biblian.is\/fraedsla\/wp-json\/wp\/v2\/pages\/5165","targetHints":{"allow":["GET"]}}],"collection":[{"href":"https:\/\/biblian.is\/fraedsla\/wp-json\/wp\/v2\/pages"}],"about":[{"href":"https:\/\/biblian.is\/fraedsla\/wp-json\/wp\/v2\/types\/page"}],"author":[{"embeddable":true,"href":"https:\/\/biblian.is\/fraedsla\/wp-json\/wp\/v2\/users\/1"}],"replies":[{"embeddable":true,"href":"https:\/\/biblian.is\/fraedsla\/wp-json\/wp\/v2\/comments?post=5165"}],"version-history":[{"count":0,"href":"https:\/\/biblian.is\/fraedsla\/wp-json\/wp\/v2\/pages\/5165\/revisions"}],"up":[{"embeddable":true,"href":"https:\/\/biblian.is\/fraedsla\/wp-json\/wp\/v2\/pages\/4829"}],"wp:attachment":[{"href":"https:\/\/biblian.is\/fraedsla\/wp-json\/wp\/v2\/media?parent=5165"}],"curies":[{"name":"wp","href":"https:\/\/api.w.org\/{rel}","templated":true}]}}