{"id":5163,"date":"2019-04-22T13:04:21","date_gmt":"2019-04-22T13:04:21","guid":{"rendered":"https:\/\/biblian.is\/fraedsla\/?page_id=5163"},"modified":"2026-04-17T13:01:17","modified_gmt":"2026-04-17T13:01:17","slug":"matteusargudspjall-21-kafli","status":"publish","type":"page","link":"https:\/\/biblian.is\/fraedsla\/ritskyring\/matteusargudspjall-21-kafli\/","title":{"rendered":"Matteusargu\u00f0spjall 21. kafli"},"content":{"rendered":"<p><strong>21.7\u00a0<\/strong><em>\u00f6snuna:<\/em>Enn \u00fe\u00e1 \u00fearfari \u00fej\u00f3nn \u00cdsarelsmanna en b\u00e6\u00f0i hross og \u00falfaldar var asninn, sem nota\u00f0ur var b\u00e6\u00f0i til dr\u00e1ttar og bur\u00f0ar. Asnar voru l\u00edka l\u00e1tnir ganga \u00ed hringi og kn\u00fdja mylluhj\u00f3li\u00f0, \u00feegar korn var mala\u00f0.<\/p>\n<p><strong>21.8\u00a0<\/strong><em>breiddu kl\u00e6\u00f0i&#8230;.hjuggu greinar:<\/em>Me\u00f0 \u00feessum h\u00e6tti, og \u00fdmsum \u00f6\u00f0rum, f\u00f6gnu\u00f0u menn g\u00f3\u00f0um gesti \u00e1 t\u00edmum N\u00fdja testamentisins.<\/p>\n<p><strong>21.9\u00a0<\/strong><em>Sonur Dav\u00ed\u00f0s:<\/em>Sj\u00e1 athugagrein vi\u00f0 9.27. Sj\u00e1 og Slm 118.25,26.\u00a0<em>H\u00f3sanna:<\/em>Hebreskt or\u00f0, sem g\u00e6ti \u00fe\u00fdtt &#8222;bjarga oss.&#8220; Menn lustu upp \u00feessu \u00f3pi til \u00feess a\u00f0 lofa Gu\u00f0.<\/p>\n<p><strong>21.11\u00a0<\/strong><em>Nasaret \u00ed Gal\u00edleu:<\/em>Heimab\u00e6r Jes\u00fa \u00ed nor\u00f0urhluta Palest\u00ednu.<\/p>\n<p><strong>21.12<\/strong><em>helgid\u00f3minn:<\/em>Sj\u00e1 athugagrein vi\u00f0 24.1,2.<\/p>\n<p><strong>21.15<\/strong><em>Sonur Dav\u00ed\u00f0s<\/em>: Sj\u00e1 athugagrein vi\u00f0 9.27. Sj\u00e1 og Slm 118,.25,26.<\/p>\n<p><strong>21.17\u00a0<\/strong><em>Betan\u00edu:<\/em>L\u00edtill b\u00e6r vi\u00f0 r\u00e6tur Ol\u00edufjallsins, r\u00fama \u00ferj\u00e1 k\u00edl\u00f3metra austan vi\u00f0 Jer\u00fasalem. Vinir Jes\u00fa, systkinin Marta, Mar\u00eda og Lasarus \u00e1ttu \u00fear heima og \u00fear reisti Jes\u00fas Lasarus upp fr\u00e1 dau\u00f0um (sj\u00e1 J\u00f3h 11). N\u00fana heitir Betan\u00eda El-&#8216;Azariyeh eftir Lasarusi og er gr\u00f6f hans \u00feekkt a\u00f0 s\u00f6gn.<\/p>\n<p><strong>21.19\u00a0<\/strong><em>f\u00edkjutr\u00e9:<\/em>Sj\u00e1 athugagrein vi\u00f0 7.16.<\/p>\n<p><strong>21.3\u00a0<\/strong><em>\u00e6\u00f0stuprestarnir og \u00f6ldungarnir:<\/em>Sj\u00e1 athugagrein vi\u00f0 20.18 og <a href=\"https:\/\/biblian.is\/fraedsla\/samtidarsaga-bibliunnar\/mannlif-og-landshaettir-a-timum-jesu-thjodir-valdhafar-og-stjornmal\/\">greinina &#8222;Mannl\u00edf og landsh\u00e6ttir \u00e1 t\u00edmum Jes\u00fa: \u00dej\u00f3\u00f0ir, valdhafar og stj\u00f3rnm\u00e1l&#8220;<\/a>.<\/p>\n<p><strong>21.25\u00a0<\/strong><em>J\u00f3hannesi:\u00a0<\/em>J\u00f3hannes sk\u00edrari. <a href=\"https:\/\/biblian.is\/fraedsla\/ordtakasafn\/johannes-skirari\/\">Sj\u00e1 &#8222;J\u00f3hannes sk\u00edrari&#8220;.<\/a><\/p>\n<p><strong>21.31\u00a0<\/strong><em>tollheimtumenn: <\/em>Sj\u00e1 athugagrein vi\u00f0 5.46.<\/p>\n<p><strong>21.33\u00a0<\/strong><em>v\u00edngar\u00f0:<\/em>Sj\u00e1 athugagrein vi\u00f0 20.1. Sj\u00e1 og Jes 5.1,2.<\/p>\n","protected":false},"excerpt":{"rendered":"<p>21.7\u00a0\u00f6snuna:Enn \u00fe\u00e1 \u00fearfari \u00fej\u00f3nn \u00cdsarelsmanna en b\u00e6\u00f0i hross og \u00falfaldar <a href=\"https:\/\/biblian.is\/fraedsla\/ritskyring\/matteusargudspjall-21-kafli\/\"> [&#8230;]<\/a><\/p>\n","protected":false},"author":1,"featured_media":0,"parent":4829,"menu_order":0,"comment_status":"closed","ping_status":"closed","template":"","meta":{"footnotes":""},"class_list":["post-5163","page","type-page","status-publish","hentry"],"_links":{"self":[{"href":"https:\/\/biblian.is\/fraedsla\/wp-json\/wp\/v2\/pages\/5163","targetHints":{"allow":["GET"]}}],"collection":[{"href":"https:\/\/biblian.is\/fraedsla\/wp-json\/wp\/v2\/pages"}],"about":[{"href":"https:\/\/biblian.is\/fraedsla\/wp-json\/wp\/v2\/types\/page"}],"author":[{"embeddable":true,"href":"https:\/\/biblian.is\/fraedsla\/wp-json\/wp\/v2\/users\/1"}],"replies":[{"embeddable":true,"href":"https:\/\/biblian.is\/fraedsla\/wp-json\/wp\/v2\/comments?post=5163"}],"version-history":[{"count":0,"href":"https:\/\/biblian.is\/fraedsla\/wp-json\/wp\/v2\/pages\/5163\/revisions"}],"up":[{"embeddable":true,"href":"https:\/\/biblian.is\/fraedsla\/wp-json\/wp\/v2\/pages\/4829"}],"wp:attachment":[{"href":"https:\/\/biblian.is\/fraedsla\/wp-json\/wp\/v2\/media?parent=5163"}],"curies":[{"name":"wp","href":"https:\/\/api.w.org\/{rel}","templated":true}]}}