{"id":5159,"date":"2019-04-22T13:00:00","date_gmt":"2019-04-22T13:00:00","guid":{"rendered":"https:\/\/biblian.is\/fraedsla\/?page_id=5159"},"modified":"2026-04-17T13:01:17","modified_gmt":"2026-04-17T13:01:17","slug":"matteusargudspjall-19-kafli","status":"publish","type":"page","link":"https:\/\/biblian.is\/fraedsla\/ritskyring\/matteusargudspjall-19-kafli\/","title":{"rendered":"Matteusargu\u00f0spjall 19. kafli"},"content":{"rendered":"<p><strong>19.1\u00a0<\/strong><em>J\u00fadeu handan J\u00f3rdanar: <\/em>\u00deetta sv\u00e6\u00f0i, sem er \u00ed J\u00f3rdandalnum, f\u00f3r seinna a\u00f0 ganga undir nafninu Transj\u00f3rdan\u00eda e\u00f0a Perea.<\/p>\n<p><strong>19.3-9\u00a0<\/strong><em>a\u00f0 skilja:<\/em>Sj\u00e1 athugagrein vi\u00f0 5.31.<\/p>\n<p><strong>19.9<\/strong><em>nema sakir h\u00f3rd\u00f3ms:<\/em>Sj\u00e1 athugagrein vi\u00f0 5.32.<\/p>\n<p><strong>19.14\u00a0<\/strong><em>sl\u00edkra er himnar\u00edki: <\/em>E\u00f0a: &#8222;Gu\u00f0sr\u00edki\u00f0 tilheyrir \u00feeim sem eru eins og \u00feessi b\u00f6rn.&#8220;<\/p>\n<p><strong>19.16\u00a0<\/strong><em>eil\u00edft l\u00edf:<\/em>\u00c1 d\u00f6gum Jes\u00fa voru margir gy\u00f0ingar farnir a\u00f0 tr\u00faa \u00e1 l\u00edf eftir dau\u00f0ann. En a\u00f0rir, eins og t.d. Sadd\u00fakear, vildu ekki heyra \u00e1 eil\u00edft l\u00edf minnst, af \u00fev\u00ed a\u00f0 \u00fev\u00ed var ekkert l\u00fdst \u00ed l\u00f6gm\u00e1li M\u00f3se. Enn a\u00f0rir t\u00f6ldu a\u00f0 l\u00edf eftir dau\u00f0ann yr\u00f0i eins og jar\u00f0l\u00edfi\u00f0. Jes\u00fas l\u00edkir framt\u00ed\u00f0arr\u00edki Gu\u00f0s vi\u00f0 veislu (sj\u00e1 8.11). <a href=\"https:\/\/biblian.is\/fraedsla\/ordtakasafn\/eilift-lif\/\">Sj\u00e1 &#8222;Eil\u00edft l\u00edf&#8220; \u00ed or\u00f0takasafni.<\/a><\/p>\n<p><strong>19.24\u00a0<\/strong><em>\u00falfalda:<\/em>\u00dalfaldar (e\u00f0a kameld\u00fdr) eru st\u00f3reflis skepnur, algengar \u00ed Mi\u00f0-Austurl\u00f6ndum. \u00deeir eru stundum nefndir &#8222;skip ey\u00f0imerkurinnar&#8220; fyrir \u00fea\u00f0 a\u00f0 \u00feeir eru l\u00e1tnir bera \u00feungar byr\u00f0ar langar lei\u00f0ir. \u00cd maga \u00falfaldans eru h\u00f3lf sem geyma vatn langt\u00edmum saman, svo a\u00f0 \u00feeir \u00feurfa ekki a\u00f0 drekka nema st\u00f3rum og sjaldan. \u00c1 bakinu hafa \u00feeir fituhn\u00fa\u00f0. Kamelull var notu\u00f0 til \u00feess a\u00f0 b\u00faa til \u00far henni tj\u00f6ld og fatna\u00f0.<\/p>\n<p><strong>19.28\u00a0<\/strong><em>t\u00f3lf h\u00e1s\u00e6tum og d\u00e6ma t\u00f3lf \u00e6ttkv\u00edslir \u00cdsraels:<\/em>Jakobi, sonarsyni Abrahams og S\u00f6ru, var af Gu\u00f0i gefi\u00f0 nafni\u00f0 \u00cdsrael (sj\u00e1 1M\u00f3s 32.22-30). Hinar t\u00f3lf \u00e6ttkv\u00edslir \u00cdsraels heita eftir jafnm\u00f6rgum sonum Jakobs. J\u00f3sef, sonur Jakobs, var forfa\u00f0ir tveggja \u00e6ttkv\u00edsla, \u00feeirra Manasse og Efra\u00edm. Lev\u00ed \u00e6ttkv\u00edsl f\u00e9kk ekkert \u00e1kve\u00f0i\u00f0 h\u00e9ra\u00f0 til b\u00fasetu; h\u00fan skyldi vera s\u00e9rst\u00f6k presta\u00e6ttkv\u00edsl. (Sj\u00e1 Matt 25.31; L\u00fak 22.30.)<\/p>\n","protected":false},"excerpt":{"rendered":"<p>19.1\u00a0J\u00fadeu handan J\u00f3rdanar: \u00deetta sv\u00e6\u00f0i, sem er \u00ed J\u00f3rdandalnum, f\u00f3r <a href=\"https:\/\/biblian.is\/fraedsla\/ritskyring\/matteusargudspjall-19-kafli\/\"> [&#8230;]<\/a><\/p>\n","protected":false},"author":1,"featured_media":0,"parent":4829,"menu_order":0,"comment_status":"closed","ping_status":"closed","template":"","meta":{"footnotes":""},"class_list":["post-5159","page","type-page","status-publish","hentry"],"_links":{"self":[{"href":"https:\/\/biblian.is\/fraedsla\/wp-json\/wp\/v2\/pages\/5159","targetHints":{"allow":["GET"]}}],"collection":[{"href":"https:\/\/biblian.is\/fraedsla\/wp-json\/wp\/v2\/pages"}],"about":[{"href":"https:\/\/biblian.is\/fraedsla\/wp-json\/wp\/v2\/types\/page"}],"author":[{"embeddable":true,"href":"https:\/\/biblian.is\/fraedsla\/wp-json\/wp\/v2\/users\/1"}],"replies":[{"embeddable":true,"href":"https:\/\/biblian.is\/fraedsla\/wp-json\/wp\/v2\/comments?post=5159"}],"version-history":[{"count":0,"href":"https:\/\/biblian.is\/fraedsla\/wp-json\/wp\/v2\/pages\/5159\/revisions"}],"up":[{"embeddable":true,"href":"https:\/\/biblian.is\/fraedsla\/wp-json\/wp\/v2\/pages\/4829"}],"wp:attachment":[{"href":"https:\/\/biblian.is\/fraedsla\/wp-json\/wp\/v2\/media?parent=5159"}],"curies":[{"name":"wp","href":"https:\/\/api.w.org\/{rel}","templated":true}]}}