{"id":5157,"date":"2019-04-22T12:58:34","date_gmt":"2019-04-22T12:58:34","guid":{"rendered":"https:\/\/biblian.is\/fraedsla\/?page_id=5157"},"modified":"2026-04-17T13:01:17","modified_gmt":"2026-04-17T13:01:17","slug":"matteusargudspjall-18-kafli","status":"publish","type":"page","link":"https:\/\/biblian.is\/fraedsla\/ritskyring\/matteusargudspjall-18-kafli\/","title":{"rendered":"Matteusargu\u00f0spjall 18. kafli"},"content":{"rendered":"<p><strong>18.1\u00a0<\/strong><em>himnar\u00edki:<\/em>Sj\u00e1 athugagrein vi\u00f0 3.2. Sj\u00e1 og L\u00fakas 22.24.<\/p>\n<p><strong>18.5\u00a0<\/strong><em>barni<\/em>: Liti\u00f0 var \u00e1 b\u00f6rn sem gj\u00f6f fr\u00e1 Gu\u00f0i, enda \u00f6nnu\u00f0ust \u00feau seinna um aldra\u00f0a foreldra s\u00edna og h\u00e9ldu nafni fj\u00f6lskyldunnar vi\u00f0 l\u00fd\u00f0i \u00feegar foreldrarnir d\u00f3u. B\u00f6rn fengu \u00fe\u00f3 engu a\u00f0 r\u00e1\u00f0a og ur\u00f0u a\u00f0 hl\u00fd\u00f0a foreldrum s\u00ednum skilyr\u00f0islaust \u00ed einu og \u00f6llu. Jes\u00fas t\u00f3k d\u00e6mi af b\u00f6rnunum til \u00feess a\u00f0 s\u00fdna fram \u00e1 a\u00f0 makt og veldi var\u00f0a ekki lei\u00f0ina inn \u00ed Gu\u00f0s r\u00edki, heldur hl\u00fd\u00f0ni.<\/p>\n<p><strong>18.8,9\u00a0<\/strong><em>h\u00f6nd \u00fe\u00edn&#8230;.auga \u00feitt&#8230;.r\u00edf \u00fea\u00f0 \u00far: <\/em>\u00dea\u00f0 gat fari\u00f0 fyrir brj\u00f3sti\u00f0 \u00e1 f\u00f3lki hva\u00f0 Jes\u00fas br\u00e1 stundum upp \u00f3f\u00f6grum myndum til \u00feess a\u00f0 koma sannleikanum \u00e1 framf\u00e6ri. H\u00e9r m\u00e1 skilja or\u00f0 hans svo, a\u00f0 \u00fea\u00f0 s\u00e9 ekki miki\u00f0 m\u00f3tl\u00e6ti a\u00f0 missa h\u00f6nd e\u00f0a auga bori\u00f0 saman vi\u00f0 kvalirnar \u00ed eldslogum helju. (Helja er \u00e1stand, ekki sta\u00f0ur.) Sj\u00e1 og 5.29,30.<\/p>\n<p><strong>18.10,11\u00a0<\/strong><em>\u00e1 himnum:<\/em>Sum handrit b\u00e6ta vi\u00f0 &#8222;Mannssonurinn er kominn a\u00f0 frelsa hi\u00f0 t\u00fdnda.&#8220;<\/p>\n<p><strong>\u00a0<\/strong><strong>18.15 <\/strong><em>br\u00f3\u00f0ir \u00feinn:<\/em>S\u00e1, sem fylgir Jes\u00fa eftir.<\/p>\n<p><strong>18,22\u00a0<\/strong><em>sj\u00f6t\u00edu sinnum sj\u00f6:<\/em>\u00deessi h\u00e1a tala segir okkur, a\u00f0 l\u00e6risveinar Jes\u00fa eiga<u>alltaf<\/u>a\u00f0 fyrirgefa hver \u00f6\u00f0rum. <a href=\"https:\/\/biblian.is\/fraedsla\/ordtakasafn\/tolur-i-bibliunni\/\">Sj\u00e1 n\u00e1nar um t\u00f6lur \u00ed Bibl\u00edunni \u00ed or\u00f0takasafni<\/a>.<\/p>\n<p>&nbsp;<\/p>\n","protected":false},"excerpt":{"rendered":"<p>18.1\u00a0himnar\u00edki:Sj\u00e1 athugagrein vi\u00f0 3.2. Sj\u00e1 og L\u00fakas 22.24. 18.5\u00a0barni: Liti\u00f0 <a href=\"https:\/\/biblian.is\/fraedsla\/ritskyring\/matteusargudspjall-18-kafli\/\"> [&#8230;]<\/a><\/p>\n","protected":false},"author":1,"featured_media":0,"parent":4829,"menu_order":0,"comment_status":"closed","ping_status":"closed","template":"","meta":{"footnotes":""},"class_list":["post-5157","page","type-page","status-publish","hentry"],"_links":{"self":[{"href":"https:\/\/biblian.is\/fraedsla\/wp-json\/wp\/v2\/pages\/5157","targetHints":{"allow":["GET"]}}],"collection":[{"href":"https:\/\/biblian.is\/fraedsla\/wp-json\/wp\/v2\/pages"}],"about":[{"href":"https:\/\/biblian.is\/fraedsla\/wp-json\/wp\/v2\/types\/page"}],"author":[{"embeddable":true,"href":"https:\/\/biblian.is\/fraedsla\/wp-json\/wp\/v2\/users\/1"}],"replies":[{"embeddable":true,"href":"https:\/\/biblian.is\/fraedsla\/wp-json\/wp\/v2\/comments?post=5157"}],"version-history":[{"count":0,"href":"https:\/\/biblian.is\/fraedsla\/wp-json\/wp\/v2\/pages\/5157\/revisions"}],"up":[{"embeddable":true,"href":"https:\/\/biblian.is\/fraedsla\/wp-json\/wp\/v2\/pages\/4829"}],"wp:attachment":[{"href":"https:\/\/biblian.is\/fraedsla\/wp-json\/wp\/v2\/media?parent=5157"}],"curies":[{"name":"wp","href":"https:\/\/api.w.org\/{rel}","templated":true}]}}