{"id":5155,"date":"2019-04-22T12:57:07","date_gmt":"2019-04-22T12:57:07","guid":{"rendered":"https:\/\/biblian.is\/fraedsla\/?page_id=5155"},"modified":"2022-12-16T13:59:09","modified_gmt":"2022-12-16T13:59:09","slug":"matteusargudspjall-17-kafli","status":"publish","type":"page","link":"https:\/\/biblian.is\/fraedsla\/ritskyring\/matteusargudspjall-17-kafli\/","title":{"rendered":"Matteusargu\u00f0spjall 17. kafli"},"content":{"rendered":"<p><strong>17.3\u00a0<\/strong><em>M\u00f3se og El\u00eda:<\/em>Fremstu lei\u00f0togar \u00cdsraels\u00fej\u00f3\u00f0arinnar. \u00deeir kv\u00f6ddu hana til n\u00fdrra l\u00edfsh\u00e1tta og birtast h\u00e9r sem fulltr\u00faar tveggja meginhluta helgiritasafns gy\u00f0inga. M\u00f3se st\u00edgur fram af l\u00f6gm\u00e1lsins h\u00e1lfu, El\u00eda fyrir h\u00f6nd sp\u00e1mannanna. Matteus gefur h\u00e9r til kynna a\u00f0 \u00ed Jes\u00fa r\u00e6tist vonir Gamla testamentis. <a href=\"https:\/\/biblian.is\/fraedsla\/ordtakasafn\/mose\/\">Sj\u00e1 n\u00e1nar \u00ed &#8222;M\u00f3se&#8220;<\/a> og athugagrein vi\u00f0 11.14 (El\u00eda).<\/p>\n<p><strong>17.9<\/strong><em>Mannssonurinn: <\/em>Sj\u00e1 athugagrein vi\u00f0 8.20.<\/p>\n<p><strong>17.10\u00a0<\/strong><em>El\u00eda eigi fyrst a\u00f0 koma?<\/em>Margir gy\u00f0ingar \u00ed \u00feann t\u00ed\u00f0 tr\u00fa\u00f0u \u00fev\u00ed a\u00f0 El\u00eda sp\u00e1ma\u00f0ur yr\u00f0i a\u00f0 koma \u00e1\u00f0ur en Mess\u00edas g\u00e6ti birst. S\u00fa tr\u00fa var sprottin af 4. kap\u00edtula sp\u00e1d\u00f3msb\u00f3kar Malak\u00ed, versunum 5 og 6. Og n\u00fa veltu \u00feeir \u00fev\u00ed fyrir s\u00e9r, hvers vegna \u00feeir hef\u00f0u ekki enn s\u00e9\u00f0 El\u00eda, ef satt v\u00e6ri a\u00f0 Jes\u00fas v\u00e6ri sj\u00e1lfur Mess\u00edas.<\/p>\n<p><strong>17.15\u00a0<\/strong><em>tunglsj\u00fakur<\/em>: Gr\u00edska or\u00f0i\u00f0 \u00ed frumtextanum merkir &#8222;tunglsj\u00fakur&#8220; en krankleikinn mun hafa veri\u00f0 ni\u00f0urfallss\u00fdki, \u00f6\u00f0ru nafni flogaveiki. \u00deeir sem haldnir eru af henni detta \u00fe\u00e1 minnst vonum varir og byrja a\u00f0 skj\u00e1lfa, \u00e1n \u00feess a\u00f0 f\u00e1 vi\u00f0 neitt r\u00e1\u00f0i\u00f0. \u00dea\u00f0 er kalla\u00f0 a\u00f0 f\u00e1 kast e\u00f0a slag.<\/p>\n<p><strong>17.18\u00a0<\/strong><em>illi andinn: <\/em>Sj\u00e1 athugagrein vi\u00f0 8.16. Almennt var \u00e1liti\u00f0 a\u00f0 tungls\u00fdki v\u00e6ri verk illra anda.<\/p>\n<p><strong>17.20,21\u00a0<\/strong><em>ver\u00f0ur ykkur um megn.<\/em>Sum handrit b\u00e6ta vi\u00f0: &#8222;En \u00feetta kyn ver\u00f0ur eigi \u00fat reki\u00f0 nema me\u00f0 b\u00e6n og f\u00f6stu.&#8220;<\/p>\n<p><strong>17.24\u00a0<\/strong><em>Kaperna\u00fam: <\/em>Sj\u00e1 athugagrein vi\u00f0 4.13 (Kaperna\u00fam).<\/p>\n<p><strong>17.24\u00a0<\/strong><em>musterisgjaldi\u00f0:<\/em>Krafi\u00f0 var um \u00feennan toll til helgid\u00f3msins samkv\u00e6mt fyrirm\u00e6lum \u00ed l\u00f6gm\u00e1li M\u00f3se (2M\u00f3s 30.11-16; 38.26). Gjaldi\u00f0 var h\u00e1lfur sikill, er mun hafa samsvara\u00f0 tvennum daglaunum verkamanns.<\/p>\n<p><strong>17.25\u00a0<\/strong><em>af b\u00f6rnum s\u00ednum e\u00f0a vandalausum.<\/em>E\u00f0a &#8222;af b\u00f6rnum s\u00ednum e\u00f0a \u00f6\u00f0rum.&#8220;<\/p>\n<p><strong>17.26\u00a0<\/strong><em>af vandalausum. <\/em>E\u00f0a: Af \u00f6\u00f0rum&#8230;..b\u00f6rnin.&#8220;<\/p>\n","protected":false},"excerpt":{"rendered":"<p>17.3\u00a0M\u00f3se og El\u00eda:Fremstu lei\u00f0togar \u00cdsraels\u00fej\u00f3\u00f0arinnar. \u00deeir kv\u00f6ddu hana til n\u00fdrra <a href=\"https:\/\/biblian.is\/fraedsla\/ritskyring\/matteusargudspjall-17-kafli\/\"> [&#8230;]<\/a><\/p>\n","protected":false},"author":1,"featured_media":0,"parent":4829,"menu_order":0,"comment_status":"closed","ping_status":"closed","template":"","meta":{"footnotes":""},"class_list":["post-5155","page","type-page","status-publish","hentry"],"_links":{"self":[{"href":"https:\/\/biblian.is\/fraedsla\/wp-json\/wp\/v2\/pages\/5155","targetHints":{"allow":["GET"]}}],"collection":[{"href":"https:\/\/biblian.is\/fraedsla\/wp-json\/wp\/v2\/pages"}],"about":[{"href":"https:\/\/biblian.is\/fraedsla\/wp-json\/wp\/v2\/types\/page"}],"author":[{"embeddable":true,"href":"https:\/\/biblian.is\/fraedsla\/wp-json\/wp\/v2\/users\/1"}],"replies":[{"embeddable":true,"href":"https:\/\/biblian.is\/fraedsla\/wp-json\/wp\/v2\/comments?post=5155"}],"version-history":[{"count":0,"href":"https:\/\/biblian.is\/fraedsla\/wp-json\/wp\/v2\/pages\/5155\/revisions"}],"up":[{"embeddable":true,"href":"https:\/\/biblian.is\/fraedsla\/wp-json\/wp\/v2\/pages\/4829"}],"wp:attachment":[{"href":"https:\/\/biblian.is\/fraedsla\/wp-json\/wp\/v2\/media?parent=5155"}],"curies":[{"name":"wp","href":"https:\/\/api.w.org\/{rel}","templated":true}]}}