{"id":5153,"date":"2019-04-22T12:55:29","date_gmt":"2019-04-22T12:55:29","guid":{"rendered":"https:\/\/biblian.is\/fraedsla\/?page_id=5153"},"modified":"2026-04-17T13:01:17","modified_gmt":"2026-04-17T13:01:17","slug":"matteusargudspjall-16-kafli","status":"publish","type":"page","link":"https:\/\/biblian.is\/fraedsla\/ritskyring\/matteusargudspjall-16-kafli\/","title":{"rendered":"Matteusargu\u00f0spjall 16. kafli"},"content":{"rendered":"<p><strong>16.1\u00a0<\/strong><em>far\u00edsear og sadd\u00fakear:<\/em>Or\u00f0i\u00f0 &#8222;far\u00edsei&#8220; kemur \u00far hebresku og \u00fe\u00fd\u00f0ir l\u00edklega &#8222;hinn a\u00f0skildi&#8220; e\u00f0a &#8222;s\u00e1 hreini,&#8220; \u00fe\u00f3tt ekki s\u00e9 \u00fea\u00f0 vita\u00f0 me\u00f0 vissu. Far\u00edsear fengust vi\u00f0 a\u00f0 kenna l\u00f6gm\u00e1li\u00f0 og rannsaka helgirit gy\u00f0inga. Sadd\u00fakear voru flokkur au\u00f0ugra gy\u00f0inga og draga tr\u00falega nafn sitt af Zadok, en svo nefndist fj\u00f6lskylda heldri klerka (sj\u00e1 2Sam 20.25; 1Kon 1.39-45). \u00deeir h\u00e9ldu \u00fev\u00ed fram a\u00f0 br\u00fdnast alls v\u00e6ri a\u00f0 ganga \u00ed musteri\u00f0 og f\u00e6ra \u00fear f\u00f3rnir. <a href=\"https:\/\/biblian.is\/fraedsla\/samtidarsaga-bibliunnar\/mannlif-og-landshaettir-a-timum-jesu-thjodir-valdhafar-og-stjornmal\/\">N\u00e1nar \u00ed greininni &#8222;Mannl\u00edf og landsh\u00e6ttir \u00e1 t\u00edmum Jes\u00fa: \u00dej\u00f3\u00f0ir, valdhafar og stj\u00f3rnm\u00e1l<\/a>&#8222;.<\/p>\n<p><strong>16.4\u00a0<\/strong><em>t\u00e1kn J\u00f3nasar: <\/em>Sj\u00e1 athugagrein vi\u00f0 12.39-41. Sj\u00e1 og Matt 12.39; L\u00fak 11.29.<\/p>\n<p><strong>16.6-12\u00a0<\/strong><em>s\u00fardeig far\u00edsea og sadd\u00fakea:<\/em>\u00deegar svolitlu geri er blanda\u00f0 saman vi\u00f0 vatnsdeig, \u00fe\u00e1 hefast deigi\u00f0 (sj\u00e1 athugagrein vi\u00f0 13.33). \u00dea\u00f0, sem Jes\u00fas \u00e1 vi\u00f0 h\u00e9r, er a\u00f0 falskenningar far\u00edsea og sadd\u00fakea kunni a\u00f0 hafa l\u00edk \u00e1hrif \u00e1 \u00cdsraels\u00fej\u00f3\u00f0ina og ger\u00f6gnin, sem veldur \u00fev\u00ed a\u00f0 allt deigi\u00f0 lyftir s\u00e9r. Sj\u00e1 og Matt 14.17-21: 15.34-38: L\u00fak 12.1.<\/p>\n<p><strong>16.13\u00a0<\/strong><em>Sesareu Filipp\u00ed:<\/em>\u00deessi borg var um 40 km. nor\u00f0an vi\u00f0 Gal\u00edleuvatn. \u00dear sprettur vatnslind upp \u00ed helli einum. Hann var \u00fev\u00ed \u00e1litinn helgur sta\u00f0ur. Grikkir nefndu borgina Paneas eftir gr\u00edska sk\u00f3gargo\u00f0inu Pan. \u00c1g\u00fastus keisari \u00ed R\u00f3m f\u00e6r\u00f0i Her\u00f3desi mikla borgina a\u00f0 gj\u00f6f. Sonur Her\u00f3desar, Filippus, endurbygg\u00f0i hana s\u00ed\u00f0ar og gaf honum n\u00fdtt nafn til hei\u00f0urs keisaranum og sj\u00e1lfum s\u00e9r.<\/p>\n<p><strong>16.14\u00a0<\/strong><em>El\u00eda&#8230;.Jerem\u00eda:<\/em>Sj\u00e1 athugagrein vi\u00f0 11.14 (El\u00eda). Jerem\u00eda var sp\u00e1ma\u00f0ur \u00ed J\u00fada \u00e1runum kringum 626 til 586 f. Kr. Um sama leyti reyndi J\u00f3s\u00eda konungur merka si\u00f0b\u00f3t \u00ed tr\u00faarefnum. Jerem\u00eda var \u00ed litlum metum hj\u00e1 fj\u00f6lda f\u00f3lks fyrir a\u00f0 halda \u00fev\u00ed fram a\u00f0 J\u00fadam\u00f6nnum yr\u00f0i refsa\u00f0 og \u00feeir gersigra\u00f0ir af \u00fev\u00ed a\u00f0 \u00feeir hef\u00f0u syndga\u00f0 gegn Gu\u00f0i. Sj\u00e1 og Matt 14.1,2; Mrk 6.14; L\u00fak 9.7,8.<\/p>\n<p><strong>16.16\u00a0<\/strong><em>Kristur:<\/em>Sj\u00e1 athugagrein vi\u00f0 1.17. Sj\u00e1 og J\u00f3h 6.68,69.<\/p>\n<p><strong>16.18\u00a0<\/strong><em>kirkju:<\/em>Matteus er hinn eini gu\u00f0spjallamannanna fj\u00f6gurra sem notar or\u00f0i\u00f0 &#8222;kirkja.&#8220; Gr\u00edska or\u00f0i\u00f0, sem \u00e1 \u00edslensku er \u00fatlagt &#8222;kirkja&#8220;, \u00fe\u00fd\u00f0ir &#8222;h\u00f3pur f\u00f3lks sem kalla\u00f0 er saman,&#8220; e\u00f0a me\u00f0 \u00f6\u00f0rum or\u00f0um: \u00e1 s\u00e9r sameiginlegt markmi\u00f0. Kirkjan var hinn n\u00fdi gu\u00f0sl\u00fd\u00f0ur, sem Jes\u00fas var a\u00f0 &#8222;reisa.&#8220;<\/p>\n<p><strong>16.20\u00a0<\/strong><em>a\u00f0 segja engum a\u00f0 hann v\u00e6ri Kristur: <\/em>Sj\u00e1 athugagrein vi\u00f0 12.16.<\/p>\n<p><strong>16.21\u00a0<\/strong><em>Jer\u00fasalem:<\/em>H\u00f6fu\u00f0borg J\u00fadeu, \u00fear sem \u00e6ttb\u00e1lkur J\u00fada nam land. Allt fr\u00e1 stj\u00f3rnar\u00e1rum Dav\u00ed\u00f0s konungs var Jer\u00fasalem mi\u00f0st\u00f6\u00f0 gu\u00f0sd\u00fdrkunar \u00cdsraelsmanna. R\u00f3mverjar r\u00e9\u00f0u Jer\u00fasalemsborg \u00e1 d\u00f6gum Jes\u00fa en leyf\u00f0u gy\u00f0ingum a\u00f0 tilbi\u00f0ja \u00ed musterinu sem haf\u00f0i veri\u00f0 endurbyggt tvisvar s\u00ed\u00f0an \u00ed t\u00ed\u00f0 Sal\u00f3mons. Jes\u00fas f\u00f3r til Jer\u00fasalem til \u00feess a\u00f0 koma bo\u00f0skap s\u00ednum \u00e1 framf\u00e6ri, \u00fe\u00f3tt hann vissi a\u00f0 hann myndi m\u00e6ta andst\u00f6\u00f0u tr\u00faarlei\u00f0toga landa sinna.<\/p>\n<p><strong>16.23\u00a0<\/strong><em>Satan:<\/em>Nafni\u00f0 merkir &#8222;andst\u00e6\u00f0ingur&#8220; Satan var l\u00edka kalla\u00f0ur dj\u00f6fullinn (&#8222;\u00e1k\u00e6randi&#8220;) og h\u00f6\u00f0ingi illu andanna (sj\u00e1 4.1 og 9.34).<\/p>\n<p><strong>16.25\u00a0<\/strong><em>l\u00edfi:<\/em>\u00cd versum 25 og 26 er sama gr\u00edska or\u00f0i\u00f0 (psyche) nota\u00f0 til \u00feess a\u00f0 \u00fe\u00fd\u00f0a \u00e1 \u00edslensku &#8222;l\u00edf&#8220; og &#8222;s\u00e1l.&#8220;<\/p>\n<p><strong>16.27<\/strong><em>Mannssonurinn<\/em>: Sj\u00e1 athugagrein vi\u00f0 8.20.<\/p>\n","protected":false},"excerpt":{"rendered":"<p>16.1\u00a0far\u00edsear og sadd\u00fakear:Or\u00f0i\u00f0 &#8222;far\u00edsei&#8220; kemur \u00far hebresku og \u00fe\u00fd\u00f0ir l\u00edklega <a href=\"https:\/\/biblian.is\/fraedsla\/ritskyring\/matteusargudspjall-16-kafli\/\"> [&#8230;]<\/a><\/p>\n","protected":false},"author":1,"featured_media":0,"parent":4829,"menu_order":0,"comment_status":"closed","ping_status":"closed","template":"","meta":{"footnotes":""},"class_list":["post-5153","page","type-page","status-publish","hentry"],"_links":{"self":[{"href":"https:\/\/biblian.is\/fraedsla\/wp-json\/wp\/v2\/pages\/5153","targetHints":{"allow":["GET"]}}],"collection":[{"href":"https:\/\/biblian.is\/fraedsla\/wp-json\/wp\/v2\/pages"}],"about":[{"href":"https:\/\/biblian.is\/fraedsla\/wp-json\/wp\/v2\/types\/page"}],"author":[{"embeddable":true,"href":"https:\/\/biblian.is\/fraedsla\/wp-json\/wp\/v2\/users\/1"}],"replies":[{"embeddable":true,"href":"https:\/\/biblian.is\/fraedsla\/wp-json\/wp\/v2\/comments?post=5153"}],"version-history":[{"count":0,"href":"https:\/\/biblian.is\/fraedsla\/wp-json\/wp\/v2\/pages\/5153\/revisions"}],"up":[{"embeddable":true,"href":"https:\/\/biblian.is\/fraedsla\/wp-json\/wp\/v2\/pages\/4829"}],"wp:attachment":[{"href":"https:\/\/biblian.is\/fraedsla\/wp-json\/wp\/v2\/media?parent=5153"}],"curies":[{"name":"wp","href":"https:\/\/api.w.org\/{rel}","templated":true}]}}