{"id":5151,"date":"2019-04-22T12:53:05","date_gmt":"2019-04-22T12:53:05","guid":{"rendered":"https:\/\/biblian.is\/fraedsla\/?page_id=5151"},"modified":"2022-12-16T13:59:08","modified_gmt":"2022-12-16T13:59:08","slug":"matteusargudspjall-15-kafli","status":"publish","type":"page","link":"https:\/\/biblian.is\/fraedsla\/ritskyring\/matteusargudspjall-15-kafli\/","title":{"rendered":"Matteusargu\u00f0spjall 15. kafli"},"content":{"rendered":"<p><strong>15.1\u00a0<\/strong><em>far\u00edsear og fr\u00e6\u00f0imenn:<\/em>Sj\u00e1 athugagreinar vi\u00f0 8.19 og 16.1.<\/p>\n<p><strong>15.2\u00a0<\/strong><em>\u00fevo ekki hendur s\u00ednar: <\/em>Samkv\u00e6mt l\u00f6gm\u00e1li M\u00f3se var\u00f0 \u00f6ll f\u00e6\u00f0a, sem menn snertu, vanhelg samkv\u00e6mt vissri skilgreiningu og \u00ed lj\u00f3si helgisi\u00f0a, ef \u00feeir h\u00f6f\u00f0u \u00e1\u00f0ur en \u00feeir settust a\u00f0 sn\u00e6\u00f0ingi komi\u00f0 vi\u00f0 eitthva\u00f0 \u00f3hreint.<\/p>\n<p><strong>15.5\u00a0<\/strong><em>gef \u00e9g til musterisins:<\/em>\u00dea\u00f0 var f\u00f6st si\u00f0venja me\u00f0al gy\u00f0inga, a\u00f0 \u00feegar menn s\u00f6g\u00f0u eitthva\u00f0 hafa veri\u00f0 gefi\u00f0 Gu\u00f0i, heyr\u00f0i \u00fea\u00f0 honum einum til upp fr\u00e1 \u00fev\u00ed og var\u00f0 \u00fea\u00f0an \u00ed fr\u00e1 ekki nota\u00f0 til neins annars. Fr\u00e6\u00f0imennirnir kv\u00e1\u00f0ust hafa \u00e1nafna\u00f0 Gu\u00f0i margt af eigum s\u00ednum. \u00deeir g\u00e1tu \u00fev\u00ed ekki n\u00fdtt \u00fea\u00f0 frekar, ekki einu sinni til \u00feess a\u00f0 koma nau\u00f0st\u00f6ddum foreldrum s\u00ednum til hj\u00e1lpar.<\/p>\n<p><strong>15.11\u00a0<\/strong><em>saurgar: <\/em>\u00cd M\u00f3sel\u00f6gum var teki\u00f0 fram, a\u00f0 \u00fdmislegt af \u00fev\u00ed sem menn snertu e\u00f0a \u00e6tu, vanhelga\u00f0i \u00fe\u00e1 og ger\u00f0u \u00fear me\u00f0 \u00f3h\u00e6fa til \u00feess a\u00f0 tilbi\u00f0ja Gu\u00f0. Gy\u00f0ingar for\u00f0u\u00f0ust a\u00f0 saurga sambandi\u00f0 vi\u00f0 Gu\u00f0 me\u00f0 \u00fev\u00ed a\u00f0 eta \u00e1vallt einungis \u00fea\u00f0, sem l\u00f6gm\u00e1li\u00f0 leyf\u00f0i. En Jes\u00fas h\u00e9lt \u00fev\u00ed fram, a\u00f0 f\u00e6\u00f0a ger\u00f0i engan mann \u00f3hreinan, heldur fremur hitt sem \u00feeir hugsu\u00f0 og seg\u00f0u.<\/p>\n<p><strong>15.21\u00a0<\/strong><em>T\u00fdrusar og S\u00eddonar:<\/em>Sj\u00e1 athugagrein vi\u00f0 11.21 (T\u00fdrus og S\u00eddon). \u00cd \u00feessum borgum bjuggu F\u00f6nik\u00edumenn og Kanverjar (hei\u00f0ingjar).<\/p>\n<p><strong>15.22\u00a0<\/strong><em>kona nokkur kanversk:<\/em>Konan var \u00fev\u00ed ekki gy\u00f0ingur. Forfe\u00f0ur hennar og m\u00e6\u00f0ur h\u00f6f\u00f0u \u00e1tt heima \u00ed h\u00e9ra\u00f0inu \u00e1\u00f0ur en \u00e6ttflokkar \u00cdsraels settust \u00fear a\u00f0 m\u00f6rgum \u00f6ldum fyrr.<\/p>\n<p><strong>15.22\u00a0<\/strong><em>Sonur Dav\u00ed\u00f0s:<\/em>Sj\u00e1 athugagrein vi\u00f0 9.27.<\/p>\n<p><strong>15.26\u00a0<\/strong><em>kasta \u00fev\u00ed fyrir hundana:<\/em>Gy\u00f0ingar \u00e1litu hunda \u00f3hreinar skepnur af \u00fev\u00ed a\u00f0 \u00feeir \u00e1tu \u00fargang og hr\u00e6 af dau\u00f0um d\u00fdrum Hundar voru ekki g\u00e6lud\u00fdr e\u00f0a kj\u00f6lturakkar, en sumir gy\u00f0ingar k\u00f6llu\u00f0u \u00fe\u00e1 samborgara s\u00edna sem \u00feeim gast ekki a\u00f0 hunda (Sj\u00e1 Slm 22.16).<\/p>\n<p><strong>15.34\u00a0<\/strong><em>&#8222;Hve m\u00f6rg brau\u00f0&#8230;?&#8220;:<\/em>Sj\u00e1 athugagrein vi\u00f0 14.17.<\/p>\n<p><strong>15.39\u00a0<\/strong><em>Magadanbygg\u00f0ir:<\/em>Magadan kann a\u00f0 hafa veri\u00f0 vi\u00f0 Gal\u00edleuvatni\u00f0 vestavert, \u00fe\u00f3tt \u00fea\u00f0 s\u00e9 ekki vita\u00f0 me\u00f0 vissu.<\/p>\n","protected":false},"excerpt":{"rendered":"<p>15.1\u00a0far\u00edsear og fr\u00e6\u00f0imenn:Sj\u00e1 athugagreinar vi\u00f0 8.19 og 16.1. 15.2\u00a0\u00fevo ekki <a href=\"https:\/\/biblian.is\/fraedsla\/ritskyring\/matteusargudspjall-15-kafli\/\"> [&#8230;]<\/a><\/p>\n","protected":false},"author":1,"featured_media":0,"parent":4829,"menu_order":0,"comment_status":"closed","ping_status":"closed","template":"","meta":{"footnotes":""},"class_list":["post-5151","page","type-page","status-publish","hentry"],"_links":{"self":[{"href":"https:\/\/biblian.is\/fraedsla\/wp-json\/wp\/v2\/pages\/5151","targetHints":{"allow":["GET"]}}],"collection":[{"href":"https:\/\/biblian.is\/fraedsla\/wp-json\/wp\/v2\/pages"}],"about":[{"href":"https:\/\/biblian.is\/fraedsla\/wp-json\/wp\/v2\/types\/page"}],"author":[{"embeddable":true,"href":"https:\/\/biblian.is\/fraedsla\/wp-json\/wp\/v2\/users\/1"}],"replies":[{"embeddable":true,"href":"https:\/\/biblian.is\/fraedsla\/wp-json\/wp\/v2\/comments?post=5151"}],"version-history":[{"count":0,"href":"https:\/\/biblian.is\/fraedsla\/wp-json\/wp\/v2\/pages\/5151\/revisions"}],"up":[{"embeddable":true,"href":"https:\/\/biblian.is\/fraedsla\/wp-json\/wp\/v2\/pages\/4829"}],"wp:attachment":[{"href":"https:\/\/biblian.is\/fraedsla\/wp-json\/wp\/v2\/media?parent=5151"}],"curies":[{"name":"wp","href":"https:\/\/api.w.org\/{rel}","templated":true}]}}