{"id":5146,"date":"2019-04-22T12:02:33","date_gmt":"2019-04-22T12:02:33","guid":{"rendered":"https:\/\/biblian.is\/fraedsla\/?page_id=5146"},"modified":"2026-04-17T13:01:16","modified_gmt":"2026-04-17T13:01:16","slug":"matteusargudspjall-13-kafli","status":"publish","type":"page","link":"https:\/\/biblian.is\/fraedsla\/ritskyring\/matteusargudspjall-13-kafli\/","title":{"rendered":"Matteusargu\u00f0spjall 13. kafli"},"content":{"rendered":"<p><strong>13.1-3\u00a0<\/strong><em>Jes\u00fas&#8230;.settist vi\u00f0 vatni\u00f0&#8230;tala\u00f0i margt til \u00feess \u00ed d\u00e6mis\u00f6gum: <\/em>L\u00e6rimeistarar \u00ed Palest\u00ednu s\u00e1tu yfirleitt me\u00f0an \u00feeir voru a\u00f0 kenna. Jes\u00fas sag\u00f0i oft s\u00f6gur, sem kalla\u00f0ar eru &#8222;d\u00e6mis\u00f6gur&#8220;, \u00feegar hann vildi koma mikilsver\u00f0u efni til skila. <a href=\"https:\/\/biblian.is\/fraedsla\/ordtakasafn\/sogur-daemisogur\/\">Sj\u00e1 og &#8222;S\u00f6gur (d\u00e6mis\u00f6gur)&#8220;<\/a>.<\/p>\n<p><strong>13.4\u00a0<\/strong><em>S\u00e1\u00f0ma\u00f0ur g\u00e9kk \u00fat a\u00f0 s\u00e1:<\/em>\u00deegar b\u00fai\u00f0 var a\u00f0 brj\u00f3ta j\u00f6r\u00f0ina, s\u00e1\u00f0i b\u00f3ndinn ni\u00f0ur korni s\u00ednu \u00ed akurinn me\u00f0 \u00fev\u00ed a\u00f0 kasta hnefafylli \u00ed einu. Sumt af \u00fev\u00ed var\u00f0 strax fuglum a\u00f0 br\u00e1\u00f0. Anna\u00f0 visna\u00f0i \u00ed s\u00f3lskininu e\u00f0a f\u00e9ll me\u00f0al illgresis. A\u00f0 s\u00e1ningu lokinni var s\u00e1\u00f0korni\u00f0 pl\u00e6gt ni\u00f0ur \u00ed moldina \u00e1samt me\u00f0 kornst\u00f6nglastubbum, sem eftir h\u00f6f\u00f0u or\u00f0i\u00f0 vi\u00f0 s\u00ed\u00f0ustu uppskeru, en \u00feeir ur\u00f0u \u00e1bur\u00f0ur er \u00feeir rotnu\u00f0u.<\/p>\n<p><strong>13.11\u00a0<\/strong><em>himnar\u00edkis: <\/em>Sj\u00e1 athugagrein vi\u00f0 3.2.<\/p>\n<p><strong>13.31\u00a0<\/strong><em>mustar\u00f0skorni:<\/em>\u00deetta \u00f6rsm\u00e1a svarta korn (sinnep) var nota\u00f0 til \u00feess a\u00f0 geyma matv\u00e6li og brag\u00f0b\u00e6ta. \u00cd \u00fev\u00ed er ol\u00eda og \u00fea\u00f0 var l\u00edka nota\u00f0 sem lyf. Mustar\u00f0jurtin ver\u00f0ur ekki eins h\u00e1vaxin og m\u00f6rg \u00f6nnur tr\u00e9, en getur \u00fe\u00f3 or\u00f0i\u00f0 h\u00e6rri en me\u00f0alma\u00f0ur. Stundum ver\u00f0ur stofninn \u00e1 vi\u00f0 handlegg manns a\u00f0 gildleika.<\/p>\n<p><strong>13.33\u00a0<\/strong><em>s\u00fardeigi:<\/em>Ger er agnarl\u00edtill gulur sveppur. \u00deegar hann er settur saman vi\u00f0 hveiti og vatn, lyftir deigi\u00f0 s\u00e9r, \u00feannig a\u00f0 ekki ver\u00f0ur \u00far flatbrau\u00f0 \u00feegar baka\u00f0 er. \u00deetta er kalla\u00f0 s\u00fardeig. Brau\u00f0 \u00e1n gers er hins vegar nefnt &#8222;\u00f3s\u00fdrt brau\u00f0&#8220;. \u00dea\u00f0 er n\u00e6fur\u00feunnt og var bori\u00f0 fram vi\u00f0 s\u00e9rst\u00f6k t\u00e6kif\u00e6ri eins og t.d. \u00e1 p\u00e1skum. Sj\u00e1 og athugagrein vi\u00f0 26.2.<\/p>\n<p><strong>13.35\u00a0<\/strong>Slm 78.2.<\/p>\n<p><strong>13.35\u00a0<\/strong><em>sp\u00e1manninn:<\/em>\u00cd sumum handritum: &#8222;sp\u00e1manninn Jesaja.&#8220;<\/p>\n<p><strong>13.36\u00a0<\/strong><em>f\u00f3r inn:<\/em>E\u00f0a &#8222;f\u00f3r heim.&#8220;<\/p>\n<p><strong>13.37\u00a0<\/strong><em>Mannssonurinn: <\/em>Sj\u00e1 athugagrein vi\u00f0 8.20.<\/p>\n<p><strong>13.39\u00a0<\/strong><em>endir veraldar:<\/em>L\u00edklega d\u00f3msdagur (sj\u00e1 athugagrein vi\u00f0 7.22). Matteus dregur upp mynd af degi \u00ed framt\u00ed\u00f0 \u00feegar Drottinn d\u00e6mir heimsbyggina og greinir \u00e1 milli r\u00e9ttl\u00e1tra og rangl\u00e1tra.<\/p>\n<p><strong>13.47\u00a0<\/strong><em>neti sem lagt er \u00ed sj\u00f3 og safnar&#8230;.fiski:\u00a0<\/em>Sj\u00e1 athugagrein vi\u00f0 4.18.<\/p>\n<p><strong>13.47\u00a0<\/strong><em>tala vi\u00f0 \u00feig:\u00a0<\/em>47. vers vantar \u00ed sum handrit.<\/p>\n<p><strong>13.50\u00a0<\/strong><em>eldsofninn:<\/em>M\u00e1lagj\u00f6ldum illgj\u00f6r\u00f0armanna l\u00fdst me\u00f0 myndm\u00e1li (\u00e1tt vi\u00f0 \u00e1stand fremur en sta\u00f0.) Sj\u00e1 athugagrein vi\u00f0 5.22 (eldsv\u00edti).<\/p>\n<p><strong>13.54\u00a0<\/strong><em>\u00e6ttborg&#8230;samkundu:<\/em>Samkunduh\u00fasi\u00f0 \u00ed Nasaret. Sj\u00e1 athugagrein vi\u00f0 4.23. <a href=\"https:\/\/biblian.is\/fraedsla\/ordtakasafn\/samkundurnar\/\">Sj\u00e1 og &#8222;Samkundurnar&#8220;<\/a>.<\/p>\n","protected":false},"excerpt":{"rendered":"<p>13.1-3\u00a0Jes\u00fas&#8230;.settist vi\u00f0 vatni\u00f0&#8230;tala\u00f0i margt til \u00feess \u00ed d\u00e6mis\u00f6gum: L\u00e6rimeistarar \u00ed <a href=\"https:\/\/biblian.is\/fraedsla\/ritskyring\/matteusargudspjall-13-kafli\/\"> [&#8230;]<\/a><\/p>\n","protected":false},"author":1,"featured_media":0,"parent":4829,"menu_order":0,"comment_status":"closed","ping_status":"closed","template":"","meta":{"footnotes":""},"class_list":["post-5146","page","type-page","status-publish","hentry"],"_links":{"self":[{"href":"https:\/\/biblian.is\/fraedsla\/wp-json\/wp\/v2\/pages\/5146","targetHints":{"allow":["GET"]}}],"collection":[{"href":"https:\/\/biblian.is\/fraedsla\/wp-json\/wp\/v2\/pages"}],"about":[{"href":"https:\/\/biblian.is\/fraedsla\/wp-json\/wp\/v2\/types\/page"}],"author":[{"embeddable":true,"href":"https:\/\/biblian.is\/fraedsla\/wp-json\/wp\/v2\/users\/1"}],"replies":[{"embeddable":true,"href":"https:\/\/biblian.is\/fraedsla\/wp-json\/wp\/v2\/comments?post=5146"}],"version-history":[{"count":0,"href":"https:\/\/biblian.is\/fraedsla\/wp-json\/wp\/v2\/pages\/5146\/revisions"}],"up":[{"embeddable":true,"href":"https:\/\/biblian.is\/fraedsla\/wp-json\/wp\/v2\/pages\/4829"}],"wp:attachment":[{"href":"https:\/\/biblian.is\/fraedsla\/wp-json\/wp\/v2\/media?parent=5146"}],"curies":[{"name":"wp","href":"https:\/\/api.w.org\/{rel}","templated":true}]}}