{"id":5144,"date":"2019-04-22T12:00:13","date_gmt":"2019-04-22T12:00:13","guid":{"rendered":"https:\/\/biblian.is\/fraedsla\/?page_id=5144"},"modified":"2025-06-27T02:17:33","modified_gmt":"2025-06-27T02:17:33","slug":"matteusargudspjall-12-kafli","status":"publish","type":"page","link":"https:\/\/biblian.is\/fraedsla\/ritskyring\/matteusargudspjall-12-kafli\/","title":{"rendered":"Matteusargu\u00f0spjall 12. kafli"},"content":{"rendered":"<p><strong>12.1\u00a0<\/strong><em>f\u00f3r Jes\u00fas um s\u00e1\u00f0l\u00f6nd: <\/em>\u00dea\u00f0 var til si\u00f0s \u00ed \u00cdsrael a\u00f0 leyfa soltnum fer\u00f0al\u00f6ngum a\u00f0 t\u00edna korn\u00f6x sem h\u00f6f\u00f0u or\u00f0i\u00f0 eftir \u00e1 akrinum um uppskeruna.<\/p>\n<p><strong>12.1\u00a0<\/strong><em>\u00e1 hv\u00edldardegi: <\/em>A\u00f0 hv\u00edlast, h\u00e6tta a\u00f0 vinna, er \u00e1 hebresku \u201esabbat\u201c. Sabbatinn er hv\u00edldardagur gy\u00f0inga og hefst vi\u00f0 s\u00f3lsetur \u00e1 f\u00f6studagskv\u00f6ldi og l\u00fdkur \u00feegar s\u00f3l sest laugardaginn eftir. Allir gy\u00f0ingar ur\u00f0u a\u00f0 vir\u00f0a hv\u00edldardagshelgina (2M\u00f3s 20.8-11). H\u00e9r s\u00e9st a\u00f0 sumir far\u00edsear t\u00f6ldu \u00fea\u00f0 vera starf a\u00f0 t\u00edna korn\u00f6xin og \u00feess vegna vanhelgun \u00e1 hv\u00edldardeginum.<\/p>\n<p><strong>12.2\u00a0<\/strong><em>far\u00edsear: <\/em>Sj\u00e1 athugagrein vi\u00f0 16.1.<\/p>\n<p><strong>12.3\u00a0<\/strong><em>hva\u00f0 Dav\u00ed\u00f0 ger\u00f0i: <\/em>Jes\u00fas rifjar h\u00e9r upp a\u00f0 prestur gaf Dav\u00ed\u00f0 konungi og fylgdarm\u00f6nnum hans heilagt brau\u00f0 (sko\u00f0unarbrau\u00f0) \u00far musterinu af \u00fev\u00ed a\u00f0 \u00feeir voru hungra\u00f0ir \u00e1 fer\u00f0 (3M\u00f3s 24.5-9; 1Sam 21.1-6).<\/p>\n<p><strong>12.8<\/strong><em>Mannssonurinn: <\/em>Sj\u00e1 athugagrein vi\u00f0 8.20.<\/p>\n<p><strong>12.14\u00a0<\/strong><em>far\u00edsearnir&#8230;.t\u00f3ku saman r\u00e1\u00f0 s\u00edn gegn honum:<\/em>Far\u00edsear nutu vir\u00f0ingar margra gy\u00f0inga af \u00fev\u00ed a\u00f0 \u00feeir l\u00f6g\u00f0u stund \u00e1 l\u00f6gm\u00e1l Drottins og lei\u00f0beindu \u00f6\u00f0rum um \u00fea\u00f0 hversu \u00feeir skyldu haga l\u00edfi s\u00ednu samkv\u00e6mt \u00fev\u00ed. \u00deegar Jes\u00fas bau\u00f0 sko\u00f0unum \u00feeirra og kennivaldi birginn \u00e1kv\u00e1\u00f0u sumir far\u00edseanna a\u00f0 koma honum fyrir kattarnef af \u00fev\u00ed a\u00f0 \u00feeir \u00e1litu a\u00f0 hann \u00f3gna\u00f0i veldi \u00feeirra og st\u00f6\u00f0u \u00ed samf\u00e9laginu.<\/p>\n<p><strong>12.16\u00a0<\/strong><em>lag\u00f0i r\u00edkt \u00e1 vi\u00f0 \u00fe\u00e1 a\u00f0 \u00feeir ger\u00f0u hann eigi kunnan:<\/em>\u00deegar Jes\u00fas l\u00e6kna\u00f0i, ba\u00f0 hann oft vi\u00f0komandi a\u00f0 gera ekkert uppsk\u00e1tt um \u00fea\u00f0. Ef til vill ger\u00f0i hann \u00fea\u00f0 til \u00feess a\u00f0 a\u00f0rir k\u00e6mu ekki \u00fe\u00e1 til hans \u00ed \u00feeim tilgangi einum a\u00f0 ver\u00f0a a\u00f0nj\u00f3tandi l\u00e6kningakraftaverks, en einskis meir.<\/p>\n<p><strong>12.23\u00a0<\/strong><em>Hann er \u00fe\u00f3 ekki sonur Dav\u00ed\u00f0s?\u00a0<\/em>E\u00f0a: &#8222;Heldur Jes\u00fas a\u00f0 hann s\u00e9 sonur Dav\u00ed\u00f0s?&#8220; Sj\u00e1 athugagrein vi\u00f0 9.27.<\/p>\n<p><strong>12.24\u00a0<\/strong><em>Beelseb\u00fals, h\u00f6f\u00f0ingja illra anda: <\/em>Sj\u00e1 10.25 og athugagrein vi\u00f0 9.34.<\/p>\n<p><strong>12.31-32\u00a0<\/strong><em>Mannssyninum: <\/em>Sj\u00e1 athugagrein vi\u00f0 8.20.<\/p>\n<p><strong>12.36\u00a0<\/strong><em>\u00c1 d\u00f3msdegi: <\/em>Sj\u00e1 athugagrein vi\u00f0 7.22.<\/p>\n<p><strong>12.39-41\u00a0<\/strong><em>J\u00f3nasar sp\u00e1manns&#8230;N\u00ednevemenn: <\/em>Gu\u00f0 sendi J\u00f3nas sp\u00e1mann til N\u00edneve, h\u00f6fu\u00f0borgar Ass\u00fdr\u00edu, til \u00feess a\u00f0 segja \u00edb\u00faunum a\u00f0 bi\u00f0jast fyrirgefningar Gu\u00f0s. J\u00f3nas vildi ekki a\u00f0 Gu\u00f0 fyrirg\u00e6fi \u00f3vinum \u00cdsraels \u00ed Ass\u00fdr\u00edu, og reyndi \u00fev\u00ed a\u00f0 fela sig fyrir Gu\u00f0i um bor\u00f0 \u00ed skipi (J\u00f3nas 1.3). \u00de\u00e1 l\u00e9t Gu\u00f0 f\u00e1rvi\u00f0ri skella \u00e1 hafinu svo a\u00f0 J\u00f3nas f\u00f3r fyrir bor\u00f0 og st\u00f3rfiskur gleypti hann (J\u00f3nas 1.12-17). Hann var \u00ed kvi\u00f0i fiskjarins \u00ed \u00ferj\u00e1 daga (&#8222;J\u00f3nas \u00ed hvalnum&#8220;) \u00e1\u00f0ur en fiskurinn spj\u00f3 honum upp \u00e1 \u00feurrt land (J\u00f3nas 2.11). Jes\u00fas l\u00edkir h\u00e9r \u00feeim d\u00f6gum sem hann mun dvelja \u00ed gr\u00f6f sinni vi\u00f0 d\u00e6grin sem J\u00f3nas var \u00ed kvi\u00f0i fiskjarins. Sj\u00e1 og Matt. 15.4; Mark 8.12; J\u00f3nas 3.5.<\/p>\n<p><strong>12.42\u00a0<\/strong><em>Drottning Su\u00f0urlanda&#8230;..a\u00f0 heyra speki Sal\u00f3mons:<\/em>H\u00e9r er \u00e1tt vi\u00f0 drottninguna af Saba \u00ed Su\u00f0ur-Arab\u00edu. H\u00fan t\u00f3k s\u00e9r fer\u00f0 \u00e1 hendur til \u00feess a\u00f0 hl\u00fd\u00f0a \u00e1 speki Sal\u00f3mons, konungs \u00ed \u00cdsrael (sj\u00e1 1Kon 10.1-10; 2Kron 9.1-12). Jes\u00fas bendir h\u00e9r \u00e1 \u00fea\u00f0, a\u00f0 fyrst hei\u00f0ingi \u00e1 bor\u00f0 vi\u00f0 drottninguna af Saba gat l\u00e6rt af konungi \u00ed \u00cdsrael for\u00f0um daga, \u00fe\u00e1 \u00e6ttu fram\u00e1menn gy\u00f0inga a\u00f0 bera kennsl \u00e1 bo\u00f0skap Gu\u00f0s, borinn fram af samlanda \u00feeirra, Jes\u00fa.<\/p>\n","protected":false},"excerpt":{"rendered":"<p>12.1\u00a0f\u00f3r Jes\u00fas um s\u00e1\u00f0l\u00f6nd: \u00dea\u00f0 var til si\u00f0s \u00ed \u00cdsrael <a href=\"https:\/\/biblian.is\/fraedsla\/ritskyring\/matteusargudspjall-12-kafli\/\"> [&#8230;]<\/a><\/p>\n","protected":false},"author":1,"featured_media":0,"parent":4829,"menu_order":0,"comment_status":"closed","ping_status":"closed","template":"","meta":{"footnotes":""},"class_list":["post-5144","page","type-page","status-publish","hentry"],"_links":{"self":[{"href":"https:\/\/biblian.is\/fraedsla\/wp-json\/wp\/v2\/pages\/5144","targetHints":{"allow":["GET"]}}],"collection":[{"href":"https:\/\/biblian.is\/fraedsla\/wp-json\/wp\/v2\/pages"}],"about":[{"href":"https:\/\/biblian.is\/fraedsla\/wp-json\/wp\/v2\/types\/page"}],"author":[{"embeddable":true,"href":"https:\/\/biblian.is\/fraedsla\/wp-json\/wp\/v2\/users\/1"}],"replies":[{"embeddable":true,"href":"https:\/\/biblian.is\/fraedsla\/wp-json\/wp\/v2\/comments?post=5144"}],"version-history":[{"count":0,"href":"https:\/\/biblian.is\/fraedsla\/wp-json\/wp\/v2\/pages\/5144\/revisions"}],"up":[{"embeddable":true,"href":"https:\/\/biblian.is\/fraedsla\/wp-json\/wp\/v2\/pages\/4829"}],"wp:attachment":[{"href":"https:\/\/biblian.is\/fraedsla\/wp-json\/wp\/v2\/media?parent=5144"}],"curies":[{"name":"wp","href":"https:\/\/api.w.org\/{rel}","templated":true}]}}