{"id":5138,"date":"2019-04-22T11:54:02","date_gmt":"2019-04-22T11:54:02","guid":{"rendered":"https:\/\/biblian.is\/fraedsla\/?page_id=5138"},"modified":"2022-12-16T13:59:12","modified_gmt":"2022-12-16T13:59:12","slug":"matteusargudspjall-9-kafli","status":"publish","type":"page","link":"https:\/\/biblian.is\/fraedsla\/ritskyring\/matteusargudspjall-9-kafli\/","title":{"rendered":"Matteusargu\u00f0spjall 9. kafli"},"content":{"rendered":"<p><strong>9.1\u00a0<\/strong><em>til borgar sinnar<\/em>: Um \u00feessar mundir \u00e1tti Jes\u00fas heima \u00ed Kaperna\u00fam (sj\u00e1 4.13).<\/p>\n<p><strong>9.2\u00a0<\/strong><em>syndir \u00fe\u00ednar eru fyrirgefnar:<\/em>Synd er s\u00e9rhvert brot m\u00f3ti Gu\u00f0s heilaga vilja. \u00cd l\u00f6gm\u00e1li M\u00f3se m\u00e6lti Drottinn svo fyrir, a\u00f0 fri\u00f0\u00fe\u00e6gt skyldi fyrir \u00cdsraelsmenn vegna allra synda \u00feeirra me\u00f0 \u00fev\u00ed a\u00f0 f\u00e6ra geithafur \u00ed syndaf\u00f3rn \u00e1 fri\u00f0\u00fe\u00e6gingardaginn (3M\u00f3s 16.1-22). \u00c1 t\u00edmum Jes\u00fa kenndu fr\u00e6\u00f0imennirnir a\u00f0 Gu\u00f0 einn g\u00e6ti fyrirgefi\u00f0 syndir. \u00deeir ur\u00f0u \u00fev\u00ed b\u00e6\u00f0i hneyksla\u00f0ir og rei\u00f0ir \u00feegar Jes\u00fas sag\u00f0i manninum, a\u00f0 syndir hans v\u00e6ru fyrirgefnar. \u00deeim fannst hann vanvir\u00f0a Gu\u00f0 me\u00f0 \u00feessu.<\/p>\n<p><strong>9.8\u00a0<\/strong>\u00f3ttaslegi\u00f0: \u00cd sumum handritum &#8222;undrandi.&#8220;<\/p>\n<p><strong>9.9\u00a0<\/strong><em>mann&#8230;hj\u00e1 tollb\u00fa\u00f0inni, Matteus a\u00f0 nafni: <\/em>Sj\u00e1 athugagrein vi\u00f0 5.46 (tollheimtuma\u00f0ur). Matteus var einn l\u00e6risveinanna t\u00f3lf. Matteusargu\u00f0spjall er a\u00f0 v\u00edsu kennt vi\u00f0 hann, en fr\u00e6\u00f0imenn telja a\u00f0 vart geti veri\u00f0 um einn og sama mann a\u00f0 r\u00e6\u00f0a.<\/p>\n<p><strong>9.10\u00a0<\/strong>h\u00fasi hans: E\u00f0a: h\u00fasi Jes\u00fa.<\/p>\n<p><strong>9.14\u00a0<\/strong><em>Hv\u00ed f\u00f6stum vi\u00f0?<\/em>Sj\u00e1 athugagrein vi\u00f0 4.2.<\/p>\n<p><strong>9.17\u00a0<\/strong><em>springa belgirnir:<\/em>Vi\u00f0 gerjun ver\u00f0ur berjasafi a\u00f0 v\u00edni. V\u00edni\u00f0 var l\u00e1ti\u00f0 \u00ed belgi \u00far skinni. Loft mynda\u00f0ist af gerjuninni og belgirnir t\u00fatnu\u00f0u \u00fat. \u00dea\u00f0 saka\u00f0i ekki ef \u00feeir voru af n\u00fdrri h\u00fa\u00f0. En v\u00e6ri n\u00fdtt v\u00edn sett \u00e1 gamla belgi og skinn \u00feeirra or\u00f0i\u00f0 \u00feurrt og skorpi\u00f0, \u00fe\u00e1 rifnu\u00f0u \u00feeir \u00feegar v\u00edni\u00f0 f\u00f3r a\u00f0 gerjast.<\/p>\n<p><strong>9.23\u00a0<\/strong><em>f\u00f3lki\u00f0 \u00ed uppn\u00e1mi:<\/em>\u00c6ttmenni l\u00e1tins manns r\u00e9\u00f0u oft syrgjendur a\u00f0 \u00fatf\u00f6rinni. Nokkrum klukkustundum \u00e1\u00f0ur en hinn dau\u00f0i var borinn til grafar byrju\u00f0u fj\u00f6lskylda hans, n\u00e1grannar, venslaf\u00f3lk og \u00feessir atvinnu-syrgjendur a\u00f0 veina og stynja. \u00d3sjaldan bar\u00f0i f\u00f3lki\u00f0 s\u00e9r \u00e1 brj\u00f3st og reif kl\u00e6\u00f0i s\u00edn til \u00feess a\u00f0 tj\u00e1 sorgina. \u00deessu f\u00f3r fram \u00e1 me\u00f0an l\u00edki\u00f0 var bori\u00f0 a\u00f0 gr\u00f6finni.<\/p>\n<p><strong>9.27\u00a0<\/strong><em>Sonur Dav\u00ed\u00f0s:<\/em>Margir af sp\u00e1m\u00f6nnum \u00cdsraels h\u00e9ldu \u00fev\u00ed fram a\u00f0 Mess\u00edas yr\u00f0i af \u00e6tt Dav\u00ed\u00f0s konungs. \u00dev\u00ed var Mess\u00edas oft kalla\u00f0ur &#8222;sonur Dav\u00ed\u00f0s&#8220; (sj\u00e1 athugagrein vi\u00f0 1.1.)<\/p>\n<p><strong>9.34\u00a0<\/strong><em>h\u00f6f\u00f0ingja illra anda:<\/em>L\u00edka kalla\u00f0ur Beelseb\u00fal e\u00f0a Beelseb\u00fab (sj\u00e1 Matt 10.25; 12.24; Mrk 3.22; L\u00fak 11.15). Fyrra nafni\u00f0 er dregi\u00f0 af nafni kanverska gu\u00f0sins Baals, en hi\u00f0 s\u00ed\u00f0ara er or\u00f0aleikur a\u00f0 hinu fyrra og \u00fe\u00fd\u00f0ir &#8222;flugnah\u00f6f\u00f0ingi.&#8220; H\u00f6f\u00f0ingi illu andanna var l\u00edka nefndur Satan (andst\u00e6\u00f0ingur Gu\u00f0s) og dj\u00f6fullinn.<\/p>\n","protected":false},"excerpt":{"rendered":"<p>9.1\u00a0til borgar sinnar: Um \u00feessar mundir \u00e1tti Jes\u00fas heima \u00ed <a href=\"https:\/\/biblian.is\/fraedsla\/ritskyring\/matteusargudspjall-9-kafli\/\"> [&#8230;]<\/a><\/p>\n","protected":false},"author":1,"featured_media":0,"parent":4829,"menu_order":0,"comment_status":"closed","ping_status":"closed","template":"","meta":{"footnotes":""},"class_list":["post-5138","page","type-page","status-publish","hentry"],"_links":{"self":[{"href":"https:\/\/biblian.is\/fraedsla\/wp-json\/wp\/v2\/pages\/5138","targetHints":{"allow":["GET"]}}],"collection":[{"href":"https:\/\/biblian.is\/fraedsla\/wp-json\/wp\/v2\/pages"}],"about":[{"href":"https:\/\/biblian.is\/fraedsla\/wp-json\/wp\/v2\/types\/page"}],"author":[{"embeddable":true,"href":"https:\/\/biblian.is\/fraedsla\/wp-json\/wp\/v2\/users\/1"}],"replies":[{"embeddable":true,"href":"https:\/\/biblian.is\/fraedsla\/wp-json\/wp\/v2\/comments?post=5138"}],"version-history":[{"count":0,"href":"https:\/\/biblian.is\/fraedsla\/wp-json\/wp\/v2\/pages\/5138\/revisions"}],"up":[{"embeddable":true,"href":"https:\/\/biblian.is\/fraedsla\/wp-json\/wp\/v2\/pages\/4829"}],"wp:attachment":[{"href":"https:\/\/biblian.is\/fraedsla\/wp-json\/wp\/v2\/media?parent=5138"}],"curies":[{"name":"wp","href":"https:\/\/api.w.org\/{rel}","templated":true}]}}