{"id":5130,"date":"2019-04-22T11:50:20","date_gmt":"2019-04-22T11:50:20","guid":{"rendered":"https:\/\/biblian.is\/fraedsla\/?page_id=5130"},"modified":"2022-12-16T13:59:12","modified_gmt":"2022-12-16T13:59:12","slug":"matteusargudspjall-8-kafli","status":"publish","type":"page","link":"https:\/\/biblian.is\/fraedsla\/ritskyring\/matteusargudspjall-8-kafli\/","title":{"rendered":"Matteusargu\u00f0spjall 8. kafli"},"content":{"rendered":"<h4>Jes\u00fas l\u00e6knar marga og vinnur kraftaverk<\/h4>\n<p><em>Jes\u00fas heldur \u00e1fram starfi s\u00ednu \u00ed Gal\u00edleu. Hann l\u00e6knar marga og vinnur m\u00f6rg kraftaverk. Hann velur Matteus til \u00feess a\u00f0 ver\u00f0a einn af l\u00e6risveinum s\u00ednum.<\/em><\/p>\n<p><strong>8.2-4\u00a0<\/strong><em>l\u00edk\u00fer\u00e1r&#8230;\u00feeim til vitnisbur\u00f0ar: <\/em>L\u00edk\u00fer\u00e1an mann var\u00f0 prestur a\u00f0 sko\u00f0a og \u00farskur\u00f0a a\u00f0 honum v\u00e6ri b\u00f6tnu\u00f0 l\u00edk\u00fer\u00e1in (hann or\u00f0inn &#8222;hreinn&#8220;). Fyrr var honum ekki heimilt a\u00f0 hafa umgengni vi\u00f0 \u00fe\u00e1 sem heilbrig\u00f0ir voru. S\u00ed\u00f0an skyldi hann f\u00e6ra tv\u00f6 l\u00f6mb a\u00f0 f\u00f3rnargj\u00f6f, \u00e1samt mj\u00f6li bl\u00f6ndu\u00f0u \u00f3l\u00edfuol\u00edu. Sj\u00e1 3M\u00f3s 14.1-32 og athugagrein vi\u00f0 10.8 (l\u00edk\u00fer\u00e1).<\/p>\n<p><strong>8.5\u00a0<\/strong><em>Kaperna\u00fam:<\/em>Sj\u00e1 athugagrein vi\u00f0 4.13.<\/p>\n<p><strong>8.5\u00a0<\/strong><em>hundra\u00f0sh\u00f6f\u00f0ingi:<\/em>R\u00f3mverskur li\u00f0sforingi, sem \u00fej\u00e1lfa\u00f0i og st\u00fdr\u00f0i sveit hundra\u00f0 hermanna, sem voru rei\u00f0ub\u00fanir a\u00f0 berjast og falla a\u00f0 skipun hans. Hundra\u00f0sh\u00f6f\u00f0ingar skyldu \u00fej\u00f3na aldarfj\u00f3r\u00f0ung \u00ed hernum.<\/p>\n<p><strong>8.11\u00a0<\/strong><em>sitja til bor\u00f0s&#8230;\u00ed himnar\u00edki:<\/em>H\u00e9r er \u00fev\u00ed l\u00edkt vi\u00f0 veislu og h\u00e1t\u00ed\u00f0arh\u00f6ld, er Gu\u00f0 mun \u00ed framt\u00ed\u00f0 safna saman \u00f6llum \u00feeim sem treysta Jes\u00fa, ekki a\u00f0eins f\u00f3lki af gy\u00f0inga\u00e6ttum, heldur l\u00edka \u00f6llum \u00fej\u00f3\u00f0um. Sj\u00e1 og Jes 25.6-8; L\u00fak 13.29.<\/p>\n<p><strong>8.12\u00a0<\/strong><em>myrkur:<\/em>\u00deetta or\u00f0 breg\u00f0ur upp annarri mynd af sta\u00f0num \u00fear sem \u00feeim ver\u00f0ur refsa\u00f0 sem gj\u00f6ra illt. Sj\u00e1 athugagrein vi\u00f0 5.22.<\/p>\n<p><strong>8.14\u00a0<\/strong><em>P\u00e9turs:<\/em>Sj\u00e1 athugagrein vi\u00f0 10.2 (P\u00e9tur).<\/p>\n<p><strong>8.16\u00a0<\/strong><em>Illu andana rak hann \u00fat:<\/em>Illir andar \u00ed \u00fej\u00f3nustu dj\u00f6fulsins. Menn t\u00f6ldu \u00fe\u00e1 valda margs konar sj\u00fakd\u00f3mum og ge\u00f0truflunum.<\/p>\n<p><strong>8.19\u00a0<\/strong><em>fr\u00e6\u00f0ima\u00f0ur:<\/em>Kennari, sem fr\u00e6ddi um l\u00f6gm\u00e1l M\u00f3se, s\u00e9rfr\u00e6\u00f0ingur \u00ed helgiritum gy\u00f0inga. Fr\u00e6\u00f0imennirnir ranns\u00f6ku\u00f0u ritningarnar og \u00fatsk\u00fdr\u00f0u l\u00f6gm\u00e1li\u00f0 til \u00feess a\u00f0 f\u00f3lk k\u00e6mist a\u00f0 raun um hvernig lifa b\u00e6ri l\u00edfinu.<\/p>\n<p><strong>8.20\u00a0<\/strong><em>Mannssonurinn:<\/em>Vera m\u00e1, a\u00f0 Jes\u00fas s\u00e9 a\u00f0 kve\u00f0a sk\u00fdrt \u00e1 um a\u00f0 hann s\u00e9 manneskja af holdi og bl\u00f3\u00f0i, \u00feegar hann kallar sig Mannsson. Meira um \u00feetta \u00ed &#8222;<a href=\"https:\/\/biblian.is\/fraedsla\/ordtakasafn\/mannssonurinn\/\">Mannssonurinn.<\/a>&#8220;<\/p>\n<p><strong>8.22\u00a0<\/strong>l\u00e1t hina dau\u00f0u jar\u00f0a s\u00edna dau\u00f0u: Gy\u00f0ingum hefur alltaf veri\u00f0 miki\u00f0 \u00ed mun a\u00f0 b\u00faa l\u00e1tnum vir\u00f0ulega \u00fatf\u00f6r. H\u00e9r er Jes\u00fas hugsanlega a\u00f0 benda \u00e1, a\u00f0 \u00fea\u00f0 a\u00f0 fylgja s\u00e9r eftir s\u00e9 jafnvel enn \u00fe\u00fd\u00f0ingarmeira en a\u00f0 tryggja dau\u00f0um g\u00f3\u00f0a jar\u00f0arf\u00f6r.<\/p>\n<p><strong>8.28\u00a0<\/strong><em>bygg\u00f0 Gadarena <\/em>(\u00cd sumum handritum <em>Gergesa<\/em>, \u00ed \u00f6\u00f0rum <em>Gerasa<\/em>.)var fyrir austan \u00e1na J\u00f3rdan og fyrir sunnan Gal\u00edleuvatn. \u00cdb\u00faarnir voru flestir Grikkir svo sem s\u00e1st \u00e1 byggingum \u00feeirra og l\u00edfsh\u00e1ttum.<\/p>\n<p><strong>8.28\u00a0<\/strong><em>gr\u00f6funum:<\/em>Grafir \u00ed Palest\u00ednu voru stundum h\u00f6ggnar inn \u00ed mj\u00faka veggi kalksteinskletta. \u00de\u00e6r voru \u00fev\u00ed l\u00edkar hellum og r\u00famu\u00f0u jar\u00f0neskar leifar margra.<\/p>\n<p><strong>8.30\u00a0<\/strong><em>mikil sv\u00ednahj\u00f6r\u00f0: <\/em>Samkv\u00e6mt l\u00f6gm\u00e1li M\u00f3se voru sv\u00edn talin &#8222;\u00f3hreinar&#8220; skepnur og \u00fev\u00ed var banna\u00f0 a\u00f0 eta sv\u00ednakj\u00f6t (3M\u00f3s 11.4-8; 5M\u00f3s 14.8). \u00deessi mikla sv\u00ednahj\u00f6r\u00f0 s\u00fdnir a\u00f0 \u00ed bygg\u00f0 Gadarena hafa f\u00e6stir \u00edb\u00faanna veri\u00f0 gy\u00f0ingar. <a href=\"https:\/\/biblian.is\/fraedsla\/ordtakasafn\/hreinsanir-hreint-og-ohreint\/\">Sj\u00e1 og &#8222;Hreinsanir (hreint og \u00f3hreint)&#8220;<\/a>.<\/p>\n","protected":false},"excerpt":{"rendered":"<p>Jes\u00fas l\u00e6knar marga og vinnur kraftaverk Jes\u00fas heldur \u00e1fram starfi <a href=\"https:\/\/biblian.is\/fraedsla\/ritskyring\/matteusargudspjall-8-kafli\/\"> [&#8230;]<\/a><\/p>\n","protected":false},"author":1,"featured_media":0,"parent":4829,"menu_order":0,"comment_status":"closed","ping_status":"closed","template":"","meta":{"footnotes":""},"class_list":["post-5130","page","type-page","status-publish","hentry"],"_links":{"self":[{"href":"https:\/\/biblian.is\/fraedsla\/wp-json\/wp\/v2\/pages\/5130","targetHints":{"allow":["GET"]}}],"collection":[{"href":"https:\/\/biblian.is\/fraedsla\/wp-json\/wp\/v2\/pages"}],"about":[{"href":"https:\/\/biblian.is\/fraedsla\/wp-json\/wp\/v2\/types\/page"}],"author":[{"embeddable":true,"href":"https:\/\/biblian.is\/fraedsla\/wp-json\/wp\/v2\/users\/1"}],"replies":[{"embeddable":true,"href":"https:\/\/biblian.is\/fraedsla\/wp-json\/wp\/v2\/comments?post=5130"}],"version-history":[{"count":0,"href":"https:\/\/biblian.is\/fraedsla\/wp-json\/wp\/v2\/pages\/5130\/revisions"}],"up":[{"embeddable":true,"href":"https:\/\/biblian.is\/fraedsla\/wp-json\/wp\/v2\/pages\/4829"}],"wp:attachment":[{"href":"https:\/\/biblian.is\/fraedsla\/wp-json\/wp\/v2\/media?parent=5130"}],"curies":[{"name":"wp","href":"https:\/\/api.w.org\/{rel}","templated":true}]}}