{"id":5102,"date":"2019-04-22T00:49:17","date_gmt":"2019-04-22T00:49:17","guid":{"rendered":"https:\/\/biblian.is\/fraedsla\/?page_id=5102"},"modified":"2026-04-17T13:01:05","modified_gmt":"2026-04-17T13:01:05","slug":"gafur-andans","status":"publish","type":"page","link":"https:\/\/biblian.is\/fraedsla\/ordtakasafn\/gafur-andans\/","title":{"rendered":"G\u00e1fur andans"},"content":{"rendered":"<p>\u00cd 1. versi 12. kap\u00edtulans \u00ed Fyrra br\u00e9fs P\u00e1ls til Korintumanna og v\u00ed\u00f0ar, \u00fe\u00fd\u00f0ir gr\u00edska or\u00f0i\u00f0 <em>karisma<\/em>&#8222;g\u00e1fur andans.&#8220; Gu\u00f0 hefur af g\u00e6sku sinni gefi\u00f0 l\u00e6risveinum Jes\u00fa, kirkjunni, \u00fdmsar n\u00e1\u00f0arg\u00e1fur og lagt henni um lei\u00f0 s\u00e9rstaka \u00e1byrg\u00f0 \u00e1 her\u00f0ar. G\u00e1fur andans eiga a\u00f0 styrkja s\u00f6fnu\u00f0inn \u00ed starfi, au\u00f0velda honum a\u00f0 n\u00e1 til n\u00fdrra f\u00e9laga me\u00f0 fagna\u00f0arerindi\u00f0 og g\u00e6\u00f0a l\u00edkama Krists l\u00edfi, sem er \u00ed e\u00f0li s\u00ednu gle\u00f0i, fri\u00f0ur, \u00fej\u00f3nusta og tilbei\u00f0sla (1.Kor 12-14).<\/p>\n<p>G\u00e1fur andans eru einkum tvenns konar. Annars vegar eru \u00fe\u00e6r n\u00e1\u00f0arg\u00e1fur \u00e6tla\u00f0ar s\u00f6fnu\u00f0inum \u00ed heild, en hins vegar h\u00e6fileikar gefnir einstaklingum til \u00feess a\u00f0 \u00feeir geti leyst af hendi s\u00e9rst\u00f6k verkefni. P\u00e1ll skrifa\u00f0i R\u00f3mverjum, a\u00f0 hi\u00f0 n\u00fdja l\u00edf \u00feeirra \u00ed samf\u00e9lagi vi\u00f0 Drottin v\u00e6ri n\u00e1\u00f0argj\u00f6f,<em>karisma<\/em>(R\u00f3m 5.15-17). Hann kva\u00f0st og vonast til \u00feess a\u00f0 geta mi\u00f0la\u00f0 \u00feeim af gj\u00f6fum andans (<em>karisma<\/em>) svo a\u00f0 \u00feeir styrktust (R\u00f3m 1.11). \u00de\u00e6r g\u00e1fur andans sem P\u00e1ll nefnir oftast \u00ed br\u00e9fum s\u00ednum eru sp\u00e1d\u00f3msg\u00e1fa, sem l\u00fdsir s\u00e9r \u00ed \u00fev\u00ed a\u00f0 m\u00e6la or\u00f0 visku og \u00feekkingar fr\u00e1 Gu\u00f0i komin, hvatning og upp\u00f6rvun, \u00fej\u00f3nusta vi\u00f0 me\u00f0br\u00e6\u00f0ur og systur, gjafmildi, \u00f6rl\u00e6ti, lei\u00f0s\u00f6gn og forysta (R\u00f3m 12.4-8). \u00de\u00e1 segir P\u00e1ll, a\u00f0 sumum hafi Gu\u00f0 fali\u00f0 a\u00f0 vera postular, \u00f6\u00f0rum a\u00f0 vera sp\u00e1menn og enn \u00f6\u00f0rum kennarar (1Kor 12.28). \u00de\u00e1 hlutu sumir h\u00e6fileika til \u00feess a\u00f0 gera kraftaverk e\u00f0a l\u00e6kna sj\u00faka og a\u00f0rir til a\u00f0 stj\u00f3rna, tala tungum e\u00f0a \u00fatlista tungutal (1Kor 12.7-11,28; 14.1-25). En k\u00e6rleikann sag\u00f0i P\u00e1ll \u00fe\u00f3 mestan og bestan allra gjafa (1Kor 13).<\/p>\n<p>Postularnir l\u00f6g\u00f0u hendur yfir \u00fe\u00e1, sem \u00fatvaldir voru til \u00e1kve\u00f0inna starfa (Post 6.1-1; 1T\u00edm 4.14). P\u00e1ll l\u00edkti s\u00f6fnu\u00f0inum og hinum \u00fdmsu hlutverkum f\u00f3lks innan v\u00e9banda hans vi\u00f0 mannsl\u00edkamann. Limir l\u00edkamans \u00feiggja af anda Gu\u00f0s mismunandi h\u00e6fni til \u00feess a\u00f0 annast um andlega og efnislega velfer\u00f0 l\u00e6risveina Krists, sem eru kirkjan (1Kor 12..12-26).<\/p>\n","protected":false},"excerpt":{"rendered":"<p>\u00cd 1. versi 12. kap\u00edtulans \u00ed Fyrra br\u00e9fs P\u00e1ls til <a href=\"https:\/\/biblian.is\/fraedsla\/ordtakasafn\/gafur-andans\/\"> [&#8230;]<\/a><\/p>\n","protected":false},"author":1,"featured_media":0,"parent":4827,"menu_order":0,"comment_status":"closed","ping_status":"closed","template":"","meta":{"footnotes":""},"class_list":["post-5102","page","type-page","status-publish","hentry"],"_links":{"self":[{"href":"https:\/\/biblian.is\/fraedsla\/wp-json\/wp\/v2\/pages\/5102","targetHints":{"allow":["GET"]}}],"collection":[{"href":"https:\/\/biblian.is\/fraedsla\/wp-json\/wp\/v2\/pages"}],"about":[{"href":"https:\/\/biblian.is\/fraedsla\/wp-json\/wp\/v2\/types\/page"}],"author":[{"embeddable":true,"href":"https:\/\/biblian.is\/fraedsla\/wp-json\/wp\/v2\/users\/1"}],"replies":[{"embeddable":true,"href":"https:\/\/biblian.is\/fraedsla\/wp-json\/wp\/v2\/comments?post=5102"}],"version-history":[{"count":0,"href":"https:\/\/biblian.is\/fraedsla\/wp-json\/wp\/v2\/pages\/5102\/revisions"}],"up":[{"embeddable":true,"href":"https:\/\/biblian.is\/fraedsla\/wp-json\/wp\/v2\/pages\/4827"}],"wp:attachment":[{"href":"https:\/\/biblian.is\/fraedsla\/wp-json\/wp\/v2\/media?parent=5102"}],"curies":[{"name":"wp","href":"https:\/\/api.w.org\/{rel}","templated":true}]}}