{"id":5089,"date":"2019-04-22T00:35:21","date_gmt":"2019-04-22T00:35:21","guid":{"rendered":"https:\/\/biblian.is\/fraedsla\/?page_id=5089"},"modified":"2022-12-16T13:58:56","modified_gmt":"2022-12-16T13:58:56","slug":"pontius-pilatus","status":"publish","type":"page","link":"https:\/\/biblian.is\/fraedsla\/ordtakasafn\/pontius-pilatus\/","title":{"rendered":"Pont\u00edus P\u00edlatus"},"content":{"rendered":"<p>Pont\u00edus P\u00edlatus var landsh\u00f6f\u00f0ingi (landstj\u00f3ri) \u00ed J\u00fadeu fr\u00e1 26 til 36 e. Kr. \u00de\u00e1 var T\u00edber\u00edus keisari \u00ed R\u00f3m (14 til 37 e. Kr.) og Her\u00f3des Ant\u00edpas fj\u00f3r\u00f0ungsstj\u00f3ri (landstj\u00f3ri) \u00ed Gal\u00edleu (4 f.Kr. til 39 e. Kr.). R\u00f3mverski sagnaritarinn Tacitus segir fr\u00e1 \u00fev\u00ed \u00ed<em>Ann\u00e1lum<\/em>s\u00ednum a\u00f0 \u00e1 stj\u00f3rnar\u00e1rum T\u00edber\u00edusar hafi P\u00edlatus l\u00e1ti\u00f0 krossfesta Jes\u00fa. Gy\u00f0ingur fr\u00e1 Egyptalandi, stj\u00f3rnm\u00e1la- og fr\u00e6\u00f0ima\u00f0ur, sag\u00f0i \u00f6\u00f0rum keisara s\u00ed\u00f0ar (Gajusi, 37 til 41 e. Kr.) a\u00f0 P\u00edlatus hef\u00f0i reitt Gy\u00f0inga \u00ed Jer\u00fasalem til rei\u00f0i me\u00f0 \u00fev\u00ed a\u00f0 hafa til s\u00fdnis \u00ed landsh\u00f6f\u00f0ingjah\u00f6llinni skammt fr\u00e1 musterissv\u00e6\u00f0inu m\u00e1lmskildi me\u00f0 go\u00f0uml\u00edkri mynd af keisaranum. J\u00f3sefus, sagnaritari Gy\u00f0inga, segir fr\u00e1 h\u00f6r\u00f0um m\u00f3tm\u00e6lum Jer\u00fasalemsb\u00faa, \u00feegar P\u00edlatus l\u00e9t setja \u00fear upp vi\u00f0hafnars\u00falur me\u00f0 myndum af keisaranum \u00ed gu\u00f0al\u00edki og eins \u00feegar hann t\u00f3k f\u00e9 \u00far fj\u00e1rhirslu musterisins til \u00feess a\u00f0 borga fyrir vatnslei\u00f0slu sem hann l\u00e9t leggja inn \u00ed borgina.<\/p>\n<p>P\u00edlatus er nokkrum sinnum nefndur \u00ed N\u00fdja testamenti (Post 3.13; 4.27; 13.28 og 1T\u00edm 6.13), en \u00fe\u00f3 einkum \u00ed fr\u00e1s\u00f6gnum gu\u00f0spjallanna af r\u00e9ttarh\u00f6ldunum yfir Jes\u00fa og krossfestingu hans (sj\u00e1 Mrk 15.1-15; Matt 27.1-26). \u00deegar l\u00fd\u00f0urinn heimta\u00f0i a\u00f0 Jes\u00fas yr\u00f0i krossfestur, \u00fevo\u00f0i P\u00edlatus hendur s\u00ednar \u00ed augs\u00fdn f\u00f3lksins til \u00feess a\u00f0 s\u00fdna a\u00f0 hann \u00e6tla\u00f0i ekki a\u00f0 taka \u00e1 sig s\u00f6kina \u00e1 dau\u00f0a Jes\u00fa. Hj\u00e1 L\u00fakasi kemur Her\u00f3des Ant\u00edpas l\u00edka vi\u00f0 s\u00f6gu og er svo a\u00f0 sj\u00e1, a\u00f0 hann hafi r\u00e1\u00f0i\u00f0 P\u00edlatusi fr\u00e1 \u00fev\u00ed a\u00f0 l\u00edfl\u00e1ta Jes\u00fa. Samt l\u00e6tur P\u00edlatus undan vilja fj\u00f6ldans (L\u00fak 23.21-25).<\/p>\n<p>Hef\u00f0i Jes\u00fas veri\u00f0 d\u00e6mdur til dau\u00f0a fyrir brot \u00e1 l\u00f6gum Gy\u00f0inga, hef\u00f0i hann veri\u00f0 gr\u00fdttur til dau\u00f0a. L\u00f6gm\u00e1l M\u00f3se m\u00e6lti fyrir um a\u00f0 s\u00e1 h\u00e1ttur skyldi haf\u00f0ur \u00e1 framkv\u00e6md dau\u00f0arefsingar og \u00feannig var Stef\u00e1n, &#8222;fyrsti p\u00edslarvottur&#8220; kristinnar kirkju, l\u00edfl\u00e1tinn (Post 7.54-60; 5M\u00f3s 13.9-10; 21.18-20). En P\u00edlatus l\u00e9t taka Jes\u00fa af l\u00edfi me\u00f0 krossfestingu og var \u00fea\u00f0 r\u00f3mversk a\u00f0fer\u00f0. Yfir h\u00f6f\u00f0i hans var fest sakargift svo skr\u00e1\u00f0: Jes\u00fas fr\u00e1 Nasaret, konungur Gy\u00f0inga (Matt 27.37; Mrk 15.26; J\u00f3h 19.19).<\/p>\n","protected":false},"excerpt":{"rendered":"<p>Pont\u00edus P\u00edlatus var landsh\u00f6f\u00f0ingi (landstj\u00f3ri) \u00ed J\u00fadeu fr\u00e1 26 til <a href=\"https:\/\/biblian.is\/fraedsla\/ordtakasafn\/pontius-pilatus\/\"> [&#8230;]<\/a><\/p>\n","protected":false},"author":1,"featured_media":0,"parent":4827,"menu_order":0,"comment_status":"closed","ping_status":"closed","template":"","meta":{"footnotes":""},"class_list":["post-5089","page","type-page","status-publish","hentry"],"_links":{"self":[{"href":"https:\/\/biblian.is\/fraedsla\/wp-json\/wp\/v2\/pages\/5089","targetHints":{"allow":["GET"]}}],"collection":[{"href":"https:\/\/biblian.is\/fraedsla\/wp-json\/wp\/v2\/pages"}],"about":[{"href":"https:\/\/biblian.is\/fraedsla\/wp-json\/wp\/v2\/types\/page"}],"author":[{"embeddable":true,"href":"https:\/\/biblian.is\/fraedsla\/wp-json\/wp\/v2\/users\/1"}],"replies":[{"embeddable":true,"href":"https:\/\/biblian.is\/fraedsla\/wp-json\/wp\/v2\/comments?post=5089"}],"version-history":[{"count":0,"href":"https:\/\/biblian.is\/fraedsla\/wp-json\/wp\/v2\/pages\/5089\/revisions"}],"up":[{"embeddable":true,"href":"https:\/\/biblian.is\/fraedsla\/wp-json\/wp\/v2\/pages\/4827"}],"wp:attachment":[{"href":"https:\/\/biblian.is\/fraedsla\/wp-json\/wp\/v2\/media?parent=5089"}],"curies":[{"name":"wp","href":"https:\/\/api.w.org\/{rel}","templated":true}]}}