{"id":5085,"date":"2019-04-22T00:32:28","date_gmt":"2019-04-22T00:32:28","guid":{"rendered":"https:\/\/biblian.is\/fraedsla\/?page_id=5085"},"modified":"2026-04-17T13:01:07","modified_gmt":"2026-04-17T13:01:07","slug":"vin","status":"publish","type":"page","link":"https:\/\/biblian.is\/fraedsla\/ordtakasafn\/vin\/","title":{"rendered":"V\u00edn"},"content":{"rendered":"<p>\u00cd Mi\u00f0austurl\u00f6ndum voru \u00fer\u00fagur haf\u00f0ar til v\u00ednger\u00f0ar. Berin voru t\u00ednd s\u00ed\u00f0sumars og l\u00e1tin liggja \u00e1 vellinum um hr\u00ed\u00f0 \u00e1\u00f0ur en safinn var pressa\u00f0ur \u00far \u00feeim. Um sama leyti var Laufsk\u00e1lah\u00e1t\u00ed\u00f0in haldin til \u00feess a\u00f0 minnast \u00feess er \u00cdsraelsmenn voru \u00e1 ey\u00f0imerkurg\u00f6ngunni \u00e1 lei\u00f0 til fyrirheitna landsins (5M\u00f3s 16.13-15). V\u00edn\u00fer\u00fagurnar voru kramdar \u00ed s\u00e9rstakri \u00fer\u00f3, sem gjarnan var h\u00f6ggvin ni\u00f0ur \u00ed klett. Svo var tro\u00f0i\u00f0 \u00e1 berjunum \u00ed v\u00edn\u00fer\u00f6nginni (Jes 16.10) og rann l\u00f6gurinn eftir r\u00e1s og ni\u00f0ur \u00ed v\u00ednlagar\u00fer\u00f3. Safinn var s\u00ed\u00f0an settur \u00e1 leirbr\u00fasa e\u00f0a belgi \u00far d\u00fdraskinni. Var\u00f0 a\u00f0 hafa op \u00e1 \u00feessum \u00edl\u00e1tum svo a\u00f0 lofti\u00f0, sem mynda\u00f0ist vi\u00f0 gerjunina, sprengdi \u00feau ekki (Job 32.19). Gamlir belgir \u00far \u00feurri og st\u00f6kkri h\u00fa\u00f0 vildu springa \u00feegar n\u00fdtt v\u00edn var l\u00e1ti\u00f0 \u00e1 \u00fe\u00e1 (Matt 9.17).<\/p>\n<p>\u00cd Palest\u00ednu og S\u00fdrlandi var loftslag og jar\u00f0vegur hentug til v\u00ednyrkju og h\u00fan var drj\u00fagur hluti landb\u00fana\u00f0arins \u00fear. \u00deegar M\u00f3se sendi menn til \u00feess a\u00f0 kanna Kanaansland sni\u00f0u \u00feeir af v\u00ednvi\u00f0i grein me\u00f0 einum v\u00ednberjaklasa, sem svo var mikill um sig, a\u00f0 tvo \u00feurfti til \u00feess a\u00f0 bera hann \u00e1 st\u00f6ng \u00e1 milli s\u00edn (3M\u00f3s 13.21-27). En \u00fea\u00f0an f\u00f3r og s\u00f6gum af gn\u00e6g\u00f0 hveitis og ol\u00edfuol\u00edu (1M\u00f3s 27.28; 5\u00f3s 7.13; 18.4; 2Kon 18.32; Jer 31.12).<\/p>\n<p>Vatn var af skornum skammti \u00ed Palest\u00ednu og drukku menn \u00fev\u00ed v\u00edn vi\u00f0 matnum og drj\u00fagum \u00ed mannfagna\u00f0i, ekki s\u00edst br\u00fa\u00f0kaupsveislum (J\u00f3h 2.1-12). \u00de\u00e1 var og v\u00edn nota\u00f0 til l\u00e6kninga (L\u00fak 10.34; 1T\u00edm 5.23). A\u00f0komnir Gy\u00f0ingar \u00ed Jer\u00fasalem, sem fer\u00f0ast h\u00f6f\u00f0u \u00feanga\u00f0 til \u00feess a\u00f0 halda p\u00e1ska h\u00e1t\u00ed\u00f0lega, h\u00f6f\u00f0u me\u00f0 s\u00e9r v\u00edn (1Sam 1.24).<\/p>\n<p>V\u00ednger\u00f0 var svo almenn \u00ed \u00cdsrael og J\u00fada, a\u00f0 sp\u00e1mennirnir brug\u00f0u gjarnan upp myndum af henni, \u00feegar \u00feeir reyndu a\u00f0 \u00fatm\u00e1la hug Drottins til \u00fej\u00f3\u00f0arinnar. \u00deannig l\u00edkir t.d. J\u00f3el sp\u00e1ma\u00f0ur komandi d\u00f3mi Gu\u00f0s yfir \u00fej\u00f3\u00f0unum vi\u00f0 \u00fea\u00f0 er \u00fer\u00fagurnar eru tro\u00f0nar \u00ed v\u00ednlagar\u00fer\u00f3nni (J\u00f3el 3.18). Eins segir hann a\u00f0 Drottinn muni blessa f\u00f3lki\u00f0 me\u00f0 \u00fev\u00ed a\u00f0 l\u00e1ta fj\u00f6llin l\u00f6\u00f0ra \u00ed v\u00ednberjalegi (J\u00f3el 3.23).<\/p>\n<p>\u00cd N\u00fdja testamenti t\u00e1knar v\u00edni\u00f0 bl\u00f3\u00f0 Jes\u00fa, bl\u00f3\u00f0 s\u00e1ttm\u00e1lans, sem \u00fathellt er til syndafyrirgefningar (Mrk 14.23-25). Og Jes\u00fas l\u00edkti l\u00edfinu n\u00fdja sem hann f\u00e6rir vi\u00f0 n\u00fdtt v\u00edn sem l\u00e1ti\u00f0 er \u00e1 n\u00fdja belgi (Matt 9.17). Og h\u00f6fundur Opinberunarb\u00f3kar J\u00f3hannesar jafnar d\u00f3mi Gu\u00f0s yfir illvirkjum saman vi\u00f0 \u00fea\u00f0 \u00feegar mikil v\u00edn\u00fer\u00f6ng er tro\u00f0in (Opb 14.19,20).<\/p>\n","protected":false},"excerpt":{"rendered":"<p>\u00cd Mi\u00f0austurl\u00f6ndum voru \u00fer\u00fagur haf\u00f0ar til v\u00ednger\u00f0ar. Berin voru t\u00ednd <a href=\"https:\/\/biblian.is\/fraedsla\/ordtakasafn\/vin\/\"> [&#8230;]<\/a><\/p>\n","protected":false},"author":1,"featured_media":0,"parent":4827,"menu_order":0,"comment_status":"closed","ping_status":"closed","template":"","meta":{"footnotes":""},"class_list":["post-5085","page","type-page","status-publish","hentry"],"_links":{"self":[{"href":"https:\/\/biblian.is\/fraedsla\/wp-json\/wp\/v2\/pages\/5085","targetHints":{"allow":["GET"]}}],"collection":[{"href":"https:\/\/biblian.is\/fraedsla\/wp-json\/wp\/v2\/pages"}],"about":[{"href":"https:\/\/biblian.is\/fraedsla\/wp-json\/wp\/v2\/types\/page"}],"author":[{"embeddable":true,"href":"https:\/\/biblian.is\/fraedsla\/wp-json\/wp\/v2\/users\/1"}],"replies":[{"embeddable":true,"href":"https:\/\/biblian.is\/fraedsla\/wp-json\/wp\/v2\/comments?post=5085"}],"version-history":[{"count":0,"href":"https:\/\/biblian.is\/fraedsla\/wp-json\/wp\/v2\/pages\/5085\/revisions"}],"up":[{"embeddable":true,"href":"https:\/\/biblian.is\/fraedsla\/wp-json\/wp\/v2\/pages\/4827"}],"wp:attachment":[{"href":"https:\/\/biblian.is\/fraedsla\/wp-json\/wp\/v2\/media?parent=5085"}],"curies":[{"name":"wp","href":"https:\/\/api.w.org\/{rel}","templated":true}]}}