{"id":5081,"date":"2019-04-22T00:03:00","date_gmt":"2019-04-22T00:03:00","guid":{"rendered":"https:\/\/biblian.is\/fraedsla\/?page_id=5081"},"modified":"2026-04-17T13:01:06","modified_gmt":"2026-04-17T13:01:06","slug":"hjalpraedi","status":"publish","type":"page","link":"https:\/\/biblian.is\/fraedsla\/ordtakasafn\/hjalpraedi\/","title":{"rendered":"Hj\u00e1lpr\u00e6\u00f0i"},"content":{"rendered":"<p><em>K\u00e6rleikur Gu\u00f0s frelsar.<\/em><\/p>\n<p>Or\u00f0i\u00f0 &#8222;hj\u00e1lpr\u00e6\u00f0i&#8220; t\u00e1knar \u00ed Bibl\u00edunni allt \u00fea\u00f0 sem Gu\u00f0 hefur gert og gerir enn til \u00feess a\u00f0 frelsa mennina fr\u00e1 synd, sorg, sj\u00fakd\u00f3mum, dau\u00f0a og illum \u00f6flum. Gu\u00f0 vill a\u00f0 vi\u00f0 mennirnir h\u00f6gum l\u00edfi okkar eins og hann hugsa\u00f0i s\u00e9r \u00ed \u00f6ndver\u00f0u, \u00feegar hann skapa\u00f0i mann og heim (1M\u00f3s 1.2). \u00deegar syndin kom \u00ed heiminn (1M\u00f3s 3) \u00feurftu mennirnir \u00e1 hj\u00e1lpr\u00e6\u00f0i a\u00f0 halda, frelsun undan valdi dau\u00f0ans.<\/p>\n<p>\u00cdsraelsmenn vissu a\u00f0 h\u00f6nd Gu\u00f0s hj\u00e1lpa\u00f0i \u00feeim (2M\u00f3s 12.17; Slm 44.1-8; 78; 5M\u00f3s 6.20-24). Gu\u00f0 leiddi \u00fej\u00f3\u00f0ina \u00fat \u00far \u00fer\u00e6lah\u00fasinu \u00ed Egyptalandi og me\u00f0 fulltingi hans sigru\u00f0u \u00feeir \u00f3vini s\u00edna og n\u00e1mu Kanaansland. M\u00f6rgum \u00f6ldum s\u00ed\u00f0ar frelsa\u00f0i Gu\u00f0 suma \u00feeirra er hann leyf\u00f0i \u00feeim a\u00f0 sn\u00faa aftur heim eftir a\u00f0 \u00feeir h\u00f6f\u00f0u veri\u00f0 herleiddir til Bab\u00fdlon (Jes 43.14-16). Lesa m\u00e1 n\u00e1nar um \u00feessa atbur\u00f0i \u00ed &#8222;Fr\u00e1 J\u00f3s\u00faa til \u00fatleg\u00f0arinnar: \u00cdsraelsmenn \u00ed fyrirheitna landinu&#8220; \u00e1 bls. 906 og &#8222;Eftir \u00fatleg\u00f0ina: L\u00fd\u00f0ur Gu\u00f0s sn\u00fdr aftur heim til J\u00fadeu&#8220; \u00e1 bls. 913.<\/p>\n<p>Gu\u00f0sd\u00fdrkun \u00cdsraels\u00fej\u00f3\u00f0arinnar sn\u00fdst a\u00f0 verulegu leyti um allt \u00fea\u00f0 sem Drottinn hefur gert til \u00feess a\u00f0 for\u00f0a henni fr\u00e1 andstreymi og \u00fej\u00e1ningum (5M\u00f3s 26.6-10). F\u00f3rnir voru f\u00e6r\u00f0ar \u00ed musterinu til \u00feess a\u00f0 s\u00fdna hve mj\u00f6g f\u00f3lki\u00f0 i\u00f0ra\u00f0ist a\u00f0 hafa broti\u00f0 gegn l\u00f6gm\u00e1li Drottins, en jafnframt voru \u00fe\u00e6r b\u00e6n um r\u00e9ttl\u00e6tingu Gu\u00f0s, svo a\u00f0 \u00fej\u00f3\u00f0in m\u00e6tti \u00e1fram vera heilagur eignarl\u00fd\u00f0ur hans.<\/p>\n<p>Gu\u00f0 h\u00e9t \u00fev\u00ed l\u00edka a\u00f0 gefa \u00feeim og gj\u00f6rv\u00f6llum heimi n\u00fdtt l\u00edf, f\u00e6ra fri\u00f0 og alla blessun (Jes 65.17-25). Sp\u00e1menn \u00cdsraels s\u00f6g\u00f0u a\u00f0 frelsari mundi koma \u00ed heiminn og bo\u00f0a fagna\u00f0arerindi \u00feeim sem sorgm\u00e6ddir v\u00e6ru, fangar e\u00f0a f\u00e1t\u00e6kir. \u00deessi frelsari mundi og stofna n\u00fdjan s\u00e1ttm\u00e1la vi\u00f0 l\u00fd\u00f0 Gu\u00f0s a\u00f0 vi\u00f0st\u00f6ddum \u00f6llum \u00fej\u00f3\u00f0um heims (Jes 61.1-11). Og Gu\u00f0 mundi sigrast \u00e1 \u00f6flum hins illa og \u00e1 hans r\u00edki yr\u00f0i enginn endir (Dan 7.27).<\/p>\n<p>N\u00fdja testamenti r\u00e6\u00f0ir um Jes\u00fa sem \u00feann er &#8222;frelsa mun l\u00fd\u00f0 sinn fr\u00e1 syndum \u00feeirra&#8220; (Matt 1.21). Hann er s\u00e1 sem kominn er &#8222;til \u00feess a\u00f0 leita a\u00f0 hinu t\u00fdnda og frelsa \u00fea\u00f0&#8220; (L\u00fak 19.10). Hann l\u00e6knar og bo\u00f0ar fyrirgefningu Gu\u00f0s og er \u00feetta hvort tveggja til marks um \u00fea\u00f0 hj\u00e1lpr\u00e6\u00f0i sem hann flytur (L\u00fak 7.50; 19.9; Mrk 5.34). Dau\u00f0i Jes\u00fa er m\u00f6nnum hj\u00e1lpr\u00e6\u00f0i og frelsar \u00fe\u00e1 undan syndum \u00feeirra (Mrk 10.45). Me\u00f0 \u00fev\u00ed a\u00f0 r\u00edsa upp fr\u00e1 dau\u00f0um sigrar hann dau\u00f0ann og frelsar okkur undan valdi hans (R\u00f3m 4.25; 5.10).<\/p>\n","protected":false},"excerpt":{"rendered":"<p>K\u00e6rleikur Gu\u00f0s frelsar. Or\u00f0i\u00f0 &#8222;hj\u00e1lpr\u00e6\u00f0i&#8220; t\u00e1knar \u00ed Bibl\u00edunni allt \u00fea\u00f0 <a href=\"https:\/\/biblian.is\/fraedsla\/ordtakasafn\/hjalpraedi\/\"> [&#8230;]<\/a><\/p>\n","protected":false},"author":1,"featured_media":0,"parent":4827,"menu_order":0,"comment_status":"closed","ping_status":"closed","template":"","meta":{"footnotes":""},"class_list":["post-5081","page","type-page","status-publish","hentry"],"_links":{"self":[{"href":"https:\/\/biblian.is\/fraedsla\/wp-json\/wp\/v2\/pages\/5081","targetHints":{"allow":["GET"]}}],"collection":[{"href":"https:\/\/biblian.is\/fraedsla\/wp-json\/wp\/v2\/pages"}],"about":[{"href":"https:\/\/biblian.is\/fraedsla\/wp-json\/wp\/v2\/types\/page"}],"author":[{"embeddable":true,"href":"https:\/\/biblian.is\/fraedsla\/wp-json\/wp\/v2\/users\/1"}],"replies":[{"embeddable":true,"href":"https:\/\/biblian.is\/fraedsla\/wp-json\/wp\/v2\/comments?post=5081"}],"version-history":[{"count":0,"href":"https:\/\/biblian.is\/fraedsla\/wp-json\/wp\/v2\/pages\/5081\/revisions"}],"up":[{"embeddable":true,"href":"https:\/\/biblian.is\/fraedsla\/wp-json\/wp\/v2\/pages\/4827"}],"wp:attachment":[{"href":"https:\/\/biblian.is\/fraedsla\/wp-json\/wp\/v2\/media?parent=5081"}],"curies":[{"name":"wp","href":"https:\/\/api.w.org\/{rel}","templated":true}]}}