{"id":5077,"date":"2019-04-21T23:55:44","date_gmt":"2019-04-21T23:55:44","guid":{"rendered":"https:\/\/biblian.is\/fraedsla\/?page_id=5077"},"modified":"2026-04-17T13:08:41","modified_gmt":"2026-04-17T13:08:41","slug":"algeng-hibyli-i-palestinu-a-dogum-jesu","status":"publish","type":"page","link":"https:\/\/biblian.is\/fraedsla\/samtidarsaga-bibliunnar\/algeng-hibyli-i-palestinu-a-dogum-jesu\/","title":{"rendered":"Algeng h\u00edb\u00fdli \u00ed Palest\u00ednu \u00e1 d\u00f6gum Jes\u00fa"},"content":{"rendered":"<p>Flestir bjuggu \u00ed f\u00e1brotnum h\u00fasum, sem oft voru ekki nema eitt herbergi, og h\u00f6f\u00f0u stundum skepnurnar inni hj\u00e1 s\u00e9r. \u00de\u00f6kin voru fl\u00f6t, ger\u00f0 \u00far bj\u00e1lkum e\u00f0a r\u00f6ftum og hr\u00eds og greinar lagt yfir. \u00deetta var s\u00ed\u00f0an \u00feaki\u00f0 me\u00f0 leir og mold og tro\u00f0i\u00f0 \u00fear til \u00fea\u00f0 var\u00f0 a\u00f0 har\u00f0ri og \u00fe\u00e9ttri sk\u00e1n. \u00deegar f\u00f3lk vildi komast \u00fat undir bert loft f\u00f3r \u00fea\u00f0 \u00fdmist \u00fat \u00ed h\u00fasagar\u00f0inn e\u00f0a upp \u00e1 \u00feaki\u00f0, \u00fear sem oft voru r\u00e6kta\u00f0ar matjurtir og \u00fear sem menn sv\u00e1fu, \u00feegar mj\u00f6g heitt var \u00ed ve\u00f0ri. \u00deess vegna l\u00e1gu gjarnan tr\u00f6ppur utan \u00e1 h\u00fasunum upp \u00e1 \u00fe\u00f6kin. \u00dea\u00f0 hefur veri\u00f0 n\u00e6sta au\u00f0velt fyrir vini lama mannsins a\u00f0 rj\u00fafa \u00feekjuna uppi yfir Jes\u00fa, \u00fear sem hann var a\u00f0 flytja f\u00f3lkinu or\u00f0i\u00f0, og l\u00e1ta rekkjuna me\u00f0 sj\u00faklingnum s\u00edga ni\u00f0ur til hans, svo a\u00f0 hann g\u00e6ti l\u00e6kna\u00f0 hann (sj\u00e1 2.1-12).<\/p>\n","protected":false},"excerpt":{"rendered":"<p>Flestir bjuggu \u00ed f\u00e1brotnum h\u00fasum, sem oft voru ekki nema <a href=\"https:\/\/biblian.is\/fraedsla\/samtidarsaga-bibliunnar\/algeng-hibyli-i-palestinu-a-dogum-jesu\/\"> [&#8230;]<\/a><\/p>\n","protected":false},"author":1,"featured_media":0,"parent":4858,"menu_order":0,"comment_status":"closed","ping_status":"closed","template":"","meta":{"footnotes":""},"class_list":["post-5077","page","type-page","status-publish","hentry"],"_links":{"self":[{"href":"https:\/\/biblian.is\/fraedsla\/wp-json\/wp\/v2\/pages\/5077","targetHints":{"allow":["GET"]}}],"collection":[{"href":"https:\/\/biblian.is\/fraedsla\/wp-json\/wp\/v2\/pages"}],"about":[{"href":"https:\/\/biblian.is\/fraedsla\/wp-json\/wp\/v2\/types\/page"}],"author":[{"embeddable":true,"href":"https:\/\/biblian.is\/fraedsla\/wp-json\/wp\/v2\/users\/1"}],"replies":[{"embeddable":true,"href":"https:\/\/biblian.is\/fraedsla\/wp-json\/wp\/v2\/comments?post=5077"}],"version-history":[{"count":0,"href":"https:\/\/biblian.is\/fraedsla\/wp-json\/wp\/v2\/pages\/5077\/revisions"}],"up":[{"embeddable":true,"href":"https:\/\/biblian.is\/fraedsla\/wp-json\/wp\/v2\/pages\/4858"}],"wp:attachment":[{"href":"https:\/\/biblian.is\/fraedsla\/wp-json\/wp\/v2\/media?parent=5077"}],"curies":[{"name":"wp","href":"https:\/\/api.w.org\/{rel}","templated":true}]}}