{"id":5073,"date":"2019-04-21T23:48:22","date_gmt":"2019-04-21T23:48:22","guid":{"rendered":"https:\/\/biblian.is\/fraedsla\/?page_id=5073"},"modified":"2026-04-17T13:08:41","modified_gmt":"2026-04-17T13:08:41","slug":"tjaldgerd-a-dogum-pals-postula","status":"publish","type":"page","link":"https:\/\/biblian.is\/fraedsla\/samtidarsaga-bibliunnar\/tjaldgerd-a-dogum-pals-postula\/","title":{"rendered":"Tjaldger\u00f0 \u00e1 d\u00f6gum P\u00e1ls postula"},"content":{"rendered":"<p>P\u00e1ll var tjaldger\u00f0arma\u00f0ur og vann a\u00f0 i\u00f0n sinni \u00ed Korintu, \u00feegar hann dvaldi hj\u00e1 \u00feeim Akv\u00edlasi og Priskillu. \u00c1 t\u00edmum Bibl\u00edunnar var b\u00fai\u00f0 \u00ed tj\u00f6ldum, auk \u00feess sem \u00feau voru oft notu\u00f0 sem geymslur og til \u00feess a\u00f0 tjalda yfir helga sta\u00f0i. \u00deau voru \u00fdmist saumu\u00f0 \u00far d\u00fak e\u00f0a d\u00fdraskinni (le\u00f0ri). V\u00e6ru tj\u00f6ldin st\u00f3r, voru \u00feau sett saman \u00far m\u00f6rgum stykkjum, svo a\u00f0 au\u00f0veldara v\u00e6ri a\u00f0 fella \u00feau og flytja sta\u00f0 \u00far sta\u00f0. \u00cd ey\u00f0im\u00f6rkinni var d\u00fakur \u00far geitarh\u00e1ri algengastur; annars sta\u00f0ar var notu\u00f0 sau\u00f0fj\u00e1rull ellegar le\u00f0ur. Fyrst \u00feurfti a\u00f0 s\u00fata skinnin, \u00fe.e. leggja h\u00fa\u00f0irnar \u00ed bleyti \u00ed s\u00e9rst\u00f6kum legi til \u00feess a\u00f0 m\u00fdkja \u00fe\u00e6r, og s\u00ed\u00f0an a\u00f0 raka af \u00feeim h\u00e1rin, en bleyta \u00fe\u00e6r svo \u00f6\u00f0ru sinni til \u00feess a\u00f0 gera \u00fe\u00e6r vatnsheldar \u2013 og s\u00ed\u00f0ast a\u00f0 sp\u00fdta \u00fe\u00e6r (\u00feenja \u00fat) og \u00feurrka. Loks voru \u00fatn\u00e1rarnir skornir af, skinnin sni\u00f0in eftir \u00fe\u00f6rfum og \u00feau g\u00f6tu\u00f0 \u00e1 j\u00f6\u00f0runum me\u00f0 al, svo a\u00f0 h\u00e6gara v\u00e6ri a\u00f0 reima \u00feau saman.<\/p>\n","protected":false},"excerpt":{"rendered":"<p>P\u00e1ll var tjaldger\u00f0arma\u00f0ur og vann a\u00f0 i\u00f0n sinni \u00ed Korintu, <a href=\"https:\/\/biblian.is\/fraedsla\/samtidarsaga-bibliunnar\/tjaldgerd-a-dogum-pals-postula\/\"> [&#8230;]<\/a><\/p>\n","protected":false},"author":1,"featured_media":0,"parent":4858,"menu_order":0,"comment_status":"closed","ping_status":"closed","template":"","meta":{"footnotes":""},"class_list":["post-5073","page","type-page","status-publish","hentry"],"_links":{"self":[{"href":"https:\/\/biblian.is\/fraedsla\/wp-json\/wp\/v2\/pages\/5073","targetHints":{"allow":["GET"]}}],"collection":[{"href":"https:\/\/biblian.is\/fraedsla\/wp-json\/wp\/v2\/pages"}],"about":[{"href":"https:\/\/biblian.is\/fraedsla\/wp-json\/wp\/v2\/types\/page"}],"author":[{"embeddable":true,"href":"https:\/\/biblian.is\/fraedsla\/wp-json\/wp\/v2\/users\/1"}],"replies":[{"embeddable":true,"href":"https:\/\/biblian.is\/fraedsla\/wp-json\/wp\/v2\/comments?post=5073"}],"version-history":[{"count":0,"href":"https:\/\/biblian.is\/fraedsla\/wp-json\/wp\/v2\/pages\/5073\/revisions"}],"up":[{"embeddable":true,"href":"https:\/\/biblian.is\/fraedsla\/wp-json\/wp\/v2\/pages\/4858"}],"wp:attachment":[{"href":"https:\/\/biblian.is\/fraedsla\/wp-json\/wp\/v2\/media?parent=5073"}],"curies":[{"name":"wp","href":"https:\/\/api.w.org\/{rel}","templated":true}]}}