{"id":5061,"date":"2019-04-09T12:30:28","date_gmt":"2019-04-09T12:30:28","guid":{"rendered":"https:\/\/biblian.is\/fraedsla\/?page_id=5061"},"modified":"2026-04-17T13:12:27","modified_gmt":"2026-04-17T13:12:27","slug":"landakort","status":"publish","type":"page","link":"https:\/\/biblian.is\/fraedsla\/landakort\/","title":{"rendered":"Landakort"},"content":{"rendered":"<div id=\"attachment_5053\" style=\"width: 160px\" class=\"wp-caption alignleft\"><a href=\"https:\/\/biblian.is\/fraedsla\/wp-content\/uploads\/sites\/11\/2019\/04\/001.jpg\"><img decoding=\"async\" aria-describedby=\"caption-attachment-5053\" class=\"size-thumbnail wp-image-5053\" src=\"https:\/\/biblian.is\/fraedsla\/wp-content\/uploads\/sites\/11\/2019\/04\/001-150x150.jpg\" alt=\"Mi\u00f0austurl\u00f6nd \u00e1 t\u00edmum Gamla testamentisins.\" width=\"150\" height=\"150\" srcset=\"https:\/\/biblian.is\/fraedsla\/wp-content\/uploads\/sites\/11\/2019\/04\/001-66x66.jpg 66w, https:\/\/biblian.is\/fraedsla\/wp-content\/uploads\/sites\/11\/2019\/04\/001-150x150.jpg 150w\" sizes=\"(max-width: 150px) 100vw, 150px\" \/><\/a><p id=\"caption-attachment-5053\" class=\"wp-caption-text\">Mi\u00f0austurl\u00f6nd \u00e1 t\u00edmum Gamla testamentisins.<\/p><\/div>\n<div id=\"attachment_5054\" style=\"width: 160px\" class=\"wp-caption alignleft\"><a href=\"https:\/\/biblian.is\/fraedsla\/wp-content\/uploads\/sites\/11\/2019\/04\/002.jpg\"><img decoding=\"async\" aria-describedby=\"caption-attachment-5054\" class=\"size-thumbnail wp-image-5054\" src=\"https:\/\/biblian.is\/fraedsla\/wp-content\/uploads\/sites\/11\/2019\/04\/002-150x150.jpg\" alt=\"Egyptaland og S\u00edna\u00ed og d\u00f6gum ey\u00f0imerkurg\u00f6ngunnar.\" width=\"150\" height=\"150\" srcset=\"https:\/\/biblian.is\/fraedsla\/wp-content\/uploads\/sites\/11\/2019\/04\/002-66x66.jpg 66w, https:\/\/biblian.is\/fraedsla\/wp-content\/uploads\/sites\/11\/2019\/04\/002-150x150.jpg 150w\" sizes=\"(max-width: 150px) 100vw, 150px\" \/><\/a><p id=\"caption-attachment-5054\" class=\"wp-caption-text\">Egyptaland og S\u00edna\u00ed, ey\u00f0imerkurgangan.<\/p><\/div>\n<div id=\"attachment_5055\" style=\"width: 160px\" class=\"wp-caption alignleft\"><a href=\"https:\/\/biblian.is\/fraedsla\/wp-content\/uploads\/sites\/11\/2019\/04\/003.jpg\"><img decoding=\"async\" aria-describedby=\"caption-attachment-5055\" class=\"size-thumbnail wp-image-5055\" src=\"https:\/\/biblian.is\/fraedsla\/wp-content\/uploads\/sites\/11\/2019\/04\/003-150x150.jpg\" alt=\"Landn\u00e1m \u00cdsraelsmanna \u00ed Kanaan.\" width=\"150\" height=\"150\" srcset=\"https:\/\/biblian.is\/fraedsla\/wp-content\/uploads\/sites\/11\/2019\/04\/003-66x66.jpg 66w, https:\/\/biblian.is\/fraedsla\/wp-content\/uploads\/sites\/11\/2019\/04\/003-150x150.jpg 150w\" sizes=\"(max-width: 150px) 100vw, 150px\" \/><\/a><p id=\"caption-attachment-5055\" class=\"wp-caption-text\">Landn\u00e1m \u00cdsraelsmanna \u00ed Kanaan.<\/p><\/div>\n<div id=\"attachment_5056\" style=\"width: 160px\" class=\"wp-caption alignleft\"><a href=\"https:\/\/biblian.is\/fraedsla\/wp-content\/uploads\/sites\/11\/2019\/04\/004.jpg\"><img decoding=\"async\" aria-describedby=\"caption-attachment-5056\" class=\"size-thumbnail wp-image-5056\" src=\"https:\/\/biblian.is\/fraedsla\/wp-content\/uploads\/sites\/11\/2019\/04\/004-150x150.jpg\" alt=\"Konungd\u00e6mi \u00cdsraels og J\u00fada.\" width=\"150\" height=\"150\" srcset=\"https:\/\/biblian.is\/fraedsla\/wp-content\/uploads\/sites\/11\/2019\/04\/004-66x66.jpg 66w, https:\/\/biblian.is\/fraedsla\/wp-content\/uploads\/sites\/11\/2019\/04\/004-150x150.jpg 150w\" sizes=\"(max-width: 150px) 100vw, 150px\" \/><\/a><p id=\"caption-attachment-5056\" class=\"wp-caption-text\">Konungd\u00e6mi \u00cdsraels og J\u00fada.<\/p><\/div>\n<div id=\"attachment_5057\" style=\"width: 160px\" class=\"wp-caption alignleft\"><a href=\"https:\/\/biblian.is\/fraedsla\/wp-content\/uploads\/sites\/11\/2019\/04\/005.jpg\"><img decoding=\"async\" aria-describedby=\"caption-attachment-5057\" class=\"size-thumbnail wp-image-5057\" src=\"https:\/\/biblian.is\/fraedsla\/wp-content\/uploads\/sites\/11\/2019\/04\/005-150x150.jpg\" alt=\"Landi\u00f0 helga \u00e1 d\u00f6gum Jes\u00fa.\" width=\"150\" height=\"150\" srcset=\"https:\/\/biblian.is\/fraedsla\/wp-content\/uploads\/sites\/11\/2019\/04\/005-66x66.jpg 66w, https:\/\/biblian.is\/fraedsla\/wp-content\/uploads\/sites\/11\/2019\/04\/005-150x150.jpg 150w\" sizes=\"(max-width: 150px) 100vw, 150px\" \/><\/a><p id=\"caption-attachment-5057\" class=\"wp-caption-text\">Landi\u00f0 helga \u00e1 d\u00f6gum Jes\u00fa.<\/p><\/div>\n<div id=\"attachment_5058\" style=\"width: 160px\" class=\"wp-caption alignleft\"><a href=\"https:\/\/biblian.is\/fraedsla\/wp-content\/uploads\/sites\/11\/2019\/04\/006.jpg\"><img decoding=\"async\" aria-describedby=\"caption-attachment-5058\" class=\"size-thumbnail wp-image-5058\" src=\"https:\/\/biblian.is\/fraedsla\/wp-content\/uploads\/sites\/11\/2019\/04\/006-150x150.jpg\" alt=\"Fyrsta og \u00f6nnur kristnibo\u00f0sfer\u00f0 P\u00e1ls.\" width=\"150\" height=\"150\" srcset=\"https:\/\/biblian.is\/fraedsla\/wp-content\/uploads\/sites\/11\/2019\/04\/006-66x66.jpg 66w, https:\/\/biblian.is\/fraedsla\/wp-content\/uploads\/sites\/11\/2019\/04\/006-150x150.jpg 150w\" sizes=\"(max-width: 150px) 100vw, 150px\" \/><\/a><p id=\"caption-attachment-5058\" class=\"wp-caption-text\">Fyrsta og \u00f6nnur kristnibo\u00f0sfer\u00f0 P\u00e1ls.<\/p><\/div>\n<div id=\"attachment_5059\" style=\"width: 160px\" class=\"wp-caption alignleft\"><a href=\"https:\/\/biblian.is\/fraedsla\/wp-content\/uploads\/sites\/11\/2019\/04\/007.jpg\"><img decoding=\"async\" aria-describedby=\"caption-attachment-5059\" class=\"size-thumbnail wp-image-5059\" src=\"https:\/\/biblian.is\/fraedsla\/wp-content\/uploads\/sites\/11\/2019\/04\/007-150x150.jpg\" alt=\"\u00deri\u00f0ja kristnibo\u00f0sfer\u00f0 P\u00e1ls og fer\u00f0 hans til R\u00f3mar.\" width=\"150\" height=\"150\" srcset=\"https:\/\/biblian.is\/fraedsla\/wp-content\/uploads\/sites\/11\/2019\/04\/007-66x66.jpg 66w, https:\/\/biblian.is\/fraedsla\/wp-content\/uploads\/sites\/11\/2019\/04\/007-150x150.jpg 150w\" sizes=\"(max-width: 150px) 100vw, 150px\" \/><\/a><p id=\"caption-attachment-5059\" class=\"wp-caption-text\">\u00deri\u00f0ja kristnibo\u00f0sfer\u00f0 P\u00e1ls og fer\u00f0 hans til R\u00f3mar.<\/p><\/div>\n<div id=\"attachment_5060\" style=\"width: 160px\" class=\"wp-caption alignleft\"><a href=\"https:\/\/biblian.is\/fraedsla\/wp-content\/uploads\/sites\/11\/2019\/04\/008.jpg\"><img decoding=\"async\" aria-describedby=\"caption-attachment-5060\" class=\"size-thumbnail wp-image-5060\" src=\"https:\/\/biblian.is\/fraedsla\/wp-content\/uploads\/sites\/11\/2019\/04\/008-150x150.jpg\" alt=\"Jer\u00fasalem \u00e1 d\u00f6gum N\u00fdja testamentisins\" width=\"150\" height=\"150\" srcset=\"https:\/\/biblian.is\/fraedsla\/wp-content\/uploads\/sites\/11\/2019\/04\/008-66x66.jpg 66w, https:\/\/biblian.is\/fraedsla\/wp-content\/uploads\/sites\/11\/2019\/04\/008-150x150.jpg 150w\" sizes=\"(max-width: 150px) 100vw, 150px\" \/><\/a><p id=\"caption-attachment-5060\" class=\"wp-caption-text\">Jer\u00fasalem \u00e1 d\u00f6gum N\u00fdja testamentisins<\/p><\/div>\n","protected":false},"excerpt":{"rendered":"","protected":false},"author":1,"featured_media":0,"parent":0,"menu_order":0,"comment_status":"closed","ping_status":"closed","template":"","meta":{"footnotes":""},"class_list":["post-5061","page","type-page","status-publish","hentry"],"_links":{"self":[{"href":"https:\/\/biblian.is\/fraedsla\/wp-json\/wp\/v2\/pages\/5061","targetHints":{"allow":["GET"]}}],"collection":[{"href":"https:\/\/biblian.is\/fraedsla\/wp-json\/wp\/v2\/pages"}],"about":[{"href":"https:\/\/biblian.is\/fraedsla\/wp-json\/wp\/v2\/types\/page"}],"author":[{"embeddable":true,"href":"https:\/\/biblian.is\/fraedsla\/wp-json\/wp\/v2\/users\/1"}],"replies":[{"embeddable":true,"href":"https:\/\/biblian.is\/fraedsla\/wp-json\/wp\/v2\/comments?post=5061"}],"version-history":[{"count":0,"href":"https:\/\/biblian.is\/fraedsla\/wp-json\/wp\/v2\/pages\/5061\/revisions"}],"wp:attachment":[{"href":"https:\/\/biblian.is\/fraedsla\/wp-json\/wp\/v2\/media?parent=5061"}],"curies":[{"name":"wp","href":"https:\/\/api.w.org\/{rel}","templated":true}]}}